{"id":3340,"date":"2026-03-18T06:07:06","date_gmt":"2026-03-18T06:07:06","guid":{"rendered":"https:\/\/soydeaqui.ddns.net\/pachuca\/index.php\/producto\/hikfire-detector-de-monoxido-de-carbono-sensor-electroquimico-avanzado-alarma-visual-y-audible\/"},"modified":"2026-03-18T06:07:10","modified_gmt":"2026-03-18T06:07:10","slug":"hikfire-detector-de-monoxido-de-carbono-sensor-electroquimico-avanzado-alarma-visual-y-audible","status":"publish","type":"product","link":"https:\/\/soydeaqui.ddns.net\/pachuca\/index.php\/producto\/hikfire-detector-de-monoxido-de-carbono-sensor-electroquimico-avanzado-alarma-visual-y-audible\/","title":{"rendered":"(HikFire) Detector de Mon\u00f3xido de Carbono \/ Sensor Electroqu\u00edmico Avanzado \/ Alarma Visual y Audible"},"content":{"rendered":"<div style='width: 100%; max-width: 1200px; margin: 0 auto; font-family: sans-serif; line-height: 1.6; color: inherit; background-color: transparent;'> <!-- Logo --> <\/p>\n<div style='text-align: center; margin: 20px 0;'> <img style='width: 45%; height: auto; border: 1px solid rgba(150&comma;150&comma;150&comma;0.3); border-radius: 8px;' src='https:\/\/ftp3.syscom.mx\/usuarios\/jsosa\/HIKVISION\/imagenes\/logo\/hikvision%20see%20far.png' alt='Logo Hikvision'> <\/div>\n<p> <!-- Secci\u00f3n de consideraciones --> <\/p>\n<div style='margin: 30px 0;'>\n<div style='border: 1px solid rgba(150&comma;150&comma;150&comma;0.4); border-radius: 8px; overflow: hidden;'>\n<div style='background: #df001e; border-bottom: 1px solid #a80000; padding: 15px; font-weight: bold; font-size: 18px; color: white;'> Consideraciones: <\/div>\n<div style='padding: 15px; background-color: inherit; color: inherit;'>\n<ul style='padding-left: 20px; font-size: 15px; list-style-type: disc;'>\n<li style='margin-bottom: 5px;'>Este detector de mon\u00f3xido de carbono (CO) utiliza tecnolog\u00eda avanzada de sensor electroqu\u00edmico para una detecci\u00f3n precisa.<\/li>\n<li style='margin-bottom: 5px;'>El detector es aut\u00f3nomo&comma; no requiere panel para su funcionamiento.<\/li>\n<\/ul><\/div>\n<\/p><\/div>\n<\/p><\/div>\n<p> <!-- Separador --> <\/p>\n<hr style='border: 0; border-top: 1px solid rgba(150&comma; 150&comma; 150&comma; 0.3); margin: 30px 0;'> <!-- T\u00edtulo de especificaciones --> <\/p>\n<div style='text-align: center; margin: 30px 0;'>\n<h1 style='color: #232a6f; font-size: 28px; margin: 0; color: inherit;'>Especificaciones<\/h1>\n<\/p><\/div>\n<p> <!-- Secci\u00f3n de cards --> <\/p>\n<div style='display: flex; flex-wrap: wrap; gap: 30px; margin: 30px 0;'> <!-- Caracter\u00edsticas Principales --> <\/p>\n<div style='flex: 1 1 300px; min-width: 280px;'>\n<div style='border: 1px solid rgba(150&comma;150&comma;150&comma;0.4); border-radius: 8px; overflow: hidden; display: flex; flex-direction: column; height: 100%;'>\n<div style='background: #df001e; border-bottom: 1px solid #a80000; padding: 15px; font-weight: bold; font-size: 18px; color: white;'> Caracter\u00edsticas Principales: <\/div>\n<div style='padding: 15px; color: inherit; flex: 1 1 auto;'>\n<ul style='padding-left: 20px; margin: 0; font-size: 14px; list-style-type: disc;'>\n<li style='margin-bottom: 5px;'>Tecnolog\u00eda avanzada de sensor electroqu\u00edmico de CO.<\/li>\n<li style='margin-bottom: 5px;'>Presi\u00f3n sonora de la alarma: \u226585dB a 3metros.<\/li>\n<li style='margin-bottom: 5px;'>Tecnolog\u00eda de compensaci\u00f3n de temperatura digital.<\/li>\n<li style='margin-bottom: 5px;'>Advertencia de bater\u00eda baja.<\/li>\n<li style='margin-bottom: 5px;'>Interferencia anti-RF.<\/li>\n<li style='margin-bottom: 5px;'>Opcional: Luz de fondo LCD visible en la oscuridad.<\/li>\n<li style='margin-bottom: 5px;'>Modo de silencio para alarmas no deseadas.<\/li>\n<\/ul><\/div>\n<\/p><\/div>\n<\/p><\/div>\n<p> <!-- Caracter\u00edsticas F\u00edsicas y El\u00e9ctricas --> <\/p>\n<div style='flex: 1 1 300px; min-width: 280px;'>\n<div style='border: 1px solid rgba(150&comma;150&comma;150&comma;0.4); border-radius: 8px; overflow: hidden; display: flex; flex-direction: column; height: 100%;'>\n<div style='background: #df001e; border-bottom: 1px solid #a80000; padding: 15px; font-weight: bold; font-size: 18px; color: white;'> Caracter\u00edsticas F\u00edsicas y El\u00e9ctricas: <\/div>\n<div style='padding: 15px; color: inherit; flex: 1 1 auto;'>\n<ul style='padding-left: 20px; margin: 0; font-size: 14px; list-style-type: disc;'>\n<li style='margin-bottom: 5px;'>Salida de alarma: Indicaci\u00f3n visual y audible.<\/li>\n<li style='margin-bottom: 5px;'>Alimentaci\u00f3n: 2 bater\u00edas alcalinas AA de 1.5V.<\/li>\n<li style='margin-bottom: 5px;'>Duraci\u00f3n de la bater\u00eda: 5 a\u00f1os.<\/li>\n<li style='margin-bottom: 5px;'>Temperatura de funcionamiento: -10\u00b0C a 40\u00b0C<\/li>\n<li style='margin-bottom: 5px;'>Humedad de funcionamiento: 0% a 95%RH sin condensaci\u00f3n.<\/li>\n<li style='margin-bottom: 5px;'>Tipo de montaje: Montaje en pared o techo.<\/li>\n<\/ul><\/div>\n<\/p><\/div>\n<\/p><\/div>\n<\/p><\/div>\n<p> <!-- Separador --> <\/p>\n<hr style='border: 0; border-top: 1px solid rgba(150&comma; 150&comma; 150&comma; 0.3); margin: 30px 0;'> <!-- Video --> <\/p>\n<div style='margin: 30px 0;'>\n<h3 style='text-align: center; font-size: 20px; margin-bottom: 20px; color: inherit;'>Detector de Mon\u00f3xido de Carbono HikFire<\/h3>\n<div style='position: relative; padding-bottom: 56.25%; height: 0; overflow: hidden; margin-bottom: 30px;'>   <\/div>\n<\/p><\/div>\n<p> <!-- Separador --> <\/p>\n<hr style='border: 0; border-top: 1px solid rgba(150&comma; 150&comma; 150&comma; 0.3); margin: 30px 0;'> <!-- Banner --> <\/p>\n<div style='margin: 30px 0;'> <a title='HikFire' href='https:\/\/www.syscom.mx\/principal\/listado_producto\/incendio-hikfire-by-hikvision-dispositivos-standalone-66706.html?ordenar=Precio_de_Menor_a_Mayor&#038;pag=1' target='_blank' rel='noopener' style='display: block;'> <img style='width: 100%; height: auto; border: 1px solid rgba(150&comma;150&comma;150&comma;0.3); border-radius: 8px;' src='https:\/\/ftp3.syscom.mx\/usuarios\/jsosa\/HIKVISION\/HikFire\/banners\/LINKEDIN%201200%20x%20627%20-%20Solucion%20Hikfire%20s.png' alt='Banner HikFire'> <\/a> <\/div>\n<\/p><\/div>\n","protected":false},"excerpt":{"rendered":"<p>(HikFire) Detector de Mon\u00f3xido de Carbono \/ Sensor Electroqu\u00edmico Avanzado \/ Alarma Visual y Audible<\/p>\n","protected":false},"featured_media":3339,"comment_status":"open","ping_status":"closed","template":"","meta":[],"product_brand":[],"product_cat":[382],"product_tag":[19,54,383],"class_list":{"0":"post-3340","1":"product","2":"type-product","3":"status-publish","4":"has-post-thumbnail","6":"product_cat-humo","7":"product_tag-detectores-sensores","8":"product_tag-hikvision","9":"product_tag-humo","11":"first","12":"instock","13":"sale","14":"shipping-taxable","15":"purchasable","16":"product-type-simple"},"_links":{"self":[{"href":"https:\/\/soydeaqui.ddns.net\/pachuca\/index.php\/wp-json\/wp\/v2\/product\/3340","targetHints":{"allow":["GET"]}}],"collection":[{"href":"https:\/\/soydeaqui.ddns.net\/pachuca\/index.php\/wp-json\/wp\/v2\/product"}],"about":[{"href":"https:\/\/soydeaqui.ddns.net\/pachuca\/index.php\/wp-json\/wp\/v2\/types\/product"}],"replies":[{"embeddable":true,"href":"https:\/\/soydeaqui.ddns.net\/pachuca\/index.php\/wp-json\/wp\/v2\/comments?post=3340"}],"wp:featuredmedia":[{"embeddable":true,"href":"https:\/\/soydeaqui.ddns.net\/pachuca\/index.php\/wp-json\/wp\/v2\/media\/3339"}],"wp:attachment":[{"href":"https:\/\/soydeaqui.ddns.net\/pachuca\/index.php\/wp-json\/wp\/v2\/media?parent=3340"}],"wp:term":[{"taxonomy":"product_brand","embeddable":true,"href":"https:\/\/soydeaqui.ddns.net\/pachuca\/index.php\/wp-json\/wp\/v2\/product_brand?post=3340"},{"taxonomy":"product_cat","embeddable":true,"href":"https:\/\/soydeaqui.ddns.net\/pachuca\/index.php\/wp-json\/wp\/v2\/product_cat?post=3340"},{"taxonomy":"product_tag","embeddable":true,"href":"https:\/\/soydeaqui.ddns.net\/pachuca\/index.php\/wp-json\/wp\/v2\/product_tag?post=3340"}],"curies":[{"name":"wp","href":"https:\/\/api.w.org\/{rel}","templated":true}]}}