{"id":33391,"date":"2026-03-18T14:58:04","date_gmt":"2026-03-18T14:58:04","guid":{"rendered":"https:\/\/soydeaqui.ddns.net\/pachuca\/index.php\/producto\/generador-de-aerosol-para-extincion-de-incendio-200g\/"},"modified":"2026-03-18T14:58:04","modified_gmt":"2026-03-18T14:58:04","slug":"generador-de-aerosol-para-extincion-de-incendio-200g","status":"publish","type":"product","link":"https:\/\/soydeaqui.ddns.net\/pachuca\/index.php\/producto\/generador-de-aerosol-para-extincion-de-incendio-200g\/","title":{"rendered":"Generador de Aerosol para Extinci\u00f3n de Incendio, 200g"},"content":{"rendered":"<div style='width: 100%; max-width: 1200px; margin: 0 auto; font-family: sans-serif; line-height: 1.6; color: inherit; background-color: transparent;'> <!-- Secci\u00f3n de descripci\u00f3n --> <\/p>\n<div style='margin-bottom: 30px;'>\n<p style='font-size: 15px; margin-bottom: 15px; color: inherit;'>FireNET Xtinguish es el nuevo sistema de Extinci\u00f3n de Incendio por inundaci\u00f3n total&comma; para aplicaciones en las que la integridad de los equipos dentro del \u00e1rea protegida es prioritaria. Utiliza un compuesto s\u00f3lido que forma el aerosol para extinguir incendios mediante la inhibici\u00f3n de la reacci\u00f3n qu\u00edmica del fuego&comma; rompiendo la reacci\u00f3n qu\u00edmica suprime el fuego de manera limpia&comma; eficiente pero sobretodo no toxica.<\/p>\n<p style='font-size: 15px; margin-bottom: 15px; color: inherit;'>Una instalaci\u00f3n sencilla y un mantenimiento m\u00ednimo convierten a FireNET Xtinguish en la soluci\u00f3n perfecta para Supresi\u00f3n de Incendio en oficinas&comma; centros de datos&comma; almacenes&comma; archivos&comma; bancos&comma; cuartos el\u00e9ctricos y m\u00e1s.<\/p>\n<\/p><\/div>\n<p> <!-- Secci\u00f3n de caracter\u00edsticas --> <\/p>\n<div style='display: flex; flex-wrap: wrap; gap: 30px; margin-bottom: 30px;'>\n<div style='flex: 1 1 300px; min-width: 280px;'>\n<h3 style='font-size: 22px; border-bottom: 2px solid currentColor; padding-bottom: 5px; margin-top: 0; color: inherit; opacity: 0.8;'>Caracter\u00edsticas<\/h3>\n<ul style='padding-left: 20px; font-size: 15px; color: inherit;'>\n<li style='margin-bottom: 5px;'><strong>Certificado UL<\/strong>: Para incendios Clase A&comma; B y C<\/li>\n<li style='margin-bottom: 5px;'><strong>No toxico<\/strong><\/li>\n<li style='margin-bottom: 5px;'><strong>Disponible<\/strong>: En 10 modelos<\/li>\n<li style='margin-bottom: 5px;'><strong>Certificado UL<\/strong>: 10 a\u00f1os de vida \u00fatil<\/li>\n<li style='margin-bottom: 5px;'><strong>F\u00e1cil de instalar<\/strong>: No requiere tuber\u00edas o tanques presurizados<\/li>\n<li style='margin-bottom: 5px;'><strong>Mantenimiento<\/strong>: M\u00ednimo<\/li>\n<li style='margin-bottom: 5px;'><strong>Limpieza<\/strong>: M\u00ednima despu\u00e9s de un disparo<\/li>\n<li style='margin-bottom: 5px;'><strong>F\u00e1cil y seguro<\/strong>: De manejar<\/li>\n<li style='margin-bottom: 5px;'><strong>Soportes de montaje<\/strong>: Incluidos para todos los modelos<\/li>\n<li style='margin-bottom: 5px;'><strong>Compatible<\/strong>: Panel de Supresi\u00f3n de Incendio HCVR3R<\/li>\n<\/ul><\/div>\n<\/p><\/div>\n<p> <!-- Imagen del producto --> <\/p>\n<div style='margin-bottom: 30px;'> <img style='width: 100%; height: auto; border: 1px solid rgba(150&comma;150&comma;150&comma;0.3); border-radius: 8px;' src='ftp:\/\/dromero@148.223.3.132\/HOCHIKI\/HOCHIKI-XTINGUISH_SINGEL_PAGE.jpg' alt=''> <\/div>\n<\/p><\/div>\n","protected":false},"excerpt":{"rendered":"<p>Generador de Aerosol para Extinci\u00f3n de Incendio, 200g<\/p>\n","protected":false},"featured_media":33390,"comment_status":"open","ping_status":"closed","template":"","meta":[],"product_brand":[],"product_cat":[1002],"product_tag":[1003,406,1004],"class_list":{"0":"post-33391","1":"product","2":"type-product","3":"status-publish","4":"has-post-thumbnail","6":"product_cat-todos-los-productos","7":"product_tag-extincion-de-incendio","8":"product_tag-hochiki","9":"product_tag-todos-los-productos","11":"first","12":"outofstock","13":"sale","14":"shipping-taxable","15":"purchasable","16":"product-type-simple"},"_links":{"self":[{"href":"https:\/\/soydeaqui.ddns.net\/pachuca\/index.php\/wp-json\/wp\/v2\/product\/33391","targetHints":{"allow":["GET"]}}],"collection":[{"href":"https:\/\/soydeaqui.ddns.net\/pachuca\/index.php\/wp-json\/wp\/v2\/product"}],"about":[{"href":"https:\/\/soydeaqui.ddns.net\/pachuca\/index.php\/wp-json\/wp\/v2\/types\/product"}],"replies":[{"embeddable":true,"href":"https:\/\/soydeaqui.ddns.net\/pachuca\/index.php\/wp-json\/wp\/v2\/comments?post=33391"}],"wp:featuredmedia":[{"embeddable":true,"href":"https:\/\/soydeaqui.ddns.net\/pachuca\/index.php\/wp-json\/wp\/v2\/media\/33390"}],"wp:attachment":[{"href":"https:\/\/soydeaqui.ddns.net\/pachuca\/index.php\/wp-json\/wp\/v2\/media?parent=33391"}],"wp:term":[{"taxonomy":"product_brand","embeddable":true,"href":"https:\/\/soydeaqui.ddns.net\/pachuca\/index.php\/wp-json\/wp\/v2\/product_brand?post=33391"},{"taxonomy":"product_cat","embeddable":true,"href":"https:\/\/soydeaqui.ddns.net\/pachuca\/index.php\/wp-json\/wp\/v2\/product_cat?post=33391"},{"taxonomy":"product_tag","embeddable":true,"href":"https:\/\/soydeaqui.ddns.net\/pachuca\/index.php\/wp-json\/wp\/v2\/product_tag?post=33391"}],"curies":[{"name":"wp","href":"https:\/\/api.w.org\/{rel}","templated":true}]}}