{"id":33387,"date":"2026-03-18T14:58:00","date_gmt":"2026-03-18T14:58:00","guid":{"rendered":"https:\/\/soydeaqui.ddns.net\/pachuca\/index.php\/producto\/boton-de-prueba-test-switch-para-deteccion-linear-de-calor-safecable\/"},"modified":"2026-03-18T14:58:01","modified_gmt":"2026-03-18T14:58:01","slug":"boton-de-prueba-test-switch-para-deteccion-linear-de-calor-safecable","status":"publish","type":"product","link":"https:\/\/soydeaqui.ddns.net\/pachuca\/index.php\/producto\/boton-de-prueba-test-switch-para-deteccion-linear-de-calor-safecable\/","title":{"rendered":"Bot\u00f3n de Prueba (Test Switch)  para Detecci\u00f3n Linear de Calor SafeCable"},"content":{"rendered":"<div style='width: 100%; max-width: 1200px; margin: 0 auto; font-family: sans-serif; line-height: 1.6; color: inherit; background-color: transparent;'> <!-- Secci\u00f3n de especificaciones t\u00e9cnicas --> <\/p>\n<div style='display: flex; flex-wrap: wrap; gap: 30px; margin-bottom: 30px;'>\n<div style='flex: 1 1 300px; min-width: 280px;'>\n<h3 style='font-size: 22px; border-bottom: 2px solid currentColor; padding-bottom: 5px; margin-top: 0; color: inherit; opacity: 0.8;'>Especificaciones T\u00e9cnicas<\/h3>\n<ul style='padding-left: 20px; font-size: 15px; color: inherit;'>\n<li style='margin-bottom: 5px;'><strong>Limitaci\u00f3n de corriente:<\/strong> Resistiva<\/li>\n<li style='margin-bottom: 5px;'><strong>Tensi\u00f3n nominal:<\/strong> 24VDC &#8211; 28VDC m\u00e1x.<\/li>\n<li style='margin-bottom: 5px;'><strong>Intensidad de corriente:<\/strong> 100 mA m\u00e1x.<\/li>\n<li style='margin-bottom: 5px;'><strong>Corriente de fuga:<\/strong> 1uA a menos que se indique lo contrario<\/li>\n<li style='margin-bottom: 5px;'><strong>Fusible Reemplazable:<\/strong> 160mA por canal<\/li>\n<li style='margin-bottom: 5px;'><strong>Lugar de montaje:<\/strong> No Peligrosos o Clase 1 Div.2<\/li>\n<li style='margin-bottom: 5px;'><strong>Efecto de la temperatura:<\/strong> <0.25% \/ 10K<\/li>\n<li style='margin-bottom: 5px;'><strong>Prueba de cortocircuito:<\/strong> S\u00ed&comma; a menos que se indique lo contrario<\/li>\n<li style='margin-bottom: 5px;'><strong>Rango de Frecuencia:<\/strong> 100kHz @ s l c> 50 mA<\/li>\n<li style='margin-bottom: 5px;'><strong>M\u00e9todo Puesta a tierra:<\/strong> A trav\u00e9s de Montaje plataforma<\/li>\n<li style='margin-bottom: 5px;'><strong>Temperatura de funcionamiento:<\/strong> -4 \u00b0 a +140 \u00b0 F (-20 \u00b0 C a 60 \u00b0 C)<\/li>\n<li style='margin-bottom: 5px;'><strong>Caja de Montaje:<\/strong> 35 mm DIN carril en HDJ \/ ELR Box<\/li>\n<li style='margin-bottom: 5px;'><strong>Dimensiones (W x H x D):<\/strong> 4 5\/8&#8242; x 4 1\/8&#8242; x 4 5\/8&#8242; (11.75cm x 10.48cm x 11.75cm)<\/li>\n<li style='margin-bottom: 5px;'><strong>Peso:<\/strong> 1.07 libras (0.49 kg)<\/li>\n<li style='margin-bottom: 5px;'><strong>Rango de humedad:<\/strong> Hasta 95%&comma; sin condensaci\u00f3n<\/li>\n<\/ul><\/div>\n<\/p><\/div>\n<p> <!-- Secci\u00f3n de descripci\u00f3n --> <\/p>\n<div style='margin-bottom: 30px;'>\n<h3 style='font-size: 22px; border-bottom: 2px solid currentColor; padding-bottom: 5px; margin-top: 0; color: inherit; opacity: 0.8;'>Descripci\u00f3n<\/h3>\n<p style='font-size: 15px; color: inherit;'> Los interruptores de prueba pueden ser colocados en el extremo de un cable de detecci\u00f3n lineal de calor de zona y se utilizar\u00e1n para la puesta en marcha&comma; inspecciones y pruebas del sistema. La caja de prueba y terminal RedGear es resistente&comma; no met\u00e1lica&comma; NEMA 4 (IP66). Una junta de espuma en el lugar sella las tapas unidas con tornillos de acero inoxidable. Todas las cajas de conexi\u00f3n y terminaci\u00f3n deben utilizar un conector de alivio de tensi\u00f3n (Parte #: RG1110) para todas las penetraciones de cable LHD realizados en la caja de prueba. No se requieren sierras perforadoras de agujero para insertar el conector de alivio de tensi\u00f3n que asegura y evita da\u00f1os en el cable LHD&comma; y sella la penetraci\u00f3n de la humedad y la suciedad que ayuda a prevenir la corrosi\u00f3n. <\/p>\n<\/p><\/div>\n<p> <!-- Secci\u00f3n de caracter\u00edsticas --> <\/p>\n<div style='display: flex; flex-wrap: wrap; gap: 20px; margin-bottom: 30px;'>\n<div style='flex: 1 1 250px; border: 1px solid rgba(150&comma; 150&comma; 150&comma; 0.4); border-radius: 8px; overflow: hidden; display: flex; flex-direction: column;'>\n<div style='padding: 15px; border-bottom: 1px solid rgba(150&comma; 150&comma; 150&comma; 0.2); font-weight: bold; font-size: 18px; color: inherit;'>Caracter\u00edsticas<\/div>\n<div style='padding: 15px; color: inherit;'>\n<ul style='padding-left: 20px; margin: 0; font-size: 14px; list-style-type: disc;'>\n<li style='margin-bottom: 5px;'><strong>Resistente al Fuego<\/strong><\/li>\n<li style='margin-bottom: 5px;'><strong>F\u00e1cil de usar<\/strong><\/li>\n<li style='margin-bottom: 5px;'><strong>Caja de Prueba con Bot\u00f3n de Prueba<\/strong><\/li>\n<li style='margin-bottom: 5px;'>Se instala al final del cable detector de calor<\/li>\n<li style='margin-bottom: 5px;'>Se usa para la inspecci\u00f3n y prueba del sistema.<\/li>\n<li style='margin-bottom: 5px;'><strong>Dimensiones:<\/strong> 11.4 x 11.4 x 10.4 cm<\/li>\n<\/ul><\/div>\n<\/p><\/div>\n<\/p><\/div>\n<p> <!-- Video de YouTube --> <\/p>\n<div style='margin-bottom: 30px;'>\n<div style='position: relative; padding-bottom: 56.25%; height: 0; overflow: hidden;'>   <\/div>\n<\/p><\/div>\n<p> <!-- Separador final --> <\/p>\n<hr style='border: 0; border-top: 1px solid rgba(150&comma; 150&comma; 150&comma; 0.3); margin: 30px 0;'> <\/div>\n","protected":false},"excerpt":{"rendered":"<p>Bot\u00f3n de Prueba (Test Switch)  para Detecci\u00f3n Linear de Calor SafeCable<\/p>\n","protected":false},"featured_media":33385,"comment_status":"open","ping_status":"closed","template":"","meta":[],"product_brand":[],"product_cat":[983],"product_tag":[978,984,980],"class_list":{"0":"post-33387","1":"product","2":"type-product","3":"status-publish","4":"has-post-thumbnail","6":"product_cat-deteccion-lineal-de-temperatura","7":"product_tag-aplicaciones-especiales","8":"product_tag-deteccion-lineal-de-temperatura","9":"product_tag-safe-fire-detection-inc","11":"first","12":"outofstock","13":"sale","14":"shipping-taxable","15":"purchasable","16":"product-type-simple"},"_links":{"self":[{"href":"https:\/\/soydeaqui.ddns.net\/pachuca\/index.php\/wp-json\/wp\/v2\/product\/33387","targetHints":{"allow":["GET"]}}],"collection":[{"href":"https:\/\/soydeaqui.ddns.net\/pachuca\/index.php\/wp-json\/wp\/v2\/product"}],"about":[{"href":"https:\/\/soydeaqui.ddns.net\/pachuca\/index.php\/wp-json\/wp\/v2\/types\/product"}],"replies":[{"embeddable":true,"href":"https:\/\/soydeaqui.ddns.net\/pachuca\/index.php\/wp-json\/wp\/v2\/comments?post=33387"}],"wp:featuredmedia":[{"embeddable":true,"href":"https:\/\/soydeaqui.ddns.net\/pachuca\/index.php\/wp-json\/wp\/v2\/media\/33385"}],"wp:attachment":[{"href":"https:\/\/soydeaqui.ddns.net\/pachuca\/index.php\/wp-json\/wp\/v2\/media?parent=33387"}],"wp:term":[{"taxonomy":"product_brand","embeddable":true,"href":"https:\/\/soydeaqui.ddns.net\/pachuca\/index.php\/wp-json\/wp\/v2\/product_brand?post=33387"},{"taxonomy":"product_cat","embeddable":true,"href":"https:\/\/soydeaqui.ddns.net\/pachuca\/index.php\/wp-json\/wp\/v2\/product_cat?post=33387"},{"taxonomy":"product_tag","embeddable":true,"href":"https:\/\/soydeaqui.ddns.net\/pachuca\/index.php\/wp-json\/wp\/v2\/product_tag?post=33387"}],"curies":[{"name":"wp","href":"https:\/\/api.w.org\/{rel}","templated":true}]}}