{"id":33386,"date":"2026-03-18T14:57:59","date_gmt":"2026-03-18T14:57:59","guid":{"rendered":"https:\/\/soydeaqui.ddns.net\/pachuca\/index.php\/producto\/barrera-intrinseca-para-aplicaciones-de-riesgos-explosivos\/"},"modified":"2026-03-18T14:57:59","modified_gmt":"2026-03-18T14:57:59","slug":"barrera-intrinseca-para-aplicaciones-de-riesgos-explosivos","status":"publish","type":"product","link":"https:\/\/soydeaqui.ddns.net\/pachuca\/index.php\/producto\/barrera-intrinseca-para-aplicaciones-de-riesgos-explosivos\/","title":{"rendered":"Barrera Intr\u00ednseca Para Aplicaciones de Riesgos Explosivos"},"content":{"rendered":"<div style='width: 100%; max-width: 1200px; margin: 0 auto; font-family: sans-serif; line-height: 1.6; color: inherit; background-color: transparent;'>\n<div style='display: flex; flex-wrap: wrap; gap: 30px; margin-bottom: 30px;'>\n<div style='flex: 1 1 300px; min-width: 280px;'>\n<h3 style='font-size: 22px; border-bottom: 2px solid currentColor; padding-bottom: 5px; margin-top: 0; color: inherit; opacity: 0.8;'>Descripci\u00f3n<\/h3>\n<p style='font-size: 15px; color: inherit; margin-top: 0; margin-bottom: 15px; text-align: justify; text-justify: inter-word;'> SafeCable Linear Heat Detection (LHD)&comma; usa pol\u00edmeros avanzados y una aleaci\u00f3n recientemente desarrollada para proporcionar una detecci\u00f3n excepcional&comma; durabilidad y flexibilidad del dise\u00f1o. En el n\u00facleo de SafeCable hay un par trenzado de conductores tri-met\u00e1licos de resistencia extremadamente baja&comma; los cuales est\u00e1n forrados con nuevos y avanzados pol\u00edmeros t\u00e9rmicos. Estos pol\u00edmeros est\u00e1n qu\u00edmicamente concebidos para descomponerse a temperaturas fijas espec\u00edficas&comma; permitiendo que los conductores trenzados hagan contacto e inicien una alarma. <\/p>\n<\/p><\/div>\n<\/p><\/div>\n<div style='display: flex; flex-wrap: wrap; gap: 20px; margin-bottom: 30px;'>\n<div style='flex: 1 1 250px; border: 1px solid rgba(150&comma; 150&comma; 150&comma; 0.4); border-radius: 8px; overflow: hidden; display: flex; flex-direction: column;'>\n<div style='padding: 15px; border-bottom: 1px solid rgba(150&comma; 150&comma; 150&comma; 0.2); font-weight: bold; font-size: 18px; color: inherit;'>Caracter\u00edsticas<\/div>\n<div style='padding: 15px; color: inherit;'>\n<ul style='padding-left: 20px; margin: 0; font-size: 14px; list-style-type: disc;'>\n<li style='margin-bottom: 5px;'><strong>Resistente al Fuego<\/strong><\/li>\n<li style='margin-bottom: 5px;'>NEMA 4 (Ip66)<\/li>\n<li style='margin-bottom: 5px;'><strong>Incluye BIS y riel DIN<\/strong><\/li>\n<li style='margin-bottom: 5px;'>Listo para Usar<\/li>\n<li style='margin-bottom: 5px;'><strong>Para aplicaciones de riesgos explosivos<\/strong><\/li>\n<li style='margin-bottom: 5px;'>1 por zona<\/li>\n<li style='margin-bottom: 5px;'><strong>Limitaci\u00f3n de Corriente:<\/strong> Resistiva<\/li>\n<\/ul><\/div>\n<\/p><\/div>\n<div style='flex: 1 1 250px; border: 1 1 250px; border: 1px solid rgba(150&comma; 150&comma; 150&comma; 0.4); border-radius: 8px; overflow: hidden; display: flex; flex-direction: column;'>\n<div style='padding: 15px; border-bottom: 1px solid rgba(150&comma; 150&comma; 150&comma; 0.2); font-weight: bold; font-size: 18px; color: inherit;'>Especificaciones El\u00e9ctricas<\/div>\n<div style='padding: 15px; color: inherit;'>\n<ul style='padding-left: 20px; margin: 0; font-size: 14px; list-style-type: disc;'>\n<li style='margin-bottom: 5px;'><strong>Tensi\u00f3n Nominal:<\/strong> 24VDC &#8211; 28VDC max.<\/li>\n<li style='margin-bottom: 5px;'><strong>Corriente Nominal:<\/strong> 100 mA max.<\/li>\n<li style='margin-bottom: 5px;'><strong>Fuga de Corriente:<\/strong> 1\u00b5A a menos se fije lo contrario<\/li>\n<li style='margin-bottom: 5px;'><strong>Rating Fusible de reemplazo:<\/strong> 160mA por canal<\/li>\n<li style='margin-bottom: 5px;'><strong>Lugar de Montaje:<\/strong> No-Peligrosa o Clase 1 Div.<\/li>\n<li style='margin-bottom: 5px;'><strong>Efecto de la Temperatura:<\/strong> <0.25% \/ 10K<\/li>\n<li style='margin-bottom: 5px;'><strong>A Prueba de Corto Circuito:<\/strong> Si&comma; a menos que estipule lo contrario<\/li>\n<\/ul><\/div>\n<\/p><\/div>\n<div style='flex: 1 1 250px; border: 1px solid rgba(150&comma; 150&comma; 150&comma; 0.4); border-radius: 8px; overflow: hidden; display: flex; flex-direction: column;'>\n<div style='padding: 15px; border-bottom: 1px solid rgba(150&comma; 150&comma; 150&comma; 0.2); font-weight: bold; font-size: 18px; color: inherit;'>Especificaciones F\u00edsicas<\/div>\n<div style='padding: 15px; color: inherit;'>\n<ul style='padding-left: 20px; margin: 0; font-size: 14px; list-style-type: disc;'>\n<li style='margin-bottom: 5px;'><strong>M\u00e9todo de Puesta a Tierra:<\/strong> Por Plataforma de Montaje<\/li>\n<li style='margin-bottom: 5px;'><strong>Temp. de Funcionamiento:<\/strong> -4\u00b0to+140\u00b0F(-20\u00b0Cto60\u00b0C)<\/li>\n<li style='margin-bottom: 5px;'><strong>Recinto de Montaje:<\/strong> Riel DIN 35mm en Caja HDJ\/ELR<\/li>\n<li style='margin-bottom: 5px;'><strong>Rango de Humedad:<\/strong> a 95%&comma; sin condensaci\u00f3n<\/li>\n<li style='margin-bottom: 5px;'><strong>Dimensiones (W x H x D):<\/strong> 4 5\/8 x 4 1\/8 x 4 5\/8\u201d (11.75 x 10.48 x11.75cm)<\/li>\n<li style='margin-bottom: 5px;'><strong>Peso:<\/strong> 1.07 lbs (.49 kg)<\/li>\n<li style='margin-bottom: 5px;'><strong>Rango de Frecuencia:<\/strong> 100 KHz @ >50 mA<\/li>\n<\/ul><\/div>\n<\/p><\/div>\n<\/p><\/div>\n<div style='display: flex; flex-wrap: wrap; gap: 30px; margin-bottom: 30px; justify-content: center;'>\n<div style='width: 100%; max-width: 600px;'>\n<div style='position: relative; padding-bottom: 56.25%; height: 0; overflow: hidden; margin-bottom: 30px;'>   <\/div>\n<\/p><\/div>\n<\/p><\/div>\n<hr style='border: 0; border-top: 1px solid rgba(150&comma; 150&comma; 150&comma; 0.3); margin: 30px 0;'> <\/div>\n","protected":false},"excerpt":{"rendered":"<p>Barrera Intr\u00ednseca Para Aplicaciones de Riesgos Explosivos<\/p>\n","protected":false},"featured_media":33385,"comment_status":"open","ping_status":"closed","template":"","meta":[],"product_brand":[],"product_cat":[983],"product_tag":[978,984,980],"class_list":{"0":"post-33386","1":"product","2":"type-product","3":"status-publish","4":"has-post-thumbnail","6":"product_cat-deteccion-lineal-de-temperatura","7":"product_tag-aplicaciones-especiales","8":"product_tag-deteccion-lineal-de-temperatura","9":"product_tag-safe-fire-detection-inc","11":"first","12":"instock","13":"sale","14":"shipping-taxable","15":"purchasable","16":"product-type-simple"},"_links":{"self":[{"href":"https:\/\/soydeaqui.ddns.net\/pachuca\/index.php\/wp-json\/wp\/v2\/product\/33386","targetHints":{"allow":["GET"]}}],"collection":[{"href":"https:\/\/soydeaqui.ddns.net\/pachuca\/index.php\/wp-json\/wp\/v2\/product"}],"about":[{"href":"https:\/\/soydeaqui.ddns.net\/pachuca\/index.php\/wp-json\/wp\/v2\/types\/product"}],"replies":[{"embeddable":true,"href":"https:\/\/soydeaqui.ddns.net\/pachuca\/index.php\/wp-json\/wp\/v2\/comments?post=33386"}],"wp:featuredmedia":[{"embeddable":true,"href":"https:\/\/soydeaqui.ddns.net\/pachuca\/index.php\/wp-json\/wp\/v2\/media\/33385"}],"wp:attachment":[{"href":"https:\/\/soydeaqui.ddns.net\/pachuca\/index.php\/wp-json\/wp\/v2\/media?parent=33386"}],"wp:term":[{"taxonomy":"product_brand","embeddable":true,"href":"https:\/\/soydeaqui.ddns.net\/pachuca\/index.php\/wp-json\/wp\/v2\/product_brand?post=33386"},{"taxonomy":"product_cat","embeddable":true,"href":"https:\/\/soydeaqui.ddns.net\/pachuca\/index.php\/wp-json\/wp\/v2\/product_cat?post=33386"},{"taxonomy":"product_tag","embeddable":true,"href":"https:\/\/soydeaqui.ddns.net\/pachuca\/index.php\/wp-json\/wp\/v2\/product_tag?post=33386"}],"curies":[{"name":"wp","href":"https:\/\/api.w.org\/{rel}","templated":true}]}}