{"id":33382,"date":"2026-03-18T14:57:54","date_gmt":"2026-03-18T14:57:54","guid":{"rendered":"https:\/\/soydeaqui.ddns.net\/pachuca\/index.php\/producto\/kit-de-empalme-para-cable-detector-de-calor-para-intemperie\/"},"modified":"2026-03-18T14:57:56","modified_gmt":"2026-03-18T14:57:56","slug":"kit-de-empalme-para-cable-detector-de-calor-para-intemperie","status":"publish","type":"product","link":"https:\/\/soydeaqui.ddns.net\/pachuca\/index.php\/producto\/kit-de-empalme-para-cable-detector-de-calor-para-intemperie\/","title":{"rendered":"Kit de empalme para Cable Detector de Calor para Intemperie"},"content":{"rendered":"<div style='width: 100%; max-width: 1200px; margin: 0 auto; font-family: sans-serif; line-height: 1.6; color: inherit; background-color: transparent;'> <!-- Secci\u00f3n de descripci\u00f3n --> <\/p>\n<div style='margin-bottom: 30px;'>\n<p style='margin: 0 0 15px; color: inherit; font-size: 15px;'> SafeCable Linear Heat Detection (LHD)&comma; usa pol\u00edmeros avanzados y una aleaci\u00f3n recientemente desarrollada para proporcionar una detecci\u00f3n excepcional&comma; durabilidad y flexibilidad del dise\u00f1o. En el n\u00facleo de SafeCable hay un par trenzado de conductores tri-met\u00e1licos de resistencia extremadamente baja&comma; los cuales est\u00e1n forrados con nuevos y avanzados pol\u00edmeros t\u00e9rmicos. Estos pol\u00edmeros est\u00e1n qu\u00edmicamente concebidos para descomponerse a temperaturas fijas espec\u00edficas&comma; permitiendo que los conductores trenzados hagan contacto e inicien una alarma. <\/p>\n<\/p><\/div>\n<p> <!-- Secci\u00f3n de caracter\u00edsticas --> <\/p>\n<div style='display: flex; flex-wrap: wrap; gap: 30px; margin-bottom: 30px;'>\n<div style='flex: 1 1 300px; min-width: 280px;'>\n<h3 style='font-size: 22px; border-bottom: 2px solid currentColor; padding-bottom: 5px; margin-top: 0; color: inherit; opacity: 0.8;'>Caracter\u00edsticas<\/h3>\n<ul style='padding-left: 20px; font-size: 15px; color: inherit; list-style-type: disc; margin: 0;'>\n<li style='margin-bottom: 8px;'><strong>Resistente al fuego<\/strong><\/li>\n<li style='margin-bottom: 8px;'>Nuevo dise\u00f1o de empalme impermeable para cables LHD<\/li>\n<li style='margin-bottom: 8px;'><strong>Incluye conectores de alivio de tensi\u00f3n&comma; barril y conectores de empalme r\u00e1pido<\/strong><\/li>\n<li style='margin-bottom: 8px;'>Listo para usar<\/li>\n<\/ul><\/div>\n<\/p><\/div>\n<p> <!-- Secci\u00f3n de video --> <\/p>\n<div style='margin-bottom: 30px;'>\n<div style='position: relative; padding-bottom: 56.25%; height: 0; overflow: hidden; margin-bottom: 30px;'>   <\/div>\n<\/p><\/div>\n<\/p><\/div>\n","protected":false},"excerpt":{"rendered":"<p>Kit de empalme para Cable Detector de Calor para Intemperie<\/p>\n","protected":false},"featured_media":33381,"comment_status":"open","ping_status":"closed","template":"","meta":[],"product_brand":[],"product_cat":[983],"product_tag":[978,984,980],"class_list":{"0":"post-33382","1":"product","2":"type-product","3":"status-publish","4":"has-post-thumbnail","6":"product_cat-deteccion-lineal-de-temperatura","7":"product_tag-aplicaciones-especiales","8":"product_tag-deteccion-lineal-de-temperatura","9":"product_tag-safe-fire-detection-inc","11":"first","12":"instock","13":"sale","14":"shipping-taxable","15":"purchasable","16":"product-type-simple"},"_links":{"self":[{"href":"https:\/\/soydeaqui.ddns.net\/pachuca\/index.php\/wp-json\/wp\/v2\/product\/33382","targetHints":{"allow":["GET"]}}],"collection":[{"href":"https:\/\/soydeaqui.ddns.net\/pachuca\/index.php\/wp-json\/wp\/v2\/product"}],"about":[{"href":"https:\/\/soydeaqui.ddns.net\/pachuca\/index.php\/wp-json\/wp\/v2\/types\/product"}],"replies":[{"embeddable":true,"href":"https:\/\/soydeaqui.ddns.net\/pachuca\/index.php\/wp-json\/wp\/v2\/comments?post=33382"}],"wp:featuredmedia":[{"embeddable":true,"href":"https:\/\/soydeaqui.ddns.net\/pachuca\/index.php\/wp-json\/wp\/v2\/media\/33381"}],"wp:attachment":[{"href":"https:\/\/soydeaqui.ddns.net\/pachuca\/index.php\/wp-json\/wp\/v2\/media?parent=33382"}],"wp:term":[{"taxonomy":"product_brand","embeddable":true,"href":"https:\/\/soydeaqui.ddns.net\/pachuca\/index.php\/wp-json\/wp\/v2\/product_brand?post=33382"},{"taxonomy":"product_cat","embeddable":true,"href":"https:\/\/soydeaqui.ddns.net\/pachuca\/index.php\/wp-json\/wp\/v2\/product_cat?post=33382"},{"taxonomy":"product_tag","embeddable":true,"href":"https:\/\/soydeaqui.ddns.net\/pachuca\/index.php\/wp-json\/wp\/v2\/product_tag?post=33382"}],"curies":[{"name":"wp","href":"https:\/\/api.w.org\/{rel}","templated":true}]}}