{"id":33380,"date":"2026-03-18T14:57:52","date_gmt":"2026-03-18T14:57:52","guid":{"rendered":"https:\/\/soydeaqui.ddns.net\/pachuca\/index.php\/producto\/rotomartillo-3-4-2-velocidades-variable-y-reversible-con-maletin-uso-pesado-720w\/"},"modified":"2026-03-18T14:57:52","modified_gmt":"2026-03-18T14:57:52","slug":"rotomartillo-3-4-2-velocidades-variable-y-reversible-con-maletin-uso-pesado-720w","status":"publish","type":"product","link":"https:\/\/soydeaqui.ddns.net\/pachuca\/index.php\/producto\/rotomartillo-3-4-2-velocidades-variable-y-reversible-con-maletin-uso-pesado-720w\/","title":{"rendered":"Rotomartillo 3\/4&#8243; 2 velocidades, variable y reversible con malet\u00edn, uso pesado 720w."},"content":{"rendered":"<div style='width: 100%; max-width: 1200px; margin: 0 auto; font-family: sans-serif; line-height: 1.6; color: inherit; background-color: transparent;'>\n<div style='display: flex; flex-wrap: wrap; gap: 30px; margin-bottom: 30px;'>\n<div style='flex: 1 1 300px; min-width: 280px;'>\n<h3 style='font-size: 22px; border-bottom: 2px solid currentColor; padding-bottom: 5px; margin-top: 0; color: inherit; opacity: 0.8;'>Especificaciones T\u00e9cnicas<\/h3>\n<ul style='padding-left: 20px; font-size: 15px; color: inherit;'>\n<li style='margin-bottom: 5px;'><strong>Potencia:<\/strong> 720W<\/li>\n<li style='margin-bottom: 5px;'><strong>Capacidad en Concreto:<\/strong> 20mm (3\/4&#8242;)<\/li>\n<li style='margin-bottom: 5px;'><strong>Capacidad en Acero (Alta):<\/strong> 8mm (5\/16&#8242;)<\/li>\n<li style='margin-bottom: 5px;'><strong>Capacidad en Acero (Baja):<\/strong> 13mm (1\/2&#8242;)<\/li>\n<li style='margin-bottom: 5px;'><strong>Capacidad en Madera (Alta):<\/strong> 25mm (1&#8242;)<\/li>\n<li style='margin-bottom: 5px;'><strong>Capacidad en Madera (Baja):<\/strong> 40mm (1-9\/16&#8242;)<\/li>\n<li style='margin-bottom: 5px;'><strong>Impactos por Minuto (IPM):<\/strong> Alta: 0-58&comma;000 \/ Baja: 0-24&comma;000<\/li>\n<li style='margin-bottom: 5px;'><strong>Velocidad sin Carga:<\/strong> Alta: 0-2&comma;900 \/ Baja: 0-1&comma;200<\/li>\n<li style='margin-bottom: 5px;'><strong>Longitud Total:<\/strong> 362mm (14-1\/4&#8242;)<\/li>\n<li style='margin-bottom: 5px;'><strong>Peso Neto:<\/strong> 2&comma;5kg (5&comma;6lbs)<\/li>\n<li style='margin-bottom: 5px;'><strong>Cable de Conexi\u00f3n:<\/strong> 2.5m (8.2ft)<\/li>\n<\/ul><\/div>\n<div style='flex: 1 1 300px; min-width: 280px;'>\n<h3 style='font-size: 22px; border-bottom: 2px solid currentColor; padding-bottom: 5px; margin-top: 0; color: inherit; opacity: 0.8;'>Caracter\u00edsticas<\/h3>\n<ul style='padding-left: 20px; font-size: 14px; color: inherit;'>\n<li style='margin-bottom: 5px;'>Muy bajo nivel de vibraci\u00f3n para reducir la fatiga del operador<\/li>\n<li style='margin-bottom: 5px;'>Doble prop\u00f3sito: S\u00f3lo rotaci\u00f3n y Rotaci\u00f3n con percusi\u00f3n<\/li>\n<li style='margin-bottom: 5px;'>Cuerpo delgado y compacto con carcasa de engranes de metal durable<\/li>\n<li style='margin-bottom: 5px;'>Construido con l\u00edmite de torque que detiene la rotaci\u00f3n de la broca cuando esta choca contra alg\u00fan refuerzo<\/li>\n<li style='margin-bottom: 5px;'>Broquero industrial resistente<\/li>\n<\/ul><\/div>\n<div style='flex: 1 1 300px; min-width: 280px;'>\n<h3 style='font-size: 22px; border-bottom: 2px solid currentColor; padding-bottom: 5px; margin-top: 0; color: inherit; opacity: 0.8;'>Accesorios Incluidos<\/h3>\n<ul style='padding-left: 20px; font-size: 14px; color: inherit;'>\n<li style='margin-bottom: 5px;'>Llave de Mandril<\/li>\n<li style='margin-bottom: 5px;'>Empu\u00f1adura<\/li>\n<li style='margin-bottom: 5px;'>Tope de Profundidad<\/li>\n<\/ul><\/div>\n<\/p><\/div>\n<hr style='border: 0; border-top: 1px solid rgba(150&comma; 150&comma; 150&comma; 0.3); margin: 30px 0;'> <\/div>\n","protected":false},"excerpt":{"rendered":"<p>Rotomartillo 3\/4&#8243; 2 velocidades, variable y reversible con malet\u00edn, uso pesado 720w.<\/p>\n","protected":false},"featured_media":33379,"comment_status":"open","ping_status":"closed","template":"","meta":[],"product_brand":[],"product_cat":[130],"product_tag":[25,131,252],"class_list":{"0":"post-33380","1":"product","2":"type-product","3":"status-publish","4":"has-post-thumbnail","6":"product_cat-herramientas-electricas","7":"product_tag-herramientas","8":"product_tag-herramientas-electricas","9":"product_tag-makita","11":"first","12":"outofstock","13":"sale","14":"shipping-taxable","15":"purchasable","16":"product-type-simple"},"_links":{"self":[{"href":"https:\/\/soydeaqui.ddns.net\/pachuca\/index.php\/wp-json\/wp\/v2\/product\/33380","targetHints":{"allow":["GET"]}}],"collection":[{"href":"https:\/\/soydeaqui.ddns.net\/pachuca\/index.php\/wp-json\/wp\/v2\/product"}],"about":[{"href":"https:\/\/soydeaqui.ddns.net\/pachuca\/index.php\/wp-json\/wp\/v2\/types\/product"}],"replies":[{"embeddable":true,"href":"https:\/\/soydeaqui.ddns.net\/pachuca\/index.php\/wp-json\/wp\/v2\/comments?post=33380"}],"wp:featuredmedia":[{"embeddable":true,"href":"https:\/\/soydeaqui.ddns.net\/pachuca\/index.php\/wp-json\/wp\/v2\/media\/33379"}],"wp:attachment":[{"href":"https:\/\/soydeaqui.ddns.net\/pachuca\/index.php\/wp-json\/wp\/v2\/media?parent=33380"}],"wp:term":[{"taxonomy":"product_brand","embeddable":true,"href":"https:\/\/soydeaqui.ddns.net\/pachuca\/index.php\/wp-json\/wp\/v2\/product_brand?post=33380"},{"taxonomy":"product_cat","embeddable":true,"href":"https:\/\/soydeaqui.ddns.net\/pachuca\/index.php\/wp-json\/wp\/v2\/product_cat?post=33380"},{"taxonomy":"product_tag","embeddable":true,"href":"https:\/\/soydeaqui.ddns.net\/pachuca\/index.php\/wp-json\/wp\/v2\/product_tag?post=33380"}],"curies":[{"name":"wp","href":"https:\/\/api.w.org\/{rel}","templated":true}]}}