{"id":33374,"date":"2026-03-18T14:57:40","date_gmt":"2026-03-18T14:57:40","guid":{"rendered":"https:\/\/soydeaqui.ddns.net\/pachuca\/index.php\/producto\/interruptor-de-supervision-de-presion-de-agua-respuesta-ajustable-de-10-a-200-psi\/"},"modified":"2026-03-18T14:57:41","modified_gmt":"2026-03-18T14:57:41","slug":"interruptor-de-supervision-de-presion-de-agua-respuesta-ajustable-de-10-a-200-psi","status":"publish","type":"product","link":"https:\/\/soydeaqui.ddns.net\/pachuca\/index.php\/producto\/interruptor-de-supervision-de-presion-de-agua-respuesta-ajustable-de-10-a-200-psi\/","title":{"rendered":"Interruptor de Supervisi\u00f3n de Presi\u00f3n de Agua, Respuesta Ajustable de 10 a 200 PSI"},"content":{"rendered":"<div style='width: 100%; max-width: 1200px; margin: 0 auto; font-family: sans-serif; line-height: 1.6; color: inherit; background-color: transparent;'>\n<div style='display: flex; flex-wrap: wrap; gap: 30px; margin-bottom: 30px;'>\n<div style='flex: 1 1 300px; min-width: 280px;'>\n<h3 style='font-size: 22px; border-bottom: 2px solid currentColor; padding-bottom: 5px; margin-top: 0; color: inherit; opacity: 0.8;'>Caracter\u00edsticas Principales<\/h3>\n<ul style='padding-left: 20px; font-size: 15px; color: inherit;'>\n<li style='margin-bottom: 5px;'>Clasificaci\u00f3n NEMA 4<\/li>\n<li style='margin-bottom: 5px;'>Ajuste de nivel de sensibilidad de 10 a 200 PSI<\/li>\n<li style='margin-bottom: 5px;'>Diafragma reforzado resistente a los picos de presi\u00f3n<\/li>\n<li style='margin-bottom: 5px;'>Dos contactos tipo SPDT<\/li>\n<\/ul><\/div>\n<div style='flex: 1 1 300px; min-width: 280px;'>\n<h3 style='font-size: 22px; border-bottom: 2px solid currentColor; padding-bottom: 5px; margin-top: 0; color: inherit; opacity: 0.8;'>Especificaciones F\u00edsicas<\/h3>\n<ul style='padding-left: 20px; font-size: 15px; color: inherit;'>\n<li style='margin-bottom: 5px;'><strong>Dimensiones:<\/strong> 130 x 84 x 108 mm (5.120&#8242; H \u00d7 3.325&#8242; W \u00d7 4.250&#8242; L)<\/li>\n<li style='margin-bottom: 5px;'><strong>Conexi\u00f3n de presi\u00f3n:<\/strong> Rosca macho \u00bd&#8217; NPT<\/li>\n<li style='margin-bottom: 5px;'><strong>Peso:<\/strong> 1.2 lbs (0.54 Kg)<\/li>\n<li style='margin-bottom: 5px;'><strong>Encapsulado:<\/strong> UL 4x&comma; NEMA 4 para uso interior y exterior<\/li>\n<li style='margin-bottom: 5px;'><strong>Conexiones el\u00e9ctricas:<\/strong> Dos entradas de conducto proporcionadas<\/li>\n<\/ul><\/div>\n<div style='flex: 1 1 300px; min-width: 280px;'>\n<h3 style='font-size: 22px; border-bottom: 2px solid currentColor; padding-bottom: 5px; margin-top: 0; color: inherit; opacity: 0.8;'>Especificaciones de Operaci\u00f3n<\/h3>\n<ul style='padding-left: 20px; font-size: 15px; color: inherit;'>\n<li style='margin-bottom: 5px;'><strong>Presi\u00f3n m\u00e1xima de operaci\u00f3n:<\/strong> 300 psi<\/li>\n<li style='margin-bottom: 5px;'><strong>Rango de ajuste:<\/strong> 10 a 200 psi<\/li>\n<li style='margin-bottom: 5px;'><strong>Rango de temperatura:<\/strong> -40\u00b0F a 160\u00b0F (-40\u00b0C a 71\u00b0C)<\/li>\n<li style='margin-bottom: 5px;'><strong>Diferencial:<\/strong> Aproximadamente 3 psi a 10 psi&comma; 9 psi a 200 psi<\/li>\n<li style='margin-bottom: 5px;'><strong>Tensi\u00f3n de contacto:<\/strong> 10.0 A&comma; \u00bd HP @ 125\/250 VAC; 2.5 A @ 6\/12\/24 VDC<\/li>\n<\/ul><\/div>\n<\/p><\/div>\n<div style='display: flex; flex-wrap: wrap; gap: 20px; margin-bottom: 30px;'>\n<div style='flex: 1 1 250px; border: 1px solid rgba(150&comma; 150&comma; 150&comma; 0.4); border-radius: 8px; overflow: hidden; display: flex; flex-direction: column;'>\n<div style='padding: 15px; border-bottom: 1px solid rgba(150&comma; 150&comma; 150&comma; 0.2); font-weight: bold; font-size: 18px; color: inherit;'>Ajustes de F\u00e1brica<\/div>\n<div style='padding: 15px; color: inherit;'>\n<ul style='padding-left: 20px; margin: 0; font-size: 14px; list-style-type: disc;'>\n<li style='margin-bottom: 5px;'>EPS120-1 opera a 105 psi a presi\u00f3n decreciente<\/li>\n<li style='margin-bottom: 5px;'>EPS120-2 opera a 125 psi a presi\u00f3n creciente y 105 psi a presi\u00f3n decreciente<\/li>\n<\/ul><\/div>\n<\/p><\/div>\n<div style='flex: 1 1 250px; border: 1px solid rgba(150&comma; 150&comma; 150&comma; 0.4); border-radius: 8px; overflow: hidden; display: flex; flex-direction: column;'>\n<div style='padding: 15px; border-bottom: 1px solid rgba(150&comma; 150&comma; 150&comma; 0.2); font-weight: bold; font-size: 18px; color: inherit;'>Aplicaciones<\/div>\n<div style='padding: 15px; color: inherit;'>\n<ul style='padding-left: 20px; margin: 0; font-size: 14px; list-style-type: disc;'>\n<li style='margin-bottom: 5px;'>Sistemas de rociadores NFPA 13<\/li>\n<li style='margin-bottom: 5px;'>Ocupaciones residenciales hasta 4 pisos NFPA 13R<\/li>\n<li style='margin-bottom: 5px;'>Sistemas residenciales de 1 o 2 familias NFPA 13D<\/li>\n<li style='margin-bottom: 5px;'>C\u00f3digo nacional de alarmas contra incendios NFPA 72<\/li>\n<\/ul><\/div>\n<\/p><\/div>\n<div style='flex: 1 1 250px; border: 1px solid rgba(150&comma; 150&comma; 150&comma; 0.4); border-radius: 8px; overflow: hidden; display: flex; flex-direction: column;'>\n<div style='padding: 15px; border-bottom: 1px solid rgba(150&comma; 150&comma; 150&comma; 0.2); font-weight: bold; font-size: 18px; color: inherit;'>Garant\u00eda<\/div>\n<div style='padding: 15px; color: inherit;'>\n<ul style='padding-left: 20px; margin: 0; font-size: 14px; list-style-type: disc;'>\n<li style='margin-bottom: 5px;'>3 a\u00f1os<\/li>\n<\/ul><\/div>\n<\/p><\/div>\n<\/p><\/div>\n<div style='display: flex; flex-wrap: wrap; gap: 20px; margin-bottom: 30px;'>\n<div style='flex: 1 1 250px; border: 1px solid rgba(150&comma; 150&comma; 150&comma; 0.4); border-radius: 8px; overflow: hidden; display: flex; flex-direction: column;'>\n<div style='padding: 15px; border-bottom: 1px solid rgba(150&comma; 150&comma; 150&comma; 0.2); font-weight: bold; font-size: 18px; color: inherit;'>Conexi\u00f3n El\u00e9ctrica<\/div>\n<div style='padding: 15px; color: inherit;'>\n<ul style='padding-left: 20px; margin: 0; font-size: 14px; list-style-type: disc;'>\n<li style='margin-bottom: 5px;'>Un conjunto SPDT (Forma C) para EPS120-1<\/li>\n<li style='margin-bottom: 5px;'>Dos conjuntos SPDT (Forma C) para EPS120-2<\/li>\n<li style='margin-bottom: 5px;'>Proporciona tornillo de tierra para conexi\u00f3n a tierra el\u00e9ctrica<\/li>\n<\/ul><\/div>\n<\/p><\/div>\n<div style='flex: 1 1 250px; border: 1px solid rgba(150&comma; 150&comma; 150&comma; 0.4); border-radius: 8px; overflow: hidden; display: flex; flex-direction: column;'>\n<div style='padding: 15px; border-bottom: 1px solid rgba(150&comma; 150&comma; 150&comma; 0.2); font-weight: bold; font-size: 18px; color: inherit;'>Certificaciones<\/div>\n<div style='padding: 15px; color: inherit;'>\n<ul style='padding-left: 20px; margin: 0; font-size: 14px; list-style-type: disc;'>\n<li style='margin-bottom: 5px;'>Listado por Underwriters Laboratories&comma; Inc.<\/li>\n<li style='margin-bottom: 5px;'>Aprobado por Factory Mutual<\/li>\n<li style='margin-bottom: 5px;'>Listado por Underwriters Laboratories of Canada&comma; Inc.<\/li>\n<\/ul><\/div>\n<\/p><\/div>\n<\/p><\/div>\n<div style='display: flex; flex-wrap: wrap; gap: 20px; margin-bottom: 30px;'>\n<div style='flex: 1 1 250px; border: 1px solid rgba(150&comma; 150&comma; 150&comma; 0.4); border-radius: 8px; overflow: hidden; display: flex; flex-direction: column;'>\n<div style='padding: 15px; border-bottom: 1px solid rgba(150&comma; 150&comma; 150&comma; 0.2); font-weight: bold; font-size: 18px; color: inherit;'>Conexi\u00f3n Mec\u00e1nica<\/div>\n<div style='padding: 15px; color: inherit;'>\n<ul style='padding-left: 20px; margin: 0; font-size: 14px; list-style-type: disc;'>\n<li style='margin-bottom: 5px;'>Proporciona 1 tipo knockout y 1 orificio abierto para conexi\u00f3n de conducto \u00bd&#8217;<\/li>\n<li style='margin-bottom: 5px;'>Cubre con tornillos resistentes a la manipulaci\u00f3n<\/li>\n<li style='margin-bottom: 5px;'>Conexi\u00f3n de presi\u00f3n de \u00bd&#8217; NPT macho<\/li>\n<\/ul><\/div>\n<\/p><\/div>\n<div style='flex: 1 1 250px; border: 1px solid rgba(150&comma; 150&comma; 150&comma; 0.4); border-radius: 8px; overflow: hidden; display: flex; flex-direction: column;'>\n<div style='padding: 15px; border-bottom: 1px solid rgba(150&comma; 150&comma; 150&comma; 0.2); font-weight: bold; font-size: 18px; color: inherit;'>Funcionamiento<\/div>\n<div style='padding: 15px; color: inherit;'>\n<ul style='padding-left: 20px; margin: 0; font-size: 14px; list-style-type: disc;'>\n<li style='margin-bottom: 5px;'>Dise\u00f1ado para supervisar la presi\u00f3n del sistema de aire en tuber\u00edas o tanques de presi\u00f3n<\/li>\n<li style='margin-bottom: 5px;'>Tambi\u00e9n supervisa la presi\u00f3n de agua o aire en suministros de v\u00e1lvulas de control autom\u00e1tico de agua<\/li>\n<\/ul><\/div>\n<\/p><\/div>\n<\/p><\/div>\n<div style='display: flex; flex-wrap: wrap; gap: 30px; margin-bottom: 30px;'>\n<div style='flex: 1 1 300px; min-width: 280px;'>\n<h3 style='font-size: 22px; border-bottom: 2px solid currentColor; padding-bottom: 5px; margin-top: 0; color: inherit; opacity: 0.8;'>Instalaci\u00f3n<\/h3>\n<ul style='padding-left: 20px; font-size: 15px; color: inherit;'>\n<li style='margin-bottom: 5px;'>Debe instalarse en el sistema de rociadores seg\u00fan se muestra en los planos<\/li>\n<li style='margin-bottom: 5px;'>Conexi\u00f3n a la l\u00ednea de suministro de aire en el lado del sistema de cualquier v\u00e1lvula de cierre<\/li>\n<\/ul><\/div>\n<div style='flex: 1 1 300px; min-width: 280px;'>\n<h3 style='font-size: 22px; border-bottom: 2px solid currentColor; padding-bottom: 5px; margin-top: 0; color: inherit; opacity: 0.8;'>Ajuste<\/h3>\n<ul style='padding-left: 20px; font-size: 15px; color: inherit;'>\n<li style='margin-bottom: 5px;'>Rueda de ajuste de presi\u00f3n sin necesidad de herramientas especiales<\/li>\n<li style='margin-bottom: 5px;'>El ajuste no afecta la sincronizaci\u00f3n del interruptor en el EPS120-2<\/li>\n<\/ul><\/div>\n<\/p><\/div>\n<div style='display: flex; flex-wrap: wrap; gap: 30px; margin-bottom: 30px;'>\n<div style='flex: 1 1 300px; min-width: 280px;'>\n<h3 style='font-size: 22px; border-bottom: 2px solid currentColor; padding-bottom: 5px; margin-top: 0; color: inherit; opacity: 0.8;'>Im\u00e1genes del Producto<\/h3>\n<div style='display: flex; flex-wrap: wrap; gap: 15px;'>\n<div style='flex: 1 1 200px; min-width: 200px;'> <img style='width: 100%; height: auto; border: 1px solid rgba(150&comma;150&comma;150&comma;0.3); border-radius: 8px;' src='http:\/\/ftp3.syscom.mx\/usuarios\/fotos\/EPS1202\/EPS1202_1.png' alt='Vista frontal del interruptor de presi\u00f3n EPS1202'> <\/div>\n<div style='flex: 1 1 200px; min-width: 200px;'> <img style='width: 100%; height: auto; border: 1px solid rgba(150&comma;150&comma;150&comma;0.3); border-radius: 8px;' src='http:\/\/ftp3.syscom.mx\/usuarios\/fotos\/EPS1202\/EPS1202_2.png' alt='Vista lateral del interruptor de presi\u00f3n EPS1202'> <\/div>\n<\/p><\/div>\n<\/p><\/div>\n<\/p><\/div>\n<\/p><\/div>\n","protected":false},"excerpt":{"rendered":"<p>Interruptor de Supervisi\u00f3n de Presi\u00f3n de Agua, Respuesta Ajustable de 10 a 200 PSI<\/p>\n","protected":false},"featured_media":33373,"comment_status":"open","ping_status":"closed","template":"","meta":[],"product_brand":[],"product_cat":[998],"product_tag":[999,522,1000],"class_list":{"0":"post-33374","1":"product","2":"type-product","3":"status-publish","4":"has-post-thumbnail","6":"product_cat-detectores-de-flujo-y-presion","7":"product_tag-detectores-de-flujo-y-presion","8":"product_tag-dispositivos-convencionales","9":"product_tag-safe-signal","11":"first","12":"outofstock","13":"sale","14":"shipping-taxable","15":"purchasable","16":"product-type-simple"},"_links":{"self":[{"href":"https:\/\/soydeaqui.ddns.net\/pachuca\/index.php\/wp-json\/wp\/v2\/product\/33374","targetHints":{"allow":["GET"]}}],"collection":[{"href":"https:\/\/soydeaqui.ddns.net\/pachuca\/index.php\/wp-json\/wp\/v2\/product"}],"about":[{"href":"https:\/\/soydeaqui.ddns.net\/pachuca\/index.php\/wp-json\/wp\/v2\/types\/product"}],"replies":[{"embeddable":true,"href":"https:\/\/soydeaqui.ddns.net\/pachuca\/index.php\/wp-json\/wp\/v2\/comments?post=33374"}],"wp:featuredmedia":[{"embeddable":true,"href":"https:\/\/soydeaqui.ddns.net\/pachuca\/index.php\/wp-json\/wp\/v2\/media\/33373"}],"wp:attachment":[{"href":"https:\/\/soydeaqui.ddns.net\/pachuca\/index.php\/wp-json\/wp\/v2\/media?parent=33374"}],"wp:term":[{"taxonomy":"product_brand","embeddable":true,"href":"https:\/\/soydeaqui.ddns.net\/pachuca\/index.php\/wp-json\/wp\/v2\/product_brand?post=33374"},{"taxonomy":"product_cat","embeddable":true,"href":"https:\/\/soydeaqui.ddns.net\/pachuca\/index.php\/wp-json\/wp\/v2\/product_cat?post=33374"},{"taxonomy":"product_tag","embeddable":true,"href":"https:\/\/soydeaqui.ddns.net\/pachuca\/index.php\/wp-json\/wp\/v2\/product_tag?post=33374"}],"curies":[{"name":"wp","href":"https:\/\/api.w.org\/{rel}","templated":true}]}}