{"id":33372,"date":"2026-03-18T14:57:39","date_gmt":"2026-03-18T14:57:39","guid":{"rendered":"https:\/\/soydeaqui.ddns.net\/pachuca\/index.php\/producto\/bocina-con-lampara-estroboscopica-para-instalacion-en-techo-con-configuracion-estroboscopica-seleccionable-color-rojo\/"},"modified":"2026-03-18T14:57:39","modified_gmt":"2026-03-18T14:57:39","slug":"bocina-con-lampara-estroboscopica-para-instalacion-en-techo-con-configuracion-estroboscopica-seleccionable-color-rojo","status":"publish","type":"product","link":"https:\/\/soydeaqui.ddns.net\/pachuca\/index.php\/producto\/bocina-con-lampara-estroboscopica-para-instalacion-en-techo-con-configuracion-estroboscopica-seleccionable-color-rojo\/","title":{"rendered":"Bocina con L\u00e1mpara Estrobosc\u00f3pica para Instalaci\u00f3n en Techo con Configuraci\u00f3n Estrobosc\u00f3pica Seleccionable, Color Rojo"},"content":{"rendered":"<div style='width: 100%; max-width: 1200px; margin: 0 auto; font-family: sans-serif; line-height: 1.6; color: inherit; background-color: transparent;'> <!-- Secci\u00f3n de caracter\u00edsticas principales --> <\/p>\n<div style='display: flex; flex-wrap: wrap; gap: 30px; margin-bottom: 30px;'>\n<div style='flex: 1 1 300px; min-width: 280px;'>\n<h3 style='font-size: 22px; border-bottom: 2px solid currentColor; padding-bottom: 5px; margin-top: 0; color: inherit; opacity: 0.8;'>Caracter\u00edsticas Generales<\/h3>\n<ul style='padding-left: 20px; font-size: 15px; color: inherit;'>\n<li style='margin-bottom: 5px;'>Montaje en techo<\/li>\n<li style='margin-bottom: 5px;'><strong>Voltaje bocina:<\/strong> 25\/70 Volts<\/li>\n<li style='margin-bottom: 5px;'><strong>Intensidad de sonido:<\/strong> 85 dB<\/li>\n<li style='margin-bottom: 5px;'><strong>Selecci\u00f3n de potencia:<\/strong> \u00bc&comma; \u00bd&comma; 1&comma; 2 Watts<\/li>\n<li style='margin-bottom: 5px;'>Voltaje estrobo: 12\/24 Vcc<\/li>\n<li style='margin-bottom: 5px;'>Consumo estrobo: 210 mA<\/li>\n<li style='margin-bottom: 5px;'><strong>Selecci\u00f3n de candelas:<\/strong> 15&comma; 15\/75&comma; 30&comma; 75&comma; 95&comma; 110&comma; 115 cd<\/li>\n<li style='margin-bottom: 5px;'>Color Rojo<\/li>\n<li style='margin-bottom: 5px;'><strong>Dimensiones:<\/strong> 173 mm di\u00e1metro x 120 mm altura<\/li>\n<\/ul><\/div>\n<div style='flex: 1 1 300px; min-width: 280px;'>\n<h3 style='font-size: 22px; border-bottom: 2px solid currentColor; padding-bottom: 5px; margin-top: 0; color: inherit; opacity: 0.8;'>Caracter\u00edsticas T\u00e9cnicas<\/h3>\n<ul style='padding-left: 20px; font-size: 15px; color: inherit;'>\n<li style='margin-bottom: 5px;'>Dise\u00f1o de inserci\u00f3n r\u00e1pida tipo &#8216;Plug-in&#8217;<\/li>\n<li style='margin-bottom: 5px;'>Cubierta protectora que a\u00edsla componentes electr\u00f3nicos<\/li>\n<li style='margin-bottom: 5px;'>Placa de montaje universal para techo o pared<\/li>\n<li style='margin-bottom: 5px;'>Puente de continuidad para prueba de cableado<\/li>\n<li style='margin-bottom: 5px;'>Interruptores rotatorios para selecci\u00f3n de voltaje y potencia<\/li>\n<li style='margin-bottom: 5px;'>Compatibilidad el\u00e9ctrica con l\u00edneas anteriores de System Sensor<\/li>\n<li style='margin-bottom: 5px;'>Compatibilidad con protocolo de sincronizaci\u00f3n System Sensor<\/li>\n<li style='margin-bottom: 5px;'>Operaci\u00f3n a 1Hz de frecuencia de destello<\/li>\n<\/ul><\/div>\n<\/p><\/div>\n<p> <!-- Secci\u00f3n de especificaciones el\u00e9ctricas --> <\/p>\n<div style='display: flex; flex-wrap: wrap; gap: 20px; margin-bottom: 30px;'>\n<div style='flex: 1 1 250px; border: 1px solid rgba(150&comma; 150&comma; 150&comma; 0.4); border-radius: 8px; overflow: hidden; display: flex; flex-direction: column;'>\n<div style='padding: 15px; border-bottom: 1px solid rgba(150&comma; 150&comma; 150&comma; 0.2); font-weight: bold; font-size: 18px; color: inherit;'>Especificaciones El\u00e9ctricas<\/div>\n<div style='padding: 15px; color: inherit;'>\n<ul style='padding-left: 20px; margin: 0; font-size: 14px; list-style-type: disc;'>\n<li style='margin-bottom: 5px;'><strong>Voltaje parlante:<\/strong> 25.0 o 70.7 Vrms<\/li>\n<li style='margin-bottom: 5px;'><strong>Voltaje estrobo:<\/strong> 12 o 24 Vcc (ROC)<\/li>\n<li style='margin-bottom: 5px;'><strong>Rango voltaje operaci\u00f3n:<\/strong> 9-17.5V (12V) o 17-33V (24V)<\/li>\n<li style='margin-bottom: 5px;'><strong>Corriente m\u00e1xima estrobo:<\/strong> 210 mA<\/li>\n<li style='margin-bottom: 5px;'><strong>Frecuencia destello:<\/strong> 1 Hz<\/li>\n<\/ul><\/div>\n<\/p><\/div>\n<p> <!-- Secci\u00f3n de rendimiento --> <\/p>\n<div style='flex: 1 1 250px; border: 1px solid rgba(150&comma; 150&comma; 150&comma; 0.4); border-radius: 8px; overflow: hidden; display: flex; flex-direction: column;'>\n<div style='padding: 15px; border-bottom: 1px solid rgba(150&comma; 150&comma; 150&comma; 0.2); font-weight: bold; font-size: 18px; color: inherit;'>Rendimiento Ac\u00fastico<\/div>\n<div style='padding: 15px; color: inherit;'>\n<ul style='padding-left: 20px; margin: 0; font-size: 14px; list-style-type: disc;'>\n<li style='margin-bottom: 5px;'><strong>2W:<\/strong> 85 dB<\/li>\n<li style='margin-bottom: 5px;'><strong>1W:<\/strong> 82 dB<\/li>\n<li style='margin-bottom: 5px;'><strong>\u00bdW:<\/strong> 79 dB<\/li>\n<li style='margin-bottom: 5px;'><strong>\u00bcW:<\/strong> 76 dB<\/li>\n<li style='margin-bottom: 5px;'>Frecuencia: 400-4000 Hz<\/li>\n<\/ul><\/div>\n<\/p><\/div>\n<p> <!-- Secci\u00f3n de condiciones ambientales --> <\/p>\n<div style='flex: 1 1 250px; border: 1px solid rgba(150&comma; 150&comma; 150&comma; 0.4); border-radius: 8px; overflow: hidden; display: flex; flex-direction: column;'>\n<div style='padding: 15px; border-bottom: 1px solid rgba(150&comma; 150&comma; 150&comma; 0.2); font-weight: bold; font-size: 18px; color: inherit;'>Condiciones Ambientales<\/div>\n<div style='padding: 15px; color: inherit;'>\n<ul style='padding-left: 20px; margin: 0; font-size: 14px; list-style-type: disc;'>\n<li style='margin-bottom: 5px;'><strong>Temperatura:<\/strong> 0\u00b0C a 49\u00b0C (32\u00b0F a 120\u00b0F)<\/li>\n<li style='margin-bottom: 5px;'><strong>Humedad:<\/strong> 10-93% sin condensaci\u00f3n<\/li>\n<\/ul><\/div>\n<\/p><\/div>\n<\/p><\/div>\n<p> <!-- Secci\u00f3n de compatibilidad --> <\/p>\n<div style='display: flex; flex-wrap: wrap; gap: 20px; margin-bottom: 30px;'>\n<div style='flex: 1 1 250px; border: 1px solid rgba(150&comma; 150&comma; 150&comma; 0.4); border-radius: 8px; overflow: hidden; display: flex; flex-direction: column;'>\n<div style='padding: 15px; border-bottom: 1px solid rgba(150&comma; 150&comma; 150&comma; 0.2); font-weight: bold; font-size: 18px; color: inherit;'>Compatibilidad<\/div>\n<div style='padding: 15px; color: inherit;'>\n<ul style='padding-left: 20px; margin: 0; font-size: 14px; list-style-type: disc;'>\n<li style='margin-bottom: 5px;'>Listado UL 1480 y UL 1971<\/li>\n<li style='margin-bottom: 5px;'>Aprobado para sistemas de protecci\u00f3n de incendio<\/li>\n<li style='margin-bottom: 5px;'>Compatible con m\u00f3dulo Sync\u2022Circuit\u2122<\/li>\n<li style='margin-bottom: 5px;'>Compatible con fuentes no codificadas<\/li>\n<li style='margin-bottom: 5px;'>Compatible con circuitos estilo Y (clase B) o estilo Z (clase A)<\/li>\n<\/ul><\/div>\n<\/p><\/div>\n<p> <!-- Secci\u00f3n de montaje --> <\/p>\n<div style='flex: 1 1 250px; border: 1px solid rgba(150&comma; 150&comma; 150&comma; 0.4); border-radius: 8px; overflow: hidden; display: flex; flex-direction: column;'>\n<div style='padding: 15px; border-bottom: 1px solid rgba(150&comma; 150&comma; 150&comma; 0.2); font-weight: bold; font-size: 18px; color: inherit;'>Requisitos de Montaje<\/div>\n<div style='padding: 15px; color: inherit;'>\n<ul style='padding-left: 20px; margin: 0; font-size: 14px; list-style-type: disc;'>\n<li style='margin-bottom: 5px;'>Placa universal para montaje en techo o pared<\/li>\n<li style='margin-bottom: 5px;'>Caja el\u00e9ctrica requerida: 10 x 10 x 5.5 cm (4 \u00d7 4 \u00d7 21\u20448&#8242;)<\/li>\n<li style='margin-bottom: 5px;'>Montaje empotrado sin accesorios adicionales<\/li>\n<li style='margin-bottom: 5px;'>Conexi\u00f3n mediante conectores r\u00e1pidos<\/li>\n<li style='margin-bottom: 5px;'>Sistema de fijaci\u00f3n con tornillo prisionero<\/li>\n<\/ul><\/div>\n<\/p><\/div>\n<\/p><\/div>\n<p> <!-- Separador --> <\/p>\n<hr style='border: 0; border-top: 1px solid rgba(150&comma; 150&comma; 150&comma; 0.3); margin: 30px 0;'> <\/div>\n","protected":false},"excerpt":{"rendered":"<p>Bocina con L\u00e1mpara Estrobosc\u00f3pica para Instalaci\u00f3n en Techo con Configuraci\u00f3n Estrobosc\u00f3pica Seleccionable, Color Rojo<\/p>\n","protected":false},"featured_media":33371,"comment_status":"open","ping_status":"closed","template":"","meta":[],"product_brand":[],"product_cat":[995],"product_tag":[997,996,468],"class_list":{"0":"post-33372","1":"product","2":"type-product","3":"status-publish","4":"has-post-thumbnail","6":"product_cat-estrobos-sirenas-bocinas-campanas","7":"product_tag-estrobos-sirenas-bocinas-campanas","8":"product_tag-notificacion-y-voceo","9":"product_tag-system-sensor","11":"first","12":"outofstock","13":"sale","14":"shipping-taxable","15":"purchasable","16":"product-type-simple"},"_links":{"self":[{"href":"https:\/\/soydeaqui.ddns.net\/pachuca\/index.php\/wp-json\/wp\/v2\/product\/33372","targetHints":{"allow":["GET"]}}],"collection":[{"href":"https:\/\/soydeaqui.ddns.net\/pachuca\/index.php\/wp-json\/wp\/v2\/product"}],"about":[{"href":"https:\/\/soydeaqui.ddns.net\/pachuca\/index.php\/wp-json\/wp\/v2\/types\/product"}],"replies":[{"embeddable":true,"href":"https:\/\/soydeaqui.ddns.net\/pachuca\/index.php\/wp-json\/wp\/v2\/comments?post=33372"}],"wp:featuredmedia":[{"embeddable":true,"href":"https:\/\/soydeaqui.ddns.net\/pachuca\/index.php\/wp-json\/wp\/v2\/media\/33371"}],"wp:attachment":[{"href":"https:\/\/soydeaqui.ddns.net\/pachuca\/index.php\/wp-json\/wp\/v2\/media?parent=33372"}],"wp:term":[{"taxonomy":"product_brand","embeddable":true,"href":"https:\/\/soydeaqui.ddns.net\/pachuca\/index.php\/wp-json\/wp\/v2\/product_brand?post=33372"},{"taxonomy":"product_cat","embeddable":true,"href":"https:\/\/soydeaqui.ddns.net\/pachuca\/index.php\/wp-json\/wp\/v2\/product_cat?post=33372"},{"taxonomy":"product_tag","embeddable":true,"href":"https:\/\/soydeaqui.ddns.net\/pachuca\/index.php\/wp-json\/wp\/v2\/product_tag?post=33372"}],"curies":[{"name":"wp","href":"https:\/\/api.w.org\/{rel}","templated":true}]}}