{"id":33364,"date":"2026-03-18T14:57:26","date_gmt":"2026-03-18T14:57:26","guid":{"rendered":"https:\/\/soydeaqui.ddns.net\/pachuca\/index.php\/producto\/bocina-para-montaje-en-techo-color-rojo\/"},"modified":"2026-03-18T14:57:26","modified_gmt":"2026-03-18T14:57:26","slug":"bocina-para-montaje-en-techo-color-rojo","status":"publish","type":"product","link":"https:\/\/soydeaqui.ddns.net\/pachuca\/index.php\/producto\/bocina-para-montaje-en-techo-color-rojo\/","title":{"rendered":"Bocina para Montaje en Techo, Color Rojo"},"content":{"rendered":"<div style='width: 100%; max-width: 1200px; margin: 0 auto; font-family: sans-serif; line-height: 1.6; color: inherit; background-color: transparent;'> <!-- Secci\u00f3n de caracter\u00edsticas principales --> <\/p>\n<div style='display: flex; flex-wrap: wrap; gap: 30px; margin-bottom: 30px;'>\n<div style='flex: 1 1 300px; min-width: 280px;'>\n<h3 style='font-size: 22px; border-bottom: 2px solid currentColor; padding-bottom: 5px; margin-top: 0; color: inherit; opacity: 0.8;'>Caracter\u00edsticas Principales<\/h3>\n<ul style='padding-left: 20px; font-size: 15px; color: inherit;'>\n<li style='margin-bottom: 5px;'>Montaje en techo<\/li>\n<li style='margin-bottom: 5px;'><strong>Voltaje bocina:<\/strong> 25\/70 Volts<\/li>\n<li style='margin-bottom: 5px;'><strong>Selecci\u00f3n de potencia:<\/strong> \u00bc&comma; \u00bd&comma; 1&comma; 2 Watts<\/li>\n<li style='margin-bottom: 5px;'><strong>Intensidad de sonido:<\/strong> 86 dB<\/li>\n<li style='margin-bottom: 5px;'>Color Rojo<\/li>\n<li style='margin-bottom: 5px;'><strong>Dimensiones:<\/strong> 173 mm di\u00e1metro x 74 mm altura<\/li>\n<\/ul><\/div>\n<div style='flex: 1 1 300px; min-width: 280px;'>\n<h3 style='font-size: 22px; border-bottom: 2px solid currentColor; padding-bottom: 5px; margin-top: 0; color: inherit; opacity: 0.8;'>Caracter\u00edsticas de Instalaci\u00f3n<\/h3>\n<ul style='padding-left: 20px; font-size: 15px; color: inherit;'>\n<li style='margin-bottom: 5px;'>Dise\u00f1o de inserci\u00f3n r\u00e1pida tipo &#8216;Plug-in&#8217;<\/li>\n<li style='margin-bottom: 5px;'>Cubierta protectora que a\u00edsla componentes electr\u00f3nicos<\/li>\n<li style='margin-bottom: 5px;'>Placa de montaje universal para dispositivos de techo o pared<\/li>\n<li style='margin-bottom: 5px;'>Puente de continuidad para prueba de cableado sin instalar el dispositivo<\/li>\n<li style='margin-bottom: 5px;'>Compatible con cajas el\u00e9ctricas de 10 x 10 x 5&comma;5 cm (4 \u00d7 4 \u00d7 21\u20448&#8242;)<\/li>\n<\/ul><\/div>\n<\/p><\/div>\n<p> <!-- Secci\u00f3n de especificaciones t\u00e9cnicas --> <\/p>\n<div style='display: flex; flex-wrap: wrap; gap: 30px; margin-bottom: 30px;'>\n<div style='flex: 1 1 300px; min-width: 280px;'>\n<h3 style='font-size: 22px; border-bottom: 2px solid currentColor; padding-bottom: 5px; margin-top: 0; color: inherit; opacity: 0.8;'>Especificaciones T\u00e9cnicas<\/h3>\n<ul style='padding-left: 20px; font-size: 15px; color: inherit;'>\n<li style='margin-bottom: 5px;'><strong>Temperatura de operaci\u00f3n:<\/strong> 0\u00b0C a 49\u00b0C (32\u00b0F a 120\u00b0F)<\/li>\n<li style='margin-bottom: 5px;'><strong>Humedad:<\/strong> 10 a 93% sin condensaci\u00f3n<\/li>\n<li style='margin-bottom: 5px;'><strong>Voltaje m\u00e1ximo supervisado:<\/strong> 50 VCC<\/li>\n<li style='margin-bottom: 5px;'><strong>Frecuencia operaci\u00f3n:<\/strong> 400 a 4000 Hz<\/li>\n<li style='margin-bottom: 5px;'><strong>Consumo m\u00e1ximo (2W&comma; 70.7V):<\/strong> 28 mA<\/li>\n<\/ul><\/div>\n<div style='flex: 1 1 300px; min-width: 280px;'>\n<h3 style='font-size: 22px; border-bottom: 2px solid currentColor; padding-bottom: 5px; margin-top: 0; color: inherit; opacity: 0.8;'>Compatibilidad<\/h3>\n<ul style='padding-left: 20px; font-size: 15px; color: inherit;'>\n<li style='margin-bottom: 5px;'>Compatible con protocolo de sincronizaci\u00f3n System Sensor<\/li>\n<li style='margin-bottom: 5px;'>Compatibilidad el\u00e9ctrica con l\u00edneas anteriores de System Sensor<\/li>\n<li style='margin-bottom: 5px;'>Operaci\u00f3n en 12 o 24V con o sin filtro ROC<\/li>\n<li style='margin-bottom: 5px;'>Listado UL 1480 para sistemas de protecci\u00f3n de incendio<\/li>\n<\/ul><\/div>\n<\/p><\/div>\n<p> <!-- Secci\u00f3n de selecci\u00f3n de modelo --> <\/p>\n<div style='margin-bottom: 30px;'>\n<h3 style='font-size: 22px; border-bottom: 2px solid currentColor; padding-bottom: 5px; margin-top: 0; color: inherit; opacity: 0.8;'>Selecci\u00f3n de Modelo<\/h3>\n<p style='font-size: 15px; color: inherit;'>Para montaje en techo&comma; color rojo&comma; el modelo espec\u00edfico es SPCR. La serie SPC contiene parlantes \u00fanicamente (sin l\u00e1mpara estrobosc\u00f3pica) con selecci\u00f3n de potencia mediante interruptores rotatorios y compatibilidad con sistemas de voz y notificaci\u00f3n.<\/p>\n<\/p><\/div>\n<p> <!-- Secci\u00f3n de especificaciones el\u00e9ctricas --> <\/p>\n<div style='display: flex; flex-wrap: wrap; gap: 20px; margin-bottom: 30px;'>\n<div style='flex: 1 1 250px; border: 1px solid rgba(150&comma; 150&comma; 150&comma; 0.4); border-radius: 8px; overflow: hidden; display: flex; flex-direction: column;'>\n<div style='padding: 15px; border-bottom: 1px solid rgba(150&comma; 150&comma; 150&comma; 0.2); font-weight: bold; font-size: 18px; color: inherit;'>Nivel de Sonido<\/div>\n<div style='padding: 15px; color: inherit;'>\n<ul style='padding-left: 20px; margin: 0; font-size: 14px; list-style-type: disc;'>\n<li style='margin-bottom: 5px;'><strong>2W:<\/strong> 86 dB<\/li>\n<li style='margin-bottom: 5px;'><strong>1W:<\/strong> 83 dB<\/li>\n<li style='margin-bottom: 5px;'><strong>\u00bdW:<\/strong> 80 dB<\/li>\n<li style='margin-bottom: 5px;'><strong>\u00bcW:<\/strong> 77 dB<\/li>\n<\/ul><\/div>\n<\/p><\/div>\n<div style='flex: 1 1 250px; border: 1px solid rgba(150&comma; 150&comma; 150&comma; 0.4); border-radius: 8px; overflow: hidden; display: flex; flex-direction: column;'>\n<div style='padding: 15px; border-bottom: 1px solid rgba(150&comma; 150&comma; 150&comma; 0.2); font-weight: bold; font-size: 18px; color: inherit;'>Dimensiones<\/div>\n<div style='padding: 15px; color: inherit;'>\n<ul style='padding-left: 20px; margin: 0; font-size: 14px; list-style-type: disc;'>\n<li style='margin-bottom: 5px;'><strong>Di\u00e1metro:<\/strong> 173 mm<\/li>\n<li style='margin-bottom: 5px;'><strong>Altura:<\/strong> 74 mm<\/li>\n<li style='margin-bottom: 5px;'><strong>Caja el\u00e9ctrica:<\/strong> 10 x 10 x 5&comma;5 cm (4 \u00d7 4 \u00d7 21\u20448&#8242;)<\/li>\n<\/ul><\/div>\n<\/p><\/div>\n<div style='flex: 1 1 250px; border: 1px solid rgba(150&comma; 150&comma; 150&comma; 0.4); border-radius: 8px; overflow: hidden; display: flex; flex-direction: column;'>\n<div style='padding: 15px; border-bottom: 1px solid rgba(150&comma; 150&comma; 150&comma; 0.2); font-weight: bold; font-size: 18px; color: inherit;'>Selecci\u00f3n de Potencia<\/div>\n<div style='padding: 15px; color: inherit;'>\n<ul style='padding-left: 20px; margin: 0; font-size: 14px; list-style-type: disc;'>\n<li style='margin-bottom: 5px;'>\u00bc&comma; \u00bd&comma; 1&comma; 2 Watts<\/li>\n<li style='margin-bottom: 5px;'>Seleccionable mediante interruptores rotatorios<\/li>\n<li style='margin-bottom: 5px;'>Voltaje seleccionable (25 o 70.7 Vrms)<\/li>\n<\/ul><\/div>\n<\/p><\/div>\n<\/p><\/div>\n<p> <!-- Separador --> <\/p>\n<hr style='border: 0; border-top: 1px solid rgba(150&comma; 150&comma; 150&comma; 0.3); margin: 30px 0;'> <\/div>\n","protected":false},"excerpt":{"rendered":"<p>Bocina para Montaje en Techo, Color Rojo<\/p>\n","protected":false},"featured_media":33363,"comment_status":"open","ping_status":"closed","template":"","meta":[],"product_brand":[],"product_cat":[995],"product_tag":[997,996,468],"class_list":{"0":"post-33364","1":"product","2":"type-product","3":"status-publish","4":"has-post-thumbnail","6":"product_cat-estrobos-sirenas-bocinas-campanas","7":"product_tag-estrobos-sirenas-bocinas-campanas","8":"product_tag-notificacion-y-voceo","9":"product_tag-system-sensor","11":"first","12":"outofstock","13":"sale","14":"shipping-taxable","15":"purchasable","16":"product-type-simple"},"_links":{"self":[{"href":"https:\/\/soydeaqui.ddns.net\/pachuca\/index.php\/wp-json\/wp\/v2\/product\/33364","targetHints":{"allow":["GET"]}}],"collection":[{"href":"https:\/\/soydeaqui.ddns.net\/pachuca\/index.php\/wp-json\/wp\/v2\/product"}],"about":[{"href":"https:\/\/soydeaqui.ddns.net\/pachuca\/index.php\/wp-json\/wp\/v2\/types\/product"}],"replies":[{"embeddable":true,"href":"https:\/\/soydeaqui.ddns.net\/pachuca\/index.php\/wp-json\/wp\/v2\/comments?post=33364"}],"wp:featuredmedia":[{"embeddable":true,"href":"https:\/\/soydeaqui.ddns.net\/pachuca\/index.php\/wp-json\/wp\/v2\/media\/33363"}],"wp:attachment":[{"href":"https:\/\/soydeaqui.ddns.net\/pachuca\/index.php\/wp-json\/wp\/v2\/media?parent=33364"}],"wp:term":[{"taxonomy":"product_brand","embeddable":true,"href":"https:\/\/soydeaqui.ddns.net\/pachuca\/index.php\/wp-json\/wp\/v2\/product_brand?post=33364"},{"taxonomy":"product_cat","embeddable":true,"href":"https:\/\/soydeaqui.ddns.net\/pachuca\/index.php\/wp-json\/wp\/v2\/product_cat?post=33364"},{"taxonomy":"product_tag","embeddable":true,"href":"https:\/\/soydeaqui.ddns.net\/pachuca\/index.php\/wp-json\/wp\/v2\/product_tag?post=33364"}],"curies":[{"name":"wp","href":"https:\/\/api.w.org\/{rel}","templated":true}]}}