{"id":33362,"date":"2026-03-18T14:57:24","date_gmt":"2026-03-18T14:57:24","guid":{"rendered":"https:\/\/soydeaqui.ddns.net\/pachuca\/index.php\/producto\/detector-fotoelectrico-de-humo-de-4-hilos-con-sensor-de-temperatura-aislado-sirena-interconstruida-y-relevador-serie-i3\/"},"modified":"2026-03-18T14:57:25","modified_gmt":"2026-03-18T14:57:25","slug":"detector-fotoelectrico-de-humo-de-4-hilos-con-sensor-de-temperatura-aislado-sirena-interconstruida-y-relevador-serie-i3","status":"publish","type":"product","link":"https:\/\/soydeaqui.ddns.net\/pachuca\/index.php\/producto\/detector-fotoelectrico-de-humo-de-4-hilos-con-sensor-de-temperatura-aislado-sirena-interconstruida-y-relevador-serie-i3\/","title":{"rendered":"Detector Fotoel\u00e9ctrico de Humo de 4 Hilos con Sensor de Temperatura Aislado, Sirena Interconstruida y Relevador, Serie i3"},"content":{"rendered":"<div style='width: 100%; max-width: 1200px; margin: 0 auto; font-family: sans-serif; line-height: 1.6; color: inherit; background-color: transparent;'> <!-- Secci\u00f3n de descripci\u00f3n general --> <\/p>\n<div style='margin-bottom: 30px;'>\n<h3 style='font-size: 22px; border-bottom: 2px solid currentColor; padding-bottom: 5px; margin-top: 0; color: inherit; opacity: 0.8;'>Descripci\u00f3n General<\/h3>\n<p style='font-size: 15px; color: inherit; line-height: 1.6; margin-top: 15px; margin-bottom: 15px;'> Los detectores de humo Serie i3 \u2122 con sirena y\/o relevador&comma; representan un avance tecnol\u00f3gico significativo en la detecci\u00f3n convencional&comma; cuentan con caracter\u00edsticas enriquecidas para una instalaci\u00f3n simple&comma; inspecci\u00f3n instant\u00e1nea e inteligencia para rechazar falsas alarmas. <\/p>\n<p style='font-size: 15px; color: inherit; line-height: 1.6; margin-top: 15px; margin-bottom: 15px;'> Todos los detectores de la serie i3 vienen equipados con algoritmos de compensaci\u00f3n autom\u00e1tica de sensibilidad por ensuciamiento y ajuste matem\u00e1tico de curvas. Estos algoritmos minimizan la incidencia de falsas alarmas originadas por efectos de corta duraci\u00f3n&comma; como inducci\u00f3n electromagn\u00e9tica y\/o interferencia de radio frecuencia y por efectos de larga duraci\u00f3n como acumulaci\u00f3n de polvo. Cuando se conectan detectores i3 de 2 hilos al m\u00f3dulo de mantenimiento y prueba de lazo 2WMOD2 \u00f3 a un panel compatible con protocolo i3 (i3 Ready\u2122) estos generar\u00e1n una se\u00f1al remota de mantenimiento&comma; cuando alg\u00fan detector entre en condici\u00f3n de limpieza y\/o de falla por congelamiento cuando la temperatura ambiente que rodea al detector se encuentre por debajo de 5 \u00b0C. Para medir el nivel de sensibilidad de cualquier detector i3 se utiliza el m\u00f3dulo de inspecci\u00f3n SENSRDR con el cual se puede visualizar en unos cuantos segundos el valor num\u00e9rico de sensibilidad expresado en porcentaje de obscurecimiento por pie. <\/p>\n<\/p><\/div>\n<p> <!-- Secci\u00f3n de caracter\u00edsticas --> <\/p>\n<div style='display: flex; flex-wrap: wrap; gap: 30px; margin-bottom: 30px;'>\n<div style='flex: 1 1 300px; min-width: 280px;'>\n<h3 style='font-size: 22px; border-bottom: 2px solid currentColor; padding-bottom: 5px; margin-top: 0; color: inherit; opacity: 0.8;'>Caracter\u00edsticas<\/h3>\n<ul style='padding-left: 20px; font-size: 15px; color: inherit; list-style-type: disc;'>\n<li style='margin-bottom: 5px;'><strong style='color: inherit;'>Sensor fotoel\u00e9ctrico<\/strong><\/li>\n<li style='margin-bottom: 5px;'><strong style='color: inherit;'>Voltaje:<\/strong> 12\/24 Vcc<\/li>\n<li style='margin-bottom: 5px;'><strong style='color: inherit;'>Relevador:<\/strong> Forma C a 2A @ 30 Vca\/Vcc<\/li>\n<li style='margin-bottom: 5px;'><strong style='color: inherit;'>Alarma audible:<\/strong> 85 dB<\/li>\n<li style='margin-bottom: 5px;'><strong style='color: inherit;'>Sensor de temperatura:<\/strong> Fijo a 57.2\u00b0C<\/li>\n<li style='margin-bottom: 5px;'><strong style='color: inherit;'>Corriente en estado pasivo:<\/strong> 50 \u03bcA<\/li>\n<li style='margin-bottom: 5px;'><strong style='color: inherit;'>Salidas de alarma:<\/strong> Por humo y temperatura separadas<\/li>\n<li style='margin-bottom: 5px;'><strong style='color: inherit;'>Corriente en alarma:<\/strong> 130 mA<\/li>\n<li style='margin-bottom: 5px;'><strong style='color: inherit;'>Sensibilidad:<\/strong> 2.5%\/pie<\/li>\n<li style='margin-bottom: 5px;'><strong style='color: inherit;'>Temperatura de servicio:<\/strong> 0\u00ba a 37.8\u00ba C<\/li>\n<li style='margin-bottom: 5px;'><strong style='color: inherit;'>Humedad:<\/strong> 0 a 95% sin condensaci\u00f3n<\/li>\n<li style='margin-bottom: 5px;'><strong style='color: inherit;'>Dimensiones:<\/strong> 134 mm de di\u00e1metro&comma; 51 mm de altura<\/li>\n<\/ul><\/div>\n<\/p><\/div>\n<p> <!-- Secci\u00f3n de nota importante --> <\/p>\n<div style='margin-bottom: 30px;'>\n<h3 style='font-size: 22px; border-bottom: 2px solid currentColor; padding-bottom: 5px; margin-top: 0; color: inherit; opacity: 0.8;'>Nota Importante<\/h3>\n<p style='font-size: 15px; color: inherit; line-height: 1.6; margin-top: 15px; margin-bottom: 15px;'> En el modelo 4WITAR-B el sensor de humo fotoel\u00e9ctrico est\u00e1 aislado del sensor t\u00e9rmico de temperatura fija. Proporciona una alarma audible local&comma; con auto restablecimiento&comma; por detecci\u00f3n de humo que no alarma en el panel ni activa el relevador. S\u00f3lo el sensor temperatura fija hace que el 4WITAR-B inicie una alarma en el panel y active el relevador. <\/p>\n<\/p><\/div>\n<p> <!-- Separador final --> <\/p>\n<hr style='border: 0; border-top: 1px solid rgba(150&comma; 150&comma; 150&comma; 0.3); margin: 30px 0;'> <\/div>\n","protected":false},"excerpt":{"rendered":"<p>Detector Fotoel\u00e9ctrico de Humo de 4 Hilos con Sensor de Temperatura Aislado, Sirena Interconstruida y Relevador, Serie i3<\/p>\n","protected":false},"featured_media":33361,"comment_status":"open","ping_status":"closed","template":"","meta":[],"product_brand":[],"product_cat":[992],"product_tag":[993,522,468],"class_list":{"0":"post-33362","1":"product","2":"type-product","3":"status-publish","4":"has-post-thumbnail","6":"product_cat-detectores-de-humo","7":"product_tag-detectores-de-humo","8":"product_tag-dispositivos-convencionales","9":"product_tag-system-sensor","11":"first","12":"instock","13":"sale","14":"shipping-taxable","15":"purchasable","16":"product-type-simple"},"_links":{"self":[{"href":"https:\/\/soydeaqui.ddns.net\/pachuca\/index.php\/wp-json\/wp\/v2\/product\/33362","targetHints":{"allow":["GET"]}}],"collection":[{"href":"https:\/\/soydeaqui.ddns.net\/pachuca\/index.php\/wp-json\/wp\/v2\/product"}],"about":[{"href":"https:\/\/soydeaqui.ddns.net\/pachuca\/index.php\/wp-json\/wp\/v2\/types\/product"}],"replies":[{"embeddable":true,"href":"https:\/\/soydeaqui.ddns.net\/pachuca\/index.php\/wp-json\/wp\/v2\/comments?post=33362"}],"wp:featuredmedia":[{"embeddable":true,"href":"https:\/\/soydeaqui.ddns.net\/pachuca\/index.php\/wp-json\/wp\/v2\/media\/33361"}],"wp:attachment":[{"href":"https:\/\/soydeaqui.ddns.net\/pachuca\/index.php\/wp-json\/wp\/v2\/media?parent=33362"}],"wp:term":[{"taxonomy":"product_brand","embeddable":true,"href":"https:\/\/soydeaqui.ddns.net\/pachuca\/index.php\/wp-json\/wp\/v2\/product_brand?post=33362"},{"taxonomy":"product_cat","embeddable":true,"href":"https:\/\/soydeaqui.ddns.net\/pachuca\/index.php\/wp-json\/wp\/v2\/product_cat?post=33362"},{"taxonomy":"product_tag","embeddable":true,"href":"https:\/\/soydeaqui.ddns.net\/pachuca\/index.php\/wp-json\/wp\/v2\/product_tag?post=33362"}],"curies":[{"name":"wp","href":"https:\/\/api.w.org\/{rel}","templated":true}]}}