{"id":33357,"date":"2026-03-18T14:57:18","date_gmt":"2026-03-18T14:57:18","guid":{"rendered":"https:\/\/soydeaqui.ddns.net\/pachuca\/index.php\/producto\/detector-controlador-y-transductor-de-amoniaco-nh3-para-panel-de-deteccion-de-incendio\/"},"modified":"2026-03-18T14:57:23","modified_gmt":"2026-03-18T14:57:23","slug":"detector-controlador-y-transductor-de-amoniaco-nh3-para-panel-de-deteccion-de-incendio","status":"publish","type":"product","link":"https:\/\/soydeaqui.ddns.net\/pachuca\/index.php\/producto\/detector-controlador-y-transductor-de-amoniaco-nh3-para-panel-de-deteccion-de-incendio\/","title":{"rendered":"Detector, Controlador y Transductor de Amon\u00edaco (NH3) para Panel de Detecci\u00f3n de Incendio"},"content":{"rendered":"<div style='width: 100%; max-width: 1200px; margin: 0 auto; font-family: sans-serif; line-height: 1.6; color: inherit; background-color: transparent;'>\n<div style='display: flex; flex-wrap: wrap; gap: 30px; margin-bottom: 30px;'>\n<div style='flex: 1 1 300px; min-width: 280px;'>\n<h3 style='font-size: 22px; border-bottom: 2px solid currentColor; padding-bottom: 5px; margin-top: 0; color: inherit; opacity: 0.8;'>Detecci\u00f3n y Control de Amon\u00edaco<\/h3>\n<p style='font-size: 15px; color: inherit; margin: 15px 0;'>EL TX6AM de MACURCO es un detector&comma; controlador y transductor de bajo voltaje&comma; que integra doble relevador&comma; salida seleccionable de 4-20 mA&comma; zumbador y pantalla digital&comma; es un sistema de detecci\u00f3n electr\u00f3nica utilizado para medir la concentraci\u00f3n de Amon\u00edaco (NH3) y proporcionar retroalimentaci\u00f3n y control del ventilador\/extractor autom\u00e1tico para ayudar a reducir las concentraciones de Amoniaco en aplicaciones como; refrigeraci\u00f3n industrial&comma; a\u00e9reas de mantenimiento&comma; almacenes y otras aplicaciones comerciales.<\/p>\n<\/p><\/div>\n<\/p><\/div>\n<div style='display: flex; flex-wrap: wrap; gap: 20px; margin-bottom: 30px;'>\n<div style='flex: 1 1 250px; border: 1px solid rgba(150&comma; 150&comma; 150&comma; 0.4); border-radius: 8px; overflow: hidden; display: flex; flex-direction: column;'>\n<div style='padding: 15px; border-bottom: 1px solid rgba(150&comma; 150&comma; 150&comma; 0.2); font-weight: bold; font-size: 18px; color: inherit;'>Caracter\u00edsticas<\/div>\n<div style='padding: 15px; color: inherit;'>\n<ul style='padding-left: 20px; margin: 0; font-size: 14px; list-style-type: disc;'>\n<li style='margin-bottom: 5px;'><strong style='color: inherit;'>Listado UL<\/strong><\/li>\n<li style='margin-bottom: 5px;'>Se monta en una caja est\u00e1ndar el\u00e9ctrica de 4 &#8216;x 4&#8217;<\/li>\n<li style='margin-bottom: 5px;'><strong style='color: inherit;'>Capaz de mostrar concentraciones de Amon\u00edaco en el rango de 1 a 75 ppm NH3<\/strong><\/li>\n<li style='margin-bottom: 5px;'>Calibrado en la f\u00e1brica<\/li>\n<li style='margin-bottom: 5px;'><strong style='color: inherit;'>Activaci\u00f3n del relevador de ventilador seleccionable en: 15&comma; 20&comma; 25 (de fabrica)&comma; 30&comma; 35&comma; 40&comma; 45&comma; 50&comma; 55&comma; 60&comma; 65&comma; 70&comma; or 75 ppm NH3<\/strong><\/li>\n<li style='margin-bottom: 5px;'>Relevador de alarma de: NA \u00f3 NC @ 0.5 A<\/li>\n<li style='margin-bottom: 5px;'>Relevador del ventilador: SPDT @ 5 A<\/li>\n<li style='margin-bottom: 5px;'><strong style='color: inherit;'>Dise\u00f1o de sistema supervisado: un problema en el detector activara el ventilador y la alarma<\/strong><\/li>\n<li style='margin-bottom: 5px;'>Dimensions: 114 X 102 X 54 mm<\/li>\n<\/ul><\/div>\n<\/p><\/div>\n<\/p><\/div>\n<div style='display: flex; flex-wrap: wrap; gap: 30px; margin-bottom: 30px;'>\n<div style='flex: 1 1 300px; min-width: 280px;'>\n<p style='font-size: 15px; color: inherit; margin: 15px 0;'>Para Calibrar cotizar los modelos <a href='https:\/\/www.syscom.mx\/producto\/26-2900-0013-3-MACURCO-AERIONICS-215982.html' style='color: inherit; text-decoration: none; font-weight: 600; background-color: #ffffff;' target='_blank'>26-2900-0013-3 y Calkit5<\/a><\/p>\n<\/p><\/div>\n<\/p><\/div>\n<\/p><\/div>\n","protected":false},"excerpt":{"rendered":"<p>Detector, Controlador y Transductor de Amon\u00edaco (NH3) para Panel de Detecci\u00f3n de Incendio<\/p>\n","protected":false},"featured_media":33356,"comment_status":"open","ping_status":"closed","template":"","meta":[],"product_brand":[],"product_cat":[987],"product_tag":[988,522,989],"class_list":{"0":"post-33357","1":"product","2":"type-product","3":"status-publish","4":"has-post-thumbnail","6":"product_cat-detectores-de-gases","7":"product_tag-detectores-de-gases","8":"product_tag-dispositivos-convencionales","9":"product_tag-macurco-aerionics","11":"first","12":"instock","13":"sale","14":"shipping-taxable","15":"purchasable","16":"product-type-simple"},"_links":{"self":[{"href":"https:\/\/soydeaqui.ddns.net\/pachuca\/index.php\/wp-json\/wp\/v2\/product\/33357","targetHints":{"allow":["GET"]}}],"collection":[{"href":"https:\/\/soydeaqui.ddns.net\/pachuca\/index.php\/wp-json\/wp\/v2\/product"}],"about":[{"href":"https:\/\/soydeaqui.ddns.net\/pachuca\/index.php\/wp-json\/wp\/v2\/types\/product"}],"replies":[{"embeddable":true,"href":"https:\/\/soydeaqui.ddns.net\/pachuca\/index.php\/wp-json\/wp\/v2\/comments?post=33357"}],"wp:featuredmedia":[{"embeddable":true,"href":"https:\/\/soydeaqui.ddns.net\/pachuca\/index.php\/wp-json\/wp\/v2\/media\/33356"}],"wp:attachment":[{"href":"https:\/\/soydeaqui.ddns.net\/pachuca\/index.php\/wp-json\/wp\/v2\/media?parent=33357"}],"wp:term":[{"taxonomy":"product_brand","embeddable":true,"href":"https:\/\/soydeaqui.ddns.net\/pachuca\/index.php\/wp-json\/wp\/v2\/product_brand?post=33357"},{"taxonomy":"product_cat","embeddable":true,"href":"https:\/\/soydeaqui.ddns.net\/pachuca\/index.php\/wp-json\/wp\/v2\/product_cat?post=33357"},{"taxonomy":"product_tag","embeddable":true,"href":"https:\/\/soydeaqui.ddns.net\/pachuca\/index.php\/wp-json\/wp\/v2\/product_tag?post=33357"}],"curies":[{"name":"wp","href":"https:\/\/api.w.org\/{rel}","templated":true}]}}