{"id":33324,"date":"2026-03-18T14:56:31","date_gmt":"2026-03-18T14:56:31","guid":{"rendered":"https:\/\/soydeaqui.ddns.net\/pachuca\/index.php\/producto\/puerta-metalica-galvanizada-3-0-x-6-8-resistente-a-fuego-por-180min-ul\/"},"modified":"2026-03-18T14:56:33","modified_gmt":"2026-03-18T14:56:33","slug":"puerta-metalica-galvanizada-3-0-x-6-8-resistente-a-fuego-por-180min-ul","status":"publish","type":"product","link":"https:\/\/soydeaqui.ddns.net\/pachuca\/index.php\/producto\/puerta-metalica-galvanizada-3-0-x-6-8-resistente-a-fuego-por-180min-ul\/","title":{"rendered":"Puerta met\u00e1lica galvanizada 3&#8242; 0&#8243; x 6&#8242; 8&#8243; \/ Resistente a fuego por 180min \/ UL"},"content":{"rendered":"<div style='width: 100%; max-width: 1200px; margin: 0 auto; font-family: sans-serif; line-height: 1.6; color: inherit; background-color: transparent;'> <!-- Secci\u00f3n de caracter\u00edsticas especiales --> <\/p>\n<div style='display: flex; flex-wrap: wrap; gap: 30px; margin-bottom: 30px;'>\n<div style='flex: 1 1 300px; min-width: 280px;'>\n<h3 style='font-size: 22px; border-bottom: 2px solid currentColor; padding-bottom: 5px; margin-top: 0; color: inherit; opacity: 0.8;'>Caracter\u00edsticas Especiales<\/h3>\n<ul style='padding-left: 20px; font-size: 15px; color: inherit;'>\n<li style='margin-bottom: 5px;'>Enclavados mec\u00e1nicamente para mayor resistencia y rigidez<\/li>\n<li style='margin-bottom: 5px;'>N\u00facleo de panal de abeja que proporciona resistencia natural<\/li>\n<li style='margin-bottom: 5px;'>Canales invertidos&comma; finales soldadas a ambas l\u00e1minas de cara<\/li>\n<\/ul><\/div>\n<\/p><\/div>\n<p> <!-- Secci\u00f3n de descripci\u00f3n de la puerta --> <\/p>\n<div style='display: flex; flex-wrap: wrap; gap: 30px; margin-bottom: 30px;'>\n<div style='flex: 1 1 300px; min-width: 280px;'>\n<h3 style='font-size: 22px; border-bottom: 2px solid currentColor; padding-bottom: 5px; margin-top: 0; color: inherit; opacity: 0.8;'>Descripci\u00f3n de la Puerta<\/h3>\n<ul style='padding-left: 20px; font-size: 15px; color: inherit;'>\n<li style='margin-bottom: 5px;'>Abatible en ambos lados<\/li>\n<li style='margin-bottom: 5px;'><strong style='color: inherit;'>Resistente al fuego por 180 min<\/strong><\/li>\n<li style='margin-bottom: 5px;'>1-3\/4\u201d espesor<\/li>\n<li style='margin-bottom: 5px;'>Interior Honeycomb<\/li>\n<li style='margin-bottom: 5px;'>Uniones por &#8216;Interlocked&#8217;<\/li>\n<li style='margin-bottom: 5px;'>Canales invertidos &#8216;Top\/Bttm&#8217;<\/li>\n<li style='margin-bottom: 5px;'>Refuerzo de bisagra calibre 7<\/li>\n<li style='margin-bottom: 5px;'>Acabado &#8216;Prime&#8217; anti corrosi\u00f3n<\/li>\n<li style='margin-bottom: 5px;'>Preparaciones est\u00e1ndares<\/li>\n<li style='margin-bottom: 5px;'>STC 32 (en calibre 18)<\/li>\n<li style='margin-bottom: 5px;'>Uniones por &#8216;Interlocked&#8217;<\/li>\n<li style='margin-bottom: 5px;'><strong style='color: inherit;'>Calibre: 18<\/strong><\/li>\n<li style='margin-bottom: 5px;'>1&comma;000&comma;000 ciclos de uso en calibre 18<\/li>\n<li style='margin-bottom: 5px;'>Certificaci\u00f3n UL<\/li>\n<li style='margin-bottom: 5px;'><strong style='color: inherit;'>Dimensiones:<\/strong> 3\u20190\u201d x 6\u20198\u201d<\/li>\n<\/ul><\/div>\n<\/p><\/div>\n<p> <!-- Secci\u00f3n de accesorios indispensables --> <\/p>\n<div style='display: flex; flex-wrap: wrap; gap: 30px; margin-bottom: 30px;'>\n<div style='flex: 1 1 300px; min-width: 280px;'>\n<h3 style='font-size: 22px; border-bottom: 2px solid currentColor; padding-bottom: 5px; margin-top: 0; color: inherit; opacity: 0.8;'>ACCESORIOS INDISPENSABLES (Jamba de Contra&comma; Jamba de Bisagra&comma; Cabezal y 3 Bisagras)<\/h3>\n<p style='font-style: italic; color: inherit; margin-bottom: 15px;'>Determinar el tipo de puerta (ver imagen abajo)<\/p>\n<ul style='padding-left: 20px; font-size: 15px; color: inherit;'>\n<li style='margin-bottom: 5px;'>Puerta Derecha: 5059 (jamba de contra)&comma; 5053 (jamba de bisagra)<\/li>\n<li style='margin-bottom: 5px;'>Puerta Izquierda: 5060 (jamba de contra)&comma; 5054 (jamba de bisagra)<\/li>\n<li style='margin-bottom: 5px;'>Se requiere el uso de cabezal: 5066<\/li>\n<li style='margin-bottom: 5px;'>Requiere 1 paquete de bisagras modelo 5040 (contiene 3 pzas)<\/li>\n<\/ul><\/div>\n<\/p><\/div>\n<p> <!-- Secci\u00f3n de accesorios cortafuego --> <\/p>\n<div style='display: flex; flex-wrap: wrap; gap: 30px; margin-bottom: 30px;'>\n<div style='flex: 1 1 300px; min-width: 280px;'>\n<h3 style='font-size: 22px; border-bottom: 2px solid currentColor; padding-bottom: 5px; margin-top: 0; color: inherit; opacity: 0.8;'>Accesorios adicionales para puerta corta fuego<\/h3>\n<ul style='padding-left: 20px; font-size: 15px; color: inherit;'>\n<li style='margin-bottom: 5px;'><strong style='color: inherit;'>Sello perimetral:<\/strong> modelo 5018<\/li>\n<li style='margin-bottom: 5px;'><strong style='color: inherit;'>Sardinel:<\/strong> 5020A&comma; o bien 5024 (opci\u00f3n con tope)<\/li>\n<li style='margin-bottom: 5px;'><strong style='color: inherit;'>Sello bajo puerta:<\/strong> 5016 o bien 5032 (con goma)<\/li>\n<li style='margin-bottom: 5px;'><strong style='color: inherit;'>Goter\u00f3n:<\/strong> 5036 (para uso en puertas con vista al exterior)<\/li>\n<li style='margin-bottom: 5px;'><strong style='color: inherit;'>Cierrapuertas:<\/strong> 84887<\/li>\n<\/ul>\n<p style='margin-top: 15px; margin-bottom: 0;'><em>*Opcional puede utilizar barra para puerta de emergencia&comma; cerradura mec\u00e1nica y se\u00f1alizaci\u00f3n.<\/em><\/p>\n<\/p><\/div>\n<\/p><\/div>\n<p> <!-- Nota importante --> <\/p>\n<div style='display: flex; flex-wrap: wrap; gap: 30px; margin-bottom: 30px;'>\n<div style='flex: 1 1 300px; min-width: 280px;'>\n<div style='padding: 15px; border: 1px solid rgba(150&comma; 150&comma; 150&comma; 0.4); border-radius: 8px; color: inherit;'> <strong style='color: inherit;'>Producto sobre pedido<\/strong> <\/div>\n<\/p><\/div>\n<\/p><\/div>\n<p> <!-- Imagen --> <\/p>\n<div style='display: flex; flex-wrap: wrap; gap: 30px; margin-bottom: 30px;'>\n<div style='flex: 1 1 100%;'> <img style='width: 100%; height: auto; border: 1px solid rgba(150&comma;150&comma;150&comma;0.3); border-radius: 8px;' src='http:\/\/ftp3.syscom.mx\/usuarios\/hterrazas\/assabloy\/puerta.jpg' alt=''> <\/div>\n<\/p><\/div>\n<\/p><\/div>\n","protected":false},"excerpt":{"rendered":"<p>Puerta met\u00e1lica galvanizada 3&#8242; 0&#8243; x 6&#8242; 8&#8243; \/ Resistente a fuego por 180min \/ UL<\/p>\n","protected":false},"featured_media":33323,"comment_status":"open","ping_status":"closed","template":"","meta":[],"product_brand":[],"product_cat":[216],"product_tag":[218,217,126],"class_list":{"0":"post-33324","1":"product","2":"type-product","3":"status-publish","4":"has-post-thumbnail","6":"product_cat-puertas-de-emergencia","7":"product_tag-assa-abloy","8":"product_tag-puertas-de-emergencia","9":"product_tag-sistemas-de-emergencia","11":"first","12":"outofstock","13":"sale","14":"shipping-taxable","15":"purchasable","16":"product-type-simple"},"_links":{"self":[{"href":"https:\/\/soydeaqui.ddns.net\/pachuca\/index.php\/wp-json\/wp\/v2\/product\/33324","targetHints":{"allow":["GET"]}}],"collection":[{"href":"https:\/\/soydeaqui.ddns.net\/pachuca\/index.php\/wp-json\/wp\/v2\/product"}],"about":[{"href":"https:\/\/soydeaqui.ddns.net\/pachuca\/index.php\/wp-json\/wp\/v2\/types\/product"}],"replies":[{"embeddable":true,"href":"https:\/\/soydeaqui.ddns.net\/pachuca\/index.php\/wp-json\/wp\/v2\/comments?post=33324"}],"wp:featuredmedia":[{"embeddable":true,"href":"https:\/\/soydeaqui.ddns.net\/pachuca\/index.php\/wp-json\/wp\/v2\/media\/33323"}],"wp:attachment":[{"href":"https:\/\/soydeaqui.ddns.net\/pachuca\/index.php\/wp-json\/wp\/v2\/media?parent=33324"}],"wp:term":[{"taxonomy":"product_brand","embeddable":true,"href":"https:\/\/soydeaqui.ddns.net\/pachuca\/index.php\/wp-json\/wp\/v2\/product_brand?post=33324"},{"taxonomy":"product_cat","embeddable":true,"href":"https:\/\/soydeaqui.ddns.net\/pachuca\/index.php\/wp-json\/wp\/v2\/product_cat?post=33324"},{"taxonomy":"product_tag","embeddable":true,"href":"https:\/\/soydeaqui.ddns.net\/pachuca\/index.php\/wp-json\/wp\/v2\/product_tag?post=33324"}],"curies":[{"name":"wp","href":"https:\/\/api.w.org\/{rel}","templated":true}]}}