{"id":33318,"date":"2026-03-18T14:56:26","date_gmt":"2026-03-18T14:56:26","guid":{"rendered":"https:\/\/soydeaqui.ddns.net\/pachuca\/index.php\/producto\/cable-detector-de-calor-temperatura-fija-88-c-recubrimiento-de-nylon-negro-para-aplicaciones-en-exterior-con-guia-acerada-y-precio-por-metro\/"},"modified":"2026-03-18T14:56:26","modified_gmt":"2026-03-18T14:56:26","slug":"cable-detector-de-calor-temperatura-fija-88-c-recubrimiento-de-nylon-negro-para-aplicaciones-en-exterior-con-guia-acerada-y-precio-por-metro","status":"publish","type":"product","link":"https:\/\/soydeaqui.ddns.net\/pachuca\/index.php\/producto\/cable-detector-de-calor-temperatura-fija-88-c-recubrimiento-de-nylon-negro-para-aplicaciones-en-exterior-con-guia-acerada-y-precio-por-metro\/","title":{"rendered":"Cable Detector de Calor, Temperatura Fija 88 \u00b0C, Recubrimiento de Nylon Negro para Aplicaciones en Exterior, con Gu\u00eda Acerada y Precio por Metro,"},"content":{"rendered":"<div style='width: 100%; max-width: 1200px; margin: 0 auto; font-family: sans-serif; line-height: 1.6; color: inherit; background-color: transparent;'>\n<div style='display: flex; flex-wrap: wrap; gap: 30px; margin-bottom: 30px;'>\n<div style='flex: 1 1 300px; min-width: 280px;'>\n<h3 style='font-size: 22px; border-bottom: 2px solid currentColor; padding-bottom: 5px; margin-top: 0; color: inherit; opacity: 0.8;'>Detecci\u00f3n Lineal de Calor<\/h3>\n<p style='font-size: 15px; color: inherit;'>Safe Cable Linear Heat Detection (LHD) usa pol\u00edmeros avanzados y una aleaci\u00f3n recientemente desarrollada para proporcionar una detecci\u00f3n excepcional&comma; durabilidad y flexibilidad del dise\u00f1o. En el n\u00facleo de SafeCable hay un par trenzado de conductores tri-met\u00e1licos de resistencia extremadamente baja&comma; los cuales est\u00e1n forrados con nuevos y avanzados pol\u00edmeros t\u00e9rmicos. Estos pol\u00edmeros est\u00e1n qu\u00edmicamente concebidos para descomponerse a temperaturas fijas espec\u00edficas&comma; permitiendo que los conductores trenzados hagan contacto e inicien una alarma.<\/p>\n<\/p><\/div>\n<\/p><\/div>\n<div style='display: grid; grid-template-columns: 1fr; gap: 30px; margin-bottom: 30px;'>\n<div> <img style='width: 100%; height: auto; border: 1px solid rgba(150&comma;150&comma;150&comma;0.3); border-radius: 8px;' src='https:\/\/ftp3.syscom.mx\/usuarios\/fotos\/TC190NG\/73034-charolafuego.jpg' alt=''> <\/div>\n<div>\n<h3 style='font-size: 22px; border-bottom: 2px solid currentColor; padding-bottom: 5px; margin-top: 0; color: inherit; opacity: 0.8;'>Detecci\u00f3n de incendios en charolas de cableado<\/h3>\n<p style='font-size: 15px; color: inherit;'>La Detecci\u00f3n Lineal de Calor (Linear Heat Detection o LHD) es una soluci\u00f3n muy efectiva y de bajo costo para proteger las bandejas de cables. El Cable flexible LHD puede instalarse dentro de la bandeja con los cables siguiendo exactamente la misma ruta mientras est\u00e1 en cercan\u00eda muy pr\u00f3xima a los cables para detecci\u00f3n r\u00e1pida. Los cables el\u00e9ctricos que yacen en la bandeja de cables pueden ser de alto voltaje y pueden romperse con el tiempo y uso. Con el tiempo los cables se pueden sobre calentar causando incendios.<\/p>\n<\/p><\/div>\n<\/p><\/div>\n<div style='display: flex; flex-wrap: wrap; gap: 20px; margin-bottom: 30px;'>\n<div style='flex: 1 1 250px; border: 1px solid rgba(150&comma; 150&comma; 150&comma; 0.4); border-radius: 8px; overflow: hidden; display: flex; flex-direction: column;'>\n<div style='padding: 15px; border-bottom: 1px solid rgba(150&comma; 150&comma; 150&comma; 0.2); font-weight: bold; font-size: 18px; color: inherit;'>Caracter\u00edsticas<\/div>\n<div style='padding: 15px; color: inherit;'>\n<ul style='padding-left: 20px; margin: 0; font-size: 14px; list-style-type: disc;'>\n<li style='margin-bottom: 5px;'>Temperatura de alarma fija a 88\u00b0C<\/li>\n<li style='margin-bottom: 5px;'>Compatible con cualquier panel de Detecci\u00f3n de Incendio<\/li>\n<li style='margin-bottom: 5px;'>Hasta 4&comma;572 metros de cobertura lineal por zona<\/li>\n<li style='margin-bottom: 5px;'>Excelente durabilidad para ambientes al aire libre<\/li>\n<li style='margin-bottom: 5px;'>M\u00faltiples Temperaturas de alarma en una zona<\/li>\n<li style='margin-bottom: 5px;'>No es necesario el reemplazo de la totalidad del cable despu\u00e9s de una alarma<\/li>\n<li style='margin-bottom: 5px;'>Aprobado para hasta 10.7 metros de espaciamiento<\/li>\n<li style='margin-bottom: 5px;'>La m\u00e1s baja resistencia que cualquier otro LHD<\/li>\n<li style='margin-bottom: 5px;'>Alambre gu\u00eda&comma; para f\u00e1cil instalaci\u00f3n<\/li>\n<li style='margin-bottom: 5px;'>Resistencia: 0.164 homs\/m<\/li>\n<li style='margin-bottom: 5px;'>M\u00e1xima tensi\u00f3n nominal: 30VCA&comma; 42Vcc<\/li>\n<\/ul><\/div>\n<\/p><\/div>\n<\/p><\/div>\n<div style='display: grid; grid-template-columns: 1fr; gap: 30px; margin-bottom: 30px;'>\n<div> <img style='width: 100%; height: auto; border: 1px solid rgba(150&comma;150&comma;150&comma;0.3); border-radius: 8px;' src='https:\/\/ftp3.syscom.mx\/usuarios\/fotos\/TC190NG\/73034-ejemplo.jpg' alt=''> <\/div>\n<\/p><\/div>\n<div style='display: flex; flex-wrap: wrap; gap: 30px; margin-bottom: 30px;'>\n<div style='flex: 1 1 300px; min-width: 280px;'>\n<p style='font-size: 15px; color: inherit; font-weight: bold;'>Nota importante: Precio por metro<\/p>\n<\/p><\/div>\n<\/p><\/div>\n<\/p><\/div>\n","protected":false},"excerpt":{"rendered":"<p>Cable Detector de Calor, Temperatura Fija 88 \u00b0C, Recubrimiento de Nylon Negro para Aplicaciones en Exterior, con Gu\u00eda Acerada y Precio por Metro,<\/p>\n","protected":false},"featured_media":33317,"comment_status":"open","ping_status":"closed","template":"","meta":[],"product_brand":[],"product_cat":[983],"product_tag":[978,984,980],"class_list":{"0":"post-33318","1":"product","2":"type-product","3":"status-publish","4":"has-post-thumbnail","6":"product_cat-deteccion-lineal-de-temperatura","7":"product_tag-aplicaciones-especiales","8":"product_tag-deteccion-lineal-de-temperatura","9":"product_tag-safe-fire-detection-inc","11":"first","12":"outofstock","13":"sale","14":"shipping-taxable","15":"purchasable","16":"product-type-simple"},"_links":{"self":[{"href":"https:\/\/soydeaqui.ddns.net\/pachuca\/index.php\/wp-json\/wp\/v2\/product\/33318","targetHints":{"allow":["GET"]}}],"collection":[{"href":"https:\/\/soydeaqui.ddns.net\/pachuca\/index.php\/wp-json\/wp\/v2\/product"}],"about":[{"href":"https:\/\/soydeaqui.ddns.net\/pachuca\/index.php\/wp-json\/wp\/v2\/types\/product"}],"replies":[{"embeddable":true,"href":"https:\/\/soydeaqui.ddns.net\/pachuca\/index.php\/wp-json\/wp\/v2\/comments?post=33318"}],"wp:featuredmedia":[{"embeddable":true,"href":"https:\/\/soydeaqui.ddns.net\/pachuca\/index.php\/wp-json\/wp\/v2\/media\/33317"}],"wp:attachment":[{"href":"https:\/\/soydeaqui.ddns.net\/pachuca\/index.php\/wp-json\/wp\/v2\/media?parent=33318"}],"wp:term":[{"taxonomy":"product_brand","embeddable":true,"href":"https:\/\/soydeaqui.ddns.net\/pachuca\/index.php\/wp-json\/wp\/v2\/product_brand?post=33318"},{"taxonomy":"product_cat","embeddable":true,"href":"https:\/\/soydeaqui.ddns.net\/pachuca\/index.php\/wp-json\/wp\/v2\/product_cat?post=33318"},{"taxonomy":"product_tag","embeddable":true,"href":"https:\/\/soydeaqui.ddns.net\/pachuca\/index.php\/wp-json\/wp\/v2\/product_tag?post=33318"}],"curies":[{"name":"wp","href":"https:\/\/api.w.org\/{rel}","templated":true}]}}