{"id":33300,"date":"2026-03-18T14:56:05","date_gmt":"2026-03-18T14:56:05","guid":{"rendered":"https:\/\/soydeaqui.ddns.net\/pachuca\/index.php\/producto\/detector-de-flama-ir3-a-prueba-de-explosion\/"},"modified":"2026-03-18T14:56:06","modified_gmt":"2026-03-18T14:56:06","slug":"detector-de-flama-ir3-a-prueba-de-explosion","status":"publish","type":"product","link":"https:\/\/soydeaqui.ddns.net\/pachuca\/index.php\/producto\/detector-de-flama-ir3-a-prueba-de-explosion\/","title":{"rendered":"Detector de Flama IR3 a Prueba de Explosi\u00f3n"},"content":{"rendered":"<div style='width: 100%; max-width: 1200px; margin: 0 auto; font-family: sans-serif; line-height: 1.6; color: inherit; background-color: transparent;'> <!-- Video principal --> <\/p>\n<div style='position: relative; padding-bottom: 56.25%; height: 0; overflow: hidden; margin-bottom: 30px;'>   <\/div>\n<p> <!-- Secci\u00f3n de descripci\u00f3n --> <\/p>\n<div style='display: flex; flex-wrap: wrap; gap: 30px; margin-bottom: 30px;'>\n<div style='flex: 1 1 300px; min-width: 280px;'>\n<h3 style='font-size: 22px; border-bottom: 2px solid currentColor; padding-bottom: 5px; margin-top: 0; color: inherit; opacity: 0.8;'>Caracter\u00edsticas t\u00e9cnicas<\/h3>\n<p style='font-size: 15px; color: inherit;'> Los detectores SafeFlame\u2122 IR3 utilizan una combinaci\u00f3n de 3 sensores. Uno de ellos monitorea la banda espectral para emisiones de CO2. Los otros dos sensores monitorean bandas espectrales adyacentes para reducir la interferencia por radiaci\u00f3n y reducir falsas alarmas. <\/p>\n<p style='font-size: 15px; color: inherit;'> Los avanzados detectores de flama SafeFlame\u2122 ofrecen: alta sensibilidad&comma; respuesta r\u00e1pida&comma; largo alcance&comma; amplio campo de visi\u00f3n y est\u00e1n disponibles tanto en aluminio como en acero inoxidable a prueba de explosi\u00f3n&comma; todo por el m\u00e1s bajo costo disponible. <\/p>\n<\/p><\/div>\n<\/p><\/div>\n<p> <!-- Secci\u00f3n de especificaciones --> <\/p>\n<div style='display: flex; flex-wrap: wrap; gap: 20px; margin-bottom: 30px;'>\n<div style='flex: 1 1 250px; border: 1px solid rgba(150&comma; 150&comma; 150&comma; 0.4); border-radius: 8px; overflow: hidden; display: flex; flex-direction: column;'>\n<div style='padding: 15px; border-bottom: 1px solid rgba(150&comma; 150&comma; 150&comma; 0.2); font-weight: bold; font-size: 18px; color: inherit;'>Especificaciones<\/div>\n<div style='padding: 15px; color: inherit;'>\n<ul style='padding-left: 20px; margin: 0; font-size: 14px; list-style-type: disc;'>\n<li style='margin-bottom: 5px;'><strong>Alta sensibilidad<\/strong> triple IR (infrarrojo)<\/li>\n<li style='margin-bottom: 5px;'><strong>Detecci\u00f3n<\/strong> de fuegos a distancias de hasta 60 m<\/li>\n<li style='margin-bottom: 5px;'>Alarma de incendios con y sin enclavamiento<\/li>\n<li style='margin-bottom: 5px;'><strong>Campo de visi\u00f3n<\/strong> 90\u00b0 horizontal y 90\u00b0 vertical<\/li>\n<li style='margin-bottom: 5px;'>Herm\u00e9tico al polvo y agua<\/li>\n<li style='margin-bottom: 5px;'>R\u00e1pido tiempo de respuesta<\/li>\n<\/ul><\/div>\n<\/p><\/div>\n<div style='flex: 1 1 250px; border: 1px solid rgba(150&comma; 150&comma; 150&comma; 0.4); border-radius: 8px; overflow: hidden; display: flex; flex-direction: column;'>\n<div style='padding: 15px; border-bottom: 1px solid rgba(150&comma; 150&comma; 150&comma; 0.2); font-weight: bold; font-size: 18px; color: inherit;'>Caracter\u00edsticas adicionales<\/div>\n<div style='padding: 15px; color: inherit;'>\n<ul style='padding-left: 20px; margin: 0; font-size: 14px; list-style-type: disc;'>\n<li style='margin-bottom: 5px;'><strong>Autocomprobaci\u00f3n<\/strong><\/li>\n<li style='margin-bottom: 5px;'><strong>Rel\u00e9s<\/strong> de fuego&comma; falla y alarma<\/li>\n<li style='margin-bottom: 5px;'>Soporte de montaje para facilitar la alineaci\u00f3n<\/li>\n<li style='margin-bottom: 5px;'><strong>Inmune a falsas alarmas<\/strong><\/li>\n<li style='margin-bottom: 5px;'><strong>Rango de temperatura operacional:<\/strong> -40\u00b0C a 75\u00b0C<\/li>\n<\/ul><\/div>\n<\/p><\/div>\n<\/p><\/div>\n<p> <!-- Segundo video --> <\/p>\n<div style='position: relative; padding-bottom: 56.25%; height: 0; overflow: hidden; margin-bottom: 30px;'>   <\/div>\n<\/p><\/div>\n","protected":false},"excerpt":{"rendered":"<p>Detector de Flama IR3 a Prueba de Explosi\u00f3n<\/p>\n","protected":false},"featured_media":33299,"comment_status":"open","ping_status":"closed","template":"","meta":[],"product_brand":[],"product_cat":[985],"product_tag":[978,986,980],"class_list":{"0":"post-33300","1":"product","2":"type-product","3":"status-publish","4":"has-post-thumbnail","6":"product_cat-detectores-de-flama","7":"product_tag-aplicaciones-especiales","8":"product_tag-detectores-de-flama","9":"product_tag-safe-fire-detection-inc","11":"first","12":"instock","13":"sale","14":"shipping-taxable","15":"purchasable","16":"product-type-simple"},"_links":{"self":[{"href":"https:\/\/soydeaqui.ddns.net\/pachuca\/index.php\/wp-json\/wp\/v2\/product\/33300","targetHints":{"allow":["GET"]}}],"collection":[{"href":"https:\/\/soydeaqui.ddns.net\/pachuca\/index.php\/wp-json\/wp\/v2\/product"}],"about":[{"href":"https:\/\/soydeaqui.ddns.net\/pachuca\/index.php\/wp-json\/wp\/v2\/types\/product"}],"replies":[{"embeddable":true,"href":"https:\/\/soydeaqui.ddns.net\/pachuca\/index.php\/wp-json\/wp\/v2\/comments?post=33300"}],"wp:featuredmedia":[{"embeddable":true,"href":"https:\/\/soydeaqui.ddns.net\/pachuca\/index.php\/wp-json\/wp\/v2\/media\/33299"}],"wp:attachment":[{"href":"https:\/\/soydeaqui.ddns.net\/pachuca\/index.php\/wp-json\/wp\/v2\/media?parent=33300"}],"wp:term":[{"taxonomy":"product_brand","embeddable":true,"href":"https:\/\/soydeaqui.ddns.net\/pachuca\/index.php\/wp-json\/wp\/v2\/product_brand?post=33300"},{"taxonomy":"product_cat","embeddable":true,"href":"https:\/\/soydeaqui.ddns.net\/pachuca\/index.php\/wp-json\/wp\/v2\/product_cat?post=33300"},{"taxonomy":"product_tag","embeddable":true,"href":"https:\/\/soydeaqui.ddns.net\/pachuca\/index.php\/wp-json\/wp\/v2\/product_tag?post=33300"}],"curies":[{"name":"wp","href":"https:\/\/api.w.org\/{rel}","templated":true}]}}