{"id":33295,"date":"2026-03-18T14:56:00","date_gmt":"2026-03-18T14:56:00","guid":{"rendered":"https:\/\/soydeaqui.ddns.net\/pachuca\/index.php\/producto\/detector-de-flama-uv-ir-a-prueba-de-explosion\/"},"modified":"2026-03-18T14:56:04","modified_gmt":"2026-03-18T14:56:04","slug":"detector-de-flama-uv-ir-a-prueba-de-explosion","status":"publish","type":"product","link":"https:\/\/soydeaqui.ddns.net\/pachuca\/index.php\/producto\/detector-de-flama-uv-ir-a-prueba-de-explosion\/","title":{"rendered":"Detector de Flama UV\/IR a Prueba de Explosi\u00f3n"},"content":{"rendered":"<div style='width: 100%; max-width: 1200px; margin: 0 auto; font-family: sans-serif; line-height: 1.6; color: inherit; background-color: transparent;'>\n<div style='display: flex; flex-wrap: wrap; gap: 30px; margin-bottom: 30px;'>\n<div style='flex: 1 1 300px; min-width: 280px;'>\n<h3 style='font-size: 22px; border-bottom: 2px solid currentColor; padding-bottom: 5px; margin-top: 0; color: inherit; opacity: 0.8;'>Caracter\u00edsticas<\/h3>\n<p style='font-size: 15px; color: inherit; margin-top: 0; margin-bottom: 15px;'> El detector de flama UV \/ IR utiliza una se\u00f1al ultra alta para la tasa del ruido en el sensor UV y un sensor IR separado para brindar una detecci\u00f3n superior a la flama. El sensor UV brinda una sensibilidad superior mientras que el sensor IR asegura la resistencia a falsas alarmas. <\/p>\n<p style='font-size: 15px; color: inherit; margin-top: 0; margin-bottom: 15px;'> Los avanzados detectores de Flama de Safe Fire Detection ofrecen; alta sensibilidad&comma; respuesta r\u00e1pida&comma; largo alcance&comma; amplio campo de visi\u00f3n y est\u00e1n disponibles tanto en aluminio como en acero inoxidable a prueba de explosi\u00f3n&comma; todo por el m\u00e1s bajo costo disponible. <\/p>\n<\/p><\/div>\n<\/p><\/div>\n<div style='display: flex; flex-wrap: wrap; gap: 20px; margin-bottom: 30px;'>\n<div style='flex: 1 1 250px; border: 1px solid rgba(150&comma; 150&comma; 150&comma; 0.4); border-radius: 8px; overflow: hidden; display: flex; flex-direction: column;'>\n<div style='padding: 15px; border-bottom: 1px solid rgba(150&comma; 150&comma; 150&comma; 0.2); font-weight: bold; font-size: 18px; color: inherit;'>Especificaciones<\/div>\n<div style='padding: 15px; color: inherit;'>\n<ul style='padding-left: 20px; margin: 0; font-size: 14px; list-style-type: disc;'>\n<li style='margin-bottom: 5px;'><strong>Detectores UV \/ IR<\/strong>: Alta sensibilidad<\/li>\n<li style='margin-bottom: 5px;'><strong>Distancia de detecci\u00f3n<\/strong>: Hasta 30 m<\/li>\n<li style='margin-bottom: 5px;'><strong>Alarmas<\/strong>: Con y sin enclavamiento<\/li>\n<li style='margin-bottom: 5px;'><strong>Campo de visi\u00f3n<\/strong>: 90\u00b0 horizontal y 90\u00b0 vertical<\/li>\n<li style='margin-bottom: 5px;'><strong>Protecci\u00f3n<\/strong>: Herm\u00e9tico al polvo y agua<\/li>\n<li style='margin-bottom: 5px;'><strong>Tiempo de respuesta<\/strong>: R\u00e1pido<\/li>\n<li style='margin-bottom: 5px;'><strong>Funciones<\/strong>: Autocomprobaci\u00f3n<\/li>\n<li style='margin-bottom: 5px;'><strong>Salidas<\/strong>: Rel\u00e9s de fuego&comma; falla&comma; y alarma<\/li>\n<li style='margin-bottom: 5px;'><strong>Instalaci\u00f3n<\/strong>: Soporte de montaje para f\u00e1cil alineamiento<\/li>\n<li style='margin-bottom: 5px;'><strong>Resistencia a falsas alarmas<\/strong>: Inmune a falsas alarmas<\/li>\n<li style='margin-bottom: 5px;'><strong>Rango de temperatura<\/strong>: -40\u00b0C a 75\u00b0C<\/li>\n<\/ul><\/div>\n<\/p><\/div>\n<\/p><\/div>\n<div style='position: relative; padding-bottom: 56.25%; height: 0; overflow: hidden; margin-bottom: 30px;'>   <\/div>\n<hr style='border: 0; border-top: 1px solid rgba(150&comma; 150&comma; 150&comma; 0.3); margin: 30px 0;'> <\/div>\n","protected":false},"excerpt":{"rendered":"<p>Detector de Flama UV\/IR a Prueba de Explosi\u00f3n<\/p>\n","protected":false},"featured_media":33294,"comment_status":"open","ping_status":"closed","template":"","meta":[],"product_brand":[],"product_cat":[985],"product_tag":[978,986,980],"class_list":{"0":"post-33295","1":"product","2":"type-product","3":"status-publish","4":"has-post-thumbnail","6":"product_cat-detectores-de-flama","7":"product_tag-aplicaciones-especiales","8":"product_tag-detectores-de-flama","9":"product_tag-safe-fire-detection-inc","11":"first","12":"instock","13":"sale","14":"shipping-taxable","15":"purchasable","16":"product-type-simple"},"_links":{"self":[{"href":"https:\/\/soydeaqui.ddns.net\/pachuca\/index.php\/wp-json\/wp\/v2\/product\/33295","targetHints":{"allow":["GET"]}}],"collection":[{"href":"https:\/\/soydeaqui.ddns.net\/pachuca\/index.php\/wp-json\/wp\/v2\/product"}],"about":[{"href":"https:\/\/soydeaqui.ddns.net\/pachuca\/index.php\/wp-json\/wp\/v2\/types\/product"}],"replies":[{"embeddable":true,"href":"https:\/\/soydeaqui.ddns.net\/pachuca\/index.php\/wp-json\/wp\/v2\/comments?post=33295"}],"wp:featuredmedia":[{"embeddable":true,"href":"https:\/\/soydeaqui.ddns.net\/pachuca\/index.php\/wp-json\/wp\/v2\/media\/33294"}],"wp:attachment":[{"href":"https:\/\/soydeaqui.ddns.net\/pachuca\/index.php\/wp-json\/wp\/v2\/media?parent=33295"}],"wp:term":[{"taxonomy":"product_brand","embeddable":true,"href":"https:\/\/soydeaqui.ddns.net\/pachuca\/index.php\/wp-json\/wp\/v2\/product_brand?post=33295"},{"taxonomy":"product_cat","embeddable":true,"href":"https:\/\/soydeaqui.ddns.net\/pachuca\/index.php\/wp-json\/wp\/v2\/product_cat?post=33295"},{"taxonomy":"product_tag","embeddable":true,"href":"https:\/\/soydeaqui.ddns.net\/pachuca\/index.php\/wp-json\/wp\/v2\/product_tag?post=33295"}],"curies":[{"name":"wp","href":"https:\/\/api.w.org\/{rel}","templated":true}]}}