{"id":33263,"date":"2026-03-18T14:55:25","date_gmt":"2026-03-18T14:55:25","guid":{"rendered":"https:\/\/soydeaqui.ddns.net\/pachuca\/index.php\/producto\/tapon-final-para-tuberia-de-aspiracion-precio-por-pieza\/"},"modified":"2026-03-18T14:55:27","modified_gmt":"2026-03-18T14:55:27","slug":"tapon-final-para-tuberia-de-aspiracion-precio-por-pieza","status":"publish","type":"product","link":"https:\/\/soydeaqui.ddns.net\/pachuca\/index.php\/producto\/tapon-final-para-tuberia-de-aspiracion-precio-por-pieza\/","title":{"rendered":"Tap\u00f3n final para tuber\u00eda de aspiraci\u00f3n, | Precio por Pieza"},"content":{"rendered":"<div style='width: 100%; max-width: 1200px; margin: 0 auto; font-family: sans-serif; line-height: 1.6; color: inherit; background-color: transparent;'> <!-- Secci\u00f3n de descripci\u00f3n --> <\/p>\n<div style='margin-bottom: 30px;'>\n<p style='margin: 0 0 15px 0; color: inherit; font-size: 15px; line-height: 1.6;'>ReadPipe es el \u00fanico tubo de muestreo de aire espec\u00edficamente aprobado para usarse con cualquier sistema de detecci\u00f3n de humo por aspiraci\u00f3n<\/p>\n<p style='margin: 0 0 15px 0; color: inherit; font-size: 15px; line-height: 1.6;'>RedPipe es fabricado a partir de una mezcla especial de material CPVC para aplicaciones de detecci\u00f3n de humo por muestreo de aire&comma; con un aumento de las capacidades de resistencia al fuego. RedPipe tambi\u00e9n est\u00e1 aprobado por UL para espacios abiertos.<\/p>\n<\/p><\/div>\n<p> <!-- Secci\u00f3n de caracter\u00edsticas --> <\/p>\n<div style='display: flex; flex-wrap: wrap; gap: 30px; margin-bottom: 30px;'>\n<div style='flex: 1 1 300px; min-width: 280px;'>\n<h3 style='font-size: 22px; border-bottom: 2px solid currentColor; padding-bottom: 5px; margin-top: 0; color: inherit; opacity: 0.8;'>Caracter\u00edsticas<\/h3>\n<ul style='padding-left: 20px; font-size: 15px; color: inherit; list-style-type: disc;'>\n<li style='margin-bottom: 5px;'><strong>\u00danico en el mercado certificado UL para Fuego<\/strong><\/li>\n<li style='margin-bottom: 5px;'><strong>Cumple con requerimientos NFPA<\/strong><\/li>\n<li style='margin-bottom: 5px;'>La tuber\u00eda no requiere etiquetas de identificaci\u00f3n<\/li>\n<li style='margin-bottom: 5px;'><strong>Leyenda &#8216;TUBO DE MUESTREO DE DETECCI\u00d3N &#8211; NO TOCAR&#8217; impresa a lo largo de toda la tuber\u00eda (en ingl\u00e9s)<\/strong><\/li>\n<li style='margin-bottom: 5px;'>Di\u00e1metro de \u00be de pulgada<\/li>\n<li style='margin-bottom: 5px;'><strong>Fabricado en CPVC resistente al Fuego<\/strong><\/li>\n<\/ul><\/div>\n<\/p><\/div>\n<\/p><\/div>\n","protected":false},"excerpt":{"rendered":"<p>Tap\u00f3n final para tuber\u00eda de aspiraci\u00f3n, | Precio por Pieza<\/p>\n","protected":false},"featured_media":33262,"comment_status":"open","ping_status":"closed","template":"","meta":[],"product_brand":[],"product_cat":[977],"product_tag":[978,979,980],"class_list":{"0":"post-33263","1":"product","2":"type-product","3":"status-publish","4":"has-post-thumbnail","6":"product_cat-detectores-por-aspiracion","7":"product_tag-aplicaciones-especiales","8":"product_tag-detectores-por-aspiracion","9":"product_tag-safe-fire-detection-inc","11":"first","12":"instock","13":"sale","14":"shipping-taxable","15":"purchasable","16":"product-type-simple"},"_links":{"self":[{"href":"https:\/\/soydeaqui.ddns.net\/pachuca\/index.php\/wp-json\/wp\/v2\/product\/33263","targetHints":{"allow":["GET"]}}],"collection":[{"href":"https:\/\/soydeaqui.ddns.net\/pachuca\/index.php\/wp-json\/wp\/v2\/product"}],"about":[{"href":"https:\/\/soydeaqui.ddns.net\/pachuca\/index.php\/wp-json\/wp\/v2\/types\/product"}],"replies":[{"embeddable":true,"href":"https:\/\/soydeaqui.ddns.net\/pachuca\/index.php\/wp-json\/wp\/v2\/comments?post=33263"}],"wp:featuredmedia":[{"embeddable":true,"href":"https:\/\/soydeaqui.ddns.net\/pachuca\/index.php\/wp-json\/wp\/v2\/media\/33262"}],"wp:attachment":[{"href":"https:\/\/soydeaqui.ddns.net\/pachuca\/index.php\/wp-json\/wp\/v2\/media?parent=33263"}],"wp:term":[{"taxonomy":"product_brand","embeddable":true,"href":"https:\/\/soydeaqui.ddns.net\/pachuca\/index.php\/wp-json\/wp\/v2\/product_brand?post=33263"},{"taxonomy":"product_cat","embeddable":true,"href":"https:\/\/soydeaqui.ddns.net\/pachuca\/index.php\/wp-json\/wp\/v2\/product_cat?post=33263"},{"taxonomy":"product_tag","embeddable":true,"href":"https:\/\/soydeaqui.ddns.net\/pachuca\/index.php\/wp-json\/wp\/v2\/product_tag?post=33263"}],"curies":[{"name":"wp","href":"https:\/\/api.w.org\/{rel}","templated":true}]}}