{"id":33222,"date":"2026-03-18T14:54:33","date_gmt":"2026-03-18T14:54:33","guid":{"rendered":"https:\/\/soydeaqui.ddns.net\/pachuca\/index.php\/producto\/bocina-y-microfono-para-exterior-requiere-unidad-de-conversacion-aop-sp70\/"},"modified":"2026-03-18T14:54:34","modified_gmt":"2026-03-18T14:54:34","slug":"bocina-y-microfono-para-exterior-requiere-unidad-de-conversacion-aop-sp70","status":"publish","type":"product","link":"https:\/\/soydeaqui.ddns.net\/pachuca\/index.php\/producto\/bocina-y-microfono-para-exterior-requiere-unidad-de-conversacion-aop-sp70\/","title":{"rendered":"Bocina y micr\u00f3fono para exterior, requiere unidad de conversaci\u00f3n AOP-SP70"},"content":{"rendered":"<div style='width: 100%; max-width: 1200px; margin: 0 auto; font-family: sans-serif; line-height: 1.6; color: inherit; background-color: transparent;'> <!-- Secci\u00f3n principal --> <\/p>\n<div style='display: flex; flex-wrap: wrap; gap: 30px; margin-bottom: 30px;'>\n<div style='flex: 1 1 300px; min-width: 280px;'>\n<p style='font-size: 15px; color: inherit; margin-top: 0; margin-bottom: 15px;'><strong>El modelo TLO es un altavoz con micr\u00f3fono<\/strong> bidireccional para alta penetraci\u00f3n de volumen. Protegido contra las inclemencias del tiempo para uso exterior&comma; es un micr\u00f3fono y altavoz dentro de una caja. En funcionamiento&comma; el TLO ofrece capacidades de hablar y escuchar entre la zona remota y una estaci\u00f3n base de audio Louroe. Cuando se conecta a trav\u00e9s de una Unidad de Conversi\u00f3n de Audio Louroe AOP-SP70&comma; tambi\u00e9n puede comunicarse con otros dispositivos receptores de audio como DVR&comma; c\u00e1maras de red IP y servidores de video.<\/p>\n<\/p><\/div>\n<\/p><\/div>\n<p> <!-- Secci\u00f3n de especificaciones --> <\/p>\n<div style='display: flex; flex-wrap: wrap; gap: 20px; margin-bottom: 30px;'>\n<div style='flex: 1 1 250px; border: 1px solid rgba(150&comma; 150&comma; 150&comma; 0.4); border-radius: 8px; overflow: hidden; display: flex; flex-direction: column;'>\n<div style='padding: 15px; border-bottom: 1px solid rgba(150&comma; 150&comma; 150&comma; 0.2); font-weight: bold; font-size: 18px; color: inherit;'>Especificaciones del micr\u00f3fono<\/div>\n<div style='padding: 15px; color: inherit;'>\n<ul style='padding-left: 20px; margin: 0; font-size: 14px; list-style-type: disc;'>\n<li style='margin-bottom: 5px;'><strong>Tipo:<\/strong> Electret<\/li>\n<li style='margin-bottom: 5px;'><strong>Salida:<\/strong> Nivel de l\u00ednea (0dB @1 K)&comma; no balanceado<\/li>\n<li style='margin-bottom: 5px;'><strong>Respuesta a la frecuencia:<\/strong> 40 Hz a 15kHz +\/- 1 dB<\/li>\n<li style='margin-bottom: 5px;'><strong>Corriente:<\/strong> 4 mA<\/li>\n<li style='margin-bottom: 5px;'><strong>Voltaje:<\/strong> 12 Vcc<\/li>\n<li style='margin-bottom: 5px;'><strong>Impedancia de salida:<\/strong> 600 no balanceado<\/li>\n<\/ul><\/div>\n<\/p><\/div>\n<div style='flex: 1 1 250px; border: 1px solid rgba(150&comma; 150&comma; 150&comma; 0.4); border-radius: 8px; overflow: hidden; display: flex; flex-direction: column;'>\n<div style='padding: 15px; border-bottom: 1px solid rgba(150&comma; 150&comma; 150&comma; 0.2); font-weight: bold; font-size: 18px; color: inherit;'>Especificaciones de la bocina<\/div>\n<div style='padding: 15px; color: inherit;'>\n<ul style='padding-left: 20px; margin: 0; font-size: 14px; list-style-type: disc;'>\n<li style='margin-bottom: 5px;'><strong>Potencia:<\/strong> 30 W<\/li>\n<li style='margin-bottom: 5px;'><strong>Respuesta a la frecuencia:<\/strong> 300 Hz a 10 KHz<\/li>\n<li style='margin-bottom: 5px;'><strong>Nivel de sonido:<\/strong> 115 dB<\/li>\n<li style='margin-bottom: 5px;'><strong>Alimentaci\u00f3n:<\/strong> 70 Vcc<\/li>\n<li style='margin-bottom: 5px;'><strong>Impedancia:<\/strong> 8<\/li>\n<li style='margin-bottom: 5px;'><strong>Dimensiones:<\/strong> 292 x 276 x 165 mm<\/li>\n<li style='margin-bottom: 5px;'><strong>Peso:<\/strong> 2.7 Kg<\/li>\n<\/ul><\/div>\n<\/p><\/div>\n<\/p><\/div>\n<p> <!-- Secci\u00f3n de videos --> <\/p>\n<div style='margin-bottom: 30px;'>\n<div style='position: relative; padding-bottom: 56.25%; height: 0; overflow: hidden; margin-bottom: 30px;'>   <\/div>\n<div style='position: relative; padding-bottom: 56.25%; height: 0; overflow: hidden; margin-bottom: 30px;'>   <\/div>\n<div style='position: relative; padding-bottom: 56.25%; height: 0; overflow: hidden; margin-bottom: 30px;'>   <\/div>\n<div style='position: relative; padding-bottom: 56.25%; height: 0; overflow: hidden; margin-bottom: 30px;'>   <\/div>\n<\/p><\/div>\n<p> <!-- Separador --> <\/p>\n<hr style='border: 0; border-top: 1px solid rgba(150&comma; 150&comma; 150&comma; 0.3); margin: 30px 0;'> <\/div>\n","protected":false},"excerpt":{"rendered":"<p>Bocina y micr\u00f3fono para exterior, requiere unidad de conversaci\u00f3n AOP-SP70<\/p>\n","protected":false},"featured_media":33221,"comment_status":"open","ping_status":"closed","template":"","meta":[],"product_brand":[],"product_cat":[788],"product_tag":[789,975,557],"class_list":{"0":"post-33222","1":"product","2":"type-product","3":"status-publish","4":"has-post-thumbnail","6":"product_cat-intercomunicadores","7":"product_tag-intercomunicadores","8":"product_tag-louroe-electronics","9":"product_tag-videoporteros-e-interfonos","11":"first","12":"outofstock","13":"sale","14":"shipping-taxable","15":"purchasable","16":"product-type-simple"},"_links":{"self":[{"href":"https:\/\/soydeaqui.ddns.net\/pachuca\/index.php\/wp-json\/wp\/v2\/product\/33222","targetHints":{"allow":["GET"]}}],"collection":[{"href":"https:\/\/soydeaqui.ddns.net\/pachuca\/index.php\/wp-json\/wp\/v2\/product"}],"about":[{"href":"https:\/\/soydeaqui.ddns.net\/pachuca\/index.php\/wp-json\/wp\/v2\/types\/product"}],"replies":[{"embeddable":true,"href":"https:\/\/soydeaqui.ddns.net\/pachuca\/index.php\/wp-json\/wp\/v2\/comments?post=33222"}],"wp:featuredmedia":[{"embeddable":true,"href":"https:\/\/soydeaqui.ddns.net\/pachuca\/index.php\/wp-json\/wp\/v2\/media\/33221"}],"wp:attachment":[{"href":"https:\/\/soydeaqui.ddns.net\/pachuca\/index.php\/wp-json\/wp\/v2\/media?parent=33222"}],"wp:term":[{"taxonomy":"product_brand","embeddable":true,"href":"https:\/\/soydeaqui.ddns.net\/pachuca\/index.php\/wp-json\/wp\/v2\/product_brand?post=33222"},{"taxonomy":"product_cat","embeddable":true,"href":"https:\/\/soydeaqui.ddns.net\/pachuca\/index.php\/wp-json\/wp\/v2\/product_cat?post=33222"},{"taxonomy":"product_tag","embeddable":true,"href":"https:\/\/soydeaqui.ddns.net\/pachuca\/index.php\/wp-json\/wp\/v2\/product_tag?post=33222"}],"curies":[{"name":"wp","href":"https:\/\/api.w.org\/{rel}","templated":true}]}}