{"id":33191,"date":"2026-03-18T14:53:49","date_gmt":"2026-03-18T14:53:49","guid":{"rendered":"https:\/\/soydeaqui.ddns.net\/pachuca\/index.php\/producto\/pilona-o-bolardo-neumatico-100-acero-pintura-negra-para-exterior-alta-velocidad-275mm-diametro\/"},"modified":"2026-03-18T14:53:50","modified_gmt":"2026-03-18T14:53:50","slug":"pilona-o-bolardo-neumatico-100-acero-pintura-negra-para-exterior-alta-velocidad-275mm-diametro","status":"publish","type":"product","link":"https:\/\/soydeaqui.ddns.net\/pachuca\/index.php\/producto\/pilona-o-bolardo-neumatico-100-acero-pintura-negra-para-exterior-alta-velocidad-275mm-diametro\/","title":{"rendered":"Pilona o Bolardo Neum\u00e1tico \/ 100% Acero, Pintura Negra para Exterior \/ Alta Velocidad \/ 275MM Di\u00e1metro"},"content":{"rendered":"<div style='width: 100%; max-width: 1200px; margin: 0 auto; font-family: sans-serif; line-height: 1.6; color: inherit; background-color: transparent;'>\n<div style='display: flex; flex-wrap: wrap; gap: 30px; margin-bottom: 30px;'>\n<div style='flex: 1 1 300px; min-width: 280px;'>\n<h3 style='font-size: 22px; border-bottom: 2px solid currentColor; padding-bottom: 5px; margin-top: 0; color: inherit; opacity: 0.8;'>Caracter\u00edsticas Generales<\/h3>\n<ul style='padding-left: 20px; font-size: 15px; color: inherit;'>\n<li style='margin-bottom: 5px;'>Dise\u00f1o elegante exclusivo fabricado totalmente en acero para protecci\u00f3n de \u00e1reas cr\u00edticas del acceso vehicular<\/li>\n<li style='margin-bottom: 5px;'>Bolardos neum\u00e1ticos dise\u00f1ados para \u00e1reas de alta seguridad<\/li>\n<li style='margin-bottom: 5px;'>Permite acceso peatonal mientras bloquea acceso vehicular<\/li>\n<li style='margin-bottom: 5px;'>Fabricado totalmente en acero al carbono<\/li>\n<li style='margin-bottom: 5px;'>Control neum\u00e1tico autom\u00e1tico<\/li>\n<li style='margin-bottom: 5px;'>Resiste impactos de veh\u00edculos de hasta 2 toneladas a velocidades menores a 60 km\/h<\/li>\n<li style='margin-bottom: 5px;'>Altura de 750mm<\/li>\n<li style='margin-bottom: 5px;'>LED de alta potencia y cinta reflectiva<\/li>\n<li style='margin-bottom: 5px;'>Compatible con XCONTROLBOX (sistema de control para hasta 4 bolardos)<\/li>\n<li style='margin-bottom: 5px;'>Abierto en caso de falla<\/li>\n<li style='margin-bottom: 5px;'>Tiempo de elevaci\u00f3n: 3-5 segundos<\/li>\n<li style='margin-bottom: 5px;'>Alimentaci\u00f3n de 110VCA<\/li>\n<li style='margin-bottom: 5px;'>Dimensiones: Di\u00e1metro de 275mm y 750mm de alto<\/li>\n<li style='margin-bottom: 5px;'>1 A\u00f1o de garant\u00eda<\/li>\n<li style='margin-bottom: 5px;'>Producto bajo pedido&comma; orden m\u00ednima de 4 unidades<\/li>\n<\/ul><\/div>\n<\/p><\/div>\n<div style='display: flex; flex-wrap: wrap; gap: 30px; margin-bottom: 30px;'>\n<div style='flex: 1 1 300px; min-width: 280px;'>\n<h3 style='font-size: 22px; border-bottom: 2px solid currentColor; padding-bottom: 5px; margin-top: 0; color: inherit; opacity: 0.8;'>Aplicaciones y Casos de \u00c9xito<\/h3>\n<ul style='padding-left: 20px; font-size: 15px; color: inherit;'>\n<li style='margin-bottom: 5px;'><strong>Protecci\u00f3n de \u00c1reas de Embarque:<\/strong> Para prevenir robos donde se accede directamente al almac\u00e9n mediante embarque<\/li>\n<li style='margin-bottom: 5px;'><strong>Protecci\u00f3n Segura para Fraccionamientos:<\/strong> Para restringir el acceso de veh\u00edculos en fraccionamientos donde una barrera vehicular no es suficiente<\/li>\n<li style='margin-bottom: 5px;'>Las barreras vehiculares tienen sus limitaciones para \u00e1reas donde se requiere alta seguridad y realmente no permitir el acceso de veh\u00edculos<\/li>\n<\/ul><\/div>\n<\/p><\/div>\n<div style='display: flex; flex-wrap: wrap; gap: 30px; margin-bottom: 30px;'>\n<div style='flex: 1 1 300px; min-width: 280px;'>\n<h3 style='font-size: 22px; border-bottom: 2px solid currentColor; padding-bottom: 5px; margin-top: 0; color: inherit; opacity: 0.8;'>Especificaciones T\u00e9cnicas<\/h3>\n<ul style='padding-left: 20px; font-size: 15px; color: inherit;'>\n<li style='margin-bottom: 5px;'><strong>Material:<\/strong> 100% acero al carbono<\/li>\n<li style='margin-bottom: 5px;'><strong>Iluminaci\u00f3n:<\/strong> LED de s\u00faper alta potencia<\/li>\n<li style='margin-bottom: 5px;'><strong>Control:<\/strong> Neum\u00e1tico autom\u00e1tico<\/li>\n<li style='margin-bottom: 5px;'><strong>Resistencia:<\/strong> Hasta 2 toneladas a velocidades menores a 60 km\/h<\/li>\n<li style='margin-bottom: 5px;'><strong>Altura:<\/strong> 750mm<\/li>\n<li style='margin-bottom: 5px;'><strong>Di\u00e1metro:<\/strong> 275mm<\/li>\n<li style='margin-bottom: 5px;'><strong>Tiempo de elevaci\u00f3n:<\/strong> 3-5 segundos<\/li>\n<li style='margin-bottom: 5px;'><strong>Alimentaci\u00f3n:<\/strong> 110VCA<\/li>\n<li style='margin-bottom: 5px;'><strong>Color:<\/strong> Negro para exterior<\/li>\n<li style='margin-bottom: 5px;'><strong>Garant\u00eda:<\/strong> 1 a\u00f1o<\/li>\n<\/ul><\/div>\n<\/p><\/div>\n<div style='display: flex; flex-wrap: wrap; gap: 30px; margin-bottom: 30px;'>\n<div style='flex: 1 1 300px; min-width: 280px;'>\n<h3 style='font-size: 22px; border-bottom: 2px solid currentColor; padding-bottom: 5px; margin-top: 0; color: inherit; opacity: 0.8;'>Documentaci\u00f3n y Recursos<\/h3>\n<ul style='padding-left: 20px; font-size: 15px; color: inherit;'>\n<li style='margin-bottom: 5px;'><strong>Manual de usuario:<\/strong> Disponible en el sitio web de ACCESSPRO<\/li>\n<li style='margin-bottom: 5px;'><strong>Control recomendado:<\/strong> <a href='http:\/\/www.syscom.mx\/principal\/verproductoazul\/xcontrolbox-accesspro-19646.html' style='color: inherit; text-decoration: underline;'>XCONTROLBOX<\/a> (sistema de control para hasta 4 bolardos)<\/li>\n<\/ul><\/div>\n<\/p><\/div>\n<div style='display: flex; flex-wrap: wrap; gap: 30px; margin-bottom: 30px;'>\n<div style='flex: 1 1 300px; min-width: 280px;'>\n<h3 style='font-size: 22px; border-bottom: 2px solid currentColor; padding-bottom: 5px; margin-top: 0; color: inherit; opacity: 0.8;'>Im\u00e1genes<\/h3>\n<div style='display: flex; flex-wrap: wrap; gap: 15px;'> <img style='width: 100%; height: auto; border: 1px solid rgba(150&comma;150&comma;150&comma;0.3); border-radius: 8px;' src='http:\/\/i.imgur.com\/QSo6ull.jpg' alt=''> <img style='width: 100%; height: auto; border: 1px solid rgba(150&comma;150&comma;150&comma;0.3); border-radius: 8px;' src='http:\/\/ftp3.syscom.mx\/usuarios\/fotos\/xb275.jpg' alt=''> <img style='width: 100%; height: auto; border: 1px solid rgba(150&comma;150&comma;150&comma;0.3); border-radius: 8px;' src='http:\/\/ftp3.syscom.mx\/usuarios\/fotos\/XB275C\/XB275C_.jpg' alt=''> <\/div>\n<\/p><\/div>\n<\/p><\/div>\n<div style='display: flex; flex-wrap: wrap; gap: 30px; margin-bottom: 30px;'>\n<div style='flex: 1 1 300px; min-width: 280px;'>\n<h3 style='font-size: 22px; border-bottom: 2px solid currentColor; padding-bottom: 5px; margin-top: 0; color: inherit; opacity: 0.8;'>V\u00eddeos<\/h3>\n<div style='display: flex; flex-direction: column; gap: 15px;'>\n<div style='position: relative; padding-bottom: 56.25%; height: 0; overflow: hidden; margin-bottom: 30px;'>   <\/div>\n<div style='position: relative; padding-bottom: 56.25%; height: 0; overflow: hidden; margin-bottom: 30px;'>   <\/div>\n<div style='position: relative; padding-bottom: 56.25%; height: 0; overflow: hidden; margin-bottom: 30px;'>   <\/div>\n<\/p><\/div>\n<\/p><\/div>\n<\/p><\/div>\n<hr style='border: 0; border-top: 1px solid rgba(150&comma; 150&comma; 150&comma; 0.3); margin: 30px 0;'> <\/div>\n","protected":false},"excerpt":{"rendered":"<p>Pilona o Bolardo Neum\u00e1tico \/ 100% Acero, Pintura Negra para Exterior \/ Alta Velocidad \/ 275MM Di\u00e1metro<\/p>\n","protected":false},"featured_media":33190,"comment_status":"open","ping_status":"closed","template":"","meta":[],"product_brand":[],"product_cat":[883],"product_tag":[401,234,884],"class_list":{"0":"post-33191","1":"product","2":"type-product","3":"status-publish","4":"has-post-thumbnail","6":"product_cat-pilonas-o-bolardos","7":"product_tag-acceso-vehicular","8":"product_tag-accesspro","9":"product_tag-pilonas-o-bolardos","11":"first","12":"outofstock","13":"sale","14":"shipping-taxable","15":"purchasable","16":"product-type-simple"},"_links":{"self":[{"href":"https:\/\/soydeaqui.ddns.net\/pachuca\/index.php\/wp-json\/wp\/v2\/product\/33191","targetHints":{"allow":["GET"]}}],"collection":[{"href":"https:\/\/soydeaqui.ddns.net\/pachuca\/index.php\/wp-json\/wp\/v2\/product"}],"about":[{"href":"https:\/\/soydeaqui.ddns.net\/pachuca\/index.php\/wp-json\/wp\/v2\/types\/product"}],"replies":[{"embeddable":true,"href":"https:\/\/soydeaqui.ddns.net\/pachuca\/index.php\/wp-json\/wp\/v2\/comments?post=33191"}],"wp:featuredmedia":[{"embeddable":true,"href":"https:\/\/soydeaqui.ddns.net\/pachuca\/index.php\/wp-json\/wp\/v2\/media\/33190"}],"wp:attachment":[{"href":"https:\/\/soydeaqui.ddns.net\/pachuca\/index.php\/wp-json\/wp\/v2\/media?parent=33191"}],"wp:term":[{"taxonomy":"product_brand","embeddable":true,"href":"https:\/\/soydeaqui.ddns.net\/pachuca\/index.php\/wp-json\/wp\/v2\/product_brand?post=33191"},{"taxonomy":"product_cat","embeddable":true,"href":"https:\/\/soydeaqui.ddns.net\/pachuca\/index.php\/wp-json\/wp\/v2\/product_cat?post=33191"},{"taxonomy":"product_tag","embeddable":true,"href":"https:\/\/soydeaqui.ddns.net\/pachuca\/index.php\/wp-json\/wp\/v2\/product_tag?post=33191"}],"curies":[{"name":"wp","href":"https:\/\/api.w.org\/{rel}","templated":true}]}}