{"id":33181,"date":"2026-03-18T14:53:35","date_gmt":"2026-03-18T14:53:35","guid":{"rendered":"https:\/\/soydeaqui.ddns.net\/pachuca\/index.php\/producto\/torniquete-doble-cuerpo-completo-interior-exterior-100-acero-con-pintura-gris-eje-central-con-pintura-gris-acabado-de-lujo-alto-trafico\/"},"modified":"2026-03-18T14:53:35","modified_gmt":"2026-03-18T14:53:35","slug":"torniquete-doble-cuerpo-completo-interior-exterior-100-acero-con-pintura-gris-eje-central-con-pintura-gris-acabado-de-lujo-alto-trafico","status":"publish","type":"product","link":"https:\/\/soydeaqui.ddns.net\/pachuca\/index.php\/producto\/torniquete-doble-cuerpo-completo-interior-exterior-100-acero-con-pintura-gris-eje-central-con-pintura-gris-acabado-de-lujo-alto-trafico\/","title":{"rendered":"Torniquete Doble \/ Cuerpo Completo \/ Interior\/Exterior \/ 100% Acero con Pintura Gris \/ EJE CENTRAL con Pintura Gris \/ Acabado de Lujo \/ Alto Tr\u00e1fico"},"content":{"rendered":"<div style='width: 100%; max-width: 1200px; margin: 0 auto; font-family: sans-serif; line-height: 1.6; color: inherit; background-color: transparent;'>\n<div style='display: flex; flex-wrap: wrap; gap: 30px; margin-bottom: 30px;'>\n<div style='flex: 1 1 300px; min-width: 280px;'>\n<div style='border-left: 5px solid #0091ff; border-radius: 5px; padding: 5px; box-shadow: 2px 2px 10px rgba(216&comma;216&comma;216&comma;0.5); background-color: rgba(216&comma;216&comma;216&comma;0.1);'> <strong style='font-size: 18px; display: block; padding-bottom: 8px; border-bottom: 2px solid rgba(150&comma;150&comma;150&comma;0.3);'>Caracter\u00edsticas principales:<\/strong> <\/p>\n<ul style='padding-left: 20px; font-size: 15px; color: inherit; list-style-type: disc;'>\n<li style='margin-bottom: 5px;'>4 ejes de seguridad.<\/li>\n<li style='margin-bottom: 5px;'>\u00c1ngulo de rotaci\u00f3n de 90\u00b0<\/li>\n<li style='margin-bottom: 5px;'><strong>Funci\u00f3n de apertura autom\u00e1tica en caso de emergencia.<\/strong><\/li>\n<li style='margin-bottom: 5px;'>Robusto dise\u00f1o exclusivo.<\/li>\n<\/ul><\/div>\n<\/p><\/div>\n<div style='flex: 1 1 300px; min-width: 280px;'>\n<div style='border-left: 5px solid #0091ff; border-radius: 5px; padding: 5px; box-shadow: 2px 2px 10px rgba(216&comma;216&comma;216&comma;0.5); background-color: rgba(216&comma;216&comma;216&comma;0.1);'> <strong style='font-size: 18px; display: block; padding-bottom: 8px; border-bottom: 2px solid rgba(150&comma;150&comma;150&comma;0.3);'>Caracter\u00edsticas F\u00edsicas y El\u00e9ctricas:<\/strong> <\/p>\n<ul style='padding-left: 20px; font-size: 15px; color: inherit; list-style-type: disc;'>\n<li style='margin-bottom: 5px;'>Alimentaci\u00f3n de 110Vca&comma; consumo 12.5A<\/li>\n<li style='margin-bottom: 5px;'>Dimensiones: 2.31 x 1.46 x 2.2 m.<\/li>\n<li style='margin-bottom: 5px;'>Peso: 800Kg.<\/li>\n<li style='margin-bottom: 5px;'><strong>Fabricado totalmente en Acero al carbon con pintura color gris.<\/strong><\/li>\n<li style='margin-bottom: 5px;'><strong>Interior\/Exterior (incluye techo)<\/strong><\/li>\n<li style='margin-bottom: 5px;'>Temperatura de operaci\u00f3n: -20\u00b0 a 50\u00b0C<\/li>\n<\/ul><\/div>\n<\/p><\/div>\n<div style='flex: 1 1 300px; min-width: 280px;'>\n<div style='border-left: 5px solid #0091ff; border-radius: 5px; padding: 5px; box-shadow: 2px 2px 10px rgba(216&comma;216&comma;216&comma;0.5); background-color: rgba(216&comma;216&comma;216&comma;0.1);'> <strong style='font-size: 18px; display: block; padding-bottom: 8px; border-bottom: 2px solid rgba(150&comma;150&comma;150&comma;0.3);'>Caracter\u00edsticas Destacadas:<\/strong> <\/p>\n<ul style='padding-left: 20px; font-size: 15px; color: inherit; list-style-type: disc;'>\n<li style='margin-bottom: 5px;'><strong>Velocidad de paso de 30 personas por minuto.<\/strong><\/li>\n<li style='margin-bottom: 5px;'>Bidireccional (configurable).<\/li>\n<li style='margin-bottom: 5px;'><strong>Velocidad en caso de emergencia de 50 personas por minuto.<\/strong><\/li>\n<li style='margin-bottom: 5px;'>Control por contacto seco o pulso mayor a 100ms.<\/li>\n<\/ul><\/div>\n<\/p><\/div>\n<\/p><\/div>\n<hr style='border: 0; border-top: 1px solid rgba(150&comma;150&comma;150&comma;0.3); margin: 30px 0;'>\n<div style='display: flex; flex-wrap: wrap; gap: 30px; margin-bottom: 30px;'>\n<div style='flex: 1 1 400px;'>\n<h3 style='font-size: 18px; color: inherit; margin-top: 0;'>La soluci\u00f3n XT-200-C de AccessPRO\u00ae es la \u00fanica fabricada totalmente en <strong>Acero al carbon y un recubrimiento en color gris<\/strong>&comma; con un acabado elegante y dise\u00f1ados para aplicaciones interiores\/exteriores de doble acceso peatonal.<\/h3>\n<h2 style='font-size: 20px; color: inherit; margin-top: 20px; margin-bottom: 10px;'>Notas:<\/h2>\n<ul style='padding-left: 20px; font-size: 15px; color: inherit; list-style-type: disc;'>\n<li style='margin-bottom: 5px;'>En caso de p\u00e9rdida de energ\u00eda el equipo regresa a su configuraci\u00f3n de f\u00e1brica.<\/li>\n<li style='margin-bottom: 5px;'>Equipo con contra defectos de f\u00e1brica.<\/li>\n<li style='margin-bottom: 5px;'><span style='color: #e74c3c;'><strong>Producto NO esta dentro de las pol\u00edticas de flete gratis&comma; se debe de cotizar por separado.<\/strong><\/span><\/li>\n<li style='margin-bottom: 5px;'>Equipo de gran volumen y peso&comma; requiere montacargas para carga\/descarga y\/o maniobra de desplazamiento.<\/li>\n<li style='margin-bottom: 5px;'>No aplica entrega de mercanc\u00eda zona extendida.<\/li>\n<\/ul><\/div>\n<div style='flex: 1 1 400px;'> <img style='width: 100%; height: auto; border: 1px solid rgba(150&comma;150&comma;150&comma;0.3); border-radius: 8px;' src='https:\/\/ftp3.syscom.mx\/usuarios\/anavarrete\/Accesspro\/XT200C.jpg' alt='Torniquete XT200C'> <\/div>\n<\/p><\/div>\n<hr style='border: 0; border-top: 1px solid rgba(150&comma;150&comma;150&comma;0.3); margin: 30px 0;'>\n<div style='display: flex; flex-wrap: wrap; gap: 30px; margin-bottom: 30px;'>\n<div style='flex: 1 1 400px;'> <img style='width: 100%; height: auto; border: 1px solid rgba(150&comma;150&comma;150&comma;0.3); border-radius: 8px;' src='https:\/\/ftp3.syscom.mx\/usuarios\/fotos\/BancoFotografiasSyscom\/ACCESSPROINDUSTRIAL\/XT200C\/XT200C-p.PNG' alt='Torniquete XT200C detalle'> <\/div>\n<div style='flex: 1 1 400px;'>\n<h2 style='font-size: 20px; color: inherit; margin-top: 0; margin-bottom: 10px;'>Caracter\u00edsticas:<\/h2>\n<ul style='padding-left: 20px; font-size: 15px; color: inherit; list-style-type: disc;'>\n<li style='margin-bottom: 5px;'>Dise\u00f1o de alta duraci\u00f3n y velocidad.<\/li>\n<li style='margin-bottom: 5px;'>Incluye base para facilidad de instalaci\u00f3n.<\/li>\n<li style='margin-bottom: 5px;'>Apertura de emergencia.<\/li>\n<li style='margin-bottom: 5px;'>Cierre de emergencia.<\/li>\n<li style='margin-bottom: 5px;'>Acero al carbon de 2 mm de grosor.<\/li>\n<li style='margin-bottom: 5px;'>Recubrimiento en color gris.<\/li>\n<li style='margin-bottom: 5px;'>\u00c1ngulo de apertura de 90\u00b0.<\/li>\n<li style='margin-bottom: 5px;'>Temporizador de paso de 10 segundos.<\/li>\n<li style='margin-bottom: 5px;'>Led indicador de estado.<\/li>\n<\/ul>\n<h2 style='font-size: 20px; color: inherit; margin-top: 20px; margin-bottom: 10px;'>Modos de operaci\u00f3n configurables:<\/h2>\n<ul style='padding-left: 20px; font-size: 15px; color: inherit; list-style-type: disc;'>\n<li style='margin-bottom: 5px;'>Ingreso libre&comma; salida mediante verificaci\u00f3n.<\/li>\n<li style='margin-bottom: 5px;'>Ingreso mediante verificaci\u00f3n&comma; salida libre.<\/li>\n<li style='margin-bottom: 5px;'>Ingreso prohibido&comma; salida mediante verificaci\u00f3n.<\/li>\n<li style='margin-bottom: 5px;'>Ingreso mediante verificaci\u00f3n&comma; salida prohibida.<\/li>\n<\/ul><\/div>\n<\/p><\/div>\n<hr style='border: 0; border-top: 1px solid rgba(150&comma;150&comma;150&comma;0.3); margin: 30px 0;'>\n<h3 style='text-align: center; font-size: 16px; color: inherit; margin: 30px 0;'><strong>Para mantener en buen estado la apariencia del torniquete&comma; es necesario su limpieza y\/o mantenimiento semanal<\/strong>.<\/h3>\n<hr style='border: 0; border-top: 1px solid rgba(150&comma;150&comma;150&comma;0.3); margin: 30px 0;'>\n<div style='display: flex; flex-wrap: wrap; gap: 15px; margin-bottom: 30px;'>\n<div style='flex: 1 1 45%; min-width: 300px; position: relative; padding-bottom: 56.25%; height: 0; overflow: hidden;'>   <\/div>\n<div style='flex: 1 1 45%; min-width: 300px; position: relative; padding-bottom: 56.25%; height: 0; overflow: hidden;'>   <\/div>\n<\/p><\/div>\n<\/p><\/div>\n","protected":false},"excerpt":{"rendered":"<p>Torniquete Doble \/ Cuerpo Completo \/ Interior\/Exterior \/ 100% Acero con Pintura Gris \/ EJE CENTRAL con Pintura Gris \/ Acabado de Lujo \/ Alto Tr\u00e1fico<\/p>\n","protected":false},"featured_media":33180,"comment_status":"open","ping_status":"closed","template":"","meta":[],"product_brand":[],"product_cat":[766],"product_tag":[234,767,759],"class_list":{"0":"post-33181","1":"product","2":"type-product","3":"status-publish","4":"has-post-thumbnail","6":"product_cat-torniquetes-de-cuerpo-completo","7":"product_tag-accesspro","8":"product_tag-torniquetes-de-cuerpo-completo","9":"product_tag-torniquetes-y-puertas-de-cortesia","11":"first","12":"instock","13":"sale","14":"shipping-taxable","15":"purchasable","16":"product-type-simple"},"_links":{"self":[{"href":"https:\/\/soydeaqui.ddns.net\/pachuca\/index.php\/wp-json\/wp\/v2\/product\/33181","targetHints":{"allow":["GET"]}}],"collection":[{"href":"https:\/\/soydeaqui.ddns.net\/pachuca\/index.php\/wp-json\/wp\/v2\/product"}],"about":[{"href":"https:\/\/soydeaqui.ddns.net\/pachuca\/index.php\/wp-json\/wp\/v2\/types\/product"}],"replies":[{"embeddable":true,"href":"https:\/\/soydeaqui.ddns.net\/pachuca\/index.php\/wp-json\/wp\/v2\/comments?post=33181"}],"wp:featuredmedia":[{"embeddable":true,"href":"https:\/\/soydeaqui.ddns.net\/pachuca\/index.php\/wp-json\/wp\/v2\/media\/33180"}],"wp:attachment":[{"href":"https:\/\/soydeaqui.ddns.net\/pachuca\/index.php\/wp-json\/wp\/v2\/media?parent=33181"}],"wp:term":[{"taxonomy":"product_brand","embeddable":true,"href":"https:\/\/soydeaqui.ddns.net\/pachuca\/index.php\/wp-json\/wp\/v2\/product_brand?post=33181"},{"taxonomy":"product_cat","embeddable":true,"href":"https:\/\/soydeaqui.ddns.net\/pachuca\/index.php\/wp-json\/wp\/v2\/product_cat?post=33181"},{"taxonomy":"product_tag","embeddable":true,"href":"https:\/\/soydeaqui.ddns.net\/pachuca\/index.php\/wp-json\/wp\/v2\/product_tag?post=33181"}],"curies":[{"name":"wp","href":"https:\/\/api.w.org\/{rel}","templated":true}]}}