{"id":33102,"date":"2026-03-18T14:51:32","date_gmt":"2026-03-18T14:51:32","guid":{"rendered":"https:\/\/soydeaqui.ddns.net\/pachuca\/index.php\/producto\/fuente-de-poder-profesional-de-12-vcc-4-a-soporta-4-camaras-capacidad-de-bateria-de-respaldo-no-incluida-voltaje-de-entrada-96-264-vca\/"},"modified":"2026-03-18T14:51:37","modified_gmt":"2026-03-18T14:51:37","slug":"fuente-de-poder-profesional-de-12-vcc-4-a-soporta-4-camaras-capacidad-de-bateria-de-respaldo-no-incluida-voltaje-de-entrada-96-264-vca","status":"publish","type":"product","link":"https:\/\/soydeaqui.ddns.net\/pachuca\/index.php\/producto\/fuente-de-poder-profesional-de-12-vcc-4-a-soporta-4-camaras-capacidad-de-bateria-de-respaldo-no-incluida-voltaje-de-entrada-96-264-vca\/","title":{"rendered":"Fuente de Poder Profesional de 12 Vcc @ 4 A \/ Soporta 4 C\u00e1maras \/ Capacidad de Bater\u00eda de Respaldo (No Inclu\u00edda) \/ Voltaje de Entrada 96-264 Vca"},"content":{"rendered":"<div style='width: 100%; max-width: 1200px; margin: 0 auto; font-family: sans-serif; line-height: 1.6; color: inherit; background-color: transparent;'>\n<div style='display: flex; flex-wrap: wrap; gap: 30px; margin-bottom: 30px;'>\n<div style='flex: 1 1 300px; min-width: 280px;'>\n<h3 style='font-size: 22px; border-bottom: 2px solid currentColor; padding-bottom: 5px; margin-top: 0; color: inherit; opacity: 0.8;'>Especificaciones<\/h3>\n<ul style='padding-left: 20px; font-size: 15px; color: inherit;'>\n<li style='margin-bottom: 5px;'><strong>Voltaje de salida:<\/strong> 12 Vcc<\/li>\n<li style='margin-bottom: 5px;'><strong>Salida de corriente total:<\/strong> 5 A<\/li>\n<li style='margin-bottom: 5px;'><strong>Salida de corriente m\u00e1xima por canal:<\/strong> 2 A<\/li>\n<li style='margin-bottom: 5px;'><strong>Capacidad de bater\u00edas de respaldo:<\/strong> 12 Vcd<\/li>\n<li style='margin-bottom: 5px;'><strong>Voltaje de entrada:<\/strong> 96-264 Vca<\/li>\n<li style='margin-bottom: 5px;'><strong>Temperatura de operaci\u00f3n:<\/strong> -20 \u00b0C a 45 \u00b0C<\/li>\n<li style='margin-bottom: 5px;'><strong>Dimensiones:<\/strong> 202 x 216 x 73 mm (L*W*H)<\/li>\n<li style='margin-bottom: 5px;'><strong>Garant\u00eda:<\/strong> 1 a\u00f1o<\/li>\n<li style='margin-bottom: 5px;'><strong>No incluye:<\/strong> Bater\u00eda<\/li>\n<\/ul><\/div>\n<div style='flex: 1 1 300px; min-width: 280px;'>\n<h3 style='font-size: 22px; border-bottom: 2px solid currentColor; padding-bottom: 5px; margin-top: 0; color: inherit; opacity: 0.8;'>Caracter\u00edsticas t\u00e9cnicas<\/h3>\n<p style='font-size: 14px; color: inherit; margin-top: 0;'> Eficiencia en energ\u00eda&comma; con protecci\u00f3n contra sobretensi\u00f3n&comma; cortocircuitos&comma; circuitos de protecci\u00f3n contra anti-interferencia. La luz verde enciende cuando la fuente cuenta con su entrada de alimentaci\u00f3n de 100-240 Vca&comma; suministrando as\u00ed tanto a la carga de la bater\u00eda como la requerida. Cuando falla la energ\u00eda&comma; la bater\u00eda proporciona el voltaje&comma; el led en rojo enciende&comma; y al mismo tiempo entra en la etapa de monitoreo del voltaje de la bater\u00eda. Cuando detecta que el voltaje de la bater\u00eda cae a 10.5 Volts&comma; el circuito cortar\u00e1 la carga&comma; la fuente de alimentaci\u00f3n ya no cargar\u00e1&comma; para evitar que la bater\u00eda se descargue&comma; protegiendo as\u00ed la vida \u00fatil de la bater\u00eda. El sistema se reiniciar\u00e1 autom\u00e1ticamente cuando vuelva la alimentaci\u00f3n de la red a su estado normal. <\/p>\n<\/p><\/div>\n<\/p><\/div>\n<div style='display: flex; flex-wrap: wrap; gap: 20px; margin-bottom: 30px;'>\n<div style='flex: 1 1 250px; border: 1px solid rgba(150&comma; 150&comma; 150&comma; 0.4); border-radius: 8px; overflow: hidden; display: flex; flex-direction: column;'>\n<div style='padding: 15px; border-bottom: 1px solid rgba(150&comma; 150&comma; 150&comma; 0.2); font-weight: bold; font-size: 18px; color: inherit;'>Modelos Relacionados<\/div>\n<div style='padding: 15px; color: inherit;'>\n<ul style='padding-left: 20px; margin: 0; font-size: 14px; list-style-type: disc;'>\n<li style='margin-bottom: 5px;'><strong>En CCTV (4.5 &#8211; 9.5 Ah):<\/strong><\/li>\n<li style='margin-bottom: 5px;'><span style='color: #3598db;'>PS12DC4PBK<\/span><\/li>\n<li style='margin-bottom: 5px;'><span style='color: #3598db;'>PLK12DC8ABK<\/span><\/li>\n<li style='margin-bottom: 5px;'><span style='color: #3598db;'>PLK12DC4ABK<\/span><\/li>\n<li style='margin-bottom: 5px;'><span style='color: #3598db;'>PLK12DC20ABK<\/span><\/li>\n<li style='margin-bottom: 5px;'><span style='color: #3598db;'>PLK12DC16ABK<\/span><\/li>\n<li style='margin-bottom: 5px;'><span style='color: #3598db;'>P13DC3BK<\/span><\/li>\n<li style='margin-bottom: 5px;'><span style='color: #3598db;'>P13DC5BK<\/span><\/li>\n<li style='margin-bottom: 5px;'><strong>En Control de Acceso (4.5 &#8211; 9.5 Ah):<\/strong><\/li>\n<li style='margin-bottom: 5px;'><span style='color: #3598db;'>PL12DC3ABK<\/span><\/li>\n<li style='margin-bottom: 5px;'><span style='color: #3598db;'>PL12DC5ABK<\/span><\/li>\n<li style='margin-bottom: 5px;'><strong>En CCTV \/ CA (4.5 &#8211; 18 Ah):<\/strong><\/li>\n<li style='margin-bottom: 5px;'><span style='color: #3598db;'>XP15DC6BK<\/span><\/li>\n<li style='margin-bottom: 5px;'><span style='color: #3598db;'>XP15DC10BK<\/span><\/li>\n<li style='margin-bottom: 5px;'><span style='color: #3598db;'>XP15DC30BK<\/span><\/li>\n<li style='margin-bottom: 5px;'><strong>Requerimiento de gabinete para bater\u00eda:<\/strong><\/li>\n<li style='margin-bottom: 5px;'><span style='color: #3598db;'>P24350BK<\/span><\/li>\n<li style='margin-bottom: 5px;'><span style='color: #3598db;'>PSR30A<\/span><\/li>\n<\/ul><\/div>\n<\/p><\/div>\n<\/p><\/div>\n<div style='display: flex; flex-wrap: wrap; gap: 20px; margin-bottom: 30px;'>\n<div style='flex: 1 1 300px; min-width: 280px;'> <img style='width: 100%; height: auto; border: 1px solid rgba(150&comma;150&comma;150&comma;0.3); border-radius: 8px;' src='https:\/\/ftp3.syscom.mx\/usuarios\/fotos\/BancoFotografiasSyscom\/EPCOMPOWERLINE\/PLK12DC4ABK\/PLK12DC4ABK-p.PNG' alt=''> <\/div>\n<div style='flex: 1 1 300px; min-width: 280px;'> <img style='width: 100%; height: auto; border: 1px solid rgba(150&comma;150&comma;150&comma;0.3); border-radius: 8px;' src='https:\/\/ftp3.syscom.mx\/usuarios\/fotos\/BancoFotografiasSyscom\/EPCOMPOWERLINE\/PLK12DC4ABK\/PLK12DC4ABK-AD-3-p.PNG' alt=''> <\/div>\n<div style='flex: 1 1 300px; min-width: 280px;'> <img style='width: 100%; height: auto; border: 1px solid rgba(150&comma;150&comma;150&comma;0.3); border-radius: 8px;' src='https:\/\/ftp3.syscom.mx\/usuarios\/fotos\/BancoFotografiasSyscom\/EPCOMPOWERLINE\/PLK12DC4ABK\/PLK12DC4ABK-AD-4-p.PNG' alt=''> <\/div>\n<\/p><\/div>\n<div style='margin-bottom: 30px;'>\n<div style='position: relative; padding-bottom: 56.25%; height: 0; overflow: hidden;'>   <\/div>\n<\/p><\/div>\n<hr style='border: 0; border-top: 1px solid rgba(150&comma; 150&comma; 150&comma; 0.3); margin: 30px 0;'> <\/div>\n","protected":false},"excerpt":{"rendered":"<p>Fuente de Poder Profesional de 12 Vcc @ 4 A \/ Soporta 4 C\u00e1maras \/ Capacidad de Bater\u00eda de Respaldo (No Inclu\u00edda) \/ Voltaje de Entrada 96-264 Vca<\/p>\n","protected":false},"featured_media":33101,"comment_status":"open","ping_status":"closed","template":"","meta":[],"product_brand":[],"product_cat":[558],"product_tag":[454,457,559],"class_list":{"0":"post-33102","1":"product","2":"type-product","3":"status-publish","4":"has-post-thumbnail","6":"product_cat-fuentes-de-respaldo","7":"product_tag-epcom-powerline","8":"product_tag-fuentes-de-alimentacion","9":"product_tag-fuentes-de-respaldo","11":"first","12":"instock","13":"sale","14":"shipping-taxable","15":"purchasable","16":"product-type-simple"},"_links":{"self":[{"href":"https:\/\/soydeaqui.ddns.net\/pachuca\/index.php\/wp-json\/wp\/v2\/product\/33102","targetHints":{"allow":["GET"]}}],"collection":[{"href":"https:\/\/soydeaqui.ddns.net\/pachuca\/index.php\/wp-json\/wp\/v2\/product"}],"about":[{"href":"https:\/\/soydeaqui.ddns.net\/pachuca\/index.php\/wp-json\/wp\/v2\/types\/product"}],"replies":[{"embeddable":true,"href":"https:\/\/soydeaqui.ddns.net\/pachuca\/index.php\/wp-json\/wp\/v2\/comments?post=33102"}],"wp:featuredmedia":[{"embeddable":true,"href":"https:\/\/soydeaqui.ddns.net\/pachuca\/index.php\/wp-json\/wp\/v2\/media\/33101"}],"wp:attachment":[{"href":"https:\/\/soydeaqui.ddns.net\/pachuca\/index.php\/wp-json\/wp\/v2\/media?parent=33102"}],"wp:term":[{"taxonomy":"product_brand","embeddable":true,"href":"https:\/\/soydeaqui.ddns.net\/pachuca\/index.php\/wp-json\/wp\/v2\/product_brand?post=33102"},{"taxonomy":"product_cat","embeddable":true,"href":"https:\/\/soydeaqui.ddns.net\/pachuca\/index.php\/wp-json\/wp\/v2\/product_cat?post=33102"},{"taxonomy":"product_tag","embeddable":true,"href":"https:\/\/soydeaqui.ddns.net\/pachuca\/index.php\/wp-json\/wp\/v2\/product_tag?post=33102"}],"curies":[{"name":"wp","href":"https:\/\/api.w.org\/{rel}","templated":true}]}}