{"id":331,"date":"2026-03-18T05:38:38","date_gmt":"2026-03-18T05:38:38","guid":{"rendered":"https:\/\/soydeaqui.ddns.net\/pachuca\/index.php\/producto\/bobina-de-305-metros-1000-pies-de-cable-4-x-22-awg-blindado-plenum-color-blanco-para-aplicaciones-de-audio-seguridad-y-control\/"},"modified":"2026-03-18T05:38:38","modified_gmt":"2026-03-18T05:38:38","slug":"bobina-de-305-metros-1000-pies-de-cable-4-x-22-awg-blindado-plenum-color-blanco-para-aplicaciones-de-audio-seguridad-y-control","status":"publish","type":"product","link":"https:\/\/soydeaqui.ddns.net\/pachuca\/index.php\/producto\/bobina-de-305-metros-1000-pies-de-cable-4-x-22-awg-blindado-plenum-color-blanco-para-aplicaciones-de-audio-seguridad-y-control\/","title":{"rendered":"Bobina de 305 Metros (1000 Pies) de Cable 4 x 22 AWG BLINDADO \/ PLENUM \/ Color Blanco \/ Para Aplicaciones de Audio, Seguridad y Control"},"content":{"rendered":"<div style='width: 100%; max-width: 1200px; margin: 0 auto; font-family: sans-serif; line-height: 1.6; color: inherit; background-color: transparent;'>\n<div style='display: flex; flex-direction: column; gap: 20px;'>\n<div style='display: flex; justify-content: flex-start; align-items: center; flex-wrap: wrap; gap: 15px;'> <img style='width: 59px; height: 42px; border: 1px solid rgba(150&comma;150&comma;150&comma;0.3); border-radius: 8px;' src='http:\/\/ftp3.syscom.mx\/usuarios\/maguilar\/Icons\/RoHS%20Icon.png' alt=''> <\/p>\n<h3 style='font-size: 20px; margin: 0; color: inherit; opacity: 0.8;'>Cables Premium de Seguridad&comma; Audio y Control<\/h3>\n<\/p><\/div>\n<div style='display: flex; flex-wrap: wrap; gap: 30px;'>\n<div style='flex: 1 1 300px; min-width: 280px;'>\n<h3 style='font-size: 18px; border-bottom: 2px solid currentColor; padding-bottom: 5px; margin-top: 0; margin-bottom: 15px; color: inherit; opacity: 0.8;'>Caracter\u00edsticas<\/h3>\n<ul style='padding-left: 20px; font-size: 15px; color: inherit; margin: 0;'>\n<li style='margin-bottom: 5px;'>Cable para aplicaciones de Seguridad&comma; Audio y Control<\/li>\n<\/ul><\/div>\n<div style='flex: 1 1 300px; min-width: 280px;'>\n<h3 style='font-size: 18px; border-bottom: 2px solid currentColor; padding-bottom: 5px; margin-top: 0; margin-bottom: 15px; color: inherit; opacity: 0.8;'>Caracter\u00edsticas F\u00edsicas y El\u00e9ctricas<\/h3>\n<ul style='padding-left: 20px; font-size: 15px; color: inherit; margin: 0;'>\n<li style='margin-bottom: 5px;'><strong>Tipo:<\/strong> 4 Conductores; BLINDADO; PLENUM; RIP CORD<\/li>\n<li style='margin-bottom: 5px;'><strong>Conductor:<\/strong> 22 AWG<\/li>\n<li style='margin-bottom: 5px;'><strong>Aplicaci\u00f3n uso:<\/strong> INTERIOR<\/li>\n<li style='margin-bottom: 5px;'><strong>Blindaje:<\/strong> L\u00e1mina de aluminio\/Mylar con drenaje de cobre esta\u00f1ado de 24 AWG<\/li>\n<li style='margin-bottom: 5px;'><strong>Di\u00e1metro Exterior:<\/strong> 3.47 mm<\/li>\n<li style='margin-bottom: 5px;'><strong>Color interior:<\/strong> Negro&comma; Rojo&comma; Blanco&comma; Verde<\/li>\n<li style='margin-bottom: 5px;'><strong>Color exterior:<\/strong> Blanco<\/li>\n<li style='margin-bottom: 5px;'><strong>Temperatura de operaci\u00f3n:<\/strong> -20\u00b0C a 75\u00b0C<\/li>\n<\/ul><\/div>\n<div style='flex: 1 1 300px; min-width: 280px;'>\n<h3 style='font-size: 18px; border-bottom: 2px solid currentColor; padding-bottom: 5px; margin-top: 0; margin-bottom: 15px; color: inherit; opacity: 0.8;'>Est\u00e1ndares<\/h3>\n<ul style='padding-left: 20px; font-size: 15px; color: inherit; margin: 0;'>\n<li style='margin-bottom: 5px;'>Clasificaci\u00f3n CMP&comma; CL3P&comma; FPLP&comma; FT6<\/li>\n<li style='margin-bottom: 5px;'>Listado ETL<\/li>\n<li style='margin-bottom: 5px;'>NFPA 262 (Plenum); CSA C22.2 No. 2556 (FT6)<\/li>\n<li style='margin-bottom: 5px;'>RoHS<\/li>\n<\/ul><\/div>\n<\/p><\/div>\n<div style='margin-top: 20px; padding: 15px; background-color: rgba(245&comma; 34&comma; 7&comma; 0.05); border-left: 4px solid #F52207; color: inherit;'>\n<p style='margin: 0; font-size: 14px;'><strong>* Precio por bobina de 305 metros.<\/strong><\/p>\n<\/p><\/div>\n<\/p><\/div>\n<\/p><\/div>\n","protected":false},"excerpt":{"rendered":"<p>Bobina de 305 Metros (1000 Pies) de Cable 4 x 22 AWG BLINDADO \/ PLENUM \/ Color Blanco \/ Para Aplicaciones de Audio, Seguridad y Control<\/p>\n","protected":false},"featured_media":330,"comment_status":"open","ping_status":"closed","template":"","meta":[],"product_brand":[],"product_cat":[137],"product_tag":[138,139,62],"class_list":{"0":"post-331","1":"product","2":"type-product","3":"status-publish","4":"has-post-thumbnail","6":"product_cat-todos-cables","7":"product_tag-cables","8":"product_tag-genesis","9":"product_tag-todos","11":"first","12":"outofstock","13":"sale","14":"shipping-taxable","15":"purchasable","16":"product-type-simple"},"_links":{"self":[{"href":"https:\/\/soydeaqui.ddns.net\/pachuca\/index.php\/wp-json\/wp\/v2\/product\/331","targetHints":{"allow":["GET"]}}],"collection":[{"href":"https:\/\/soydeaqui.ddns.net\/pachuca\/index.php\/wp-json\/wp\/v2\/product"}],"about":[{"href":"https:\/\/soydeaqui.ddns.net\/pachuca\/index.php\/wp-json\/wp\/v2\/types\/product"}],"replies":[{"embeddable":true,"href":"https:\/\/soydeaqui.ddns.net\/pachuca\/index.php\/wp-json\/wp\/v2\/comments?post=331"}],"wp:featuredmedia":[{"embeddable":true,"href":"https:\/\/soydeaqui.ddns.net\/pachuca\/index.php\/wp-json\/wp\/v2\/media\/330"}],"wp:attachment":[{"href":"https:\/\/soydeaqui.ddns.net\/pachuca\/index.php\/wp-json\/wp\/v2\/media?parent=331"}],"wp:term":[{"taxonomy":"product_brand","embeddable":true,"href":"https:\/\/soydeaqui.ddns.net\/pachuca\/index.php\/wp-json\/wp\/v2\/product_brand?post=331"},{"taxonomy":"product_cat","embeddable":true,"href":"https:\/\/soydeaqui.ddns.net\/pachuca\/index.php\/wp-json\/wp\/v2\/product_cat?post=331"},{"taxonomy":"product_tag","embeddable":true,"href":"https:\/\/soydeaqui.ddns.net\/pachuca\/index.php\/wp-json\/wp\/v2\/product_tag?post=331"}],"curies":[{"name":"wp","href":"https:\/\/api.w.org\/{rel}","templated":true}]}}