{"id":33097,"date":"2026-03-18T14:51:26","date_gmt":"2026-03-18T14:51:26","guid":{"rendered":"https:\/\/soydeaqui.ddns.net\/pachuca\/index.php\/producto\/bobina-de-305-metros-1000-pies-cable-de-cca-6-x-22-awg-tipo-aluminio-revestido-de-cobre-aplicaciones-en-control-de-acceso-alarmas-de-intrusin-control-de-acceso-automatizacin-interfon\/"},"modified":"2026-03-18T14:51:31","modified_gmt":"2026-03-18T14:51:31","slug":"bobina-de-305-metros-1000-pies-cable-de-cca-6-x-22-awg-tipo-aluminio-revestido-de-cobre-aplicaciones-en-control-de-acceso-alarmas-de-intrusin-control-de-acceso-automatizacin-interfon","status":"publish","type":"product","link":"https:\/\/soydeaqui.ddns.net\/pachuca\/index.php\/producto\/bobina-de-305-metros-1000-pies-cable-de-cca-6-x-22-awg-tipo-aluminio-revestido-de-cobre-aplicaciones-en-control-de-acceso-alarmas-de-intrusin-control-de-acceso-automatizacin-interfon\/","title":{"rendered":"Bobina de 305 Metros (1000 Pies) \/ Cable de CCA \/ 6 x 22 AWG \/ Tipo Aluminio Revestido de Cobre \/ Aplicaciones en Control de Acceso \/ Alarmas de Intrusi?n\/Control de Acceso \/ Automatizaci?n \/ Interfonos y TV Porteros"},"content":{"rendered":"<div style='width: 100%; max-width: 1200px; margin: 0 auto; font-family: sans-serif; line-height: 1.6; color: inherit; background-color: transparent;'> <!-- Descripci\u00f3n principal --> <\/p>\n<div style='margin-bottom: 30px;'>\n<p style='margin-bottom: 15px;'>CABLE DE 6 CONDUCTORES CALIBRE 22 CON FORRO BLANCO PARA APLICACIONES EN ALARMAS&comma; CONTROL DE ACCESO&comma; INTERFONOS Y TV PORTEROS.<\/p>\n<p style='margin-bottom: 15px;'>Conductores de cobre suave s\u00f3lido aislamiento de PVC&comma; identificado por c\u00f3digo de colores&comma; y forro total de PVC.<\/p>\n<p style='margin-bottom: 15px;'>Uso en aplicaciones de alarmas&comma; cableado de sensores&comma; cableado de sirenas&comma; cableado de interfonos y tv porteros&comma; botones y contactos magn\u00e9ticos en control de acceso.<\/p>\n<\/p><\/div>\n<p> <!-- Imagen principal --> <\/p>\n<div style='margin-bottom: 30px;'> <img style='width: 100%; height: auto; border: 1px solid rgba(150&comma;150&comma;150&comma;0.3); border-radius: 8px; display: block; margin: 0 auto; max-width: 250px;' src='https:\/\/ftp3.syscom.mx\/usuarios\/albamaria\/albamaria\/cctv\/epcomtitanium\/sfire.png' alt=''> <\/div>\n<p> <!-- Secci\u00f3n de caracter\u00edsticas --> <\/p>\n<div style='display: flex; flex-wrap: wrap; gap: 20px; margin-bottom: 30px;'>\n<div style='flex: 1 1 300px; min-width: 280px;'>\n<div style='border-left: 5px solid #F53F23; border-radius: 5px; padding: 5px; box-shadow: 2px 2px 10px rgba(216&comma;216&comma;216&comma;0.5);'>\n<h3 style='font-size: 18px; margin-top: 0; margin-bottom: 15px; color: inherit; opacity: 0.8;'>Caracter\u00edsticas:<\/h3>\n<ul style='padding-left: 20px; font-size: 14px; color: inherit; list-style-type: disc;'>\n<li style='margin-bottom: 5px;'>Cableados de interfonos y Tv porteros.<\/li>\n<li style='margin-bottom: 5px;'>Control de acceso: Botones y contactos magn\u00e9ticos.<\/li>\n<li style='margin-bottom: 5px;'>Alarmas de intrusi\u00f3n: sensores&comma; tecnolog\u00edas convencionales&comma; sirenas&comma; estrobos&comma; interfonos y tv porteros.<\/li>\n<\/ul><\/div>\n<\/p><\/div>\n<div style='flex: 1 1 300px; min-width: 280px;'>\n<div style='border-left: 5px solid #F53F23; border-radius: 5px; padding: 5px; box-shadow: 2px 2px 10px rgba(216&comma;216&comma;216&comma;0.5);'>\n<h3 style='font-size: 18px; margin-top: 0; margin-bottom: 15px; color: inherit; opacity: 0.8;'>Caracter\u00edsticas f\u00edsicas y el\u00e9ctricas:<\/h3>\n<ul style='padding-left: 20px; font-size: 14px; color: inherit; list-style-type: disc;'>\n<li style='margin-bottom: 5px;'><strong>Tipo:<\/strong> Cable (3 pares)<\/li>\n<li style='margin-bottom: 5px;'><strong>Conductor:<\/strong> CCA<\/li>\n<li style='margin-bottom: 5px;'><strong>Material:<\/strong> PVC no corrosivo&comma; retardante a la flama<\/li>\n<li style='margin-bottom: 5px;'><strong>Calibre:<\/strong> 22<\/li>\n<li style='margin-bottom: 5px;'><strong>Color externo:<\/strong> Blanco<\/li>\n<li style='margin-bottom: 5px;'><strong>Color interno:<\/strong> Negro&comma; Rojo&comma; Verde&comma; Amarillo&comma; Blanco&comma; Az\u00fal<\/li>\n<li style='margin-bottom: 5px;'><strong>Di\u00e1metro exterior (mm):<\/strong> 4.5<\/li>\n<li style='margin-bottom: 5px;'><strong>CCA:<\/strong> Copper Clad Aluminium (Aluminio revestido de Cobre)<\/li>\n<\/ul><\/div>\n<\/p><\/div>\n<div style='flex: 1 1 300px; min-width: 280px;'>\n<div style='border-left: 5px solid #F53F23; border-radius: 5px; padding: 5px; box-shadow: 2px 2px 10px rgba(216&comma;216&comma;216&comma;0.5);'>\n<h3 style='font-size: 18px; margin-top: 0; margin-bottom: 15px; color: inherit; opacity: 0.8;'>Est\u00e1ndares y certificaciones:<\/h3>\n<ul style='padding-left: 20px; font-size: 14px; color: inherit; list-style-type: disc;'>\n<li style='margin-bottom: 5px;'><strong>ISO 9001:<\/strong> 2000<\/li>\n<li style='margin-bottom: 5px;'><strong>CE:<\/strong> S\u00ed<\/li>\n<\/ul><\/div>\n<\/p><\/div>\n<\/p><\/div>\n<p> <!-- Informaci\u00f3n adicional --> <\/p>\n<div style='margin-bottom: 30px;'>\n<p style='margin-bottom: 15px;'><strong>* Carrete de 305 metros.<\/strong><\/p>\n<p style='margin-bottom: 15px;'><strong>* 1 a\u00f1o de garant\u00eda.<\/strong><\/p>\n<\/p><\/div>\n<p> <!-- Galer\u00eda de im\u00e1genes --> <\/p>\n<div style='display: flex; flex-wrap: wrap; gap: 15px; margin-bottom: 30px;'>\n<div style='flex: 1 1 200px; min-width: 150px;'> <img style='width: 100%; height: auto; border: 1px solid rgba(150&comma;150&comma;150&comma;0.3); border-radius: 8px;' src='http:\/\/ftp3.syscom.mx\/usuarios\/fotos\/SF2206LE_1\/SF2206LE_1.png' alt=''> <\/div>\n<div style='flex: 1 1 200px; min-width: 150px;'> <img style='width: 100%; height: auto; border: 1px solid rgba(150&comma;150&comma;150&comma;0.3); border-radius: 8px;' src='http:\/\/ftp3.syscom.mx\/usuarios\/fotos\/SF2206LE_1\/SF2206LE_4.png' alt=''> <\/div>\n<div style='flex: 1 1 200px; min-width: 150px;'> <img style='width: 100%; height: auto; border: 1px solid rgba(150&comma;150&comma;150&comma;0.3); border-radius: 8px;' src='http:\/\/ftp3.syscom.mx\/usuarios\/fotos\/SF2206LE_1\/SF2206LE_3.png' alt=''> <\/div>\n<div style='flex: 1 1 200px; min-width: 150px;'> <img style='width: 100%; height: auto; border: 1px solid rgba(150&comma;150&comma;150&comma;0.3); border-radius: 8px;' src='http:\/\/ftp3.syscom.mx\/usuarios\/fotos\/SF2206LE_1\/SF2206LE_2.png' alt=''> <\/div>\n<\/p><\/div>\n<p> <!-- Separador final --> <\/p>\n<hr style='border: 0; border-top: 1px solid rgba(150&comma; 150&comma; 150&comma; 0.3); margin: 30px 0;'> <\/div>\n","protected":false},"excerpt":{"rendered":"<p>Bobina de 305 Metros (1000 Pies) \/ Cable de CCA \/ 6 x 22 AWG \/ Tipo Aluminio Revestido de Cobre \/ Aplicaciones en Control de Acceso \/ Alarmas de Intrusi?n\/Control de Acceso \/ Automatizaci?n \/ Interfonos y TV Porteros<\/p>\n","protected":false},"featured_media":33096,"comment_status":"open","ping_status":"closed","template":"","meta":[],"product_brand":[],"product_cat":[137],"product_tag":[138,79,62],"class_list":{"0":"post-33097","1":"product","2":"type-product","3":"status-publish","4":"has-post-thumbnail","6":"product_cat-todos-cables","7":"product_tag-cables","8":"product_tag-sfire","9":"product_tag-todos","11":"first","12":"instock","13":"sale","14":"shipping-taxable","15":"purchasable","16":"product-type-simple"},"_links":{"self":[{"href":"https:\/\/soydeaqui.ddns.net\/pachuca\/index.php\/wp-json\/wp\/v2\/product\/33097","targetHints":{"allow":["GET"]}}],"collection":[{"href":"https:\/\/soydeaqui.ddns.net\/pachuca\/index.php\/wp-json\/wp\/v2\/product"}],"about":[{"href":"https:\/\/soydeaqui.ddns.net\/pachuca\/index.php\/wp-json\/wp\/v2\/types\/product"}],"replies":[{"embeddable":true,"href":"https:\/\/soydeaqui.ddns.net\/pachuca\/index.php\/wp-json\/wp\/v2\/comments?post=33097"}],"wp:featuredmedia":[{"embeddable":true,"href":"https:\/\/soydeaqui.ddns.net\/pachuca\/index.php\/wp-json\/wp\/v2\/media\/33096"}],"wp:attachment":[{"href":"https:\/\/soydeaqui.ddns.net\/pachuca\/index.php\/wp-json\/wp\/v2\/media?parent=33097"}],"wp:term":[{"taxonomy":"product_brand","embeddable":true,"href":"https:\/\/soydeaqui.ddns.net\/pachuca\/index.php\/wp-json\/wp\/v2\/product_brand?post=33097"},{"taxonomy":"product_cat","embeddable":true,"href":"https:\/\/soydeaqui.ddns.net\/pachuca\/index.php\/wp-json\/wp\/v2\/product_cat?post=33097"},{"taxonomy":"product_tag","embeddable":true,"href":"https:\/\/soydeaqui.ddns.net\/pachuca\/index.php\/wp-json\/wp\/v2\/product_tag?post=33097"}],"curies":[{"name":"wp","href":"https:\/\/api.w.org\/{rel}","templated":true}]}}