{"id":33087,"date":"2026-03-18T14:51:13","date_gmt":"2026-03-18T14:51:13","guid":{"rendered":"https:\/\/soydeaqui.ddns.net\/pachuca\/index.php\/producto\/cierrapuertas-de-uso-rudo-para-exterior-para-puertas-de-hasta-150kgs\/"},"modified":"2026-03-18T14:51:17","modified_gmt":"2026-03-18T14:51:17","slug":"cierrapuertas-de-uso-rudo-para-exterior-para-puertas-de-hasta-150kgs","status":"publish","type":"product","link":"https:\/\/soydeaqui.ddns.net\/pachuca\/index.php\/producto\/cierrapuertas-de-uso-rudo-para-exterior-para-puertas-de-hasta-150kgs\/","title":{"rendered":"Cierrapuertas de Uso Rudo para Exterior para puertas de hasta 150Kgs"},"content":{"rendered":"<div style='width: 100%; max-width: 1200px; margin: 0 auto; font-family: sans-serif; line-height: 1.6; color: inherit; background-color: transparent;'> <!-- Secci\u00f3n de caracter\u00edsticas --> <\/p>\n<div style='display: flex; flex-wrap: wrap; gap: 30px; margin-bottom: 30px;'>\n<div style='flex: 1 1 300px; min-width: 280px;'>\n<h3 style='font-size: 22px; border-bottom: 2px solid currentColor; padding-bottom: 5px; margin-top: 0; color: inherit; opacity: 0.8;'>Caracter\u00edsticas<\/h3>\n<div style='display: flex; flex-direction: column; gap: 15px; font-size: 15px; color: inherit;'> <img style='width: 200px; height: 200px; border: 1px solid rgba(150&comma;150&comma;150&comma;0.3); border-radius: 8px; align-self: flex-start;' src='http:\/\/ftp3.syscom.mx\/usuarios\/ftp\/2017\/01\/03\/c99f2\/logo_tessa.jpg' alt=''> <\/p>\n<ul style='padding-left: 20px; margin: 0; list-style-type: disc;'>\n<li style='margin-bottom: 5px;'>Material de fabricaci\u00f3n: Cuerpo de Hierro fundido.<\/li>\n<li style='margin-bottom: 5px;'>Cubierta de pl\u00e1stico o metal son opcionales.<\/li>\n<li style='margin-bottom: 5px;'>Mecanismo: Mecanismo hidr\u00e1ulico de suave operaci\u00f3n y excelente funcionamiento.<\/li>\n<li style='margin-bottom: 5px;'>Con cubierta de protecci\u00f3n.<\/li>\n<\/ul><\/div>\n<\/p><\/div>\n<\/p><\/div>\n<p> <!-- Secci\u00f3n de caracter\u00edsticas adicionales --> <\/p>\n<div style='display: flex; flex-wrap: wrap; gap: 30px; margin-bottom: 30px;'>\n<div style='flex: 1 1 300px; min-width: 280px;'>\n<h3 style='font-size: 22px; border-bottom: 2px solid currentColor; padding-bottom: 5px; margin-top: 0; color: inherit; opacity: 0.8;'>Caracter\u00edsticas adicionales<\/h3>\n<ul style='padding-left: 20px; font-size: 15px; color: inherit;'>\n<li style='margin-bottom: 5px;'>F\u00e1cil instalaci\u00f3n: sobreponer.<\/li>\n<li style='margin-bottom: 5px;'>Aplicable a puertas corta fuego.<\/li>\n<li style='margin-bottom: 5px;'>Reversibles.<\/li>\n<li style='margin-bottom: 5px;'>BA auto-ajustable presi\u00f3n 1-6 (15-150kg) o 1-4 (15-85kg) dispositivo de retenci\u00f3n&comma; acci\u00f3n retardada y brazo de retenci\u00f3n son opcionales.<\/li>\n<li style='margin-bottom: 5px;'>Aplicaciones: Instalaci\u00f3n normal&comma; instalaci\u00f3n invertida y instalaci\u00f3n normal reversa.<\/li>\n<li style='margin-bottom: 5px;'>Certificaci\u00f3n: ANSI156.4 Grado 1&comma; UL.<\/li>\n<li style='margin-bottom: 5px;'>Resistencia al fuego&comma; auto-ajustable.<\/li>\n<li style='margin-bottom: 5px;'>Presi\u00f3n 1-4 conforme a la certificaci\u00f3n ADA.<\/li>\n<li style='margin-bottom: 5px;'>Componentes: Brazos mec\u00e1nicos retr\u00e1ctiles de excelente desempe\u00f1o con posibilidad de ajustarse a los grados de apertura deseable (90\u00b0 a 180\u00b0).<\/li>\n<\/ul><\/div>\n<\/p><\/div>\n<p> <!-- Secci\u00f3n de video --> <\/p>\n<div style='display: flex; flex-wrap: wrap; gap: 30px; margin-bottom: 30px;'>\n<div style='flex: 1 1 300px; min-width: 280px;'>\n<h3 style='font-size: 22px; border-bottom: 2px solid currentColor; padding-bottom: 5px; margin-top: 0; color: inherit; opacity: 0.8;'>V\u00eddeo<\/h3>\n<div style='margin-top: 15px;'>\n<p style='margin: 0 0 15px 0;'><a href='https:\/\/www.youtube.com\/watch?v=4lj1OhQP3Xc' target='_blank' rel='noopener' style='color: inherit; text-decoration: underline; opacity: 0.85; font-weight: 500;'>Como Instalar un Cierrapuertas:<\/a><\/p>\n<div style='position: relative; padding-bottom: 56.25%; height: 0; overflow: hidden; margin-bottom: 30px;'>   <\/div>\n<\/p><\/div>\n<\/p><\/div>\n<\/p><\/div>\n<p> <!-- Separador final --> <\/p>\n<hr style='border: 0; border-top: 1px solid rgba(150&comma; 150&comma; 150&comma; 0.3); margin: 30px 0;'> <\/div>\n","protected":false},"excerpt":{"rendered":"<p>Cierrapuertas de Uso Rudo para Exterior para puertas de hasta 150Kgs<\/p>\n","protected":false},"featured_media":33086,"comment_status":"open","ping_status":"closed","template":"","meta":[],"product_brand":[],"product_cat":[815],"product_tag":[93,218,816],"class_list":{"0":"post-33087","1":"product","2":"type-product","3":"status-publish","4":"has-post-thumbnail","6":"product_cat-cierrapuertas","7":"product_tag-accesorios","8":"product_tag-assa-abloy","9":"product_tag-cierrapuertas","11":"first","12":"instock","13":"sale","14":"shipping-taxable","15":"purchasable","16":"product-type-simple"},"_links":{"self":[{"href":"https:\/\/soydeaqui.ddns.net\/pachuca\/index.php\/wp-json\/wp\/v2\/product\/33087","targetHints":{"allow":["GET"]}}],"collection":[{"href":"https:\/\/soydeaqui.ddns.net\/pachuca\/index.php\/wp-json\/wp\/v2\/product"}],"about":[{"href":"https:\/\/soydeaqui.ddns.net\/pachuca\/index.php\/wp-json\/wp\/v2\/types\/product"}],"replies":[{"embeddable":true,"href":"https:\/\/soydeaqui.ddns.net\/pachuca\/index.php\/wp-json\/wp\/v2\/comments?post=33087"}],"wp:featuredmedia":[{"embeddable":true,"href":"https:\/\/soydeaqui.ddns.net\/pachuca\/index.php\/wp-json\/wp\/v2\/media\/33086"}],"wp:attachment":[{"href":"https:\/\/soydeaqui.ddns.net\/pachuca\/index.php\/wp-json\/wp\/v2\/media?parent=33087"}],"wp:term":[{"taxonomy":"product_brand","embeddable":true,"href":"https:\/\/soydeaqui.ddns.net\/pachuca\/index.php\/wp-json\/wp\/v2\/product_brand?post=33087"},{"taxonomy":"product_cat","embeddable":true,"href":"https:\/\/soydeaqui.ddns.net\/pachuca\/index.php\/wp-json\/wp\/v2\/product_cat?post=33087"},{"taxonomy":"product_tag","embeddable":true,"href":"https:\/\/soydeaqui.ddns.net\/pachuca\/index.php\/wp-json\/wp\/v2\/product_tag?post=33087"}],"curies":[{"name":"wp","href":"https:\/\/api.w.org\/{rel}","templated":true}]}}