{"id":3305,"date":"2026-03-18T06:06:45","date_gmt":"2026-03-18T06:06:45","guid":{"rendered":"https:\/\/soydeaqui.ddns.net\/pachuca\/index.php\/producto\/cable-2-x-24-awg-blindado-cubierta-fr-pvc-bobina-de-500-metros\/"},"modified":"2026-03-18T06:06:46","modified_gmt":"2026-03-18T06:06:46","slug":"cable-2-x-24-awg-blindado-cubierta-fr-pvc-bobina-de-500-metros","status":"publish","type":"product","link":"https:\/\/soydeaqui.ddns.net\/pachuca\/index.php\/producto\/cable-2-x-24-awg-blindado-cubierta-fr-pvc-bobina-de-500-metros\/","title":{"rendered":"Cable 2 x 24 AWG \/ Blindado \/ Cubierta FR-PVC \/ Bobina de 500 metros"},"content":{"rendered":"<div style='width: 100%; max-width: 1200px; margin: 0 auto; font-family: sans-serif; line-height: 1.6; color: inherit; background-color: transparent;'>\n<div style='display: flex; flex-wrap: wrap; gap: 30px; margin-bottom: 30px;'>\n<div style='flex: 1 1 300px; min-width: 280px;'>\n<h1 style='font-size: 28px; text-align: center; margin: 0; color: inherit;'><strong>OT69<\/strong><\/h1>\n<h3 style='font-size: 18px; text-align: center; margin: 10px 0; color: inherit;'>Cable de 2 conductores calibre 24 AWG&comma; blindado<\/h3>\n<h3 style='font-size: 18px; text-align: center; margin: 10px 0; color: inherit;'>Venta en bobina de 500 metros<\/h3>\n<p style='text-align: center; margin: 20px 0; font-size: 14px; color: inherit;'><strong>Los cables Viakon tipo AWM est\u00e1n dise\u00f1ados para utilizarse en circuitos de interconexi\u00f3n interna o parcialmente en intemperie para aparatos el\u00e9ctricos&comma; equipos base y\/o perif\u00e9ricos.<\/strong><\/p>\n<\/p><\/div>\n<\/p><\/div>\n<div style='display: flex; flex-wrap: wrap; gap: 20px; margin-bottom: 30px;'>\n<div style='flex: 1 1 250px; min-width: 280px; border: 1px solid rgba(150&comma; 150&comma; 150&comma; 0.4); border-radius: 8px; overflow: hidden; display: flex; flex-direction: column;'>\n<div style='padding: 15px; border-bottom: 1px solid rgba(150&comma; 150&comma; 150&comma; 0.2); font-weight: bold; font-size: 18px; color: inherit;'>Caracter\u00edsticas:<\/div>\n<div style='padding: 15px; color: inherit;'>\n<ul style='padding-left: 20px; margin: 0; font-size: 14px; list-style-type: disc; color: inherit;'>\n<li style='margin-bottom: 5px;'><strong>Empaque:<\/strong> Carrete de 500 m<\/li>\n<li style='margin-bottom: 5px;'><strong>Conductores:<\/strong> 2<\/li>\n<li style='margin-bottom: 5px;'><strong>Calibre:<\/strong> 24 AWG<\/li>\n<li style='margin-bottom: 5px;'><strong>Di\u00e1metro de Conductor externo:<\/strong> 4.57 mm<\/li>\n<li style='margin-bottom: 5px;'><strong>Color de Recubrimiento:<\/strong> Gris<\/li>\n<\/ul><\/div>\n<\/p><\/div>\n<div style='flex: 1 1 250px; min-width: 280px; border: 1px solid rgba(150&comma; 150&comma; 150&comma; 0.4); border-radius: 8px; overflow: hidden; display: flex; flex-direction: column;'>\n<div style='padding: 15px; border-bottom: 1px solid rgba(150&comma; 150&comma; 150&comma; 0.2); font-weight: bold; font-size: 18px; color: inherit;'>Especificaciones:<\/div>\n<div style='padding: 15px; color: inherit;'>\n<ul style='padding-left: 20px; margin: 0; font-size: 14px; list-style-type: disc; color: inherit;'>\n<li style='margin-bottom: 5px;'><strong>Cables para circuitos internos de aparatos el\u00e9ctricos:<\/strong> UL758<\/li>\n<li style='margin-bottom: 5px;'><strong>Temperatura de temperatura:<\/strong> 80 \u00b0C<\/li>\n<li style='margin-bottom: 5px;'><strong>Atributos:<\/strong><\/li>\n<li style='margin-bottom: 5px;'>Cubierta: FR-PVC: Antiflama<\/li>\n<li style='margin-bottom: 5px;'><strong>Deslizable<\/strong><\/li>\n<li style='margin-bottom: 5px;'>Cinta Maylar Aluminizada<\/li>\n<li style='margin-bottom: 5px;'>Cobre esta\u00f1ado<\/li>\n<\/ul><\/div>\n<\/p><\/div>\n<div style='flex: 1 1 250px; min-width: 280px; border: 1px solid rgba(150&comma; 150&comma; 150&comma; 0.4); border-radius: 8px; overflow: hidden; display: flex; flex-direction: column;'>\n<div style='padding: 15px; border-bottom: 1px solid rgba(150&comma; 150&comma; 150&comma; 0.2); font-weight: bold; font-size: 18px; color: inherit;'>Productos relacionados:<\/div>\n<div style='padding: 15px; color: inherit;'>\n<ul style='padding-left: 20px; margin: 0; font-size: 14px; list-style-type: disc; color: inherit;'>\n<li style='margin-bottom: 5px;'>2 x 22 AWG Blindado: <strong>9297<\/strong><\/li>\n<li style='margin-bottom: 5px;'>4 x 22 AWG Blindado: <strong>9239\/1000<\/strong><\/li>\n<li style='margin-bottom: 5px;'>2 x 18 AWG Blindado: <strong>9222<\/strong><\/li>\n<li style='margin-bottom: 5px;'>4 x 18 AWG Blindado: <strong>9274<\/strong><\/li>\n<li style='margin-bottom: 5px;'>4 x 18 AWG: <strong>9273 (Blanco)<\/strong><\/li>\n<li style='margin-bottom: 5px;'>4 x 18 AWG: <strong>9270 (Gris)<\/strong><\/li>\n<li style='margin-bottom: 5px;'>6 x 20 AWG Blindado: <strong>9262<\/strong><\/li>\n<li style='margin-bottom: 5px;'>6 x 22 AWG Blindado: <strong>9290<\/strong><\/li>\n<li style='margin-bottom: 5px;'>2 x 18 AWG: <strong>9259<\/strong><\/li>\n<li style='margin-bottom: 5px;'>6 x 22 AWG: <strong>9296<\/strong><\/li>\n<li style='margin-bottom: 5px;'>2 X 16 AWG Blindado: <strong>9266<\/strong><\/li>\n<li style='margin-bottom: 5px;'>2 X 16 AWG: <strong>9263\/1000<\/strong><\/li>\n<li style='margin-bottom: 5px;'>6 X 22 AWG&comma; 4 X 22 AWG&comma; 2 X 18 AWG: <strong>COMPOSITECBL\/500<\/strong><\/li>\n<\/ul><\/div>\n<\/p><\/div>\n<\/p><\/div>\n<\/p><\/div>\n","protected":false},"excerpt":{"rendered":"<p>Cable 2 x 24 AWG \/ Blindado \/ Cubierta FR-PVC \/ Bobina de 500 metros<\/p>\n","protected":false},"featured_media":3304,"comment_status":"open","ping_status":"closed","template":"","meta":[],"product_brand":[],"product_cat":[137],"product_tag":[138,62,242],"class_list":{"0":"post-3305","1":"product","2":"type-product","3":"status-publish","4":"has-post-thumbnail","6":"product_cat-todos-cables","7":"product_tag-cables","8":"product_tag-todos","9":"product_tag-viakon","11":"first","12":"outofstock","13":"sale","14":"shipping-taxable","15":"purchasable","16":"product-type-simple"},"_links":{"self":[{"href":"https:\/\/soydeaqui.ddns.net\/pachuca\/index.php\/wp-json\/wp\/v2\/product\/3305","targetHints":{"allow":["GET"]}}],"collection":[{"href":"https:\/\/soydeaqui.ddns.net\/pachuca\/index.php\/wp-json\/wp\/v2\/product"}],"about":[{"href":"https:\/\/soydeaqui.ddns.net\/pachuca\/index.php\/wp-json\/wp\/v2\/types\/product"}],"replies":[{"embeddable":true,"href":"https:\/\/soydeaqui.ddns.net\/pachuca\/index.php\/wp-json\/wp\/v2\/comments?post=3305"}],"wp:featuredmedia":[{"embeddable":true,"href":"https:\/\/soydeaqui.ddns.net\/pachuca\/index.php\/wp-json\/wp\/v2\/media\/3304"}],"wp:attachment":[{"href":"https:\/\/soydeaqui.ddns.net\/pachuca\/index.php\/wp-json\/wp\/v2\/media?parent=3305"}],"wp:term":[{"taxonomy":"product_brand","embeddable":true,"href":"https:\/\/soydeaqui.ddns.net\/pachuca\/index.php\/wp-json\/wp\/v2\/product_brand?post=3305"},{"taxonomy":"product_cat","embeddable":true,"href":"https:\/\/soydeaqui.ddns.net\/pachuca\/index.php\/wp-json\/wp\/v2\/product_cat?post=3305"},{"taxonomy":"product_tag","embeddable":true,"href":"https:\/\/soydeaqui.ddns.net\/pachuca\/index.php\/wp-json\/wp\/v2\/product_tag?post=3305"}],"curies":[{"name":"wp","href":"https:\/\/api.w.org\/{rel}","templated":true}]}}