{"id":3302,"date":"2026-03-18T06:06:44","date_gmt":"2026-03-18T06:06:44","guid":{"rendered":"https:\/\/soydeaqui.ddns.net\/pachuca\/index.php\/producto\/el-modulo-universal-mas-pequeno-conecte-electrodomesticos-o-accesorios-viejos-y-hagalos-inteligentes-integrable-en-app-shelly-7\/"},"modified":"2026-03-18T06:06:44","modified_gmt":"2026-03-18T06:06:44","slug":"el-modulo-universal-mas-pequeno-conecte-electrodomesticos-o-accesorios-viejos-y-hagalos-inteligentes-integrable-en-app-shelly-7","status":"publish","type":"product","link":"https:\/\/soydeaqui.ddns.net\/pachuca\/index.php\/producto\/el-modulo-universal-mas-pequeno-conecte-electrodomesticos-o-accesorios-viejos-y-hagalos-inteligentes-integrable-en-app-shelly-7\/","title":{"rendered":"El m\u00f3dulo universal m\u00e1s peque\u00f1o, conecte electrodom\u00e9sticos o accesorios viejos y h\u00e1galos inteligentes. Integrable en APP Shelly."},"content":{"rendered":"<div style='width: 100%; max-width: 1200px; margin: 0 auto; font-family: sans-serif; line-height: 1.6; color: inherit; background-color: transparent;'>\n<div style='display: grid; grid-template-columns: repeat(auto-fit&comma; minmax(280px&comma; 1fr)); gap: 30px; margin-bottom: 30px;'>\n<div style='border-left: 5px solid #0091ff; border-radius: 5px; padding: 15px; box-shadow: 2px 2px 10px rgba(216&comma;216&comma;216&comma;0.5);'> <strong style='font-size: 18px; display: block; margin-bottom: 10px; color: inherit;'>Caracter\u00edsticas principales:<\/strong> <\/p>\n<ul style='padding-left: 20px; margin: 0; color: inherit;'>\n<li style='margin-bottom: 5px;'>No requiere HUB<\/li>\n<li style='margin-bottom: 5px;'>Entradas: 2<\/li>\n<li style='margin-bottom: 5px;'>Salidas: 2<\/li>\n<li style='margin-bottom: 5px;'>Canales: 2<\/li>\n<li style='margin-bottom: 5px;'>Conectividad Wifi 2.4GHz<\/li>\n<\/ul><\/div>\n<div style='border-left: 5px solid #0091ff; border-radius: 5px; padding: 15px; box-shadow: 2px 2px 10px rgba(216&comma;216&comma;216&comma;0.5);'> <strong style='font-size: 18px; display: block; margin-bottom: 10px; color: inherit;'>Caracter\u00edsticas F\u00edsicas y El\u00e9ctricas:<\/strong> <\/p>\n<ul style='padding-left: 20px; margin: 0; color: inherit;'>\n<li style='margin-bottom: 5px;'>Alimentaci\u00f3n AC: 12 &#8211; 24V<\/li>\n<li style='margin-bottom: 5px;'>Alimentaci\u00f3n DC: 12 &#8211; 36V<\/li>\n<li style='margin-bottom: 5px;'>Temperatura de operaci\u00f3n: 0 a +40\u00b0C<\/li>\n<li style='margin-bottom: 5px;'>Consumo de corriente: <1W<\/li>\n<li style='margin-bottom: 5px;'>Dimensiones: 20mm x 33mm x 13mm<\/li>\n<\/ul><\/div>\n<div style='border-left: 5px solid #0091ff; border-radius: 5px; padding: 15px; box-shadow: 2px 2px 10px rgba(216&comma;216&comma;216&comma;0.5);'> <strong style='font-size: 18px; display: block; margin-bottom: 10px; color: inherit;'>Ejemplos de instalaci\u00f3n:<\/strong> <\/p>\n<ul style='padding-left: 20px; margin: 0; color: inherit;'>\n<li style='margin-bottom: 5px;'>Timbre (<a href='https:\/\/soporte.syscom.mx\/es\/articles\/5849170-shelly-notificacion-en-app-de-boton-fisico-con-shellyuni' target='_blank' rel='noopener' style='color: #0091ff; text-decoration: underline;'>diagrama aqui<\/a>)<\/li>\n<li style='margin-bottom: 5px;'>Bot\u00f3n p\u00e1nico (<a href='https:\/\/soporte.syscom.mx\/es\/articles\/5849170-shelly-notificacion-en-app-de-boton-fisico-con-shellyuni' target='_blank' rel='noopener' style='color: #0091ff; text-decoration: underline;'>diagrama aqui<\/a>)<\/li>\n<li><a href='https:\/\/kb.shelly.cloud\/knowledge-base\/devices' style='color: #0091ff; text-decoration: underline;'><strong>Base de datos material de apoyo.<\/strong><\/a><\/li>\n<\/ul><\/div>\n<\/p><\/div>\n<div style='position: relative; width: 100%; margin-bottom: 30px;'> <img style='width: 100%; height: auto; border: 1px solid rgba(150&comma;150&comma;150&comma;0.3); border-radius: 8px;' src='https:\/\/ftp3.syscom.mx\/usuarios\/ftp\/single_page\/shelly_img\/banner_shelly_1.jpg' alt='Banner Shelly'> <\/p>\n<div style='position: absolute; left: 10%; top: 30%; color: white;'>\n<h1 style='font-size: 4em; margin: 0; color: inherit;'>SHELLY UNI<\/h1>\n<p style='font-size: 1.5em; font-weight: 100; margin: 10px 0 0 0; color: inherit;'>CONVIERTE CUALQUIER COSA EN INTELIGENTE<\/p>\n<\/p><\/div>\n<\/p><\/div>\n<hr style='border: 0; border-top: 1px solid rgba(150&comma; 150&comma; 150&comma; 0.3); margin: 30px 0;'>\n<div style='margin-bottom: 30px;'>\n<h2 style='font-size: 41px; font-weight: 100; margin-top: 0; margin-bottom: 30px; color: inherit;'>Funcionalidades<\/h2>\n<div style='display: grid; grid-template-columns: repeat(auto-fit&comma; minmax(280px&comma; 1fr)); gap: 30px; margin-bottom: 30px;'>\n<div style='text-align: center;'> <img style='width: auto; height: 70px; margin: auto; border: 1px solid rgba(150&comma;150&comma;150&comma;0.3); border-radius: 8px;' src='https:\/\/ftp3.syscom.mx\/usuarios\/ftp\/single_page\/shelly_img\/size.png' alt='Tama\u00f1o'> <\/p>\n<h3 style='margin-top: 15px; margin-bottom: 10px; font-size: 20px; color: inherit;'>Universalmente peque\u00f1o<\/h3>\n<p style='font-size: 14px; color: inherit; margin: 0;'>Con el tama\u00f1o ideal de 20 x 33 x 13 mm (0&comma;78 x 1&comma;29 x 0&comma;5 pulgadas)&comma; Shelly UNI es el m\u00f3dulo universal m\u00e1s peque\u00f1o que puede hacer que cualquier aparato antiguo sea inteligente.<\/p>\n<\/p><\/div>\n<div style='text-align: center;'> <img style='width: auto; height: 70px; margin: auto; border: 1px solid rgba(150&comma;150&comma;150&comma;0.3); border-radius: 8px;' src='https:\/\/ftp3.syscom.mx\/usuarios\/ftp\/single_page\/shelly_img\/shelly_voltage.png' alt='Alimentaci\u00f3n'> <\/p>\n<h3 style='margin-top: 15px; margin-bottom: 10px; font-size: 20px; color: inherit;'>Fuente de alimentaci\u00f3n universalmente flexible<\/h3>\n<p style='font-size: 14px; color: inherit; margin: 0;'>Shelly UNI se puede alimentar con una amplia gama de 12V-36V DC y 12V-24V AC.<\/p>\n<\/p><\/div>\n<div style='text-align: center;'> <img style='width: auto; height: 70px; margin: auto; border: 1px solid rgba(150&comma;150&comma;150&comma;0.3); border-radius: 8px;' src='https:\/\/ftp3.syscom.mx\/usuarios\/ftp\/single_page\/shelly_img\/shelly_accessories.png' alt='Entradas'> <\/p>\n<h3 style='margin-top: 15px; margin-bottom: 10px; font-size: 20px; color: inherit;'>Entradas digitales universales<\/h3>\n<p style='font-size: 14px; color: inherit; margin: 0;'>Incluye 2 entradas digitales&comma; que pueden soportar diferentes voltajes y funcionan por separado de 2.2-36V DC y 12-24V AC.<\/p>\n<\/p><\/div>\n<\/p><\/div>\n<div style='display: grid; grid-template-columns: repeat(auto-fit&comma; minmax(280px&comma; 1fr)); gap: 30px; margin-top: 30px;'>\n<div style='text-align: center;'> <img style='width: auto; height: 70px; margin: auto; border: 1px solid rgba(150&comma;150&comma;150&comma;0.3); border-radius: 8px;' src='https:\/\/ftp3.syscom.mx\/usuarios\/ftp\/single_page\/shelly_img\/inputs.png' alt='Salidas'> <\/p>\n<h3 style='margin-top: 15px; margin-bottom: 10px; font-size: 20px; color: inherit;'>Salidas universales<\/h3>\n<p style='font-size: 14px; color: inherit; margin: 0;'>Las dos salidas libres de potencial permiten el control desde entradas o por separado&comma; pudiendo conmutar hasta 36VAC y 24VDC&comma; con una corriente m\u00e1xima de 100 mA cada una.<\/p>\n<\/p><\/div>\n<div style='text-align: center;'> <img style='width: auto; height: 70px; margin: auto; border: 1px solid rgba(150&comma;150&comma;150&comma;0.3); border-radius: 8px;' src='https:\/\/ftp3.syscom.mx\/usuarios\/ftp\/single_page\/shelly_img\/shelly_power_metering.png' alt='ADC'> <\/p>\n<h3 style='margin-top: 15px; margin-bottom: 10px; font-size: 20px; color: inherit;'>ADC universal<\/h3>\n<p style='font-size: 14px; color: inherit; margin: 0;'>La gama ADC puede medir cualquier voltaje de 0 a 30 VCC. Los rangos dobles de 0-12 V y 12-30 V brindan una precisi\u00f3n excepcionalmente alta.<\/p>\n<\/p><\/div>\n<div style='text-align: center;'> <img style='width: auto; height: 70px; margin: auto; border: 1px solid rgba(150&comma;150&comma;150&comma;0.3); border-radius: 8px;' src='https:\/\/ftp3.syscom.mx\/usuarios\/ftp\/single_page\/shelly_img\/temp_humidity.png' alt='Sensores'> <\/p>\n<h3 style='margin-top: 15px; margin-bottom: 10px; font-size: 20px; color: inherit;'>Sensores universales de temperatura y humedad<\/h3>\n<p style='font-size: 14px; color: inherit; margin: 0;'>Shelly UNI admite hasta 3 sensores de temperatura DS18B20 o sensores de humedad de 1\u00d0\u00a5&comma; lo que permite activar salidas&comma; escenas locales y de nubes.<\/p>\n<\/p><\/div>\n<\/p><\/div>\n<div style='display: grid; grid-template-columns: repeat(auto-fit&comma; minmax(280px&comma; 1fr)); gap: 30px; margin-top: 30px;'>\n<div style='text-align: center;'> <img style='width: auto; height: 70px; margin: auto; border: 1px solid rgba(150&comma;150&comma;150&comma;0.3); border-radius: 8px;' src='https:\/\/ftp3.syscom.mx\/usuarios\/ftp\/single_page\/shelly_img\/protocols.png' alt='Protocolos'> <\/p>\n<h3 style='margin-top: 15px; margin-bottom: 10px; font-size: 20px; color: inherit;'>Protocolos universales<\/h3>\n<p style='font-size: 14px; color: inherit; margin: 0;'>Fuera de la caja&comma; Shelly UNI es compatible con REST&comma; MQTT&comma; CoAP&comma; Alexa&comma; Google Home y Samsung Smart Things&comma; lo que lo hace altamente compatible con las principales plataformas de automatizaci\u00f3n del hogar.<\/p>\n<\/p><\/div>\n<div style='text-align: center;'> <img style='width: auto; height: 70px; margin: auto; border: 1px solid rgba(150&comma;150&comma;150&comma;0.3); border-radius: 8px;' src='https:\/\/ftp3.syscom.mx\/usuarios\/ftp\/single_page\/shelly_img\/guard.png' alt='Resistencia'> <\/p>\n<h3 style='margin-top: 15px; margin-bottom: 10px; font-size: 20px; color: inherit;'>Resistencia universal<\/h3>\n<p style='font-size: 14px; color: inherit; margin: 0;'>Aunque no hay un cubo de pl\u00e1stico&comma; la cubierta de aislamiento transparente sobre el chip lo protege de la alta humedad&comma; el polvo y la amenaza de cortocircuitos durante sus largas horas de trabajo.<\/p>\n<\/p><\/div>\n<\/p><\/div>\n<\/p><\/div>\n<div style='position: relative; width: 100%; margin-bottom: 30px;'> <img style='width: 100%; height: auto; border: 1px solid rgba(150&comma;150&comma;150&comma;0.3); border-radius: 8px;' src='https:\/\/ftp3.syscom.mx\/usuarios\/ftp\/single_page\/shelly_img\/shellyuni_0005_imga1.jpg' alt='Dise\u00f1o compacto'> <\/p>\n<div style='position: absolute; left: 35%; top: 25%; color: white; text-align: center; right: 3%;'>\n<h2 style='font-size: 2.5em; margin: 0 0 10px 0; color: inherit;'>EXTRA PEQUE\u00d1O Y EXTRA SEGURO<\/h2>\n<p style='font-size: 1.2em; font-weight: 100; margin: 0; color: inherit;'>Este peque\u00f1o dispositivo puede caber en cualquier lugar que desee. Aunque no hay una caja de pl\u00e1stico a su alrededor&comma; la cubierta transparente sobre el chip lo a\u00edsla y lo protege de posibles peligros para el dispositivo o sus electrodom\u00e9sticos.<\/p>\n<\/p><\/div>\n<\/p><\/div>\n<div style='position: relative; width: 100%; margin-bottom: 30px;'> <img style='width: 100%; height: auto; border: 1px solid rgba(150&comma;150&comma;150&comma;0.3); border-radius: 8px;' src='https:\/\/ftp3.syscom.mx\/usuarios\/ftp\/single_page\/shelly_img\/shellyuni_0004_imga2b.jpg' alt='Flexibilidad'> <\/p>\n<div style='text-align: center; position: absolute; left: 4%; top: 15%; color: black; right: 42%;'>\n<h2 style='font-size: 2.5em; margin: 0 0 10px 0; color: inherit;'>FLEXIBILIDAD SIN L\u00cdMITES<\/h2>\n<p style='font-size: 1.2em; font-weight: 100; margin: 0 0 10px 0; color: inherit;'>Las dos entradas digitales disponibles permiten la detecci\u00f3n de cualquier voltaje de 0 a 36V y env\u00edan autom\u00e1ticamente una notificaci\u00f3n a su tel\u00e9fono&comma; activando una escena de Shelly Cloud o activando las salidas.<\/p>\n<p style='font-size: 1.2em; font-weight: 100; margin: 0; color: inherit;'>Puede conectar su Shelly a su antiguo timbre y darle funciones inteligentes&comma; como recibir una notificaci\u00f3n en su tel\u00e9fono cada vez que alguien llama a su puerta.<\/p>\n<\/p><\/div>\n<\/p><\/div>\n<div style='position: relative; width: 100%; margin-bottom: 30px;'> <img style='width: 100%; height: auto; border: 1px solid rgba(150&comma;150&comma;150&comma;0.3); border-radius: 8px;' src='https:\/\/ftp3.syscom.mx\/usuarios\/ftp\/single_page\/shelly_img\/shellyuni_0003_imga3.jpg' alt='Monitoreo'> <\/p>\n<div style='position: absolute; left: 40%; top: 26%; color: white; text-align: center; right: 6%;'>\n<h2 style='font-size: 2.5em; margin: 0 0 10px 0; color: inherit;'>MONITOREAR CUALQUIER COSA<\/h2>\n<p style='font-size: 1.2em; font-weight: 100; margin: 0; color: inherit;'>La gama Dual de Shelly UNI le permite conectar cualquier sensor anal\u00f3gico y medirlo. Conecte su sensor de nivel de l\u00edquido a Shelly UNI y mida el nivel o incluso automatice el sistema de llenado.<\/p>\n<\/p><\/div>\n<\/p><\/div>\n<div style='position: relative; width: 100%; margin-bottom: 30px;'> <img style='width: 100%; height: auto; border: 1px solid rgba(150&comma;150&comma;150&comma;0.3); border-radius: 8px;' src='https:\/\/ftp3.syscom.mx\/usuarios\/ftp\/single_page\/shelly_img\/shellyuni_0002_imga4.jpg' alt='Salidas'> <\/p>\n<div style='position: absolute; left: 4%; top: 25%; color: black; text-align: center; right: 39%;'>\n<h2 style='font-size: 2.5em; margin: 0 0 10px 0; color: inherit;'>SALIDAS DOBLES LIBRES DE POTENCIAL<\/h2>\n<p style='font-size: 1.2em; font-weight: 100; margin: 0 0 10px 0; color: inherit;'>El Shelly UNI tiene 2 salidas libres de potencial que pueden conmutar hasta 36 VCC y 100 mA. \u00a1No m\u00e1s esperas en la ma\u00f1ana para que tu m\u00e1quina de caf\u00e9 caliente el agua y prepare tu caf\u00e9! Simplemente con\u00e9ctelo a Shelly UNI y enci\u00e9ndalo de forma remota como desee o en un horario establecido.<\/p>\n<\/p><\/div>\n<\/p><\/div>\n<div style='position: relative; width: 100%; margin-bottom: 30px;'> <img style='width: 100%; height: auto; border: 1px solid rgba(150&comma;150&comma;150&comma;0.3); border-radius: 8px;' src='https:\/\/ftp3.syscom.mx\/usuarios\/ftp\/single_page\/shelly_img\/shellyuni_0001_imga5.jpg' alt='Temperatura'> <\/p>\n<div style='text-align: center; position: absolute; left: 44%; top: 10%; color: white; right: 3%;'>\n<h2 style='font-size: 2.5em; margin: 0 0 10px 0; color: inherit;'>LA FORMA M\u00c1S BARATA DE MEDIR LA TEMPERATURA SIN IMPORTAR D\u00d3NDE SE ENCUENTRE<\/h2>\n<p style='font-size: 1.2em; font-weight: 100; margin: 0 0 10px 0; color: inherit;'>Shelly UNI admite el sensor de temperatura m\u00e1s popular DS18B20&comma; que se puede utilizar pr\u00e1cticamente en cualquier parte del mundo.<\/p>\n<p style='font-size: 1.2em; font-weight: 100; margin: 0; color: inherit;'>Si desea controlar la temperatura de su piscina&comma; terraza y aire todos juntos&comma; simplemente conecte el 3xDSB18D20 a Shelly UNI y disfrute.<\/p>\n<\/p><\/div>\n<\/p><\/div>\n<div style='position: relative; width: 100%; margin-bottom: 30px;'> <img style='width: 100%; height: auto; border: 1px solid rgba(150&comma;150&comma;150&comma;0.3); border-radius: 8px;' src='https:\/\/ftp3.syscom.mx\/usuarios\/ftp\/single_page\/shelly_img\/shellyuni_0000_imga6.jpg' alt='Aventura'> <\/p>\n<div style='position: absolute; left: 4%; top: 18%; color: black; text-align: center; right: 36%;'>\n<h2 style='font-size: 2.5em; margin: 0 0 10px 0; color: inherit;'>APOYO A LA AVENTURA<\/h2>\n<p style='font-size: 1.2em; font-weight: 100; margin: 0 0 10px 0; color: inherit;'>La amplia gama de fuentes de alimentaci\u00f3n y flexibilidad hace que Shelly UNI sea la mejor opci\u00f3n para monitorear y controlar su caravana. \u00a1H\u00e1galo tan c\u00f3modo como estar en casa con una de las mejores soluciones de dom\u00f3tica!<\/p>\n<p style='font-size: 1.2em; font-weight: 100; margin: 0; color: inherit;'>Control de energ\u00eda&comma; control de luces&comma; estado de la puerta&comma; temperatura del aire&comma; temperatura del agua&comma; monitor de nivel de agua&comma; fugas.<\/p>\n<\/p><\/div>\n<\/p><\/div>\n<hr style='border: 0; border-top: 1px solid rgba(150&comma; 150&comma; 150&comma; 0.3); margin: 30px 0;'>\n<div style='background-color: #183836; border-radius: 10px; padding: 40px; margin-bottom: 30px;'>\n<div style='text-align: center; color: white; margin-bottom: 30px;'>\n<h2 style='text-transform: uppercase; margin: 0 0 10px 0; color: inherit;'>UNA APLICACI\u00d3N INNUMERABLES POSIBILIDADES<\/h2>\n<p style='margin: 0; color: inherit; font-weight: 200; font-size: 18px; color: inherit;'>Con el mejor servicio en la nube del mundo&comma; una interfaz f\u00e1cil de usar&comma; escenas&comma; control masivo y mucho m\u00e1s&comma; la aplicaci\u00f3n Shelly Cloud le permite controlar su hogar desde cualquier lugar. Cada Shelly se puede integrar y funciona con todos los dem\u00e1s dispositivos Shelly en la aplicaci\u00f3n Shelly.<\/p>\n<\/p><\/div>\n<div style='display: flex; justify-content: center;'> <img style='width: auto; height: auto; max-width: 100%; border: 1px solid rgba(150&comma;150&comma;150&comma;0.3); border-radius: 8px;' src='https:\/\/ftp3.syscom.mx\/usuarios\/ftp\/single_page\/shelly_img\/phones.png' alt='Aplicaci\u00f3n Shelly'> <\/div>\n<\/p><\/div>\n<div style='display: grid; grid-template-columns: repeat(auto-fit&comma; minmax(100px&comma; 1fr)); gap: 20px; margin-bottom: 30px;'>\n<div style='text-align: center;'><img style='width: auto; height: auto; max-width: 100%; border: 1px solid rgba(150&comma;150&comma;150&comma;0.3); border-radius: 8px;' src='https:\/\/ftp3.syscom.mx\/usuarios\/ftp\/single_page\/shelly_img\/mqtt.png' alt='MQTT'><\/div>\n<div style='text-align: center;'><img style='width: auto; height: auto; max-width: 100%; border: 1px solid rgba(150&comma;150&comma;150&comma;0.3); border-radius: 8px;' src='https:\/\/ftp3.syscom.mx\/usuarios\/ftp\/single_page\/shelly_img\/home_seer.png' alt='HomeSeer'><\/div>\n<div style='text-align: center;'><img style='width: auto; height: auto; max-width: 100%; border: 1px solid rgba(150&comma;150&comma;150&comma;0.3); border-radius: 8px;' src='https:\/\/ftp3.syscom.mx\/usuarios\/ftp\/single_page\/shelly_img\/openhab.png' alt='openHAB'><\/div>\n<div style='text-align: center;'><img style='width: auto; height: auto; max-width: 100%; border: 1px solid rgba(150&comma;150&comma;150&comma;0.3); border-radius: 8px;' src='https:\/\/ftp3.syscom.mx\/usuarios\/ftp\/single_page\/shelly_img\/ha.png' alt='Home Assistant'><\/div>\n<div style='text-align: center;'><img style='width: auto; height: auto; max-width: 100%; border: 1px solid rgba(150&comma;150&comma;150&comma;0.3); border-radius: 8px;' src='https:\/\/ftp3.syscom.mx\/usuarios\/ftp\/single_page\/shelly_img\/iobroker.png' alt='ioBroker'><\/div>\n<div style='text-align: center;'><img style='width: auto; height: auto; max-width: 100%; border: 1px solid rgba(150&comma;150&comma;150&comma;0.3); border-radius: 8px;' src='https:\/\/ftp3.syscom.mx\/usuarios\/ftp\/single_page\/shelly_img\/rest2.png' alt='REST'><\/div>\n<div style='text-align: center;'><img style='width: auto; height: auto; max-width: 100%; border: 1px solid rgba(150&comma;150&comma;150&comma;0.3); border-radius: 8px;' src='https:\/\/ftp3.syscom.mx\/usuarios\/ftp\/single_page\/shelly_img\/hubitat.png' alt='Hubitat'><\/div>\n<div style='text-align: center;'><img style='width: auto; height: auto; max-width: 100%; border: 1px solid rgba(150&comma;150&comma;150&comma;0.3); border-radius: 8px;' src='https:\/\/ftp3.syscom.mx\/usuarios\/ftp\/single_page\/shelly_img\/hoobs.png' alt='HOOBS'><\/div>\n<div style='text-align: center;'><img style='width: auto; height: auto; max-width: 100%; border: 1px solid rgba(150&comma;150&comma;150&comma;0.3); border-radius: 8px;' src='https:\/\/ftp3.syscom.mx\/usuarios\/ftp\/single_page\/shelly_img\/symcon.png' alt='Symcon'><\/div>\n<div style='text-align: center;'><img style='width: auto; height: auto; max-width: 100%; border: 1px solid rgba(150&comma;150&comma;150&comma;0.3); border-radius: 8px;' src='https:\/\/ftp3.syscom.mx\/usuarios\/ftp\/single_page\/shelly_img\/domoticz.png' alt='Domoticz'><\/div>\n<div style='text-align: center;'><img style='width: auto; height: auto; max-width: 100%; border: 1px solid rgba(150&comma;150&comma;150&comma;0.3); border-radius: 8px;' src='https:\/\/ftp3.syscom.mx\/usuarios\/ftp\/single_page\/shelly_img\/nymea.png' alt='nymea'><\/div>\n<\/p><\/div>\n<hr style='border: 0; border-top: 1px solid rgba(150&comma; 150&comma; 150&comma; 0.3); margin: 30px 0;'>\n<div style='margin-bottom: 30px;'> <img style='width: 100%; height: auto; border: 1px solid rgba(150&comma;150&comma;150&comma;0.3); border-radius: 8px;' src='https:\/\/ftp3.syscom.mx\/usuarios\/ftp\/single_page\/shelly_img\/shelly_uni_scheme-1536x717.jpg' alt='Esquema de conexi\u00f3n'> <\/div>\n<hr style='border: 0; border-top: 1px solid rgba(150&comma; 150&comma; 150&comma; 0.3); margin: 30px 0;'>\n<div style='background-color: #183836; padding: 40px; border-radius: 10px; margin-bottom: 30px;'>\n<div style='display: flex; flex-wrap: wrap; gap: 30px; align-items: center; justify-content: center;'>\n<div style='text-align: center; flex: 1 1 200px; min-width: 200px; max-width: 300px;'> <img style='width: auto; height: 70px; margin: auto; border: 1px solid rgba(150&comma;150&comma;150&comma;0.3); border-radius: 8px;' src='https:\/\/ftp3.syscom.mx\/usuarios\/ftp\/single_page\/shelly_img\/board.png' alt='Placa de desarrollo'> <\/div>\n<div style='flex: 1 1 400px; min-width: 200px; color: white;'>\n<h2 style='text-transform: uppercase; margin: 0 0 10px 0; color: inherit;'>PARA DESARROLLADORES<\/h2>\n<p style='margin: 0; color: inherit; font-weight: 200; font-size: 18px; color: inherit;'>Shelly Uni est\u00e1 abierta al mundo y a los desarrolladores. Los dispositivos Shelly est\u00e1n protegidos pero&comma; al mismo tiempo&comma; permiten que todos los utilicen f\u00e1cilmente en proyectos nuevos y existentes. Con el servidor web integrado y los comandos HTTP&comma; Shelly puede hacerse compatible con su sistema de automatizaci\u00f3n del hogar existente.<\/p>\n<\/p><\/div>\n<\/p><\/div>\n<\/p><\/div>\n<div style='background-color: #2f9cd7; border-radius: 10px; padding: 40px; margin-bottom: 30px;'>\n<div style='display: grid; grid-template-columns: repeat(auto-fit&comma; minmax(200px&comma; 1fr)); gap: 30px;'>\n<div style='text-align: center;'> <img style='width: auto; height: auto; max-width: 100%; border: 1px solid rgba(150&comma;150&comma;150&comma;0.3); border-radius: 8px;' src='https:\/\/ftp3.syscom.mx\/usuarios\/ftp\/single_page\/shelly_img\/install.png' alt='Instalaci\u00f3n'> <\/p>\n<h4 style='color: white; margin: 15px 0 10px 0; font-size: 18px; color: inherit;'>INSTALAR<\/h4>\n<p style='margin: 0; color: inherit; text-align: center; color: inherit;'>Instale su rel\u00e9 ShellyUNI en la pared debajo de la toma de corriente o un interruptor de luz est\u00e1ndar.<\/p>\n<\/p><\/div>\n<div style='text-align: center;'> <img style='width: auto; height: auto; max-width: 100%; border: 1px solid rgba(150&comma;150&comma;150&comma;0.3); border-radius: 8px;' src='https:\/\/ftp3.syscom.mx\/usuarios\/ftp\/single_page\/shelly_img\/download-app.png' alt='Descargar app'> <\/p>\n<h4 style='color: white; margin: 15px 0 10px 0; font-size: 18px; color: inherit;'>INSTALAR<\/h4>\n<p style='margin: 0; color: inherit; text-align: center; color: inherit;'>Descargue e instale la aplicaci\u00f3n m\u00f3vil gratuita de Google Play o Apple\u00ae App Store.<\/p>\n<\/p><\/div>\n<div style='text-align: center;'> <img style='width: auto; height: auto; max-width: 100%; border: 1px solid rgba(150&comma;150&comma;150&comma;0.3); border-radius: 8px;' src='https:\/\/ftp3.syscom.mx\/usuarios\/ftp\/single_page\/shelly_img\/manual.png' alt='Manual'> <\/p>\n<h4 style='color: white; margin: 15px 0 10px 0; font-size: 18px; color: inherit;'>DESCARGAR<\/h4>\n<p style='margin: 0; color: inherit; text-align: center; color: inherit;'>Descargue nuestra Gu\u00eda de usuario y siga las instrucciones.<\/p>\n<\/p><\/div>\n<\/p><\/div>\n<\/p><\/div>\n<div style='background-color: #434342; padding: 30px; border-radius: 10px; text-align: center;'> <img style='width: auto; height: auto; max-width: 200px; border: 1px solid rgba(150&comma;150&comma;150&comma;0.3); border-radius: 8px;' src='https:\/\/ftp3.syscom.mx\/usuarios\/ftp\/single_page\/shelly_img\/shelly_logo_white_std.png' alt='Logo Shelly'> <\/div>\n<\/p><\/div>\n","protected":false},"excerpt":{"rendered":"<p>El m\u00f3dulo universal m\u00e1s peque\u00f1o, conecte electrodom\u00e9sticos o accesorios viejos y h\u00e1galos inteligentes. Integrable en APP Shelly.<\/p>\n","protected":false},"featured_media":32,"comment_status":"open","ping_status":"closed","template":"","meta":[],"product_brand":[],"product_cat":[148],"product_tag":[30,149,58],"class_list":{"0":"post-3302","1":"product","2":"type-product","3":"status-publish","4":"has-post-thumbnail","6":"product_cat-sensores-y-relevadores","7":"product_tag-automatizacion-casa-inteligente","8":"product_tag-sensores-y-relevadores","9":"product_tag-shelly","11":"first","12":"outofstock","13":"sale","14":"shipping-taxable","15":"purchasable","16":"product-type-simple"},"_links":{"self":[{"href":"https:\/\/soydeaqui.ddns.net\/pachuca\/index.php\/wp-json\/wp\/v2\/product\/3302","targetHints":{"allow":["GET"]}}],"collection":[{"href":"https:\/\/soydeaqui.ddns.net\/pachuca\/index.php\/wp-json\/wp\/v2\/product"}],"about":[{"href":"https:\/\/soydeaqui.ddns.net\/pachuca\/index.php\/wp-json\/wp\/v2\/types\/product"}],"replies":[{"embeddable":true,"href":"https:\/\/soydeaqui.ddns.net\/pachuca\/index.php\/wp-json\/wp\/v2\/comments?post=3302"}],"wp:featuredmedia":[{"embeddable":true,"href":"https:\/\/soydeaqui.ddns.net\/pachuca\/index.php\/wp-json\/wp\/v2\/media\/32"}],"wp:attachment":[{"href":"https:\/\/soydeaqui.ddns.net\/pachuca\/index.php\/wp-json\/wp\/v2\/media?parent=3302"}],"wp:term":[{"taxonomy":"product_brand","embeddable":true,"href":"https:\/\/soydeaqui.ddns.net\/pachuca\/index.php\/wp-json\/wp\/v2\/product_brand?post=3302"},{"taxonomy":"product_cat","embeddable":true,"href":"https:\/\/soydeaqui.ddns.net\/pachuca\/index.php\/wp-json\/wp\/v2\/product_cat?post=3302"},{"taxonomy":"product_tag","embeddable":true,"href":"https:\/\/soydeaqui.ddns.net\/pachuca\/index.php\/wp-json\/wp\/v2\/product_tag?post=3302"}],"curies":[{"name":"wp","href":"https:\/\/api.w.org\/{rel}","templated":true}]}}