{"id":33013,"date":"2026-03-18T14:49:26","date_gmt":"2026-03-18T14:49:26","guid":{"rendered":"https:\/\/soydeaqui.ddns.net\/pachuca\/index.php\/producto\/operador-axo-para-puertas-abatibles-de-hasta-5-mts-y-400-kgs-uso-semi-intensivo-no-incluye-cuadro-de-mando\/"},"modified":"2026-03-18T14:49:27","modified_gmt":"2026-03-18T14:49:27","slug":"operador-axo-para-puertas-abatibles-de-hasta-5-mts-y-400-kgs-uso-semi-intensivo-no-incluye-cuadro-de-mando","status":"publish","type":"product","link":"https:\/\/soydeaqui.ddns.net\/pachuca\/index.php\/producto\/operador-axo-para-puertas-abatibles-de-hasta-5-mts-y-400-kgs-uso-semi-intensivo-no-incluye-cuadro-de-mando\/","title":{"rendered":"Operador AXO para Puertas Abatibles de hasta 5 mts y 400 Kgs  \/ Uso Semi-Intensivo \/No incluye cuadro de mando"},"content":{"rendered":"<div style='width: 100%; max-width: 1200px; margin: 0 auto; font-family: sans-serif; line-height: 1.6; color: inherit; background-color: transparent;'> <!-- Secci\u00f3n principal --> <\/p>\n<div style='display: flex; flex-wrap: wrap; gap: 30px; margin-bottom: 30px;'>\n<div style='flex: 1 1 300px; min-width: 280px;'>\n<h2 style='font-size: 24px; margin-top: 0; color: inherit;'>Operador para puertas abatibles de 5 metros y hasta 400 kg<\/h2>\n<h2 style='font-size: 20px; margin-top: 20px; margin-bottom: 15px; color: inherit; opacity: 0.8;'>Caracter\u00edsticas:<\/h2>\n<ul style='padding-left: 20px; font-size: 15px; color: inherit;'>\n<li style='margin-bottom: 5px;'>Para puertas de hasta 400 kg<\/li>\n<li style='margin-bottom: 5px;'>Longitud m\u00e1xima de la hoja 4 metros<\/li>\n<li style='margin-bottom: 5px;'>Grado de protecci\u00f3n IP44<\/li>\n<li style='margin-bottom: 5px;'>Motor de 24 V dc<\/li>\n<li style='margin-bottom: 5px;'>Detecci\u00f3n de Obst\u00e1culos (Reversible)<\/li>\n<li style='margin-bottom: 5px;'>Dimensiones 1180 x 123 xx 100 mm<\/li>\n<li style='margin-bottom: 5px;'>Incluye montajes para su instalaci\u00f3n<\/li>\n<li style='margin-bottom: 5px;'>M\u00ednimo mantenimiento<\/li>\n<li style='margin-bottom: 5px;'>F\u00e1cil instalaci\u00f3n<\/li>\n<\/ul>\n<p style='font-size: 15px; color: inherit;'>Fiabilidad por principio&comma; potencia bajo control&comma; AXO es la automatizaci\u00f3n de CAME dise\u00f1ada para garantizar la m\u00e1xima potencia y seguridad incluso cuando se trata de hojas de grandes dimensiones.<\/p>\n<\/p><\/div>\n<div style='flex: 1 1 300px; min-width: 280px;'> <img style='width: 100%; height: auto; border: 1px solid rgba(150&comma;150&comma;150&comma;0.3); border-radius: 8px;' src='https:\/\/ftp3.syscom.mx\/usuarios\/fotos\/BancoFotografiasSyscom\/CAME\/001AX3024\/001AX3024-p.PNG' alt=''> <\/div>\n<\/p><\/div>\n<p> <!-- Separador --> <\/p>\n<hr style='border: 0; border-top: 1px solid rgba(150&comma; 150&comma; 150&comma; 0.3); margin: 30px 0;'> <!-- Secci\u00f3n de accesorios y notas --> <\/p>\n<div style='display: flex; flex-wrap: wrap; gap: 30px; margin-bottom: 30px;'>\n<div style='flex: 1 1 300px; min-width: 280px;'> <img style='width: 100%; height: auto; border: 1px solid rgba(150&comma;150&comma;150&comma;0.3); border-radius: 8px;' src='https:\/\/ftp3.syscom.mx\/usuarios\/fotos\/001AX5024\/71309-axo5024p.jpg' alt=''> <\/div>\n<div style='flex: 1 1 300px; min-width: 280px;'>\n<h2 style='font-size: 20px; margin-top: 0; margin-bottom: 15px; color: inherit; opacity: 0.8;'>Accesorios opcionales no incluidos:<\/h2>\n<ul style='padding-left: 20px; font-size: 15px; color: inherit;'>\n<li style='margin-bottom: 5px;'><strong>002ZLJ24110<\/strong> Cuadro de mando para operadores abatibles AXO<\/li>\n<li style='margin-bottom: 5px;'><strong>001DIR10<\/strong> Juego de fotoceldas con alcance de hasta 10 metros<\/li>\n<li style='margin-bottom: 5px;'><strong>001AF43S<\/strong> Tarjeta de radiofrecuencia CAME<\/li>\n<li style='margin-bottom: 5px;'><strong>001TOP432EE<\/strong> Control remoto CAME<\/li>\n<li style='margin-bottom: 5px;'><strong>ESIM320IP<\/strong> Controlador remoto 3G para activaci\u00f3n v\u00eda APP<\/li>\n<li style='margin-bottom: 5px;'><strong>10MATRIXD1224<\/strong> Sensor de masa dobles para cierre o seguridad<\/li>\n<li style='margin-bottom: 5px;'><strong>SYSLM6<\/strong> Lazo magn\u00e9tico de 6 metros<\/li>\n<\/ul>\n<h2 style='font-size: 20px; margin-top: 20px; margin-bottom: 15px; color: inherit; opacity: 0.8;'>Notas adicionales:<\/h2>\n<ul style='padding-left: 20px; font-size: 15px; color: inherit;'>\n<li style='margin-bottom: 5px;'>Equipo con un a\u00f1o de garant\u00eda contra defectos de fabrica<\/li>\n<li style='margin-bottom: 5px;'>Para puertas mayores a 150kg es necesario que estas tengan topes f\u00edsicos para evitar el sobreesfuerzo del equipo.<\/li>\n<\/ul><\/div>\n<\/p><\/div>\n<p> <!-- Separador --> <\/p>\n<hr style='border: 0; border-top: 1px solid rgba(150&comma; 150&comma; 150&comma; 0.3); margin: 30px 0;'> <!-- Secci\u00f3n de videos --> <\/p>\n<div style='display: flex; flex-wrap: wrap; gap: 30px; margin-bottom: 30px;'>\n<div style='flex: 1 1 300px; min-width: 300px;'>\n<div style='position: relative; padding-bottom: 56.25%; height: 0; overflow: hidden; margin-bottom: 30px;'>   <\/div>\n<\/p><\/div>\n<div style='flex: 1 1 300px; min-width: 300px;'>\n<div style='position: relative; padding-bottom: 56.25%; height: 0; overflow: hidden; margin-bottom: 30px;'>   <\/div>\n<\/p><\/div>\n<\/p><\/div>\n<p> <!-- Separador --> <\/p>\n<hr style='border: 0; border-top: 1px solid rgba(150&comma; 150&comma; 150&comma; 0.3); margin: 30px 0;'> <!-- Nota de viento --> <\/p>\n<div style='margin-bottom: 30px;'>\n<p style='font-size: 14px; text-align: center; color: inherit;'> Es importante tener en cuenta la resistencia que el viento puede generar en los portones sin ranuras de ventilaci\u00f3n al operar los motores en apertura y cierre de puertas abatibles. Recomendamos considerar la instalaci\u00f3n de rejillas que permitan la adecuada ventilaci\u00f3n para facilitar el correcto funcionamiento de los dispositivos. <\/p>\n<\/p><\/div>\n<\/p><\/div>\n","protected":false},"excerpt":{"rendered":"<p>Operador AXO para Puertas Abatibles de hasta 5 mts y 400 Kgs  \/ Uso Semi-Intensivo \/No incluye cuadro de mando<\/p>\n","protected":false},"featured_media":33012,"comment_status":"open","ping_status":"closed","template":"","meta":[],"product_brand":[],"product_cat":[821],"product_tag":[401,779,822],"class_list":{"0":"post-33013","1":"product","2":"type-product","3":"status-publish","4":"has-post-thumbnail","6":"product_cat-puertas-abatibles","7":"product_tag-acceso-vehicular","8":"product_tag-came","9":"product_tag-puertas-abatibles","11":"first","12":"instock","13":"sale","14":"shipping-taxable","15":"purchasable","16":"product-type-simple"},"_links":{"self":[{"href":"https:\/\/soydeaqui.ddns.net\/pachuca\/index.php\/wp-json\/wp\/v2\/product\/33013","targetHints":{"allow":["GET"]}}],"collection":[{"href":"https:\/\/soydeaqui.ddns.net\/pachuca\/index.php\/wp-json\/wp\/v2\/product"}],"about":[{"href":"https:\/\/soydeaqui.ddns.net\/pachuca\/index.php\/wp-json\/wp\/v2\/types\/product"}],"replies":[{"embeddable":true,"href":"https:\/\/soydeaqui.ddns.net\/pachuca\/index.php\/wp-json\/wp\/v2\/comments?post=33013"}],"wp:featuredmedia":[{"embeddable":true,"href":"https:\/\/soydeaqui.ddns.net\/pachuca\/index.php\/wp-json\/wp\/v2\/media\/33012"}],"wp:attachment":[{"href":"https:\/\/soydeaqui.ddns.net\/pachuca\/index.php\/wp-json\/wp\/v2\/media?parent=33013"}],"wp:term":[{"taxonomy":"product_brand","embeddable":true,"href":"https:\/\/soydeaqui.ddns.net\/pachuca\/index.php\/wp-json\/wp\/v2\/product_brand?post=33013"},{"taxonomy":"product_cat","embeddable":true,"href":"https:\/\/soydeaqui.ddns.net\/pachuca\/index.php\/wp-json\/wp\/v2\/product_cat?post=33013"},{"taxonomy":"product_tag","embeddable":true,"href":"https:\/\/soydeaqui.ddns.net\/pachuca\/index.php\/wp-json\/wp\/v2\/product_tag?post=33013"}],"curies":[{"name":"wp","href":"https:\/\/api.w.org\/{rel}","templated":true}]}}