{"id":3300,"date":"2026-03-18T06:06:44","date_gmt":"2026-03-18T06:06:44","guid":{"rendered":"https:\/\/soydeaqui.ddns.net\/pachuca\/index.php\/producto\/el-modulo-universal-mas-pequeno-conecte-electrodomesticos-o-accesorios-viejos-y-hagalos-inteligentes-integrable-en-app-shelly-5\/"},"modified":"2026-03-18T06:06:44","modified_gmt":"2026-03-18T06:06:44","slug":"el-modulo-universal-mas-pequeno-conecte-electrodomesticos-o-accesorios-viejos-y-hagalos-inteligentes-integrable-en-app-shelly-5","status":"publish","type":"product","link":"https:\/\/soydeaqui.ddns.net\/pachuca\/index.php\/producto\/el-modulo-universal-mas-pequeno-conecte-electrodomesticos-o-accesorios-viejos-y-hagalos-inteligentes-integrable-en-app-shelly-5\/","title":{"rendered":"El m\u00f3dulo universal m\u00e1s peque\u00f1o, conecte electrodom\u00e9sticos o accesorios viejos y h\u00e1galos inteligentes. Integrable en APP Shelly."},"content":{"rendered":"<div class='row'>\n<div class='col-sm-4'>\n<div style='border-left: 5px solid #0091ff; border-radius: 5px; padding: 5px; box-shadow: 2px 2px 10px #d8d8d8; -webkit-box-shadow: 2px 2px 10px #d8d8d8;'><strong>Caracter\u00edsticas principales:<\/strong> <\/p>\n<ul>\n<li>No requiere HUB<\/li>\n<li>Entradas: 2<\/li>\n<li>Salidas: 2<\/li>\n<li>Canales: 2<\/li>\n<li>Conectividad Wifi 2.4GHz<\/li>\n<\/ul><\/div>\n<\/p><\/div>\n<div class='col-sm-4'>\n<div style='border-left: 5px solid #0091ff; border-radius: 5px; padding: 5px; box-shadow: 2px 2px 10px #d8d8d8; -webkit-box-shadow: 2px 2px 10px #d8d8d8;'><strong>Caracter\u00edsticas F\u00edsicas y El\u00e9ctricas:<\/strong> <\/p>\n<ul>\n<li>Alimentaci\u00f3n AC: 12 &#8211; 24V<\/li>\n<li>Alimentaci\u00f3n DC: 12 &#8211; 36V<\/li>\n<li>Temperatura de operaci\u00f3n: 0 a +40\u00b0C<\/li>\n<li>Consumo de corriente: <1W<\/li>\n<li>Dimensiones: 20mm x 33mm x 13mm<\/li>\n<\/ul><\/div>\n<\/p><\/div>\n<div class='col-sm-4'>\n<div style='border-left: 5px solid #0091ff; border-radius: 5px; padding: 5px; box-shadow: 2px 2px 10px #d8d8d8; -webkit-box-shadow: 2px 2px 10px #d8d8d8;'><strong>Ejemplos de instalaci\u00f3n:<\/strong> <\/p>\n<ul>\n<li>Timbre (<a href='https:\/\/soporte.syscom.mx\/es\/articles\/5849170-shelly-notificacion-en-app-de-boton-fisico-con-shellyuni' target='_blank' rel='noopener'>diagrama aqui<\/a>)<\/li>\n<li>Bot\u00f3n p\u00e1nico (<a href='https:\/\/soporte.syscom.mx\/es\/articles\/5849170-shelly-notificacion-en-app-de-boton-fisico-con-shellyuni' target='_blank' rel='noopener'>diagrama aqui<\/a>)<\/li>\n<li><a href='https:\/\/kb.shelly.cloud\/knowledge-base\/devices'><strong>Base de datos material de apoyo.<\/strong><\/a><\/li>\n<\/ul><\/div>\n<\/p><\/div>\n<\/p><\/div>\n<\/p>\n<div class='container'>\n<div style='position: relative;'><img class='img-responsive center-block' src='https:\/\/ftp3.syscom.mx\/usuarios\/ftp\/single_page\/shelly_img\/banner_shelly_1.jpg' \/> <\/p>\n<div style='position: absolute; left: 10%; top: 30%; color: white;'>\n<h1 style='font-size: 4em;'>SHELLY UNI<\/h1>\n<p style='font-size: 1.5em; font-weight: 100;'>CONVIERTE CUALQUIER COSA EN INTELIGENTE<\/p>\n<\/p><\/div>\n<\/p><\/div>\n<\/p><\/div>\n<hr \/>\n<div class='container center'>\n<h1 style='font-size: 41px; font-weight: 100;'>Funcionalidades<\/h1>\n<div class='row'>\n<div class='col-md-4'>\n<div class='row'><img class='img-responsive center-block' style='height: 70px; margin: auto;' src='https:\/\/ftp3.syscom.mx\/usuarios\/ftp\/single_page\/shelly_img\/size.png' \/><\/div>\n<div class='row'>\n<h3 class='center' style='padding: 0% 4%;'>Universalmente peque\u00f1o<br \/><small>Con el tama\u00f1o ideal de 20 x 33 x 13 mm (0&comma;78 x 1&comma;29 x 0&comma;5 pulgadas)&comma; Shelly UNI es el m\u00f3dulo universal m\u00e1s peque\u00f1o que puede hacer que cualquier aparato antiguo sea inteligente.<\/small><\/h3>\n<\/p><\/div>\n<\/p><\/div>\n<div class='col-md-4'>\n<div class='row'><img class='img-responsive center-block' style='height: 70px; margin: auto;' src='https:\/\/ftp3.syscom.mx\/usuarios\/ftp\/single_page\/shelly_img\/shelly_voltage.png' \/><\/div>\n<div class='row'>\n<h3 class='center' style='padding: 0% 4%;'>Fuente de alimentaci\u00f3n universalmente flexible<br \/><small>Shelly UNI se puede alimentar con una amplia gama de 12V-36V DC y 12V-24V AC.<\/small><\/h3>\n<\/p><\/div>\n<\/p><\/div>\n<div class='col-md-4'>\n<div class='row'><img class='img-responsive center-block' style='height: 70px; margin: auto;' src='https:\/\/ftp3.syscom.mx\/usuarios\/ftp\/single_page\/shelly_img\/shelly_accessories.png' \/><\/div>\n<div class='row'>\n<h3 class='center' style='padding: 0% 4%;'>Entradas digitales universales<br \/><small>Incluye 2 entradas digitales&comma; que pueden soportar diferentes voltajes y funcionan por separado de 2.2-36V DC y 12-24V AC.<\/small><\/h3>\n<\/p><\/div>\n<\/p><\/div>\n<\/p><\/div>\n<div class='row' style='padding-top: 4.5%;'>\n<div class='col-md-4'>\n<div class='row'><img class='img-responsive center-block' style='height: 70px; margin: auto;' src='https:\/\/ftp3.syscom.mx\/usuarios\/ftp\/single_page\/shelly_img\/inputs.png' \/><\/div>\n<div class='row'>\n<h3 class='center' style='padding: 0% 4%;'>Salidas universales<br \/><small>Las dos salidas libres de potencial permiten el control desde entradas o por separado&comma; pudiendo conmutar hasta 36VAC y 24VDC&comma; con una corriente m\u00e1xima de 100 mA cada una.<\/small><\/h3>\n<\/p><\/div>\n<\/p><\/div>\n<div class='col-md-4'>\n<div class='row'><img class='img-responsive center-block' style='height: 70px; margin: auto;' src='https:\/\/ftp3.syscom.mx\/usuarios\/ftp\/single_page\/shelly_img\/shelly_power_metering.png' \/><\/div>\n<div class='row'>\n<h3 class='center' style='padding: 0% 4%;'>ADC universal<br \/><small>La gama ADC puede medir cualquier voltaje de 0 a 30 VCC. Los rangos dobles de 0-12 V y 12-30 V brindan una precisi\u00f3n excepcionalmente alta.<\/small><\/h3>\n<\/p><\/div>\n<\/p><\/div>\n<div class='col-md-4'>\n<div class='row'><img class='img-responsive center-block' style='height: 70px; margin: auto;' src='https:\/\/ftp3.syscom.mx\/usuarios\/ftp\/single_page\/shelly_img\/temp_humidity.png' \/><\/div>\n<div class='row'>\n<h3 class='center' style='padding: 0% 4%;'>Sensores universales de temperatura y humedad<br \/><small>Shelly UNI admite hasta 3 sensores de temperatura DS18B20 o sensores de humedad de 1\u00d0\u00a5&comma; lo que permite activar salidas&comma; escenas locales y de nubes.<\/small><\/h3>\n<\/p><\/div>\n<\/p><\/div>\n<\/p><\/div>\n<div class='row' style='padding-top: 4.5%;'>\n<div class='col-md-6'>\n<div class='row'><img class='img-responsive center-block' style='height: 70px; margin: auto;' src='https:\/\/ftp3.syscom.mx\/usuarios\/ftp\/single_page\/shelly_img\/protocols.png' \/><\/div>\n<div class='row'>\n<h3 class='center' style='padding: 0% 4%;'>Protocolos universales<br \/><small>Fuera de la caja&comma; Shelly UNI es compatible con REST&comma; MQTT&comma; CoAP&comma; Alexa&comma; Google Home y Samsung Smart Things&comma; lo que lo hace altamente compatible con las principales plataformas de automatizaci\u00f3n del hogar.<\/small><\/h3>\n<\/p><\/div>\n<\/p><\/div>\n<div class='col-md-6'>\n<div class='row'><img class='img-responsive center-block' style='height: 70px; margin: auto;' src='https:\/\/ftp3.syscom.mx\/usuarios\/ftp\/single_page\/shelly_img\/guard.png' \/><\/div>\n<div class='row'>\n<h3 class='center' style='padding: 0% 4%;'>Resistencia universal<br \/><small>Aunque no hay un cubo de pl\u00e1stico&comma; la cubierta de aislamiento transparente sobre el chip lo protege de la alta humedad&comma; el polvo y la amenaza de cortocircuitos durante sus largas horas de trabajo.<\/small><\/h3>\n<\/p><\/div>\n<\/p><\/div>\n<\/p><\/div>\n<\/p><\/div>\n<hr \/>\n<div class='container hidden-xs hidden-sm'>\n<div style='position: relative;'><img class='img-responsive center-block' src='https:\/\/ftp3.syscom.mx\/usuarios\/ftp\/single_page\/shelly_img\/shellyuni_0005_imga1.jpg' \/> <\/p>\n<div style='position: absolute; left: 35%; top: 25%; color: white; text-align: center; right: 3%;'>\n<h1 style='font-size: 2.5em;'>EXTRA PEQUE\u00d1O Y EXTRA SEGURO<\/h1>\n<p style='font-size: 1.2em; font-weight: 100;'>Este peque\u00f1o dispositivo puede caber en cualquier lugar que desee. Aunque no hay una caja de pl\u00e1stico a su alrededor&comma; la cubierta transparente sobre el chip lo a\u00edsla y lo protege de posibles peligros para el dispositivo o sus electrodom\u00e9sticos.<\/p>\n<\/p><\/div>\n<\/p><\/div>\n<\/p><\/div>\n<div class='container visible-xs visible-sm'>\n<div><img class='img-responsive center-block' src='https:\/\/ftp3.syscom.mx\/usuarios\/ftp\/single_page\/shelly_img\/shellyuni_0005_imga1.jpg' \/> <\/p>\n<div style='text-align: center;'>\n<h1 style='font-size: 2.5em;'>EXTRA PEQUE\u00d1O Y EXTRA SEGURO<\/h1>\n<p style='font-size: 1.2em; font-weight: 100;'>Este peque\u00f1o dispositivo puede caber en cualquier lugar que desee. Aunque no hay una caja de pl\u00e1stico a su alrededor&comma; la cubierta transparente sobre el chip lo a\u00edsla y lo protege de posibles peligros para el dispositivo o sus electrodom\u00e9sticos.<\/p>\n<\/p><\/div>\n<\/p><\/div>\n<\/p><\/div>\n<div class='container hidden-xs hidden-sm'>\n<div style='position: relative;'><img class='img-responsive center-block' src='https:\/\/ftp3.syscom.mx\/usuarios\/ftp\/single_page\/shelly_img\/shellyuni_0004_imga2b.jpg' \/> <\/p>\n<div style='text-align: center; position: absolute; left: 4%; top: 15%; color: black; right: 42%;'>\n<h1 style='font-size: 2.5em;'>FLEXIBILIDAD SIN L\u00cdMITES<\/h1>\n<p style='font-size: 1.2em; font-weight: 100;'><span style='font-size: 19.2px;'>Las dos entradas digitales disponibles permiten la detecci\u00f3n de cualquier voltaje de 0 a 36V y env\u00edan autom\u00e1ticamente una notificaci\u00f3n a su tel\u00e9fono&comma; activando una escena de Shelly Cloud o activando las salidas.<\/span><\/p>\n<p style='font-size: 1.2em; font-weight: 100;'><span style='font-size: 19.2px;'> <\/span><\/p>\n<p style='font-size: 1.2em; font-weight: 100;'><span style='font-size: 19.2px;'>Puede conectar su Shelly a su antiguo timbre y darle funciones inteligentes&comma; como recibir una notificaci\u00f3n en su tel\u00e9fono cada vez que alguien llama a su puerta.<\/span><\/p>\n<\/p><\/div>\n<\/p><\/div>\n<\/p><\/div>\n<div class='container visible-xs'>\n<div><img class='img-responsive center-block' src='https:\/\/ftp3.syscom.mx\/usuarios\/ftp\/single_page\/shelly_img\/shellyuni_0004_imga2b.jpg' \/> <\/p>\n<div style='text-align: center;'>\n<h1 style='font-size: 2.5em;'>FLEXIBILIDAD SIN L\u00cdMITES<\/h1>\n<p style='font-size: 1.2em; font-weight: 100;'>Las dos entradas digitales disponibles permiten la detecci\u00f3n de cualquier voltaje de 0 a 36V y env\u00edan autom\u00e1ticamente una notificaci\u00f3n a su tel\u00e9fono&comma; activando una escena de Shelly Cloud o activando las salidas.<\/p>\n<p style='font-size: 1.2em; font-weight: 100;'>Puede conectar su Shelly a su antiguo timbre y darle funciones inteligentes&comma; como recibir una notificaci\u00f3n en su tel\u00e9fono cada vez que alguien llama a su puerta.<\/p>\n<\/p><\/div>\n<\/p><\/div>\n<\/p><\/div>\n<div class='container hidden-xs hidden-sm'>\n<div style='position: relative;'><img class='img-responsive center-block' src='https:\/\/ftp3.syscom.mx\/usuarios\/ftp\/single_page\/shelly_img\/shellyuni_0003_imga3.jpg' \/> <\/p>\n<div style='position: absolute; left: 40%; top: 26%; color: white; text-align: center; right: 6%;'>\n<h1 style='font-size: 2.5em;'>MONITOREAR CUALQUIER COSA<\/h1>\n<p style='font-size: 1.2em; font-weight: 100;'>La gama Dual de Shelly UNI le permite conectar cualquier sensor anal\u00f3gico y medirlo. Conecte su sensor de nivel de l\u00edquido a Shelly UNI y mida el nivel o incluso automatice el sistema de llenado.<\/p>\n<\/p><\/div>\n<\/p><\/div>\n<\/p><\/div>\n<div class='container visible-xs'>\n<div><img class='img-responsive center-block' src='https:\/\/ftp3.syscom.mx\/usuarios\/ftp\/single_page\/shelly_img\/shellyuni_0003_imga3.jpg' \/> <\/p>\n<div style='text-align: center;'>\n<h1 style='font-size: 2.5em;'>MONITOREAR CUALQUIER COSA<\/h1>\n<p style='font-size: 1.2em; font-weight: 100;'>La gama Dual de Shelly UNI le permite conectar cualquier sensor anal\u00f3gico y medirlo. Conecte su sensor de nivel de l\u00edquido a Shelly UNI y mida el nivel o incluso automatice el sistema de llenado.<\/p>\n<\/p><\/div>\n<\/p><\/div>\n<\/p><\/div>\n<div class='container hidden-xs hidden-sm'>\n<div style='position: relative;'><img class='img-responsive center-block' src='https:\/\/ftp3.syscom.mx\/usuarios\/ftp\/single_page\/shelly_img\/shellyuni_0002_imga4.jpg' \/> <\/p>\n<div style='position: absolute; left: 4%; top: 25%; color: black; text-align: center; right: 39%;'>\n<h1 style='font-size: 2.5em;'>SALIDAS DOBLES LIBRES DE POTENCIAL<\/h1>\n<p style='font-size: 1.2em; font-weight: 100;'>El Shelly UNI tiene 2 salidas libres de potencial que pueden conmutar hasta 36 VCC y 100 mA. \u00a1No m\u00e1s esperas en la ma\u00f1ana para que tu m\u00e1quina de caf\u00e9 caliente el agua y prepare tu caf\u00e9! Simplemente con\u00e9ctelo a Shelly UNI y enci\u00e9ndalo de forma remota como desee o en un horario establecido.<\/p>\n<\/p><\/div>\n<\/p><\/div>\n<\/p><\/div>\n<div class='container visible-xs'>\n<div><img class='img-responsive center-block' src='https:\/\/ftp3.syscom.mx\/usuarios\/ftp\/single_page\/shelly_img\/shellyuni_0002_imga4.jpg' \/> <\/p>\n<div style='text-align: center;'>\n<h1 style='font-size: 2.5em;'>SALIDAS DOBLES LIBRES DE POTENCIAL<\/h1>\n<p style='font-size: 1.2em; font-weight: 100;'>El Shelly UNI tiene 2 salidas libres de potencial que pueden conmutar hasta 36 VCC y 100 mA. \u00a1No m\u00e1s esperas en la ma\u00f1ana para que tu m\u00e1quina de caf\u00e9 caliente el agua y prepare tu caf\u00e9! Simplemente con\u00e9ctelo a Shelly UNI y enci\u00e9ndalo de forma remota como desee o en un horario establecido.<\/p>\n<\/p><\/div>\n<\/p><\/div>\n<\/p><\/div>\n<div class='container hidden-xs hidden-sm'>\n<div style='position: relative;'><img class='img-responsive center-block' src='https:\/\/ftp3.syscom.mx\/usuarios\/ftp\/single_page\/shelly_img\/shellyuni_0001_imga5.jpg' \/> <\/p>\n<div style='text-align: center; position: absolute; left: 44%; top: 10%; color: white; right: 3%;'>\n<h1 style='font-size: 2.5em;'>LA FORMA M\u00c1S BARATA DE MEDIR LA TEMPERATURA SIN IMPORTAR D\u00d3NDE SE ENCUENTRE<\/h1>\n<p style='font-size: 1.2em; font-weight: 100;'>Shelly UNI admite el sensor de temperatura m\u00e1s popular DS18B20&comma; que se puede utilizar pr\u00e1cticamente en cualquier parte del mundo.<\/p>\n<p style='font-size: 1.2em; font-weight: 100;'>Si desea controlar la temperatura de su piscina&comma; terraza y aire todos juntos&comma; simplemente conecte el 3xDSB18D20 a Shelly UNI y disfrute.<\/p>\n<\/p><\/div>\n<\/p><\/div>\n<\/p><\/div>\n<div class='container visible-xs'>\n<div><img class='img-responsive center-block' src='https:\/\/ftp3.syscom.mx\/usuarios\/ftp\/single_page\/shelly_img\/shellyuni_0001_imga5.jpg' \/> <\/p>\n<div style='text-align: center;'>\n<h1 style='font-size: 2.5em;'>LA FORMA M\u00c1S BARATA DE MEDIR LA TEMPERATURA SIN IMPORTAR D\u00d3NDE SE ENCUENTRE<\/h1>\n<p style='font-size: 1.2em; font-weight: 100;'>Shelly UNI admite el sensor de temperatura m\u00e1s popular DS18B20&comma; que se puede utilizar pr\u00e1cticamente en cualquier parte del mundo.<\/p>\n<p style='font-size: 1.2em; font-weight: 100;'>Si desea controlar la temperatura de su piscina&comma; terraza y aire todos juntos&comma; simplemente conecte el 3xDSB18D20 a Shelly UNI y disfrute.<\/p>\n<\/p><\/div>\n<\/p><\/div>\n<\/p><\/div>\n<div class='container hidden-xs hidden-sm'>\n<div style='position: relative;'><img class='img-responsive center-block' src='https:\/\/ftp3.syscom.mx\/usuarios\/ftp\/single_page\/shelly_img\/shellyuni_0000_imga6.jpg' \/> <\/p>\n<div style='position: absolute; left: 4%; top: 18%; color: black; text-align: center; right: 36%;'>\n<h1 style='font-size: 2.5em;'>APOYO A LA AVENTURA<\/h1>\n<p style='font-size: 1.2em; font-weight: 100;'>La amplia gama de fuentes de alimentaci\u00f3n y flexibilidad hace que Shelly UNI sea la mejor opci\u00f3n para monitorear y controlar su caravana. \u00a1H\u00e1galo tan c\u00f3modo como estar en casa con una de las mejores soluciones de dom\u00f3tica!<\/p>\n<p style='font-size: 1.2em; font-weight: 100;'>Control de energ\u00eda&comma; control de luces&comma; estado de la puerta&comma; temperatura del aire&comma; temperatura del agua&comma; monitor de nivel de agua&comma; fugas.<\/p>\n<\/p><\/div>\n<\/p><\/div>\n<\/p><\/div>\n<div class='container visible-xs'>\n<div style='position: relative;'><img class='img-responsive center-block' src='https:\/\/ftp3.syscom.mx\/usuarios\/ftp\/single_page\/shelly_img\/shellyuni_0000_imga6.jpg' \/> <\/p>\n<div style='text-align: center;'>\n<h1 style='font-size: 2.5em;'>APOYO A LA AVENTURA<\/h1>\n<p style='font-size: 1.2em; font-weight: 100;'>La amplia gama de fuentes de alimentaci\u00f3n y flexibilidad hace que Shelly UNI sea la mejor opci\u00f3n para monitorear y controlar su caravana. \u00a1H\u00e1galo tan c\u00f3modo como estar en casa con una de las mejores soluciones de dom\u00f3tica!<\/p>\n<p style='font-size: 1.2em; font-weight: 100;'>Control de energ\u00eda&comma; control de luces&comma; estado de la puerta&comma; temperatura del aire&comma; temperatura del agua&comma; monitor de nivel de agua&comma; fugas.<\/p>\n<\/p><\/div>\n<\/p><\/div>\n<\/p><\/div>\n<hr \/>\n<div class='container' style='background-color: #183836;'>\n<div class='col-md-12' style='color: white; text-align: center; padding: 26px 26px 0px 26px;'>\n<h1><span style='text-transform: uppercase;'>UNA APLICACI\u00d3N INNUMERABLES POSIBILIDADES<\/span><\/h1>\n<p style='color: white; font-weight: 200; font-size: 18px;'>Con el mejor servicio en la nube del mundo&comma; una interfaz f\u00e1cil de usar&comma; escenas&comma; control masivo y mucho m\u00e1s&comma; la aplicaci\u00f3n Shelly Cloud le permite controlar su hogar desde cualquier lugar. Cada Shelly se puede integrar y funciona con todos los dem\u00e1s dispositivos Shelly en la aplicaci\u00f3n Shelly.<\/p>\n<\/p><\/div>\n<div class='col-md-offset-3 col-md-6'><img class='img-responsive center-block' src='https:\/\/ftp3.syscom.mx\/usuarios\/ftp\/single_page\/shelly_img\/phones.png' \/><\/div>\n<\/p><\/div>\n<div class='container'>\n<div class='col-md-2'><img class='img-responsive center-block' src='https:\/\/ftp3.syscom.mx\/usuarios\/ftp\/single_page\/shelly_img\/mqtt.png' \/><\/div>\n<div class='col-md-2'><img class='img-responsive center-block' src='https:\/\/ftp3.syscom.mx\/usuarios\/ftp\/single_page\/shelly_img\/home_seer.png' \/><\/div>\n<div class='col-md-2'><img class='img-responsive center-block' src='https:\/\/ftp3.syscom.mx\/usuarios\/ftp\/single_page\/shelly_img\/openhab.png' \/><\/div>\n<div class='col-md-2'><img class='img-responsive center-block' src='https:\/\/ftp3.syscom.mx\/usuarios\/ftp\/single_page\/shelly_img\/ha.png' \/><\/div>\n<div class='col-md-2'><img class='img-responsive center-block' src='https:\/\/ftp3.syscom.mx\/usuarios\/ftp\/single_page\/shelly_img\/iobroker.png' \/><\/div>\n<div class='col-md-2'><img class='img-responsive center-block' src='https:\/\/ftp3.syscom.mx\/usuarios\/ftp\/single_page\/shelly_img\/rest2.png' \/><\/div>\n<div class='col-md-2'><img class='img-responsive center-block' src='https:\/\/ftp3.syscom.mx\/usuarios\/ftp\/single_page\/shelly_img\/hubitat.png' \/><\/div>\n<div class='col-md-2'><img class='img-responsive center-block' src='https:\/\/ftp3.syscom.mx\/usuarios\/ftp\/single_page\/shelly_img\/hoobs.png' \/><\/div>\n<div class='col-md-2'><img class='img-responsive center-block' src='https:\/\/ftp3.syscom.mx\/usuarios\/ftp\/single_page\/shelly_img\/symcon.png' \/><\/div>\n<div class='col-md-2'><img class='img-responsive center-block' src='https:\/\/ftp3.syscom.mx\/usuarios\/ftp\/single_page\/shelly_img\/domoticz.png' \/><\/div>\n<div class='col-md-2'><img class='img-responsive center-block' src='https:\/\/ftp3.syscom.mx\/usuarios\/ftp\/single_page\/shelly_img\/nymea.png' \/><\/div>\n<\/p><\/div>\n<hr \/>\n<div class='container'>\n<div class='row'><img class='img-responsive center-block' src='https:\/\/ftp3.syscom.mx\/usuarios\/ftp\/single_page\/shelly_img\/shelly_uni_scheme-1536x717.jpg' \/><\/div>\n<\/p><\/div>\n<hr \/>\n<div class='container' style='background-color: #183836; padding: 40px;'>\n<div class='col-md-6'><img class='img-responsive center-block' src='https:\/\/ftp3.syscom.mx\/usuarios\/ftp\/single_page\/shelly_img\/board.png' \/><\/div>\n<div class='col-md-6'>\n<h1><span style='text-transform: uppercase; color: white;'>PARA DESARROLLADORES<\/span><\/h1>\n<p style='color: white; font-weight: 200; font-size: 18px;'>Shelly Uni est\u00e1 abierta al mundo y a los desarrolladores. Los dispositivos Shelly est\u00e1n protegidos pero&comma; al mismo tiempo&comma; permiten que todos los utilicen f\u00e1cilmente en proyectos nuevos y existentes. Con el servidor web integrado y los comandos HTTP&comma; Shelly puede hacerse compatible con su sistema de automatizaci\u00f3n del hogar existente.<\/p>\n<\/p><\/div>\n<\/p><\/div>\n<div style='text-align: center;'> <\/div>\n<\/p>\n<div class='container' style='background-color: #2f9cd7; border-radius: 10px; padding: 40px;'>\n<div class='col-md-4'><img class='img-responsive center-block' style='padding: 10px 110px;' src='https:\/\/ftp3.syscom.mx\/usuarios\/ftp\/single_page\/shelly_img\/install.png' \/> <\/p>\n<h4 style='color: white; text-align: center;'>INSTALAR<\/h4>\n<p style='color: white; text-align: center;'>Instale su rel\u00e9 ShellyUNI en la pared debajo de la toma de corriente o un interruptor de luz est\u00e1ndar.<\/p>\n<\/p><\/div>\n<div class='col-md-4'><img class='img-responsive center-block' style='padding: 10px 110px;' src='https:\/\/ftp3.syscom.mx\/usuarios\/ftp\/single_page\/shelly_img\/download-app.png' \/> <\/p>\n<h4 style='color: white; text-align: center;'>INSTALAR<\/h4>\n<p style='color: white; text-align: center;'>Descargue e instale la aplicaci\u00f3n m\u00f3vil gratuita de Google Play o Apple\u00ae App Store.<\/p>\n<\/p><\/div>\n<div class='col-md-4'><img class='img-responsive center-block' style='padding: 10px 110px;' src='https:\/\/ftp3.syscom.mx\/usuarios\/ftp\/single_page\/shelly_img\/manual.png' \/> <\/p>\n<h4 style='color: white; text-align: center;'>DESCARGAR<\/h4>\n<p style='color: white; text-align: center;'>Descargue nuestra Gu\u00eda de usuario y siga las instrucciones.<\/p>\n<\/p><\/div>\n<\/p><\/div>\n<\/p>\n<div class='container' style='background-color: #434342; padding: 30px; border-radius: 10px;'><img class='img-responsive center-block' src='https:\/\/ftp3.syscom.mx\/usuarios\/ftp\/single_page\/shelly_img\/shelly_logo_white_std.png' \/><\/div>\n","protected":false},"excerpt":{"rendered":"<p>El m\u00f3dulo universal m\u00e1s peque\u00f1o, conecte electrodom\u00e9sticos o accesorios viejos y h\u00e1galos inteligentes. Integrable en APP Shelly.<\/p>\n","protected":false},"featured_media":32,"comment_status":"open","ping_status":"closed","template":"","meta":[],"product_brand":[],"product_cat":[148],"product_tag":[30,149,58],"class_list":{"0":"post-3300","1":"product","2":"type-product","3":"status-publish","4":"has-post-thumbnail","6":"product_cat-sensores-y-relevadores","7":"product_tag-automatizacion-casa-inteligente","8":"product_tag-sensores-y-relevadores","9":"product_tag-shelly","11":"first","12":"outofstock","13":"sale","14":"shipping-taxable","15":"purchasable","16":"product-type-simple"},"_links":{"self":[{"href":"https:\/\/soydeaqui.ddns.net\/pachuca\/index.php\/wp-json\/wp\/v2\/product\/3300","targetHints":{"allow":["GET"]}}],"collection":[{"href":"https:\/\/soydeaqui.ddns.net\/pachuca\/index.php\/wp-json\/wp\/v2\/product"}],"about":[{"href":"https:\/\/soydeaqui.ddns.net\/pachuca\/index.php\/wp-json\/wp\/v2\/types\/product"}],"replies":[{"embeddable":true,"href":"https:\/\/soydeaqui.ddns.net\/pachuca\/index.php\/wp-json\/wp\/v2\/comments?post=3300"}],"wp:featuredmedia":[{"embeddable":true,"href":"https:\/\/soydeaqui.ddns.net\/pachuca\/index.php\/wp-json\/wp\/v2\/media\/32"}],"wp:attachment":[{"href":"https:\/\/soydeaqui.ddns.net\/pachuca\/index.php\/wp-json\/wp\/v2\/media?parent=3300"}],"wp:term":[{"taxonomy":"product_brand","embeddable":true,"href":"https:\/\/soydeaqui.ddns.net\/pachuca\/index.php\/wp-json\/wp\/v2\/product_brand?post=3300"},{"taxonomy":"product_cat","embeddable":true,"href":"https:\/\/soydeaqui.ddns.net\/pachuca\/index.php\/wp-json\/wp\/v2\/product_cat?post=3300"},{"taxonomy":"product_tag","embeddable":true,"href":"https:\/\/soydeaqui.ddns.net\/pachuca\/index.php\/wp-json\/wp\/v2\/product_tag?post=3300"}],"curies":[{"name":"wp","href":"https:\/\/api.w.org\/{rel}","templated":true}]}}