{"id":32997,"date":"2026-03-18T14:49:01","date_gmt":"2026-03-18T14:49:01","guid":{"rendered":"https:\/\/soydeaqui.ddns.net\/pachuca\/index.php\/producto\/kit-impresora-de-tarjetas-pvc-una-cara-incluye-cinta-full-color-software-100-tarjetas-pvc-kit-limpieza\/"},"modified":"2026-03-18T14:49:09","modified_gmt":"2026-03-18T14:49:09","slug":"kit-impresora-de-tarjetas-pvc-una-cara-incluye-cinta-full-color-software-100-tarjetas-pvc-kit-limpieza","status":"publish","type":"product","link":"https:\/\/soydeaqui.ddns.net\/pachuca\/index.php\/producto\/kit-impresora-de-tarjetas-pvc-una-cara-incluye-cinta-full-color-software-100-tarjetas-pvc-kit-limpieza\/","title":{"rendered":"kit impresora de tarjetas PVC\/ Una Cara \/ Incluye Cinta Full Color, Software, 100 tarjetas PVC, Kit limpieza"},"content":{"rendered":"<div style='width: 100%; max-width: 1200px; margin: 0 auto; font-family: sans-serif; line-height: 1.6; color: inherit; background-color: transparent;'> <!-- Secci\u00f3n de introducci\u00f3n --> <\/p>\n<div style='margin-bottom: 30px;'>\n<p style='font-size: 15px; margin-bottom: 15px; color: inherit;'>Las impresoras de tarjetas de identificaci\u00f3n SMART-30 brindan un valor excepcional a todos los usuarios que buscan imprimir tarjetas de alta calidad bajo demanda. \u00c9stas vienen con tecnolog\u00eda de impresi\u00f3n Fine \u2122 para ofrecer reproducci\u00f3n de verdadero color en todas sus tarjetas.<\/p>\n<h3 style='font-size: 18px; border-bottom: 2px solid currentColor; padding-bottom: 5px; margin-top: 0; margin-bottom: 15px; color: inherit; opacity: 0.8;'>Admite impresi\u00f3n en UV ( holograma que solo se ve con Luz Negra UV).<\/h3>\n<p style='font-size: 15px; margin-bottom: 15px; color: inherit;'>Si est\u00e1 buscando una soluci\u00f3n de impresi\u00f3n de tarjetas asequible pero f\u00e1cil de usar&comma; no busque m\u00e1s. \u00a1Una impresora de tarjeta SMART30 exceder\u00e1 todas sus expectativas!<\/p>\n<\/p><\/div>\n<p> <!-- Secci\u00f3n de caracter\u00edsticas --> <\/p>\n<div style='display: flex; flex-wrap: wrap; gap: 30px; margin-bottom: 30px;'>\n<div style='flex: 1 1 300px; min-width: 280px;'>\n<h3 style='font-size: 22px; border-bottom: 2px solid currentColor; padding-bottom: 5px; margin-top: 0; color: inherit; opacity: 0.8;'>Caracter\u00edsticas<\/h3>\n<ul style='padding-left: 20px; font-size: 15px; color: inherit;'>\n<li style='margin-bottom: 5px;'><strong>Impresi\u00f3n por un solo lado.<\/strong><\/li>\n<li style='margin-bottom: 5px;'><strong>Admite impresi\u00f3n en UV ( holograma que solo se ve con Luz Negra UV)&comma; requiere ribbon<\/strong> <a style='color: #005cb9; text-decoration: none; font-size: 12px;' href='https:\/\/www.syscom.mx\/principal\/searchcont?route=659000-IDP-71089&#038;autodetect=smart30'>659000<\/a><\/li>\n<li style='margin-bottom: 5px;'>Admite m\u00f3dulo de volteo en caso de expansi\u00f3n futura (sobre pedido).<\/li>\n<li style='margin-bottom: 5px;'>Avanzado sistema de limpiado.<\/li>\n<li style='margin-bottom: 5px;'>Ideal para aplicaciones de medio volumen.<\/li>\n<li style='margin-bottom: 5px;'>M\u00e9todo de impresi\u00f3n color por sublimaci\u00f3n y transferencia t\u00e9rmica en monocrom\u00e1tico.<\/li>\n<li style='margin-bottom: 5px;'>Velocidad de impresi\u00f3n a color hasta 128 tarjetas (un solo lado)&comma; en monocrom\u00e1tico hasta 720 tarjetas (un solo lado) por hora.<\/li>\n<li style='margin-bottom: 5px;'>Resoluci\u00f3n de impresi\u00f3n de 300 dpi<\/li>\n<li style='margin-bottom: 5px;'>Tarjetas compatibles ISO CR80: <a style='color: #005cb9; text-decoration: none; font-size: 12px; font-weight: 600;' href='https:\/\/www.syscom.mx\/principal\/searchcont?route=DIC-100091-IDP-65343&#038;autodetect=dic100091'>DIC-100091<\/a> (PVC Blancas)&comma; <a style='color: #005cb9; text-decoration: none; font-size: 12px; font-weight: 600;' href='https:\/\/www.syscom.mx\/principal\/searchcont?route=DIC10293-100-ACCESSPRO-65201&#038;autodetect=DIC10293100'>DIC10293-100<\/a> (PVC con Adhesivo)&comma; <a style='color: #005cb9; text-decoration: none; font-size: 12px; font-weight: 600;' href='https:\/\/www.syscom.mx\/principal\/searchcont?route=ISOPROX-HID-97140&#038;autodetect=isoprox'>ISOPROX<\/a>&comma; <a style='color: #005cb9; text-decoration: none; font-size: 12px; font-weight: 600;' href='https:\/\/www.syscom.mx\/principal\/searchcont?route=ISOPROX26-HID-152633&#038;autodetect=isoprox'>ISOPROX26<\/a> (PROX HID)&comma; <a style='color: #005cb9; text-decoration: none; font-size: 12px; font-weight: 600;' href='https:\/\/www.syscom.mx\/principal\/searchcont?route=SEOS8KC26-HID-152671&#038;autodetect=seos8kc'>SEOS8KC26<\/a>&comma; <a style='color: #005cb9; text-decoration: none; font-size: 12px; font-weight: 600;' href='https:\/\/www.syscom.mx\/principal\/searchcont?route=SEOS8KC-HID-97148&#038;autodetect=seos8kc'>SEOS8KC<\/a> (SEOS HID)&comma; <a style='color: #005cb9; text-decoration: none; font-size: 12px; font-weight: 600;' href='https:\/\/www.syscom.mx\/principal\/searchcont?route=ATR-11-ROSSLARE-SECURITY-PRODUCTS-10952&#038;autodetect=atr11'>ATR-11<\/a> (PROX EM).<\/li>\n<li style='margin-bottom: 5px;'>Interfaz de comunicaci\u00f3n USB&comma; Ethernet (opcional sobre pedido).<\/li>\n<li style='margin-bottom: 5px;'><strong>Sistemas operativos soportados:<\/strong> Microsoft Windows 7\/ 8 \/10&comma; Mac OS (solo driver)&comma; Linux (solo driver).<\/li>\n<li style='margin-bottom: 5px;'><strong>Dimensiones de la impresora:<\/strong> 172 x 377 x 190 mm<\/li>\n<li style='margin-bottom: 5px;'><strong>Peso:<\/strong> 3.4 kg<\/li>\n<li style='margin-bottom: 5px;'><strong>Alimentaci\u00f3n:<\/strong> Transformador de 100\/120 Vca&comma; salida a 24Vcc consumo de 48 W.<\/li>\n<li style='margin-bottom: 5px;'><strong>Cumple:<\/strong> FCC&comma; CE&comma; UL&comma; GOST-R y CCC.<\/li>\n<\/ul><\/div>\n<\/p><\/div>\n<p> <!-- Secci\u00f3n de garant\u00eda --> <\/p>\n<div style='display: flex; flex-wrap: wrap; gap: 30px; margin-bottom: 30px;'>\n<div style='flex: 1 1 300px; min-width: 280px;'>\n<h3 style='font-size: 22px; border-bottom: 2px solid currentColor; padding-bottom: 5px; margin-top: 0; color: inherit; opacity: 0.8;'>Pol\u00edtica de Garant\u00eda<\/h3>\n<ul style='padding-left: 20px; font-size: 15px; color: inherit;'>\n<li style='margin-bottom: 5px;'><\/li>\n<\/ul><\/div>\n<\/p><\/div>\n<p> <!-- Secci\u00f3n de contenido del kit --> <\/p>\n<div style='display: flex; flex-wrap: wrap; gap: 30px; margin-bottom: 30px;'>\n<div style='flex: 1 1 300px; min-width: 280px;'>\n<h3 style='font-size: 22px; border-bottom: 2px solid currentColor; padding-bottom: 5px; margin-top: 0; color: inherit; opacity: 0.8;'>El Kit incluye:<\/h3>\n<ul style='padding-left: 20px; font-size: 15px; color: inherit;'>\n<li style='margin-bottom: 5px;'><strong>Una cinta Full Color YMCKO<\/strong> <a style='color: #005cb9; text-decoration: none; font-size: 12px; font-weight: 600;' href='https:\/\/www.syscom.mx\/principal\/searchcont?route=650634-IDP-71068&#038;autodetect=650634'>650634<\/a><\/li>\n<li style='margin-bottom: 5px;'><strong>Un paquete de 100 tarjetas<\/strong> (PVC sin chip) <a style='color: #005cb9; text-decoration: none; font-size: 12px; font-weight: 600;' href='https:\/\/www.syscom.mx\/principal\/searchcont?route=DIC10293-100-ACCESSPRO-65201&#038;autodetect=DIC10293100'>DIC10293-100<\/a><\/li>\n<li style='margin-bottom: 5px;'><strong>Un kit de limpieza<\/strong> (El que incluye es solo para un servicio) <a style='color: #005cb9; text-decoration: none; font-size: 12px; font-weight: 600;' href='https:\/\/www.syscom.mx\/principal\/searchcont?route=659008-IDP-79006&#038;autodetect=smart30'>659008<\/a><\/li>\n<li style='margin-bottom: 5px;'><strong>Software SMARTDESIGN<\/strong> (compatible en windows).<\/li>\n<\/ul><\/div>\n<\/p><\/div>\n<p> <!-- Secci\u00f3n de video --> <\/p>\n<div style='margin-bottom: 30px;'>\n<h3 style='font-size: 22px; border-bottom: 2px solid currentColor; padding-bottom: 5px; margin-top: 0; margin-bottom: 15px; color: inherit; opacity: 0.8;'>V\u00eddeo<\/h3>\n<div style='position: relative; padding-bottom: 56.25%; height: 0; overflow: hidden; margin-bottom: 30px;'>   <\/div>\n<p style='font-size: 14px; margin-bottom: 15px; color: inherit;'><a style='color: #005cb9; text-decoration: none;' href='https:\/\/www.youtube.com\/watch?v=zUUg35WNCsc'>Como instalar el ribbon<\/a><\/p>\n<\/p><\/div>\n<p> <!-- Secci\u00f3n de notas --> <\/p>\n<div style='margin-bottom: 30px;'>\n<h3 style='font-size: 22px; border-bottom: 2px solid currentColor; padding-bottom: 5px; margin-top: 0; margin-bottom: 15px; color: inherit; opacity: 0.8;'>Notas<\/h3>\n<p style='font-size: 15px; margin-bottom: 15px; color: inherit;'>S\u00f3lo se da soporte al software suministrado con el equipo o proporcionado por SYSCOM y siempre y cuando se utilice el mismo motor de base de datos que se incluye. Cualquier otra implementaci\u00f3n hacia otro software u otra versi\u00f3n de base de datos&comma; es responsabilidad del integrador o desarrollador a cargo.<\/p>\n<p style='font-size: 15px; font-weight: bold; color: inherit;'>Hasta Agotar Existencias<\/p>\n<\/p><\/div>\n<p> <!-- Separador final --> <\/p>\n<hr style='border: 0; border-top: 1px solid rgba(150&comma; 150&comma; 150&comma; 0.3); margin: 30px 0;'> <\/div>\n","protected":false},"excerpt":{"rendered":"<p>kit impresora de tarjetas PVC\/ Una Cara \/ Incluye Cinta Full Color, Software, 100 tarjetas PVC, Kit limpieza<\/p>\n","protected":false},"featured_media":32996,"comment_status":"open","ping_status":"closed","template":"","meta":[],"product_brand":[],"product_cat":[823],"product_tag":[812,824,62],"class_list":{"0":"post-32997","1":"product","2":"type-product","3":"status-publish","4":"has-post-thumbnail","6":"product_cat-todos-identificacion-y-credencializacion","7":"product_tag-identificacion-y-credencializacion","8":"product_tag-idp","9":"product_tag-todos","11":"first","12":"outofstock","13":"sale","14":"shipping-taxable","15":"purchasable","16":"product-type-simple"},"_links":{"self":[{"href":"https:\/\/soydeaqui.ddns.net\/pachuca\/index.php\/wp-json\/wp\/v2\/product\/32997","targetHints":{"allow":["GET"]}}],"collection":[{"href":"https:\/\/soydeaqui.ddns.net\/pachuca\/index.php\/wp-json\/wp\/v2\/product"}],"about":[{"href":"https:\/\/soydeaqui.ddns.net\/pachuca\/index.php\/wp-json\/wp\/v2\/types\/product"}],"replies":[{"embeddable":true,"href":"https:\/\/soydeaqui.ddns.net\/pachuca\/index.php\/wp-json\/wp\/v2\/comments?post=32997"}],"wp:featuredmedia":[{"embeddable":true,"href":"https:\/\/soydeaqui.ddns.net\/pachuca\/index.php\/wp-json\/wp\/v2\/media\/32996"}],"wp:attachment":[{"href":"https:\/\/soydeaqui.ddns.net\/pachuca\/index.php\/wp-json\/wp\/v2\/media?parent=32997"}],"wp:term":[{"taxonomy":"product_brand","embeddable":true,"href":"https:\/\/soydeaqui.ddns.net\/pachuca\/index.php\/wp-json\/wp\/v2\/product_brand?post=32997"},{"taxonomy":"product_cat","embeddable":true,"href":"https:\/\/soydeaqui.ddns.net\/pachuca\/index.php\/wp-json\/wp\/v2\/product_cat?post=32997"},{"taxonomy":"product_tag","embeddable":true,"href":"https:\/\/soydeaqui.ddns.net\/pachuca\/index.php\/wp-json\/wp\/v2\/product_tag?post=32997"}],"curies":[{"name":"wp","href":"https:\/\/api.w.org\/{rel}","templated":true}]}}