{"id":32980,"date":"2026-03-18T14:48:39","date_gmt":"2026-03-18T14:48:39","guid":{"rendered":"https:\/\/soydeaqui.ddns.net\/pachuca\/index.php\/producto\/kit-de-impresora-de-tarjetas-de-pvc-cinta-250-impresiones-paq-100-tarjetas-pvc-software-impresion-un-solo-lado-laminacion-opcional\/"},"modified":"2026-03-18T14:48:45","modified_gmt":"2026-03-18T14:48:45","slug":"kit-de-impresora-de-tarjetas-de-pvc-cinta-250-impresiones-paq-100-tarjetas-pvc-software-impresion-un-solo-lado-laminacion-opcional","status":"publish","type":"product","link":"https:\/\/soydeaqui.ddns.net\/pachuca\/index.php\/producto\/kit-de-impresora-de-tarjetas-de-pvc-cinta-250-impresiones-paq-100-tarjetas-pvc-software-impresion-un-solo-lado-laminacion-opcional\/","title":{"rendered":"Kit de Impresora de tarjetas de PVC\/ Cinta 250 impresiones\/ Paq 100 tarjetas PVC\/ Software \/ Impresi\u00f3n UN SOLO LADO \/ Laminaci\u00f3n opcional"},"content":{"rendered":"<div style='width: 100%; max-width: 1200px; margin: 0 auto; font-family: sans-serif; line-height: 1.6; color: inherit; background-color: transparent;'>\n<div style='display: flex; flex-direction: column; gap: 30px;'>\n<div style='width: 100%;'> <img style='width: 100%; max-width: 450px; height: auto; border: 1px solid rgba(150&comma;150&comma;150&comma;0.3); border-radius: 8px;' src='http:\/\/www.idpnorthamerica.com\/img\/logo.png' alt='' \/> <\/p>\n<p style='margin-top: 20px; margin-bottom: 15px;'>Capacidad de Impresi\u00f3n de una o Doble Cara para Impresi\u00f3n de Tarjetas. Muy competitiva&comma; su alta calidad de impresi\u00f3n da como resultado una vista profesional a sus tarjetas&comma; con un dise\u00f1o de alta clase. SMART50 es una impresora de una o doble cara en tarjetas&comma; es la soluci\u00f3n ideal en personalizaci\u00f3n de tarjetas para todo tipo de aplicaci\u00f3n sin importar si se va a imprimir una foto o no. El avanzado sistema de limpieza de rodillo remueve las part\u00edculas que se encuentran en las tarjetas evitando da\u00f1ar los cabezales o disminuir la calidad de impresi\u00f3n.<\/p>\n<\/p><\/div>\n<div style='display: flex; flex-wrap: wrap; gap: 30px;'>\n<div style='flex: 1 1 300px; min-width: 280px;'>\n<h3 style='font-size: 22px; border-bottom: 2px solid currentColor; padding-bottom: 5px; margin-top: 0; color: inherit; opacity: 0.8;'>Caracter\u00edsticas<\/h3>\n<ul style='padding-left: 20px; font-size: 15px; color: inherit;'>\n<li style='margin-bottom: 5px;'>Impresi\u00f3n de tarjetas de un lado&comma; si requiere <strong>doble lado<\/strong> requiere m\u00f3dulo <a style='color: #085eb9; text-decoration: none; font-weight: bold;' href='https:\/\/www.syscom.mx\/producto\/F-SMART50-IDP-71066.html'>F-SMART50<\/a>&comma; si requiere <strong>laminaci\u00f3n<\/strong> se requiere <a style='color: #085eb9; text-decoration: none; font-weight: bold;' href='https:\/\/www.syscom.mx\/producto\/LA-SMART50-IDP-71067.html'>LA-SMART50<\/a><\/li>\n<li style='margin-bottom: 5px;'>Admite impresi\u00f3n en UV (holograma que solo se ve con Luz Negra UV)&comma; requiere ribbon <a style='color: #005cb9; text-decoration: none; font-weight: bold;' href='https:\/\/www.syscom.mx\/principal\/searchcont?route=659000-IDP-71089&#038;autodetect=smart30'>659000<\/a><\/li>\n<li style='margin-bottom: 5px;'>Opciones de crecimiento modular: tarjeta de red&comma; codificador Mifare&comma; codificador de tarjeta de contacto (chip) y codificador de banda magn\u00e9tica<\/li>\n<li style='margin-bottom: 5px;'>Dise\u00f1o amigable al usuario<\/li>\n<li style='margin-bottom: 5px;'>Avanzado sistema de limpiado<\/li>\n<li style='margin-bottom: 5px;'>Pantalla de LCD<\/li>\n<li style='margin-bottom: 5px;'>Ideal para aplicaciones de medio volumen<\/li>\n<li style='margin-bottom: 5px;'>M\u00e9todo de impresi\u00f3n color por sublimaci\u00f3n y transferencia t\u00e9rmica en monocrom\u00e1tico<\/li>\n<li style='margin-bottom: 5px;'>Velocidad de impresi\u00f3n a color hasta 144 tarjetas (un solo lado)&comma; en monocrom\u00e1tico hasta 720 tarjetas (un solo lado) por hora<\/li>\n<li style='margin-bottom: 5px;'>Resoluci\u00f3n de impresi\u00f3n de 300 dpi<\/li>\n<li style='margin-bottom: 5px;'>Tarjetas compatibles: DIC100091&comma; DIC10293100&comma; PC27&comma; ISOPROX y ATR11<\/li>\n<li style='margin-bottom: 5px;'>Interfaz de comunicaci\u00f3n USB&comma; Ethernet (opcional)<\/li>\n<li style='margin-bottom: 5px;'>Sistemas operativos soportados Windows 2000&comma; XP&comma; Vista y 7 (32 y 64 bit)<\/li>\n<li style='margin-bottom: 5px;'>Dimensiones de la impresora 170 X 420 X 196 mm<\/li>\n<li style='margin-bottom: 5px;'>Peso de 4.5 kg<\/li>\n<li style='margin-bottom: 5px;'>Alimentaci\u00f3n: Transformador de 100\/120 Vca&comma; salida a 24Vcc consumo de 48 W<\/li>\n<li style='margin-bottom: 5px;'>Cumple: FCC&comma; CE&comma; UL&comma; GOST-R y CCC<\/li>\n<\/ul><\/div>\n<\/p><\/div>\n<div style='display: flex; flex-wrap: wrap; gap: 20px;'>\n<div style='flex: 1 1 250px; border: 1px solid rgba(150&comma; 150&comma; 150&comma; 0.4); border-radius: 8px; overflow: hidden; display: flex; flex-direction: column;'>\n<div style='padding: 15px; border-bottom: 1px solid rgba(150&comma; 150&comma; 150&comma; 0.2); font-weight: bold; font-size: 18px; color: inherit;'>Pol\u00edtica de Garant\u00eda<\/div>\n<div style='padding: 15px; color: inherit;'>\n<ul style='padding-left: 20px; margin: 0; font-size: 14px; list-style-type: disc;'>\n<li style='margin-bottom: 5px;'>.<\/li>\n<\/ul><\/div>\n<\/p><\/div>\n<div style='flex: 1 1 250px; border: 1px solid rgba(150&comma; 150&comma; 150&comma; 0.4); border-radius: 8px; overflow: hidden; display: flex; flex-direction: column;'>\n<div style='padding: 15px; border-bottom: 1px solid rgba(150&comma; 150&comma; 150&comma; 0.2); font-weight: bold; font-size: 18px; color: inherit;'>El Kit incluye<\/div>\n<div style='padding: 15px; color: inherit;'>\n<ul style='padding-left: 20px; margin: 0; font-size: 14px; list-style-type: disc;'>\n<li style='margin-bottom: 5px;'>Una cinta Full Color YMCKO <a style='color: #005cb9; text-decoration: none; font-weight: 600;' href='https:\/\/www.syscom.mx\/principal\/searchcont?route=650634-IDP-71068&#038;autodetect=650634'>650634<\/a><\/li>\n<li style='margin-bottom: 5px;'>Un paquete de 100 tarjetas (PVC sin chip) <a style='color: #005cb9; text-decoration: none; font-weight: 600;' href='https:\/\/www.syscom.mx\/principal\/searchcont?route=DIC10293-100-ACCESSPRO-65201&#038;autodetect=DIC10293100'>DIC10293-100<\/a><\/li>\n<li style='margin-bottom: 5px;'>Un kit de limpieza <a style='color: #005cb9; text-decoration: none; font-weight: 600;' href='https:\/\/www.syscom.mx\/principal\/searchcont?route=659008-IDP-79006&#038;autodetect=smart30'>659008<\/a> (El que incluye es solo para un servicio)<\/li>\n<li style='margin-bottom: 5px;'>Software SMARTDESIGN (compatible en windows)<\/li>\n<\/ul><\/div>\n<\/p><\/div>\n<\/p><\/div>\n<div style='width: 100%;'>\n<h3 style='font-size: 22px; border-bottom: 2px solid currentColor; padding-bottom: 5px; margin-top: 0; color: inherit; opacity: 0.8;'>V\u00eddeo<\/h3>\n<div style='position: relative; padding-bottom: 56.25%; height: 0; overflow: hidden; margin-bottom: 30px;'>   <\/div>\n<\/p><\/div>\n<div style='width: 100%;'> <img style='width: 100%; height: auto; border: 1px solid rgba(150&comma;150&comma;150&comma;0.3); border-radius: 8px;' src='http:\/\/www.idp-corp.com\/idp-corpcom\/down\/user\/sub04_customer_faq_copy_copy.jpg' alt='' \/> <\/p>\n<p style='margin-top: 15px; margin-bottom: 0;'><strong>Notas:<\/strong> <span style='font-size: 10pt; font-family: Arial&comma; sans-serif;'>Solo se da soporte al software suministrado con el equipo o proporcionado por SYSCOM y siempre y cuando se utilice el mismo motor de base de datos que se incluye. Cualquier otra implementaci\u00f3n hacia otro software u otra versi\u00f3n de base de datos&comma; es responsabilidad del integrador o desarrollador a cargo.<\/span><\/p>\n<p style='margin-top: 15px; margin-bottom: 0;'><strong>HASTA AGOTAR EXISTENCIAS<\/strong><\/p>\n<\/p><\/div>\n<\/p><\/div>\n<\/p><\/div>\n","protected":false},"excerpt":{"rendered":"<p>Kit de Impresora de tarjetas de PVC\/ Cinta 250 impresiones\/ Paq 100 tarjetas PVC\/ Software \/ Impresi\u00f3n UN SOLO LADO \/ Laminaci\u00f3n opcional<\/p>\n","protected":false},"featured_media":32979,"comment_status":"open","ping_status":"closed","template":"","meta":[],"product_brand":[],"product_cat":[823],"product_tag":[812,824,62],"class_list":{"0":"post-32980","1":"product","2":"type-product","3":"status-publish","4":"has-post-thumbnail","6":"product_cat-todos-identificacion-y-credencializacion","7":"product_tag-identificacion-y-credencializacion","8":"product_tag-idp","9":"product_tag-todos","11":"first","12":"outofstock","13":"sale","14":"shipping-taxable","15":"purchasable","16":"product-type-simple"},"_links":{"self":[{"href":"https:\/\/soydeaqui.ddns.net\/pachuca\/index.php\/wp-json\/wp\/v2\/product\/32980","targetHints":{"allow":["GET"]}}],"collection":[{"href":"https:\/\/soydeaqui.ddns.net\/pachuca\/index.php\/wp-json\/wp\/v2\/product"}],"about":[{"href":"https:\/\/soydeaqui.ddns.net\/pachuca\/index.php\/wp-json\/wp\/v2\/types\/product"}],"replies":[{"embeddable":true,"href":"https:\/\/soydeaqui.ddns.net\/pachuca\/index.php\/wp-json\/wp\/v2\/comments?post=32980"}],"wp:featuredmedia":[{"embeddable":true,"href":"https:\/\/soydeaqui.ddns.net\/pachuca\/index.php\/wp-json\/wp\/v2\/media\/32979"}],"wp:attachment":[{"href":"https:\/\/soydeaqui.ddns.net\/pachuca\/index.php\/wp-json\/wp\/v2\/media?parent=32980"}],"wp:term":[{"taxonomy":"product_brand","embeddable":true,"href":"https:\/\/soydeaqui.ddns.net\/pachuca\/index.php\/wp-json\/wp\/v2\/product_brand?post=32980"},{"taxonomy":"product_cat","embeddable":true,"href":"https:\/\/soydeaqui.ddns.net\/pachuca\/index.php\/wp-json\/wp\/v2\/product_cat?post=32980"},{"taxonomy":"product_tag","embeddable":true,"href":"https:\/\/soydeaqui.ddns.net\/pachuca\/index.php\/wp-json\/wp\/v2\/product_tag?post=32980"}],"curies":[{"name":"wp","href":"https:\/\/api.w.org\/{rel}","templated":true}]}}