{"id":3290,"date":"2026-03-18T06:06:39","date_gmt":"2026-03-18T06:06:39","guid":{"rendered":"https:\/\/soydeaqui.ddns.net\/pachuca\/index.php\/producto\/contacto-magnetico-switchbot-bluetooth\/"},"modified":"2026-03-18T06:06:41","modified_gmt":"2026-03-18T06:06:41","slug":"contacto-magnetico-switchbot-bluetooth","status":"publish","type":"product","link":"https:\/\/soydeaqui.ddns.net\/pachuca\/index.php\/producto\/contacto-magnetico-switchbot-bluetooth\/","title":{"rendered":"Contacto Magnetico SwitchBot \/ BLUETOOTH"},"content":{"rendered":"<div style='width: 100%; max-width: 1200px; margin: 0 auto; font-family: sans-serif; line-height: 1.6; color: inherit; background-color: transparent;'>\n<div style='display: flex; flex-wrap: wrap; gap: 30px; margin-bottom: 30px;'>\n<div style='flex: 1 1 300px; min-width: 280px;'>\n<h3 style='font-size: 22px; border-bottom: 2px solid currentColor; padding-bottom: 5px; margin-top: 0; color: inherit; opacity: 0.8;'>Caracter\u00edsticas principales<\/h3>\n<ul style='padding-left: 20px; font-size: 15px; color: inherit;'>\n<li style='margin-bottom: 5px;'><strong>Dimensi\u00f3n:<\/strong> 70&comma;5 mm x 25&comma;5 mm x 23 mm (sensor de contacto); 35 mm x 12 mm x 12&comma;5 mm (im\u00e1n)<\/li>\n<li style='margin-bottom: 5px;'><strong>Peso:<\/strong> 43 g (sensor de contacto con bater\u00edas); 13 g (im\u00e1n<\/li>\n<\/ul><\/div>\n<div style='flex: 1 1 300px; min-width: 280px;'>\n<h3 style='font-size: 22px; border-bottom: 2px solid currentColor; padding-bottom: 5px; margin-top: 0; color: inherit; opacity: 0.8;'>Caracter\u00edsticas principales<\/h3>\n<ul style='padding-left: 20px; font-size: 15px; color: inherit;'>\n<li style='margin-bottom: 5px;'><strong>Color:<\/strong> Blanco<\/li>\n<li style='margin-bottom: 5px;'><strong>Material:<\/strong> ABS con revestimiento anti-UV<\/li>\n<li style='margin-bottom: 5px;'><strong>Compatibilidad:<\/strong> Android 5.0+&comma; iOS 14.0+<\/li>\n<li style='margin-bottom: 5px;'><strong>Entorno de trabajo:<\/strong> -10\u00b0C~60\u00b0C \/ 20-85%RH 14\u00baF~140\u00baF<\/li>\n<li style='margin-bottom: 5px;'><strong>Entrada de energ\u00eda:<\/strong> Bater\u00eda: AAA x 2<\/li>\n<\/ul><\/div>\n<div style='flex: 1 1 300px; min-width: 280px;'>\n<h3 style='font-size: 22px; border-bottom: 2px solid currentColor; padding-bottom: 5px; margin-top: 0; color: inherit; opacity: 0.8;'>Caracter\u00edsticas principales<\/h3>\n<ul style='padding-left: 20px; font-size: 15px; color: inherit;'>\n<li style='margin-bottom: 5px;'><strong>Duraci\u00f3n de la bater\u00eda:<\/strong> Normalmente 3 a\u00f1os&comma; activado 80 veces por la apertura de la puerta&comma; 80 veces por el cierre de la puerta&comma; 40 veces por la presi\u00f3n de un bot\u00f3n&comma; 40 veces por la detecci\u00f3n de luz y 20 veces por escenas locales por debajo de 77\u00baF (25\u00baC) diariamente<\/li>\n<li style='margin-bottom: 5px;'><strong>BLE:<\/strong> \u22655&comma;0 (largo Alcance)<\/li>\n<li style='margin-bottom: 5px;'><strong>Alcance de Bluetooth:<\/strong> l\u00ednea de visi\u00f3n de 80 m\/120 m pies en condiciones ideales sin obstrucciones.<\/li>\n<li style='margin-bottom: 5px;'><strong>Servicios de terceros:<\/strong> Alexa&comma; Asistente de Google&comma; IFTTT<\/li>\n<\/ul><\/div>\n<\/p><\/div>\n<div style='display: flex; flex-direction: column; align-items: center; gap: 20px; margin: 30px 0;'> <img style='width: 100%; height: auto; border: 1px solid rgba(150&comma;150&comma;150&comma;0.3); border-radius: 8px; max-width: 960px;' src='https:\/\/i.ibb.co\/L0DCWZf\/swx9.jpg' alt=''> <img style='width: 100%; height: auto; border: 1px solid rgba(150&comma;150&comma;150&comma;0.3); border-radius: 8px; max-width: 960px;' src='https:\/\/i.ibb.co\/9pX447D\/swx10.jpg' alt=''> <img style='width: 100%; height: auto; border: 1px solid rgba(150&comma;150&comma;150&comma;0.3); border-radius: 8px; max-width: 960px;' src='https:\/\/i.ibb.co\/P48T7MM\/swx11.jpg' alt=''> <\/div>\n<\/p><\/div>\n","protected":false},"excerpt":{"rendered":"<p>Contacto Magnetico SwitchBot \/ BLUETOOTH<\/p>\n","protected":false},"featured_media":3289,"comment_status":"open","ping_status":"closed","template":"","meta":[],"product_brand":[],"product_cat":[148],"product_tag":[30,149,37],"class_list":{"0":"post-3290","1":"product","2":"type-product","3":"status-publish","4":"has-post-thumbnail","6":"product_cat-sensores-y-relevadores","7":"product_tag-automatizacion-casa-inteligente","8":"product_tag-sensores-y-relevadores","9":"product_tag-switchbot","11":"first","12":"instock","13":"sale","14":"shipping-taxable","15":"purchasable","16":"product-type-simple"},"_links":{"self":[{"href":"https:\/\/soydeaqui.ddns.net\/pachuca\/index.php\/wp-json\/wp\/v2\/product\/3290","targetHints":{"allow":["GET"]}}],"collection":[{"href":"https:\/\/soydeaqui.ddns.net\/pachuca\/index.php\/wp-json\/wp\/v2\/product"}],"about":[{"href":"https:\/\/soydeaqui.ddns.net\/pachuca\/index.php\/wp-json\/wp\/v2\/types\/product"}],"replies":[{"embeddable":true,"href":"https:\/\/soydeaqui.ddns.net\/pachuca\/index.php\/wp-json\/wp\/v2\/comments?post=3290"}],"wp:featuredmedia":[{"embeddable":true,"href":"https:\/\/soydeaqui.ddns.net\/pachuca\/index.php\/wp-json\/wp\/v2\/media\/3289"}],"wp:attachment":[{"href":"https:\/\/soydeaqui.ddns.net\/pachuca\/index.php\/wp-json\/wp\/v2\/media?parent=3290"}],"wp:term":[{"taxonomy":"product_brand","embeddable":true,"href":"https:\/\/soydeaqui.ddns.net\/pachuca\/index.php\/wp-json\/wp\/v2\/product_brand?post=3290"},{"taxonomy":"product_cat","embeddable":true,"href":"https:\/\/soydeaqui.ddns.net\/pachuca\/index.php\/wp-json\/wp\/v2\/product_cat?post=3290"},{"taxonomy":"product_tag","embeddable":true,"href":"https:\/\/soydeaqui.ddns.net\/pachuca\/index.php\/wp-json\/wp\/v2\/product_tag?post=3290"}],"curies":[{"name":"wp","href":"https:\/\/api.w.org\/{rel}","templated":true}]}}