{"id":32782,"date":"2026-03-18T14:43:53","date_gmt":"2026-03-18T14:43:53","guid":{"rendered":"https:\/\/soydeaqui.ddns.net\/pachuca\/index.php\/producto\/cierrapuertas-para-accesos-de-alto-trafico-de-uso-rudo-para-puertas-de-hasta-150-kgs\/"},"modified":"2026-03-18T14:44:00","modified_gmt":"2026-03-18T14:44:00","slug":"cierrapuertas-para-accesos-de-alto-trafico-de-uso-rudo-para-puertas-de-hasta-150-kgs","status":"publish","type":"product","link":"https:\/\/soydeaqui.ddns.net\/pachuca\/index.php\/producto\/cierrapuertas-para-accesos-de-alto-trafico-de-uso-rudo-para-puertas-de-hasta-150-kgs\/","title":{"rendered":"Cierrapuertas para Accesos de Alto Tr\u00e1fico de Uso Rudo para puertas de hasta 150 Kgs"},"content":{"rendered":"<div style='width: 100%; max-width: 1200px; margin: 0 auto; font-family: sans-serif; line-height: 1.6; color: inherit; background-color: transparent;'>\n<div style='display: flex; flex-wrap: wrap; gap: 30px; margin-bottom: 30px;'>\n<div style='flex: 1 1 300px; min-width: 280px;'>\n<h3 style='font-size: 22px; border-bottom: 2px solid currentColor; padding-bottom: 5px; margin-top: 0; color: inherit; opacity: 0.8;'>Caracter\u00edsticas:<\/h3>\n<ul style='padding-left: 20px; font-size: 15px; color: inherit;'>\n<li style='margin-bottom: 5px;'>Aleaci\u00f3n de zinc y aluminio en cuerpo central del cierrapuertas.<\/li>\n<li style='margin-bottom: 5px;'>Para uso en puertas de 15 a 150 kg.<\/li>\n<li style='margin-bottom: 5px;'>Mecanismo: Hidr\u00e1ulico de suave operaci\u00f3n y excelente funcionamiento.<\/li>\n<li style='margin-bottom: 5px;'>Aplicable a puertas corta fuego.<\/li>\n<li style='margin-bottom: 5px;'>Reversible.<\/li>\n<li style='margin-bottom: 5px;'>V\u00e1lvula de control de \u201cSweep\u201c (permite dejar entreabierta una puerta de cierre).<\/li>\n<li style='margin-bottom: 5px;'>Certificaci\u00f3n: UL. Resistente al fuego<\/li>\n<li style='margin-bottom: 5px;'>Componentes: Brazos mec\u00e1nicos retr\u00e1ctiles de excelente desempe\u00f1o con posibilidad de ajustarse a los grados de apertura deseable (90\u00b0 a 180\u00b0).<\/li>\n<\/ul><\/div>\n<\/p><\/div>\n<div style='display: flex; flex-wrap: wrap; gap: 30px; margin-bottom: 30px;'>\n<div style='flex: 1 1 300px; min-width: 280px;'>\n<h3 style='font-size: 22px; border-bottom: 2px solid currentColor; padding-bottom: 5px; margin-top: 0; color: inherit; opacity: 0.8;'>V\u00eddeo<\/h3>\n<div style='margin-bottom: 20px;'> <a href='https:\/\/www.youtube.com\/watch?v=4lj1OhQP3Xc' target='_blank' rel='noopener' style='color: inherit; text-decoration: none; font-weight: bold; display: block; margin-bottom: 10px;'>Como Instalar un Cierrapuertas:<\/a> <\/p>\n<div style='position: relative; padding-bottom: 56.25%; height: 0; overflow: hidden; margin-bottom: 30px;'>   <\/div>\n<\/p><\/div>\n<\/p><\/div>\n<\/p><\/div>\n<hr style='border: 0; border-top: 1px solid rgba(150&comma; 150&comma; 150&comma; 0.3); margin: 30px 0;'> <\/div>\n","protected":false},"excerpt":{"rendered":"<p>Cierrapuertas para Accesos de Alto Tr\u00e1fico de Uso Rudo para puertas de hasta 150 Kgs<\/p>\n","protected":false},"featured_media":32781,"comment_status":"open","ping_status":"closed","template":"","meta":[],"product_brand":[],"product_cat":[815],"product_tag":[93,218,816],"class_list":{"0":"post-32782","1":"product","2":"type-product","3":"status-publish","4":"has-post-thumbnail","6":"product_cat-cierrapuertas","7":"product_tag-accesorios","8":"product_tag-assa-abloy","9":"product_tag-cierrapuertas","11":"first","12":"instock","13":"sale","14":"shipping-taxable","15":"purchasable","16":"product-type-simple"},"_links":{"self":[{"href":"https:\/\/soydeaqui.ddns.net\/pachuca\/index.php\/wp-json\/wp\/v2\/product\/32782","targetHints":{"allow":["GET"]}}],"collection":[{"href":"https:\/\/soydeaqui.ddns.net\/pachuca\/index.php\/wp-json\/wp\/v2\/product"}],"about":[{"href":"https:\/\/soydeaqui.ddns.net\/pachuca\/index.php\/wp-json\/wp\/v2\/types\/product"}],"replies":[{"embeddable":true,"href":"https:\/\/soydeaqui.ddns.net\/pachuca\/index.php\/wp-json\/wp\/v2\/comments?post=32782"}],"wp:featuredmedia":[{"embeddable":true,"href":"https:\/\/soydeaqui.ddns.net\/pachuca\/index.php\/wp-json\/wp\/v2\/media\/32781"}],"wp:attachment":[{"href":"https:\/\/soydeaqui.ddns.net\/pachuca\/index.php\/wp-json\/wp\/v2\/media?parent=32782"}],"wp:term":[{"taxonomy":"product_brand","embeddable":true,"href":"https:\/\/soydeaqui.ddns.net\/pachuca\/index.php\/wp-json\/wp\/v2\/product_brand?post=32782"},{"taxonomy":"product_cat","embeddable":true,"href":"https:\/\/soydeaqui.ddns.net\/pachuca\/index.php\/wp-json\/wp\/v2\/product_cat?post=32782"},{"taxonomy":"product_tag","embeddable":true,"href":"https:\/\/soydeaqui.ddns.net\/pachuca\/index.php\/wp-json\/wp\/v2\/product_tag?post=32782"}],"curies":[{"name":"wp","href":"https:\/\/api.w.org\/{rel}","templated":true}]}}