{"id":32775,"date":"2026-03-18T14:43:44","date_gmt":"2026-03-18T14:43:44","guid":{"rendered":"https:\/\/soydeaqui.ddns.net\/pachuca\/index.php\/producto\/caja-fuerte-grande-electronica-residencias-y-oficinas-guardar-laptops-electronicos-etc\/"},"modified":"2026-03-18T14:43:44","modified_gmt":"2026-03-18T14:43:44","slug":"caja-fuerte-grande-electronica-residencias-y-oficinas-guardar-laptops-electronicos-etc","status":"publish","type":"product","link":"https:\/\/soydeaqui.ddns.net\/pachuca\/index.php\/producto\/caja-fuerte-grande-electronica-residencias-y-oficinas-guardar-laptops-electronicos-etc\/","title":{"rendered":"Caja Fuerte Grande\/ Electr\u00f3nica \/ Residencias y Oficinas \/ Guardar Laptops, Electr\u00f3nicos, etc"},"content":{"rendered":"<div style='width: 100%; max-width: 1200px; margin: 0 auto; font-family: sans-serif; line-height: 1.6; color: inherit; background-color: transparent;'> <!-- Secci\u00f3n de imagen y descripci\u00f3n --> <\/p>\n<div style='display: flex; flex-direction: column; align-items: center; text-align: center; margin-bottom: 30px;'> <img style='width: 100px; height: 100px; border: 1px solid rgba(150&comma;150&comma;150&comma;0.3); border-radius: 8px;' src='http:\/\/ftp3.syscom.mx\/usuarios\/ftp\/2017\/01\/03\/43ba4\/yale-logo.jpg' alt='Logo Yale'> <\/p>\n<h3 style='font-size: 22px; margin-top: 20px; margin-bottom: 0; color: inherit; opacity: 0.8;'>El modelo Laptop esta dise\u00f1ado para guardar computadoras port\u00e1tiles de 17 pulgadas que actualmente se maneja en el mercado. Tambi\u00e9n puede almacenar los CD y otros objetos de valor.<\/h3>\n<\/p><\/div>\n<p> <!-- Secci\u00f3n de caracter\u00edsticas --> <\/p>\n<div style='display: flex; flex-wrap: wrap; gap: 30px; margin-bottom: 30px;'>\n<div style='flex: 1 1 300px; min-width: 280px;'>\n<h3 style='font-size: 22px; border-bottom: 2px solid currentColor; padding-bottom: 5px; margin-top: 0; color: inherit; opacity: 0.8;'>Caracter\u00edsticas<\/h3>\n<ul style='padding-left: 20px; font-size: 15px; color: inherit;'>\n<li style='margin-bottom: 5px;'>Activaci\u00f3n por teclado.<\/li>\n<li style='margin-bottom: 5px;'>Dise\u00f1o de la caja en acero: L\u00e1minas de acero plana calibre #16 (1.52mm) para el contorno y tapa trasera&comma; y calibre #9 (3.8mm) para el marco frontal y puerta.<\/li>\n<li style='margin-bottom: 5px;'>Puertas cortadas con l\u00e1ser&comma; minimiza el riesgo de apertura con diversas herramientas.<\/li>\n<li style='margin-bottom: 5px;'>2 cerrojos de acero de 17 mm de penetraci\u00f3n retra\u00eddos manualmente mediante la manija.<\/li>\n<li style='margin-bottom: 5px;'>Apertura de la caja mediante llave opcional de emergencia (incluye 2 llaves).<\/li>\n<li style='margin-bottom: 5px;'>Bisagras reforzadas.<\/li>\n<li style='margin-bottom: 5px;'>Base forrada para evitar da\u00f1os a los bienes.<\/li>\n<li style='margin-bottom: 5px;'>Incluye taquete pl\u00e1stico de fijaci\u00f3n.<\/li>\n<li style='margin-bottom: 5px;'>Funcionamiento con 4 pilas AA (incluidas).<\/li>\n<li style='margin-bottom: 5px;'>Indicador de bater\u00eda baja.<\/li>\n<li style='margin-bottom: 5px;'>C\u00f3digo de usuario reajustable de 3 a 8 d\u00edgitos&comma; lo que permite una interfaz de hasta 100&comma; 000 combinaciones posibles.<\/li>\n<li style='margin-bottom: 5px;'>2 indicadores LED (verde para abierto y rojo de error).<\/li>\n<li style='margin-bottom: 5px;'>Bloqueo de 5 minutos al quinto intento fallido de la clave.<\/li>\n<li style='margin-bottom: 5px;'>Entrada de llave oculta (detr\u00e1s del logotipo Yale).<\/li>\n<li style='margin-bottom: 5px;'>Bot\u00f3n interior de reajuste de clave.<\/li>\n<li style='margin-bottom: 5px;'>Dimensiones: 20 x 35 x 43 cm<\/li>\n<\/ul><\/div>\n<\/p><\/div>\n<p> <!-- Separador --> <\/p>\n<hr style='border: 0; border-top: 1px solid rgba(150&comma; 150&comma; 150&comma; 0.3); margin: 30px 0;'> <\/div>\n","protected":false},"excerpt":{"rendered":"<p>Caja Fuerte Grande\/ Electr\u00f3nica \/ Residencias y Oficinas \/ Guardar Laptops, Electr\u00f3nicos, etc<\/p>\n","protected":false},"featured_media":32774,"comment_status":"open","ping_status":"closed","template":"","meta":[],"product_brand":[],"product_cat":[397],"product_tag":[398,218,62],"class_list":{"0":"post-32775","1":"product","2":"type-product","3":"status-publish","4":"has-post-thumbnail","6":"product_cat-todos-administracion-de-hoteles","7":"product_tag-administracion-de-hoteles","8":"product_tag-assa-abloy","9":"product_tag-todos","11":"first","12":"instock","13":"sale","14":"shipping-taxable","15":"purchasable","16":"product-type-simple"},"_links":{"self":[{"href":"https:\/\/soydeaqui.ddns.net\/pachuca\/index.php\/wp-json\/wp\/v2\/product\/32775","targetHints":{"allow":["GET"]}}],"collection":[{"href":"https:\/\/soydeaqui.ddns.net\/pachuca\/index.php\/wp-json\/wp\/v2\/product"}],"about":[{"href":"https:\/\/soydeaqui.ddns.net\/pachuca\/index.php\/wp-json\/wp\/v2\/types\/product"}],"replies":[{"embeddable":true,"href":"https:\/\/soydeaqui.ddns.net\/pachuca\/index.php\/wp-json\/wp\/v2\/comments?post=32775"}],"wp:featuredmedia":[{"embeddable":true,"href":"https:\/\/soydeaqui.ddns.net\/pachuca\/index.php\/wp-json\/wp\/v2\/media\/32774"}],"wp:attachment":[{"href":"https:\/\/soydeaqui.ddns.net\/pachuca\/index.php\/wp-json\/wp\/v2\/media?parent=32775"}],"wp:term":[{"taxonomy":"product_brand","embeddable":true,"href":"https:\/\/soydeaqui.ddns.net\/pachuca\/index.php\/wp-json\/wp\/v2\/product_brand?post=32775"},{"taxonomy":"product_cat","embeddable":true,"href":"https:\/\/soydeaqui.ddns.net\/pachuca\/index.php\/wp-json\/wp\/v2\/product_cat?post=32775"},{"taxonomy":"product_tag","embeddable":true,"href":"https:\/\/soydeaqui.ddns.net\/pachuca\/index.php\/wp-json\/wp\/v2\/product_tag?post=32775"}],"curies":[{"name":"wp","href":"https:\/\/api.w.org\/{rel}","templated":true}]}}