{"id":32748,"date":"2026-03-18T14:43:06","date_gmt":"2026-03-18T14:43:06","guid":{"rendered":"https:\/\/soydeaqui.ddns.net\/pachuca\/index.php\/producto\/protector-contra-sobretensiones-de-120-vca-15-a-12-salidas-montaje-en-rack-1u-servidores-montados-en-rack-sistemas-de-voz-controladores-equipos-de-video-vigilancia\/"},"modified":"2026-03-18T14:43:13","modified_gmt":"2026-03-18T14:43:13","slug":"protector-contra-sobretensiones-de-120-vca-15-a-12-salidas-montaje-en-rack-1u-servidores-montados-en-rack-sistemas-de-voz-controladores-equipos-de-video-vigilancia","status":"publish","type":"product","link":"https:\/\/soydeaqui.ddns.net\/pachuca\/index.php\/producto\/protector-contra-sobretensiones-de-120-vca-15-a-12-salidas-montaje-en-rack-1u-servidores-montados-en-rack-sistemas-de-voz-controladores-equipos-de-video-vigilancia\/","title":{"rendered":"Protector Contra Sobretensiones de 120 VCA, 15 A, 12 Salidas, Montaje en Rack 1U, Servidores Montados en Rack, Sistemas de Voz, Controladores, Equipos de Video Vigilancia"},"content":{"rendered":"<div style='width: 100%; max-width: 1200px; margin: 0 auto; font-family: sans-serif; line-height: 1.6; color: inherit; background-color: transparent;'>\n<div style='display: flex; flex-wrap: wrap; gap: 30px; margin-bottom: 30px;'>\n<div style='flex: 1 1 300px; min-width: 280px;'>\n<h3 style='font-size: 22px; border-bottom: 2px solid currentColor; padding-bottom: 5px; margin-top: 0; color: inherit; opacity: 0.8;'>Descripci\u00f3n<\/h3>\n<p style='color: inherit; font-size: 15px;'>El DTK-RMAC12 de DITEK es la soluci\u00f3n perfecta para los actuales servidores montados en rack&comma; sistemas de llamada&comma; controladores y equipos de CCTV. La configuraci\u00f3n de rack 1U proporciona doce tomas de CA protegidas contra sobretensiones&comma; con seis en la parte frontal para mayor comodidad. El interruptor de encendido\/apagado frontal permite realizar apagados de emergencia&comma; y los LED de diagn\u00f3stico indican el estado del sistema el\u00e9ctrico y de la protecci\u00f3n contra sobretensiones.<\/p>\n<\/p><\/div>\n<\/p><\/div>\n<div style='display: flex; flex-wrap: wrap; gap: 30px; margin-bottom: 30px;'>\n<div style='flex: 1 1 300px; min-width: 280px;'>\n<h3 style='font-size: 22px; border-bottom: 2px solid currentColor; padding-bottom: 5px; margin-top: 0; color: inherit; opacity: 0.8;'>Caracter\u00edsticas principales<\/h3>\n<ul style='padding-left: 20px; font-size: 15px; color: inherit; list-style-type: disc;'>\n<li style='margin-bottom: 5px;'><strong>12 Salidas protegidas contra sobretensiones NEMA 5-15P<\/strong> (6 frontales y 6 traseras)<\/li>\n<li style='margin-bottom: 5px;'><strong>Interruptor on\/off frontal<\/strong> para apagado de emergencia<\/li>\n<li style='margin-bottom: 5px;'><strong>Supresi\u00f3n de ruido EMI\/RFI<\/strong><\/li>\n<li style='margin-bottom: 5px;'><strong>LEDs indicadores<\/strong> de Encendido&comma; Protecci\u00f3n Contra Sobretensiones y Fallas en los cableados<\/li>\n<li style='margin-bottom: 5px;'><strong>Aprobaci\u00f3n UL1449<\/strong><\/li>\n<li style='margin-bottom: 5px;'><strong>Aplicaciones:<\/strong> Servidores Montados en Rack&comma; Sistemas de Voz&comma; Controladores&comma; Equipo de video vigilancia<\/li>\n<\/ul><\/div>\n<div style='flex: 1 1 300px; min-width: 280px;'>\n<h3 style='font-size: 22px; border-bottom: 2px solid currentColor; padding-bottom: 5px; margin-top: 0; color: inherit; opacity: 0.8;'>Caracter\u00edsticas el\u00e9ctricas y f\u00edsicas<\/h3>\n<ul style='padding-left: 20px; font-size: 15px; color: inherit; list-style-type: disc;'>\n<li style='margin-bottom: 5px;'><strong>Disponible para circuitos de 120 Vca<\/strong><\/li>\n<li style='margin-bottom: 5px;'><strong>M\u00e1xima corriente continua:<\/strong> 15 A<\/li>\n<li style='margin-bottom: 5px;'><strong>Clasificaci\u00f3n de corriente de sobretensi\u00f3n:<\/strong> 90&comma;000 A<\/li>\n<li style='margin-bottom: 5px;'><strong>Dimensiones:<\/strong> 483 x 95 x 45 mm<\/li>\n<li style='margin-bottom: 5px;'><strong>Peso:<\/strong> 2.38 Kg<\/li>\n<li style='margin-bottom: 5px;'><a style='color: inherit; text-decoration: underline;' href='https:\/\/ftp3.syscom.mx\/usuarios\/scorrea\/A\/DITEK\/DTKRMAC12\/spec_sheet.pdf' target='_blank' rel='noopener'>Revise la ficha completa<\/a><\/li>\n<\/ul><\/div>\n<\/p><\/div>\n<div style='display: flex; flex-wrap: wrap; gap: 30px; margin-bottom: 30px;'>\n<div style='flex: 1 1 300px; min-width: 280px;'>\n<h3 style='font-size: 22px; border-bottom: 2px solid currentColor; padding-bottom: 5px; margin-top: 0; color: inherit; opacity: 0.8;'>Especificaciones<\/h3>\n<ul style='padding-left: 20px; font-size: 15px; color: inherit; list-style-type: disc;'>\n<li style='margin-bottom: 5px;'><strong>Modelo:<\/strong> DTKRMAC12<\/li>\n<li style='margin-bottom: 5px;'><strong>Tensi\u00f3n:<\/strong> 120 VCA<\/li>\n<li style='margin-bottom: 5px;'><strong>Corriente m\u00e1xima:<\/strong> 15 A<\/li>\n<li style='margin-bottom: 5px;'><strong>Salidas:<\/strong> 12<\/li>\n<li style='margin-bottom: 5px;'><strong>Montaje:<\/strong> Rack 1U<\/li>\n<li style='margin-bottom: 5px;'><strong>Aplicaciones:<\/strong> Servidores Montados en Rack&comma; Sistemas de Voz&comma; Controladores&comma; Equipos de Video Vigilancia<\/li>\n<\/ul><\/div>\n<\/p><\/div>\n<div style='display: flex; flex-wrap: wrap; gap: 30px; margin-bottom: 30px;'>\n<div style='flex: 1 1 300px; min-width: 280px;'>\n<h3 style='font-size: 22px; border-bottom: 2px solid currentColor; padding-bottom: 5px; margin-top: 0; color: inherit; opacity: 0.8;'>Imagen del producto<\/h3>\n<p> <img style='width: 100%; height: auto; border: 1px solid rgba(150&comma;150&comma;150&comma;0.3); border-radius: 8px;' src='http:\/\/ftp3.syscom.mx\/usuarios\/fotos\/DTKRMAC12_1\/DTKRMAC12_1.png' alt=''> <\/div>\n<\/p><\/div>\n<hr style='border: 0; border-top: 1px solid rgba(150&comma; 150&comma; 150&comma; 0.3); margin: 30px 0;'> <\/div>\n","protected":false},"excerpt":{"rendered":"<p>Protector Contra Sobretensiones de 120 VCA, 15 A, 12 Salidas, Montaje en Rack 1U, Servidores Montados en Rack, Sistemas de Voz, Controladores, Equipos de Video Vigilancia<\/p>\n","protected":false},"featured_media":32747,"comment_status":"open","ping_status":"closed","template":"","meta":[],"product_brand":[],"product_cat":[973],"product_tag":[534,533,62],"class_list":{"0":"post-32748","1":"product","2":"type-product","3":"status-publish","4":"has-post-thumbnail","6":"product_cat-todos-proteccion-contra-sobretensiones-automatizacion-e-intrusion","7":"product_tag-ditek","8":"product_tag-proteccion-contra-sobretensiones","9":"product_tag-todos","11":"first","12":"outofstock","13":"sale","14":"shipping-taxable","15":"purchasable","16":"product-type-simple"},"_links":{"self":[{"href":"https:\/\/soydeaqui.ddns.net\/pachuca\/index.php\/wp-json\/wp\/v2\/product\/32748","targetHints":{"allow":["GET"]}}],"collection":[{"href":"https:\/\/soydeaqui.ddns.net\/pachuca\/index.php\/wp-json\/wp\/v2\/product"}],"about":[{"href":"https:\/\/soydeaqui.ddns.net\/pachuca\/index.php\/wp-json\/wp\/v2\/types\/product"}],"replies":[{"embeddable":true,"href":"https:\/\/soydeaqui.ddns.net\/pachuca\/index.php\/wp-json\/wp\/v2\/comments?post=32748"}],"wp:featuredmedia":[{"embeddable":true,"href":"https:\/\/soydeaqui.ddns.net\/pachuca\/index.php\/wp-json\/wp\/v2\/media\/32747"}],"wp:attachment":[{"href":"https:\/\/soydeaqui.ddns.net\/pachuca\/index.php\/wp-json\/wp\/v2\/media?parent=32748"}],"wp:term":[{"taxonomy":"product_brand","embeddable":true,"href":"https:\/\/soydeaqui.ddns.net\/pachuca\/index.php\/wp-json\/wp\/v2\/product_brand?post=32748"},{"taxonomy":"product_cat","embeddable":true,"href":"https:\/\/soydeaqui.ddns.net\/pachuca\/index.php\/wp-json\/wp\/v2\/product_cat?post=32748"},{"taxonomy":"product_tag","embeddable":true,"href":"https:\/\/soydeaqui.ddns.net\/pachuca\/index.php\/wp-json\/wp\/v2\/product_tag?post=32748"}],"curies":[{"name":"wp","href":"https:\/\/api.w.org\/{rel}","templated":true}]}}