{"id":32744,"date":"2026-03-18T14:43:01","date_gmt":"2026-03-18T14:43:01","guid":{"rendered":"https:\/\/soydeaqui.ddns.net\/pachuca\/index.php\/producto\/tope-para-estacionamiento-1-83-m-en-color-rojo-con-cinta-reflejante-color-blanco\/"},"modified":"2026-03-18T14:43:03","modified_gmt":"2026-03-18T14:43:03","slug":"tope-para-estacionamiento-1-83-m-en-color-rojo-con-cinta-reflejante-color-blanco","status":"publish","type":"product","link":"https:\/\/soydeaqui.ddns.net\/pachuca\/index.php\/producto\/tope-para-estacionamiento-1-83-m-en-color-rojo-con-cinta-reflejante-color-blanco\/","title":{"rendered":"Tope para Estacionamiento 1.83 m, en Color Rojo con Cinta Reflejante Color Blanco"},"content":{"rendered":"<div style='width: 100%; max-width: 1200px; margin: 0 auto; font-family: sans-serif; line-height: 1.6; color: inherit; background-color: transparent;'>\n<div style='display: flex; flex-direction: column; gap: 30px;'>\n<div>\n<p><span style='color: #d35400; font-size: 14pt;'>Los topes residenciales Park It<\/span><\/p>\n<p>El tope de estacionamiento residencial Home Park It se utiliza para guiar a los veh\u00edculos en el momento de estacionarse as\u00ed como para proteger el frente del coche de un golpe contra un muro o columna. El tope permite estacionarse sin preocupaciones en garajes o cocheras.<\/p>\n<p>El tope de estacionamiento residencial Home Park It provee a los conductores una gu\u00eda para estacionarse con seguridad en espacios limitados. Esta soluci\u00f3n espec\u00edfica para uso residencial protege sus bienes de valor as\u00ed como da\u00f1os al estacionamiento. Construidos de hule reciclado y moldeados con cinta reflejante&comma; el tope residencial Home Park IT es muy visible y muy duradero.<\/p>\n<\/p><\/div>\n<hr style='border: 0; border-top: 1px solid rgba(150&comma;150&comma;150&comma;0.3); margin: 30px 0;'>\n<div style='display: grid; grid-template-columns: repeat(auto-fill&comma; minmax(280px&comma; 1fr)); gap: 20px;'>\n<div style='border-left: 5px solid #0091ff; border-radius: 5px; padding: 5px; box-shadow: 2px 2px 10px rgba(216&comma; 216&comma; 216&comma; 0.5);'> <strong>Caracter\u00edsticas principales:<\/strong> <\/p>\n<ul style='padding-left: 20px; margin: 10px 0;'>\n<li style='margin-bottom: 5px;'>Hechos 100% de hule reciclado.<\/li>\n<li style='margin-bottom: 5px;'>Duraderos y con buena relaci\u00f3n costo\/beneficio.<\/li>\n<li style='margin-bottom: 5px;'>Ideales para estacionamientos abiertos o cubiertos.<\/li>\n<li style='margin-bottom: 5px;'>De f\u00e1cil instalaci\u00f3n por una sola persona.<\/li>\n<li style='margin-bottom: 5px;'>Libres de mantenimiento.<\/li>\n<\/ul><\/div>\n<div style='border-left: 5px solid #0091ff; border-radius: 5px; padding: 5px; box-shadow: 2px 2px 10px rgba(216&comma; 216&comma; 216&comma; 0.5);'> <strong>Caracter\u00edsticas F\u00edsicas:<\/strong> <\/p>\n<ul style='padding-left: 20px; margin: 10px 0;'>\n<li style='margin-bottom: 5px;'>Irrompibles: No se pandean&comma; rompen&comma; agrietan&comma; desmoronan u opacan.<\/li>\n<li style='margin-bottom: 5px;'>Muy visibles de noche.<\/li>\n<li style='margin-bottom: 5px;'>Resistentes a la luz ultravioleta&comma; humedad&comma; aceite y temperaturas extremas.<\/li>\n<li style='margin-bottom: 5px;'>Dimensiones:183 x 15 x 10 cms. <span style='color: #4c4c4c; font-family: Arial&comma; Helvetica Neue&comma; Helvetica&comma; sans-serif; font-size: 14.6666669845581px; line-height: 18px;'>(Largo&comma; Ancho&comma; Alto).<\/span><\/li>\n<li><span style='color: #4c4c4c; font-family: Arial&comma; Helvetica Neue&comma; Helvetica&comma; sans-serif; font-size: 14.6666669845581px; line-height: 18px;'>Peso: 15.5 Kg.<\/span><\/li>\n<\/ul><\/div>\n<div style='border-left: 5px solid #0091ff; border-radius: 5px; padding: 5px; box-shadow: 2px 2px 10px rgba(216&comma; 216&comma; 216&comma; 0.5);'> <strong>Caracter\u00edsticas Destacadas:<\/strong> <\/p>\n<ul style='padding-left: 20px; margin: 10px 0;'>\n<li style='margin-bottom: 5px;'>Con en el hule y 8 meses en la cinta. EL COLOR TERRACOTA NO ES CUBIERTO POR LA GARANT\u00cdA.<\/li>\n<li style='margin-bottom: 5px;'>Muy visibles de noche.<\/li>\n<li style='margin-bottom: 5px;'>Ligeros &#8211; 1\/10 parte del peso de un tope de concreto.<\/li>\n<li style='margin-bottom: 5px;'>Instalaci\u00f3n permanente o temporal.<\/li>\n<\/ul><\/div>\n<\/p><\/div>\n<div style='display: flex; flex-direction: column; gap: 15px;'>\n<div>\n<ul style='padding-left: 20px; margin: 0; font-size: 14px;'>\n<li style='margin-bottom: 5px;'><strong>El tope tiene 183 cent\u00edmetros de largo&comma; 15 cent\u00edmetros de ancho y 10 de profundidad.<\/strong><\/li>\n<li style='margin-bottom: 5px;'><strong>El tope residencial Park It tiene una en el hule y 8 meses en la cinta.<\/strong><\/li>\n<\/ul><\/div>\n<\/p><\/div>\n<hr style='border: 0; border-top: 1px solid rgba(150&comma;150&comma;150&comma;0.3); margin: 30px 0;'>\n<div style='display: grid; grid-template-columns: repeat(auto-fit&comma; minmax(280px&comma; 1fr)); gap: 30px;'>\n<div> <img style='width: 100%; height: auto; border: 1px solid rgba(150&comma;150&comma;150&comma;0.3); border-radius: 8px;' src='http:\/\/ftp3.syscom.mx\/usuarios\/fotos\/16101\/16101_3.jpg' alt=''> <\/div>\n<div style='display: flex; flex-direction: column; justify-content: center;'>\n<h2 style='margin-top: 0; font-size: 20px; color: inherit;'>Instalaciones frecuentes:<\/h2>\n<ul style='padding-left: 20px; margin: 0; font-size: 14px;'>\n<li style='margin-bottom: 5px;'>Estacionamientos al aire libre<\/li>\n<li style='margin-bottom: 5px;'>Estacionamientos techados<\/li>\n<li style='margin-bottom: 5px;'>Garajes<\/li>\n<li style='margin-bottom: 5px;'>Bodegas<\/li>\n<li style='margin-bottom: 5px;'>Para proteger paredes o bordes de estacionamientos.<\/li>\n<\/ul><\/div>\n<\/p><\/div>\n<div style='display: grid; grid-template-columns: repeat(auto-fit&comma; minmax(280px&comma; 1fr)); gap: 30px; margin-top: 30px;'>\n<div style='display: flex; flex-direction: column; justify-content: center;'>\n<h2 style='margin-top: 0; font-size: 20px; color: inherit;'>Para:<\/h2>\n<p style='margin: 0 0 15px; font-size: 14px;'>Instalaci\u00f3n en asfalto utilizar 4 clavos&comma; modelo 91400.<\/p>\n<p style='margin: 0 0 15px; font-size: 14px;'>Instalaci\u00f3n en concreto utilizar 4 tornillos modelo 91500.<\/p>\n<p style='margin: 0; font-size: 12pt; color: #d35400;'><strong>Nota.- Clavos o Tornillos no incluidos&comma; ya que depende del lugar de la instalaci\u00f3n<\/strong><\/p>\n<\/p><\/div>\n<div> <img style='width: 100%; height: auto; border: 1px solid rgba(150&comma;150&comma;150&comma;0.3); border-radius: 8px;' src='http:\/\/ftp3.syscom.mx\/usuarios\/fotos\/16101\/16101_5.jpg' alt=''> <\/div>\n<\/p><\/div>\n<hr style='border: 0; border-top: 1px solid rgba(150&comma;150&comma;150&comma;0.3); margin: 30px 0;'>\n<div style='display: grid; grid-template-columns: repeat(auto-fit&comma; minmax(280px&comma; 1fr)); gap: 20px;'>\n<div> <img style='width: 100%; height: auto; border: 1px solid rgba(150&comma;150&comma;150&comma;0.3); border-radius: 8px;' src='http:\/\/ftp3.syscom.mx\/usuarios\/fotos\/16101\/16101_2.jpg' alt=''> <\/div>\n<div> <img style='width: 100%; height: auto; border: 1px solid rgba(150&comma;150&comma;150&comma;0.3); border-radius: 8px;' src='http:\/\/ftp3.syscom.mx\/usuarios\/fotos\/16101\/16101_4.jpg' alt=''> <\/div>\n<\/p><\/div>\n<div style='margin-top: 30px;'> <img style='width: 100%; height: auto; border: 1px solid rgba(150&comma;150&comma;150&comma;0.3); border-radius: 8px;' src='http:\/\/ftp3.syscom.mx\/usuarios\/fotos\/16101\/16101_1.jpg' alt=''> <\/div>\n<\/p><\/div>\n<\/p><\/div>\n","protected":false},"excerpt":{"rendered":"<p>Tope para Estacionamiento 1.83 m, en Color Rojo con Cinta Reflejante Color Blanco<\/p>\n","protected":false},"featured_media":32743,"comment_status":"open","ping_status":"closed","template":"","meta":[],"product_brand":[],"product_cat":[777],"product_tag":[401,93,946],"class_list":{"0":"post-32744","1":"product","2":"type-product","3":"status-publish","4":"has-post-thumbnail","6":"product_cat-accesorios-acceso-vehicular","7":"product_tag-acceso-vehicular","8":"product_tag-accesorios","9":"product_tag-gnr","11":"first","12":"outofstock","13":"sale","14":"shipping-taxable","15":"purchasable","16":"product-type-simple"},"_links":{"self":[{"href":"https:\/\/soydeaqui.ddns.net\/pachuca\/index.php\/wp-json\/wp\/v2\/product\/32744","targetHints":{"allow":["GET"]}}],"collection":[{"href":"https:\/\/soydeaqui.ddns.net\/pachuca\/index.php\/wp-json\/wp\/v2\/product"}],"about":[{"href":"https:\/\/soydeaqui.ddns.net\/pachuca\/index.php\/wp-json\/wp\/v2\/types\/product"}],"replies":[{"embeddable":true,"href":"https:\/\/soydeaqui.ddns.net\/pachuca\/index.php\/wp-json\/wp\/v2\/comments?post=32744"}],"wp:featuredmedia":[{"embeddable":true,"href":"https:\/\/soydeaqui.ddns.net\/pachuca\/index.php\/wp-json\/wp\/v2\/media\/32743"}],"wp:attachment":[{"href":"https:\/\/soydeaqui.ddns.net\/pachuca\/index.php\/wp-json\/wp\/v2\/media?parent=32744"}],"wp:term":[{"taxonomy":"product_brand","embeddable":true,"href":"https:\/\/soydeaqui.ddns.net\/pachuca\/index.php\/wp-json\/wp\/v2\/product_brand?post=32744"},{"taxonomy":"product_cat","embeddable":true,"href":"https:\/\/soydeaqui.ddns.net\/pachuca\/index.php\/wp-json\/wp\/v2\/product_cat?post=32744"},{"taxonomy":"product_tag","embeddable":true,"href":"https:\/\/soydeaqui.ddns.net\/pachuca\/index.php\/wp-json\/wp\/v2\/product_tag?post=32744"}],"curies":[{"name":"wp","href":"https:\/\/api.w.org\/{rel}","templated":true}]}}