{"id":3274,"date":"2026-03-18T06:06:27","date_gmt":"2026-03-18T06:06:27","guid":{"rendered":"https:\/\/soydeaqui.ddns.net\/pachuca\/index.php\/producto\/adaptador-tomacorriente-plugin-mini-15a-medicion-de-consumo-control-de-electrodomesticos-bluetooth-wifi\/"},"modified":"2026-03-18T06:06:29","modified_gmt":"2026-03-18T06:06:29","slug":"adaptador-tomacorriente-plugin-mini-15a-medicion-de-consumo-control-de-electrodomesticos-bluetooth-wifi","status":"publish","type":"product","link":"https:\/\/soydeaqui.ddns.net\/pachuca\/index.php\/producto\/adaptador-tomacorriente-plugin-mini-15a-medicion-de-consumo-control-de-electrodomesticos-bluetooth-wifi\/","title":{"rendered":"Adaptador tomacorriente PlugIn Mini, 15A, medici\u00f3n de consumo, control de electrodom\u00e9sticos  \/ BLUETOOTH \/ Wifi"},"content":{"rendered":"<div style='width: 100%; max-width: 1200px; margin: 0 auto; font-family: sans-serif; line-height: 1.6; color: inherit; background-color: transparent;'> <!-- Secci\u00f3n de descripci\u00f3n --> <\/p>\n<div style='margin-bottom: 30px;'>\n<ul style='padding-left: 20px; font-size: 15px; color: inherit;'>\n<li style='margin-bottom: 15px; text-align: justify;'><strong style='color: inherit;'>Wi-Fi<\/strong> habilitado para aquellos que no necesitan un Hub. \u00bfOlvidaste apagar el televisor otra vez? Simplemente ap\u00e1guelo autom\u00e1ticamente a trav\u00e9s de nuestra aplicaci\u00f3n. O&comma; cuando vuelvas a casa del trabajo&comma; puedes incluso encender el humidificador con antelaci\u00f3n para que tu vida sea m\u00e1s c\u00f3moda antes de llegar a casa.<\/li>\n<li style='margin-bottom: 15px; text-align: justify;'><strong style='color: inherit;'>Bluetooth<\/strong>&comma; para una conexi\u00f3n a\u00fan m\u00e1s estable. SwitchBot Plug Mini es compatible con Bluetooth&comma; lo que facilita la conexi\u00f3n a sus dispositivos y es ideal para situaciones en las que no puede confiar en las conexiones Wi-Fi.<\/li>\n<li style='margin-bottom: 15px; text-align: justify;'><strong style='color: inherit;'>Obtenga un desglose m\u00e1s profundo grafiscas<\/strong>&comma; con nuestro Energy Chip Consumo.<\/li>\n<\/ul><\/div>\n<p> <!-- Secci\u00f3n de cards con especificaciones --> <\/p>\n<div style='display: flex; flex-wrap: wrap; gap: 20px; margin-bottom: 30px;'>\n<div style='flex: 1 1 250px; border: 1px solid rgba(150&comma; 150&comma; 150&comma; 0.4); border-radius: 8px; overflow: hidden; display: flex; flex-direction: column;'>\n<div style='padding: 15px; border-bottom: 1px solid rgba(150&comma; 150&comma; 150&comma; 0.2); font-weight: bold; font-size: 18px; color: inherit;'>Caracter\u00edsticas principales:<\/div>\n<div style='padding: 15px; color: inherit;'>\n<ul style='padding-left: 20px; margin: 0; font-size: 14px; list-style-type: disc;'>\n<li style='margin-bottom: 5px;'><strong style='color: inherit;'>Color:<\/strong> Blanco<\/li>\n<li style='margin-bottom: 5px;'><strong style='color: inherit;'>Material:<\/strong> Pl\u00e1stico + PC<\/li>\n<li style='margin-bottom: 5px;'><strong style='color: inherit;'>Requisitos del sistema:<\/strong> Android 4.3+&comma; iOS 14.0+&comma; watchOS 1.0+<\/li>\n<li style='margin-bottom: 5px;'><strong style='color: inherit;'>Temperatura de funcionamiento:<\/strong> -15\u00b0C~40\u00b0C<\/li>\n<li style='margin-bottom: 5px;'><strong style='color: inherit;'>Entrada:<\/strong> 100 &#8211; 125 V CA 50\/60 Hz<\/li>\n<li style='margin-bottom: 5px;'><strong style='color: inherit;'>Salida:<\/strong> 1875 W 15 A resistivo carga m\u00e1xima<\/li>\n<\/ul><\/div>\n<\/p><\/div>\n<div style='flex: 1 1 250px; border: 1px solid rgba(150&comma; 150&comma; 150&comma; 0.4); border-radius: 8px; overflow: hidden; display: flex; flex-direction: column;'>\n<div style='padding: 15px; border-bottom: 1px solid rgba(150&comma; 150&comma; 150&comma; 0.2); font-weight: bold; font-size: 18px; color: inherit;'>Caracter\u00edsticas F\u00edsicas y El\u00e9ctricas:<\/div>\n<div style='padding: 15px; color: inherit;'>\n<ul style='padding-left: 20px; margin: 0; font-size: 14px; list-style-type: disc;'>\n<li style='margin-bottom: 5px;'><strong style='color: inherit;'>BLE:<\/strong> 4.2<\/li>\n<li style='margin-bottom: 5px;'><strong style='color: inherit;'>Alcance de Bluetooth:<\/strong> aproximadamente 100 m<\/li>\n<li style='margin-bottom: 5px;'><strong style='color: inherit;'>Wi-Fi:<\/strong> 802.11 b\/g\/n (2.4 GHz)<\/li>\n<li style='margin-bottom: 5px;'><strong style='color: inherit;'>Servicio de terceros:<\/strong> Alexa&comma; Google Assistant&comma; Siri Shortcuts&comma; IFTTT&comma; Smartthings<\/li>\n<\/ul><\/div>\n<\/p><\/div>\n<div style='flex: 1 1 250px; border: 1px solid rgba(150&comma; 150&comma; 150&comma; 0.4); border-radius: 8px; overflow: hidden; display: flex; flex-direction: column;'>\n<div style='padding: 15px; border-bottom: 1px solid rgba(150&comma; 150&comma; 150&comma; 0.2); font-weight: bold; font-size: 18px; color: inherit;'>Ejemplos de instalaci\u00f3n:<\/div>\n<div style='padding: 15px; color: inherit;'>\n<ul style='padding-left: 20px; margin: 0; font-size: 14px; list-style-type: disc;'>\n<li style='margin-bottom: 5px;'><strong style='color: inherit;'>Tama\u00f1o del producto:<\/strong> 70 x 39 x 59 mm (2&comma;8 \u00d7 1&comma;5 \u00d7 2&comma;3 pulg.)<\/li>\n<li style='margin-bottom: 5px;'><strong style='color: inherit;'>Peso del producto:<\/strong> 70 g (2&comma;5 oz.)<\/li>\n<\/ul><\/div>\n<\/p><\/div>\n<\/p><\/div>\n<p> <!-- Separador --> <\/p>\n<hr style='border: 0; border-top: 1px solid rgba(150&comma; 150&comma; 150&comma; 0.3); margin: 30px 0;'> <!-- Secci\u00f3n de im\u00e1genes y video --> <\/p>\n<div style='display: flex; flex-direction: column; align-items: center; gap: 20px; margin-top: 30px;'> <img style='width: 100%; max-width: 601px; height: auto; border: 1px solid rgba(150&comma;150&comma;150&comma;0.3); border-radius: 8px;' src='https:\/\/i.ibb.co\/f9br4JM\/swx13-removebg-preview.png' alt=''> <img style='width: 100%; max-width: 594px; height: auto; border: 1px solid rgba(150&comma;150&comma;150&comma;0.3); border-radius: 8px;' src='https:\/\/i.ibb.co\/HgXpJ5K\/swx14.jpg' alt=''> <!-- Video YouTube --> <\/p>\n<div style='position: relative; padding-bottom: 56.25%; height: 0; overflow: hidden; width: 100%; max-width: 460px;'>   <\/div>\n<\/p><\/div>\n<\/p><\/div>\n","protected":false},"excerpt":{"rendered":"<p>Adaptador tomacorriente PlugIn Mini, 15A, medici\u00f3n de consumo, control de electrodom\u00e9sticos  \/ BLUETOOTH \/ Wifi<\/p>\n","protected":false},"featured_media":3273,"comment_status":"open","ping_status":"closed","template":"","meta":[],"product_brand":[],"product_cat":[56],"product_tag":[30,57,37],"class_list":{"0":"post-3274","1":"product","2":"type-product","3":"status-publish","4":"has-post-thumbnail","6":"product_cat-control-de-iluminacion","7":"product_tag-automatizacion-casa-inteligente","8":"product_tag-control-de-iluminacion","9":"product_tag-switchbot","11":"first","12":"outofstock","13":"sale","14":"shipping-taxable","15":"purchasable","16":"product-type-simple"},"_links":{"self":[{"href":"https:\/\/soydeaqui.ddns.net\/pachuca\/index.php\/wp-json\/wp\/v2\/product\/3274","targetHints":{"allow":["GET"]}}],"collection":[{"href":"https:\/\/soydeaqui.ddns.net\/pachuca\/index.php\/wp-json\/wp\/v2\/product"}],"about":[{"href":"https:\/\/soydeaqui.ddns.net\/pachuca\/index.php\/wp-json\/wp\/v2\/types\/product"}],"replies":[{"embeddable":true,"href":"https:\/\/soydeaqui.ddns.net\/pachuca\/index.php\/wp-json\/wp\/v2\/comments?post=3274"}],"wp:featuredmedia":[{"embeddable":true,"href":"https:\/\/soydeaqui.ddns.net\/pachuca\/index.php\/wp-json\/wp\/v2\/media\/3273"}],"wp:attachment":[{"href":"https:\/\/soydeaqui.ddns.net\/pachuca\/index.php\/wp-json\/wp\/v2\/media?parent=3274"}],"wp:term":[{"taxonomy":"product_brand","embeddable":true,"href":"https:\/\/soydeaqui.ddns.net\/pachuca\/index.php\/wp-json\/wp\/v2\/product_brand?post=3274"},{"taxonomy":"product_cat","embeddable":true,"href":"https:\/\/soydeaqui.ddns.net\/pachuca\/index.php\/wp-json\/wp\/v2\/product_cat?post=3274"},{"taxonomy":"product_tag","embeddable":true,"href":"https:\/\/soydeaqui.ddns.net\/pachuca\/index.php\/wp-json\/wp\/v2\/product_tag?post=3274"}],"curies":[{"name":"wp","href":"https:\/\/api.w.org\/{rel}","templated":true}]}}