{"id":32736,"date":"2026-03-18T14:42:43","date_gmt":"2026-03-18T14:42:43","guid":{"rendered":"https:\/\/soydeaqui.ddns.net\/pachuca\/index.php\/producto\/controlador-de-acceso-4-puertas-biometria-integrada-3000-huellas-compatible-con-sistemas-de-elevadores-10-pisos-incluye-gabinete-y-fuente-de-alimentacion-12vcc-5a\/"},"modified":"2026-03-18T14:42:54","modified_gmt":"2026-03-18T14:42:54","slug":"controlador-de-acceso-4-puertas-biometria-integrada-3000-huellas-compatible-con-sistemas-de-elevadores-10-pisos-incluye-gabinete-y-fuente-de-alimentacion-12vcc-5a","status":"publish","type":"product","link":"https:\/\/soydeaqui.ddns.net\/pachuca\/index.php\/producto\/controlador-de-acceso-4-puertas-biometria-integrada-3000-huellas-compatible-con-sistemas-de-elevadores-10-pisos-incluye-gabinete-y-fuente-de-alimentacion-12vcc-5a\/","title":{"rendered":"Controlador de Acceso \/ 4 Puertas \/ Biometr\u00eda Integrada \/ 3,000 Huellas \/ Compatible con Sistemas de Elevadores (10 Pisos) \/ Incluye Gabinete y Fuente de Alimentaci\u00f3n 12Vcc\/5A"},"content":{"rendered":"<div style='width: 100%; max-width: 1200px; margin: 0 auto; font-family: sans-serif; line-height: 1.6; color: inherit; background-color: transparent;'> <!-- Secci\u00f3n de funciones --> <\/p>\n<div style='display: flex; flex-wrap: wrap; gap: 30px; margin-bottom: 30px;'>\n<div style='flex: 1 1 300px; min-width: 280px;'>\n<h3 style='font-size: 22px; border-bottom: 2px solid currentColor; padding-bottom: 5px; margin-top: 0; color: inherit; opacity: 0.8;'>Funciones<\/h3>\n<ul style='padding-left: 20px; font-size: 15px; color: inherit;'>\n<li style='margin-bottom: 5px;'>Control de Acceso<\/li>\n<li style='margin-bottom: 5px;'>Control de Elevadores<\/li>\n<\/ul><\/div>\n<p> <!-- Secci\u00f3n de capacidad --> <\/p>\n<div style='flex: 1 1 300px; min-width: 280px;'>\n<h3 style='font-size: 22px; border-bottom: 2px solid currentColor; padding-bottom: 5px; margin-top: 0; color: inherit; opacity: 0.8;'>Capacidad<\/h3>\n<ul style='padding-left: 20px; font-size: 15px; color: inherit;'>\n<li style='margin-bottom: 5px;'><strong>Huellas:<\/strong> 3&comma;000<\/li>\n<li style='margin-bottom: 5px;'><strong>Tarjetas:<\/strong> 30&comma;000<\/li>\n<li style='margin-bottom: 5px;'><strong>Contrase\u00f1as:<\/strong> 30&comma;000<\/li>\n<li style='margin-bottom: 5px;'><strong>Eventos:<\/strong> 100&comma;000<\/li>\n<li style='margin-bottom: 5px;'>Memoria de Eventos Expandible con Memoria SD&comma; hasta 32GB<\/li>\n<\/ul><\/div>\n<p> <!-- Secci\u00f3n de comunicaci\u00f3n --> <\/p>\n<div style='flex: 1 1 300px; min-width: 280px;'>\n<h3 style='font-size: 22px; border-bottom: 2px solid currentColor; padding-bottom: 5px; margin-top: 0; color: inherit; opacity: 0.8;'>Comunicaci\u00f3n<\/h3>\n<ul style='padding-left: 20px; font-size: 15px; color: inherit;'>\n<li style='margin-bottom: 5px;'>TCP\/IP y RS485<\/li>\n<li style='margin-bottom: 5px;'>Entrada Wiegand Multi-Formato<\/li>\n<\/ul><\/div>\n<p> <!-- Secci\u00f3n de hardware --> <\/p>\n<div style='flex: 1 1 300px; min-width: 280px;'>\n<h3 style='font-size: 22px; border-bottom: 2px solid currentColor; padding-bottom: 5px; margin-top: 0; color: inherit; opacity: 0.8;'>Hardware<\/h3>\n<ul style='padding-left: 20px; font-size: 15px; color: inherit;'>\n<li style='margin-bottom: 5px;'>Gabinete Met\u00e1lico con Llave<\/li>\n<li style='margin-bottom: 5px;'>Incluye Fuente de 12Vcc \/ 5A con Cargador<\/li>\n<\/ul><\/div>\n<\/p><\/div>\n<p> <!-- Secci\u00f3n de especificaciones de control de acceso --> <\/p>\n<div style='display: flex; flex-wrap: wrap; gap: 20px; margin-bottom: 30px;'>\n<div style='flex: 1 1 250px; border: 1px solid rgba(150&comma; 150&comma; 150&comma; 0.4); border-radius: 8px; overflow: hidden; display: flex; flex-direction: column;'>\n<div style='padding: 15px; border-bottom: 1px solid rgba(150&comma; 150&comma; 150&comma; 0.2); font-weight: bold; font-size: 18px; color: inherit;'>Funciones de Control de Acceso<\/div>\n<div style='padding: 15px; color: inherit;'>\n<ul style='padding-left: 20px; margin: 0; font-size: 14px; list-style-type: disc;'>\n<li style='margin-bottom: 5px;'>Control de Acceso por Horarios y Puertas<\/li>\n<li style='margin-bottom: 5px;'>M\u00e9todos de Verificaci\u00f3n Combinables:<\/li>\n<ul style='padding-left: 20px; margin: 0; font-size: 14px; list-style-type: circle;'>\n<li style='margin-bottom: 5px;'>Huella + Tarjeta (Con Lector F12)<\/li>\n<li style='margin-bottom: 5px;'>Tarjeta + Contrase\u00f1a (Con Lector SYSKR602EKB)<\/li>\n<\/ul>\n<li style='margin-bottom: 5px;'>Verificaci\u00f3n Multi-Usuario<\/li>\n<li style='margin-bottom: 5px;'>Esclusamiento<\/li>\n<li style='margin-bottom: 5px;'>Funci\u00f3n de Relevadores Energizados<\/li>\n<\/ul><\/div>\n<\/p><\/div>\n<p> <!-- Secci\u00f3n de conexiones --> <\/p>\n<div style='flex: 1 1 250px; border: 1px solid rgba(150&comma; 150&comma; 150&comma; 0.4); border-radius: 8px; overflow: hidden; display: flex; flex-direction: column;'>\n<div style='padding: 15px; border-bottom: 1px solid rgba(150&comma; 150&comma; 150&comma; 0.2); font-weight: bold; font-size: 18px; color: inherit;'>Conexiones<\/div>\n<div style='padding: 15px; color: inherit;'>\n<ul style='padding-left: 20px; margin: 0; font-size: 14px; list-style-type: disc;'>\n<li style='margin-bottom: 5px;'>4 Salidas de Relevador NC\/NO\/COM Para Chapas<\/li>\n<li style='margin-bottom: 5px;'>6 Salidas de Relevador Auxiliares NC\/NO\/COM<\/li>\n<li style='margin-bottom: 5px;'>4 Entradas Auxiliares<\/li>\n<li style='margin-bottom: 5px;'>Bot\u00f3n de Salida y Sensor Magn\u00e9tico por Puerta<\/li>\n<\/ul><\/div>\n<\/p><\/div>\n<p> <!-- Secci\u00f3n de alimentaci\u00f3n --> <\/p>\n<div style='flex: 1 1 250px; border: 1px solid rgba(150&comma; 150&comma; 150&comma; 0.4); border-radius: 8px; overflow: hidden; display: flex; flex-direction: column;'>\n<div style='padding: 15px; border-bottom: 1px solid rgba(150&comma; 150&comma; 150&comma; 0.2); font-weight: bold; font-size: 18px; color: inherit;'>Alimentaci\u00f3n<\/div>\n<div style='padding: 15px; color: inherit;'>\n<ul style='padding-left: 20px; margin: 0; font-size: 14px; list-style-type: disc;'>\n<li style='margin-bottom: 5px;'>12Vcc \/ 220mA<\/li>\n<li style='margin-bottom: 5px;'>Incluye Fuente de 12Vcc \/ 5A<\/li>\n<li style='margin-bottom: 5px;'>Cotizar <a style='color: #005cb9; text-decoration: none; font-weight: 600; font-size: 12px;' href='https:\/\/www.epcom.net\/principal\/searchcont?route=AC-CORD-1.8M-EPCOM-POWERLINE-162897&#038;autodetect=accord'>AC-CORD-1.8M<\/a> (No incluido)<\/li>\n<\/ul><\/div>\n<\/p><\/div>\n<\/p><\/div>\n<p> <!-- Secci\u00f3n de lectores compatibles --> <\/p>\n<div style='display: flex; flex-wrap: wrap; gap: 20px; margin-bottom: 30px;'>\n<div style='flex: 1 1 250px; border: 1px solid rgba(150&comma; 150&comma; 150&comma; 0.4); border-radius: 8px; overflow: hidden; display: flex; flex-direction: column;'>\n<div style='padding: 15px; border-bottom: 1px solid rgba(150&comma; 150&comma; 150&comma; 0.2); font-weight: bold; font-size: 18px; color: inherit;'>Lectores Compatibles<\/div>\n<div style='padding: 15px; color: inherit;'>\n<ul style='padding-left: 20px; margin: 0; font-size: 14px; list-style-type: disc;'>\n<li style='margin-bottom: 5px;'>Lectores Biom\u00e9tricos:<\/li>\n<ul style='padding-left: 20px; margin: 0; font-size: 14px; list-style-type: circle;'>\n<li style='margin-bottom: 5px;'>Lector de Huella y Proximidad F12 para Interior \/ Exterior<\/li>\n<li style='margin-bottom: 5px;'>Soporta hasta 8 Lectores F12 (Lector de Entrada y Salida)<\/li>\n<li style='margin-bottom: 5px;'>Lector USB ZK9500 para registro de huellas<\/li>\n<\/ul>\n<li style='margin-bottom: 5px;'>Proximidad:<\/li>\n<ul style='padding-left: 20px; margin: 0; font-size: 14px; list-style-type: circle;'>\n<li style='margin-bottom: 5px;'>SYSKR600E y SYSKR601E<\/li>\n<li style='margin-bottom: 5px;'>Soporta 1 Lector por Puerta<\/li>\n<\/ul>\n<li style='margin-bottom: 5px;'>Proximidad con Teclado:<\/li>\n<ul style='padding-left: 20px; margin: 0; font-size: 14px; list-style-type: circle;'>\n<li style='margin-bottom: 5px;'>SYSKR602EKB<\/li>\n<\/ul>\n<li style='margin-bottom: 5px;'>Lectores de Largo Alcance:<\/li>\n<ul style='padding-left: 20px; margin: 0; font-size: 14px; list-style-type: circle;'>\n<li style='margin-bottom: 5px;'>PRO6RF y PRO12RF<\/li>\n<\/ul>\n<\/ul><\/div>\n<\/p><\/div>\n<p> <!-- Secci\u00f3n de compatibilidad --> <\/p>\n<div style='flex: 1 1 250px; border: 1px solid rgba(150&comma; 150&comma; 150&comma; 0.4); border-radius: 8px; overflow: hidden; display: flex; flex-direction: column;'>\n<div style='padding: 15px; border-bottom: 1px solid rgba(150&comma; 150&comma; 150&comma; 0.2); font-weight: bold; font-size: 18px; color: inherit;'>Compatibilidad<\/div>\n<div style='padding: 15px; color: inherit;'>\n<ul style='padding-left: 20px; margin: 0; font-size: 14px; list-style-type: disc;'>\n<li style='margin-bottom: 5px;'>M\u00f3dulo de Expansi\u00f3n:<\/li>\n<ul style='padding-left: 20px; margin: 0; font-size: 14px; list-style-type: circle;'>\n<li style='margin-bottom: 5px;'>Expansor EX16 para Control de Elevadores<\/li>\n<li style='margin-bottom: 5px;'>ZKCV<strong>ELEONLINE<\/strong>S1 &#8211; Licencia para ZKBiocvsecurity m\u00e1ximo 10 elevadores ONLINE<\/li>\n<\/ul>\n<\/ul><\/div>\n<\/p><\/div>\n<p> <!-- Secci\u00f3n de software --> <\/p>\n<div style='flex: 1 1 250px; border: 1px solid rgba(150&comma; 150&comma; 150&comma; 0.4); border-radius: 8px; overflow: hidden; display: flex; flex-direction: column;'>\n<div style='padding: 15px; border-bottom: 1px solid rgba(150&comma; 150&comma; 150&comma; 0.2); font-weight: bold; font-size: 18px; color: inherit;'>Software de Administraci\u00f3n<\/div>\n<div style='padding: 15px; color: inherit;'>\n<ul style='padding-left: 20px; margin: 0; font-size: 14px; list-style-type: disc;'>\n<li style='margin-bottom: 5px;'><strong>ZKBioaccess<\/strong> (Gratuito 15 puertas)<\/li>\n<ul style='padding-left: 20px; margin: 0; font-size: 14px; list-style-type: circle;'>\n<li style='margin-bottom: 5px;'>Control de acceso<\/li>\n<li style='margin-bottom: 5px;'>Horarios de acceso<\/li>\n<\/ul>\n<li style='margin-bottom: 5px;'><strong>ZKBIOCVSECURITY<\/strong> para serie APX (Licenciado)<\/li>\n<ul style='padding-left: 20px; margin: 0; font-size: 14px; list-style-type: circle;'>\n<li style='margin-bottom: 5px;'>Funciones b\u00e1sicas de control de acceso (No compatible con funciones avanzadas&comma; o v\u00ednculos globales)<\/li>\n<li style='margin-bottom: 5px;'>Hasta 50 puertas<\/li>\n<li style='margin-bottom: 5px;'><strong>Requiere<\/strong> licencia por puerta<\/li>\n<\/ul>\n<\/ul><\/div>\n<\/p><\/div>\n<p> <!-- Secci\u00f3n de informaci\u00f3n adicional --> <\/p>\n<div style='flex: 1 1 250px; border: 1px solid rgba(150&comma; 150&comma; 150&comma; 0.4); border-radius: 8px; overflow: hidden; display: flex; flex-direction: column;'>\n<div style='padding: 15px; border-bottom: 1px solid rgba(150&comma; 150&comma; 150&comma; 0.2); font-weight: bold; font-size: 18px; color: inherit;'>Informaci\u00f3n Adicional<\/div>\n<div style='padding: 15px; color: inherit;'>\n<ul style='padding-left: 20px; margin: 0; font-size: 14px; list-style-type: disc;'>\n<li style='margin-bottom: 5px;'>Temperatura de Operaci\u00f3n: 0 a 55 \u00b0C<\/li>\n<li style='margin-bottom: 5px;'>Dimensiones: 380 x 290 x 80 mm<\/li>\n<li style='margin-bottom: 5px;'>Incluye Software de Administraci\u00f3n en Espa\u00f1ol<\/li>\n<li style='margin-bottom: 5px;'>1 A\u00f1o de Garant\u00eda<\/li>\n<\/ul><\/div>\n<\/p><\/div>\n<p> <!-- Secci\u00f3n de importantes --> <\/p>\n<div style='flex: 1 1 250px; border: 1px solid rgba(150&comma; 150&comma; 150&comma; 0.4); border-radius: 8px; overflow: hidden; display: flex; flex-direction: column;'>\n<div style='padding: 15px; border-bottom: 1px solid rgba(150&comma; 150&comma; 150&comma; 0.2); font-weight: bold; font-size: 18px; color: inherit;'>Importante<\/div>\n<div style='padding: 15px; color: inherit;'>\n<ul style='padding-left: 20px; margin: 0; font-size: 14px; list-style-type: disc;'>\n<li style='margin-bottom: 5px;'>Se requiere una licencia de c\u00e1mara por cada lectora (cada lectora est\u00e1 asociada a una sola c\u00e1mara)<\/li>\n<li style='margin-bottom: 5px;'>Las licencias son exclusivas por sistema ya que se integran con los n\u00fameros de serie de la PC y la DVR utilizadas (son intransferibles)<\/li>\n<\/ul><\/div>\n<\/p><\/div>\n<\/p><\/div>\n<p> <!-- Secci\u00f3n de presentaci\u00f3n comercial --> <\/p>\n<div style='margin-bottom: 30px;'>\n<h3 style='font-size: 22px; border-bottom: 2px solid currentColor; padding-bottom: 5px; margin-top: 0; color: inherit; opacity: 0.8;'>Presentaci\u00f3n Comercial Controladores AccessPRO<\/h3>\n<p> <!-- Video de YouTube --> <\/p>\n<div style='position: relative; padding-bottom: 56.25%; height: 0; overflow: hidden; margin-bottom: 30px;'>   <\/div>\n<\/p><\/div>\n<p> <!-- Secci\u00f3n de configuraciones posibles --> <\/p>\n<div style='margin-bottom: 30px;'>\n<h3 style='font-size: 22px; border-bottom: 2px solid currentColor; padding-bottom: 5px; margin-top: 0; color: inherit; opacity: 0.8;'>Configuraciones Posibles<\/h3>\n<p> <!-- Imagen --> <img style='width: 100%; height: auto; border: 1px solid rgba(150&comma;150&comma;150&comma;0.3); border-radius: 8px; margin-top: 15px;' src='http:\/\/148.243.99.22\/CONTROL_DE_ACCESO\/ACCESSPRO\/Configuraciones%20Posibles\/accesspro4.jpg' alt='Accesorios'> <\/div>\n<p> <!-- Secci\u00f3n de m\u00e1s im\u00e1genes --> <\/p>\n<div style='margin-bottom: 30px;'>\n<h3 style='font-size: 22px; border-bottom: 2px solid currentColor; padding-bottom: 5px; margin-top: 0; color: inherit; opacity: 0.8;'>M\u00e1s Im\u00e1genes del Producto<\/h3>\n<div style='display: flex; flex-wrap: wrap; gap: 15px; margin-top: 15px;'> <!-- Imagen 1 --> <img style='width: 100%; height: auto; border: 1px solid rgba(150&comma;150&comma;150&comma;0.3); border-radius: 8px; flex: 1 1 400px; min-width: 280px;' src='http:\/\/148.223.3.142\/archivos\/jvillela\/recursos\/235.jpg' alt='Vista'> <!-- Imagen 2 --> <img style='width: 100%; height: auto; border: 1px solid rgba(150&comma;150&comma;150&comma;0.3); border-radius: 8px; flex: 1 1 400px; min-width: 280px;' src='http:\/\/148.223.3.142\/archivos\/jvillela\/recursos\/143.jpg' alt='Accesorios'> <\/div>\n<\/p><\/div>\n<p> <!-- Separador final --> <\/p>\n<hr style='border: 0; border-top: 1px solid rgba(150&comma; 150&comma; 150&comma; 0.3); margin: 30px 0;'> <\/div>\n","protected":false},"excerpt":{"rendered":"<p>Controlador de Acceso \/ 4 Puertas \/ Biometr\u00eda Integrada \/ 3,000 Huellas \/ Compatible con Sistemas de Elevadores (10 Pisos) \/ Incluye Gabinete y Fuente de Alimentaci\u00f3n 12Vcc\/5A<\/p>\n","protected":false},"featured_media":32735,"comment_status":"open","ping_status":"closed","template":"","meta":[],"product_brand":[],"product_cat":[783],"product_tag":[785,784,952],"class_list":{"0":"post-32736","1":"product","2":"type-product","3":"status-publish","4":"has-post-thumbnail","6":"product_cat-controladores-de-acceso","7":"product_tag-controladores-de-acceso","8":"product_tag-paneles-de-control-de-acceso","9":"product_tag-zkteco-accesspro","11":"first","12":"outofstock","13":"sale","14":"shipping-taxable","15":"purchasable","16":"product-type-simple"},"_links":{"self":[{"href":"https:\/\/soydeaqui.ddns.net\/pachuca\/index.php\/wp-json\/wp\/v2\/product\/32736","targetHints":{"allow":["GET"]}}],"collection":[{"href":"https:\/\/soydeaqui.ddns.net\/pachuca\/index.php\/wp-json\/wp\/v2\/product"}],"about":[{"href":"https:\/\/soydeaqui.ddns.net\/pachuca\/index.php\/wp-json\/wp\/v2\/types\/product"}],"replies":[{"embeddable":true,"href":"https:\/\/soydeaqui.ddns.net\/pachuca\/index.php\/wp-json\/wp\/v2\/comments?post=32736"}],"wp:featuredmedia":[{"embeddable":true,"href":"https:\/\/soydeaqui.ddns.net\/pachuca\/index.php\/wp-json\/wp\/v2\/media\/32735"}],"wp:attachment":[{"href":"https:\/\/soydeaqui.ddns.net\/pachuca\/index.php\/wp-json\/wp\/v2\/media?parent=32736"}],"wp:term":[{"taxonomy":"product_brand","embeddable":true,"href":"https:\/\/soydeaqui.ddns.net\/pachuca\/index.php\/wp-json\/wp\/v2\/product_brand?post=32736"},{"taxonomy":"product_cat","embeddable":true,"href":"https:\/\/soydeaqui.ddns.net\/pachuca\/index.php\/wp-json\/wp\/v2\/product_cat?post=32736"},{"taxonomy":"product_tag","embeddable":true,"href":"https:\/\/soydeaqui.ddns.net\/pachuca\/index.php\/wp-json\/wp\/v2\/product_tag?post=32736"}],"curies":[{"name":"wp","href":"https:\/\/api.w.org\/{rel}","templated":true}]}}