{"id":32722,"date":"2026-03-18T14:42:22","date_gmt":"2026-03-18T14:42:22","guid":{"rendered":"https:\/\/soydeaqui.ddns.net\/pachuca\/index.php\/producto\/tope-de-estacionamiento-park-it-1-83m-color-negro-amarilo\/"},"modified":"2026-03-18T14:42:23","modified_gmt":"2026-03-18T14:42:23","slug":"tope-de-estacionamiento-park-it-1-83m-color-negro-amarilo","status":"publish","type":"product","link":"https:\/\/soydeaqui.ddns.net\/pachuca\/index.php\/producto\/tope-de-estacionamiento-park-it-1-83m-color-negro-amarilo\/","title":{"rendered":"Tope de Estacionamiento  Park It 1.83m color Negro-Amarilo"},"content":{"rendered":"<div style='width: 100%; max-width: 1200px; margin: 0 auto; font-family: sans-serif; line-height: 1.6; color: inherit; background-color: transparent;'>\n<div style='width: 100%; margin-bottom: 30px;'>\n<p style='margin: 0 0 15px;'>El tope de estacionamiento residencial Home Park It se utiliza para guiar a los veh\u00edculos en el momento de estacionarse as\u00ed como para proteger el frente del coche de un golpe contra un muro o columna. El tope permite estacionarse sin preocupaciones en garajes o cocheras.<\/p>\n<p style='margin: 0;'>El tope de estacionamiento residencial Home Park It provee a los conductores una gu\u00eda para estacionarse con seguridad en espacios limitados. Esta soluci\u00f3n espec\u00edfica para uso residencial protege sus bienes de valor as\u00ed como da\u00f1os al estacionamiento. Construidos de hule reciclado y moldeados con cinta reflejante&comma; el tope residencial Home Park IT es muy visible y muy duradero.<\/p>\n<\/p><\/div>\n<div style='display: flex; flex-wrap: wrap; gap: 30px; margin-bottom: 30px;'>\n<div style='flex: 1 1 300px; min-width: 280px;'>\n<div style='border-left: 5px solid #0091ff; border-radius: 5px; padding: 5px; box-shadow: 2px 2px 10px rgba(216&comma; 216&comma; 216&comma; 0.4);'> <strong style='font-size: 16px; display: block; margin-bottom: 10px;'>Caracter\u00edsticas principales:<\/strong> <\/p>\n<ul style='padding-left: 20px; font-size: 15px; margin: 0; list-style-type: disc;'>\n<li style='margin-bottom: 5px;'>100% de hule reciclado.<\/li>\n<li style='margin-bottom: 5px;'>Ideales para estacionamientos abierto y techados.<\/li>\n<li style='margin-bottom: 5px;'>Irrompibles: No se pandean&comma; rompen&comma; agrietan&comma; desmoronan u opacan.<\/li>\n<\/ul><\/div>\n<\/p><\/div>\n<div style='flex: 1 1 300px; min-width: 280px;'>\n<div style='border-left: 5px solid #0091ff; border-radius: 5px; padding: 5px; box-shadow: 2px 2px 10px rgba(216&comma; 216&comma; 216&comma; 0.4);'> <strong style='font-size: 16px; display: block; margin-bottom: 10px;'>Caracter\u00edsticas F\u00edsicas:<\/strong> <\/p>\n<ul style='padding-left: 20px; font-size: 15px; margin: 0; list-style-type: disc;'>\n<li style='margin-bottom: 5px;'>El tope tiene 183 cent\u00edmetros de largo y 10 cent\u00edmetros de alto.<\/li>\n<li style='margin-bottom: 5px;'>Muy visibles de noche.<\/li>\n<li style='margin-bottom: 5px;'>De f\u00e1cil instalaci\u00f3n por una sola persona.<\/li>\n<li style='margin-bottom: 5px;'>Resistentes a la luz ultravioleta&comma; humedad&comma; aceite y temperaturas extremas.<\/li>\n<li style='margin-bottom: 5px;'>Libres de mantenimiento.<\/li>\n<li style='margin-bottom: 5px;'>Dimensiones: 183 x 15 x 10 cms. (Largo&comma; Ancho&comma; Alto).<\/li>\n<li style='margin-bottom: 5px;'>Peso: 15.5 Kg.<\/li>\n<\/ul><\/div>\n<\/p><\/div>\n<div style='flex: 1 1 300px; min-width: 280px;'>\n<div style='border-left: 5px solid #0091ff; border-radius: 5px; padding: 5px; box-shadow: 2px 2px 10px rgba(216&comma; 216&comma; 216&comma; 0.4);'> <strong style='font-size: 16px; display: block; margin-bottom: 10px;'>Caracter\u00edsticas Destacadas:<\/strong> <\/p>\n<ul style='padding-left: 20px; font-size: 15px; margin: 0; list-style-type: disc;'>\n<li style='margin-bottom: 5px;'>Instalaci\u00f3n permanente o temporal.<\/li>\n<li style='margin-bottom: 5px;'>Duraderos y con buena relaci\u00f3n costo\/beneficio.<\/li>\n<li style='margin-bottom: 5px;'>Ligeros &#8211; 1\/10 parte del peso de un tope de concreto.<\/li>\n<li style='margin-bottom: 5px;'>Con en el hule y 8 meses en la cinta.<\/li>\n<\/ul><\/div>\n<\/p><\/div>\n<\/p><\/div>\n<div style='width: 100%; margin-bottom: 30px;'>\n<p style='margin: 0 0 15px;'><strong>Instalaciones frecuentes de los topes residenciales Park It son:<\/strong><\/p>\n<ul style='padding-left: 20px; margin: 0; font-size: 15px; list-style-type: disc;'>\n<li style='margin-bottom: 5px;'>Estacionamientos al aire libre<\/li>\n<li style='margin-bottom: 5px;'>Estacionamientos techados<\/li>\n<li style='margin-bottom: 5px;'>Garages<\/li>\n<li style='margin-bottom: 5px;'>Bodegas<\/li>\n<li style='margin-bottom: 5px;'>Para proteger paredes o bordes de estacionamientos.<\/li>\n<\/ul><\/div>\n<div style='width: 100%; margin-bottom: 30px;'>\n<p style='margin: 0 0 15px; color: #e67e23; font-size: 14px; font-family: Verdana&comma; sans-serif;'>Nota.- Clavos o Tornillos no incluidos&comma; ya que depende del lugar de la instalaci\u00f3n.<\/p>\n<p style='margin: 0 0 8px; color: #d35400; font-size: 14px; font-family: Verdana&comma; sans-serif;'>Instalaci\u00f3n en asfalto utilizar 4 clavos&comma; modelo 91400.<\/p>\n<p style='margin: 0; color: #d35400; font-size: 14px; font-family: Verdana&comma; sans-serif;'>Instalaci\u00f3n en concreto utilizar 4 tornillos. Modelo 91500.<\/p>\n<\/p><\/div>\n<div style='width: 100%; margin-bottom: 30px;'>\n<div style='display: flex; flex-wrap: wrap; gap: 20px;'>\n<div style='flex: 1 1 48%; min-width: 280px;'> <img style='width: 100%; height: auto; border: 1px solid rgba(150&comma;150&comma;150&comma;0.3); border-radius: 8px;' src='https:\/\/ftp3.syscom.mx\/usuarios\/fotos\/13190H\/13190H_2.jpg' alt=''> <\/div>\n<div style='flex: 1 1 48%; min-width: 280px;'> <img style='width: 100%; height: auto; border: 1px solid rgba(150&comma;150&comma;150&comma;0.3); border-radius: 8px;' src='https:\/\/ftp3.syscom.mx\/usuarios\/gjimenez\/TOPES\/parkit%20rec%2011.jpg' alt=''> <\/div>\n<div style='flex: 1 1 48%; min-width: 280px;'> <img style='width: 100%; height: auto; border: 1px solid rgba(150&comma;150&comma;150&comma;0.3); border-radius: 8px;' src='https:\/\/ftp3.syscom.mx\/usuarios\/fotos\/13190H\/13190H_3.JPG' alt=''> <\/div>\n<div style='flex: 1 1 48%; min-width: 280px;'> <img style='width: 100%; height: auto; border: 1px solid rgba(150&comma;150&comma;150&comma;0.3); border-radius: 8px;' src='https:\/\/ftp3.syscom.mx\/usuarios\/fotos\/13190H\/13190H_4.JPG' alt=''> <\/div>\n<\/p><\/div>\n<\/p><\/div>\n<hr style='border: 0; border-top: 1px solid rgba(150&comma; 150&comma; 150&comma; 0.3); margin: 30px 0;'> <\/div>\n","protected":false},"excerpt":{"rendered":"<p>Tope de Estacionamiento  Park It 1.83m color Negro-Amarilo<\/p>\n","protected":false},"featured_media":32721,"comment_status":"open","ping_status":"closed","template":"","meta":[],"product_brand":[],"product_cat":[777],"product_tag":[401,93,946],"class_list":{"0":"post-32722","1":"product","2":"type-product","3":"status-publish","4":"has-post-thumbnail","6":"product_cat-accesorios-acceso-vehicular","7":"product_tag-acceso-vehicular","8":"product_tag-accesorios","9":"product_tag-gnr","11":"first","12":"outofstock","13":"sale","14":"shipping-taxable","15":"purchasable","16":"product-type-simple"},"_links":{"self":[{"href":"https:\/\/soydeaqui.ddns.net\/pachuca\/index.php\/wp-json\/wp\/v2\/product\/32722","targetHints":{"allow":["GET"]}}],"collection":[{"href":"https:\/\/soydeaqui.ddns.net\/pachuca\/index.php\/wp-json\/wp\/v2\/product"}],"about":[{"href":"https:\/\/soydeaqui.ddns.net\/pachuca\/index.php\/wp-json\/wp\/v2\/types\/product"}],"replies":[{"embeddable":true,"href":"https:\/\/soydeaqui.ddns.net\/pachuca\/index.php\/wp-json\/wp\/v2\/comments?post=32722"}],"wp:featuredmedia":[{"embeddable":true,"href":"https:\/\/soydeaqui.ddns.net\/pachuca\/index.php\/wp-json\/wp\/v2\/media\/32721"}],"wp:attachment":[{"href":"https:\/\/soydeaqui.ddns.net\/pachuca\/index.php\/wp-json\/wp\/v2\/media?parent=32722"}],"wp:term":[{"taxonomy":"product_brand","embeddable":true,"href":"https:\/\/soydeaqui.ddns.net\/pachuca\/index.php\/wp-json\/wp\/v2\/product_brand?post=32722"},{"taxonomy":"product_cat","embeddable":true,"href":"https:\/\/soydeaqui.ddns.net\/pachuca\/index.php\/wp-json\/wp\/v2\/product_cat?post=32722"},{"taxonomy":"product_tag","embeddable":true,"href":"https:\/\/soydeaqui.ddns.net\/pachuca\/index.php\/wp-json\/wp\/v2\/product_tag?post=32722"}],"curies":[{"name":"wp","href":"https:\/\/api.w.org\/{rel}","templated":true}]}}