{"id":32705,"date":"2026-03-18T14:41:58","date_gmt":"2026-03-18T14:41:58","guid":{"rendered":"https:\/\/soydeaqui.ddns.net\/pachuca\/index.php\/producto\/kit-d-accesorios-p-fuente-elkp624-pro12v1ak\/"},"modified":"2026-03-18T14:41:58","modified_gmt":"2026-03-18T14:41:58","slug":"kit-d-accesorios-p-fuente-elkp624-pro12v1ak","status":"publish","type":"product","link":"https:\/\/soydeaqui.ddns.net\/pachuca\/index.php\/producto\/kit-d-accesorios-p-fuente-elkp624-pro12v1ak\/","title":{"rendered":"KIT D\/ACCESORIOS P\/FUENTE ELKP624, PRO12V1AK"},"content":{"rendered":"<div style='width: 100%; max-width: 1200px; margin: 0 auto; font-family: sans-serif; line-height: 1.6; color: inherit; background-color: transparent;'> <!-- Secci\u00f3n de descripci\u00f3n --> <\/p>\n<div style='margin-bottom: 30px;'>\n<ul style='padding-left: 20px; font-size: 15px; color: inherit;'>\n<li style='margin-bottom: 5px;'>Kit de accesorios para la fuente de poder ELKP624&comma; PRO12V1A&comma; SYSRMT<\/li>\n<\/ul><\/div>\n<p> <!-- Secci\u00f3n de imagen --> <\/p>\n<div style='margin-bottom: 30px;'> <img style='width: 100%; height: auto; border: 1px solid rgba(150&comma;150&comma;150&comma;0.3); border-radius: 8px;' src='https:\/\/ftp3.syscom.mx\/usuarios\/fotos\/ELKP624KIT\/71794-elkp624kit.png' alt=''> <\/div>\n<p> <!-- Secci\u00f3n de caracter\u00edsticas --> <\/p>\n<div style='display: flex; flex-wrap: wrap; gap: 30px; margin-bottom: 30px;'>\n<div style='flex: 1 1 300px; min-width: 280px;'>\n<h3 style='font-size: 22px; border-bottom: 2px solid currentColor; padding-bottom: 5px; margin-top: 0; color: inherit; opacity: 0.8;'>Caracter\u00edsticas principales<\/h3>\n<ul style='padding-left: 20px; font-size: 15px; color: inherit;'>\n<li style='margin-bottom: 5px;'>Compatibilidad amplia con modelos ELKP624&comma; PRO12V1A&comma; SYSRMT<\/li>\n<li style='margin-bottom: 5px;'>Incluye adaptadores para diversas conexiones el\u00e9ctricas<\/li>\n<li style='margin-bottom: 5px;'>Construcci\u00f3n duradera para uso prolongado y seguro<\/li>\n<li style='margin-bottom: 5px;'>Dise\u00f1ado para optimizar eficiencia de fuentes de poder<\/li>\n<li style='margin-bottom: 5px;'>F\u00e1cil instalaci\u00f3n&comma; mejora rendimiento dispositivo el\u00e9ctrico<\/li>\n<\/ul><\/div>\n<\/p><\/div>\n<p> <!-- Separador --> <\/p>\n<hr style='border: 0; border-top: 1px solid rgba(150&comma; 150&comma; 150&comma; 0.3); margin: 30px 0;'> <\/div>\n","protected":false},"excerpt":{"rendered":"<p>KIT D\/ACCESORIOS P\/FUENTE ELKP624, PRO12V1AK<\/p>\n","protected":false},"featured_media":32704,"comment_status":"open","ping_status":"closed","template":"","meta":[],"product_brand":[],"product_cat":[558],"product_tag":[935,457,559],"class_list":{"0":"post-32705","1":"product","2":"type-product","3":"status-publish","4":"has-post-thumbnail","6":"product_cat-fuentes-de-respaldo","7":"product_tag-epcom","8":"product_tag-fuentes-de-alimentacion","9":"product_tag-fuentes-de-respaldo","11":"first","12":"instock","13":"sale","14":"shipping-taxable","15":"purchasable","16":"product-type-simple"},"_links":{"self":[{"href":"https:\/\/soydeaqui.ddns.net\/pachuca\/index.php\/wp-json\/wp\/v2\/product\/32705","targetHints":{"allow":["GET"]}}],"collection":[{"href":"https:\/\/soydeaqui.ddns.net\/pachuca\/index.php\/wp-json\/wp\/v2\/product"}],"about":[{"href":"https:\/\/soydeaqui.ddns.net\/pachuca\/index.php\/wp-json\/wp\/v2\/types\/product"}],"replies":[{"embeddable":true,"href":"https:\/\/soydeaqui.ddns.net\/pachuca\/index.php\/wp-json\/wp\/v2\/comments?post=32705"}],"wp:featuredmedia":[{"embeddable":true,"href":"https:\/\/soydeaqui.ddns.net\/pachuca\/index.php\/wp-json\/wp\/v2\/media\/32704"}],"wp:attachment":[{"href":"https:\/\/soydeaqui.ddns.net\/pachuca\/index.php\/wp-json\/wp\/v2\/media?parent=32705"}],"wp:term":[{"taxonomy":"product_brand","embeddable":true,"href":"https:\/\/soydeaqui.ddns.net\/pachuca\/index.php\/wp-json\/wp\/v2\/product_brand?post=32705"},{"taxonomy":"product_cat","embeddable":true,"href":"https:\/\/soydeaqui.ddns.net\/pachuca\/index.php\/wp-json\/wp\/v2\/product_cat?post=32705"},{"taxonomy":"product_tag","embeddable":true,"href":"https:\/\/soydeaqui.ddns.net\/pachuca\/index.php\/wp-json\/wp\/v2\/product_tag?post=32705"}],"curies":[{"name":"wp","href":"https:\/\/api.w.org\/{rel}","templated":true}]}}