{"id":32675,"date":"2026-03-18T14:41:13","date_gmt":"2026-03-18T14:41:13","guid":{"rendered":"https:\/\/soydeaqui.ddns.net\/pachuca\/index.php\/producto\/controlador-de-acceso-para-4-lectoras-expandible-a-56-lectoras-compatible-con-sistema-de-elevadores-100000-usuarios\/"},"modified":"2026-03-18T14:41:21","modified_gmt":"2026-03-18T14:41:21","slug":"controlador-de-acceso-para-4-lectoras-expandible-a-56-lectoras-compatible-con-sistema-de-elevadores-100000-usuarios","status":"publish","type":"product","link":"https:\/\/soydeaqui.ddns.net\/pachuca\/index.php\/producto\/controlador-de-acceso-para-4-lectoras-expandible-a-56-lectoras-compatible-con-sistema-de-elevadores-100000-usuarios\/","title":{"rendered":"Controlador de acceso para 4 lectoras \/ Expandible a 56 Lectoras \/ Compatible con Sistema de Elevadores \/ 100,000 Usuarios"},"content":{"rendered":"<div style='width: 100%; max-width: 1200px; margin: 0 auto; font-family: sans-serif; line-height: 1.6; color: inherit; background-color: transparent;'>\n<div style='text-align: left; margin-bottom: 20px;'> <span style='color: #f1c40f; font-size: 24px; display: inline-block; margin-bottom: 10px;'>NUEVAS CARACTERISTICAS \u00a1<\/span> <\/p>\n<p style='color: inherit; font-size: 14px; margin: 0;'>Con nuevas caracteristicas Innovadoras que fueron solicitadas por el mercado y creaciones creativas de nuestros laboratorios<\/p>\n<\/p><\/div>\n<div style='position: relative; background: linear-gradient(to bottom&comma; rgba(89&comma;89&comma;89&comma;0.95) 0%&comma; rgba(168&comma;0&comma;7&comma;0.95) 100%); border: 6px solid #a80007; border-bottom-width: 6px; margin-bottom: 30px; overflow: hidden;'> <img style='width: 100%; height: auto; border: 1px solid rgba(150&comma;150&comma;150&comma;0.3); border-radius: 8px; display: block; margin: 0 auto; max-width: 450px;' src='https:\/\/ftp3.syscom.mx\/usuarios\/fotos\/ACF44\/10062-rosslare.png' alt=''> <\/p>\n<h2 style='color: black; text-align: center; margin: 20px 0 10px;'>AC-825IP<\/h2>\n<h2 style='color: black; text-align: center; margin: 0 0 20px;'>Controlador de acceso para 4 lectoras \/ Expandible a 56 Lectoras \/ Compatible con Sistema de Elevadores \/ 100&comma;000 Usuarios.<\/h2>\n<\/p><\/div>\n<div style='margin-bottom: 30px;'>\n<h3 style='text-align: center; color: inherit; margin: 0 0 20px; font-size: 18px;'><strong>El AC-825IPL es el controlador de acceso m\u00e1s utilizado en la industria&comma; listo para sistemas sencillos&comma; medianos y grandes.<\/strong><\/h3>\n<\/p><\/div>\n<div style='margin-bottom: 30px;'>\n<h3 style='text-align: center; color: inherit; margin: 0 0 20px; font-size: 20px;'> <a href='https:\/\/www.youtube.com\/watch?v=73d8QQhAIXE' target='_blank' rel='noopener' style='color: inherit; text-decoration: none; display: inline-block; background-color: #ffffff; padding: 5px 10px; border-radius: 4px;'>Lectoras Biom\u00e9tricas con Rosslare + AXTRAX. &#8216; Todo en un Mismo Software &#8216;<\/a> <\/h3>\n<div style='position: relative; padding-bottom: 56.25%; height: 0; overflow: hidden; margin-bottom: 30px;'>   <\/div>\n<\/p><\/div>\n<div style='display: flex; flex-wrap: wrap; gap: 30px; margin-bottom: 30px;'>\n<div style='flex: 1 1 300px; min-width: 280px; background-color: ghostwhite; border-left: 6px solid #a80007; box-shadow: 10px 5px 3px rgba(128&comma;128&comma;128&comma;0.3); border-radius: 8px; padding: 15px; margin: 0;'>\n<p style='color: inherit; margin: 0 0 15px;'>El acceso al elevador se puede ajustar seg\u00fan la clasificaci\u00f3n del usuario&comma; la hora del d\u00eda&comma; el ascensor y el estado del panel de control. Cree un control de acceso flecible y seguro. Conceder y denegar el acceso por piso&comma; zona horario&comma; ascensor y el estado armado de un piso.<\/p>\n<ul style='padding-left: 20px; margin: 15px 0; color: inherit;'>\n<li style='margin-bottom: 8px;'>Hasta 56 lectoras con expansores.<\/li>\n<li style='margin-bottom: 8px;'>100&comma;000 usuarios.<\/li>\n<li style='margin-bottom: 8px;'>500&comma;000 eventos en memoria (memoria ciclica).<\/li>\n<li style='margin-bottom: 8px;'>Tarjeta TCP\/IP con encripcion AES a 128 bits.<\/li>\n<li style='margin-bottom: 8px;'>Soporta el control de hasta 6 lectoras&comma; 4 v\u00eda Wiegand y 2 v\u00eda OSDP&comma; cada una con 2 entradas y 1 salida.<\/li>\n<li style='margin-bottom: 8px;'>4 entradas auxiliares y dos salidas auxiliares.<\/li>\n<li style='margin-bottom: 8px;'>Soporta dos lectores via OSDP.<\/li>\n<li style='margin-bottom: 8px;'>Puerto de expansi\u00f3n interconstruido directamente en tablilla&comma; el sistema puede alojar hasta 12 tarjetas expansoras v\u00eda OSDP (R\/S\/D\/P-805) adicionales a la tarjeta expansora montada en el panel.<\/li>\n<\/ul><\/div>\n<div style='flex: 1 1 300px; min-width: 280px; background-color: ghostwhite; border-left: 6px solid #a80007; box-shadow: 10px 5px 3px rgba(128&comma;128&comma;128&comma;0.3); border-radius: 8px; padding: 15px; margin: 0;'>\n<ul style='padding-left: 20px; margin: 0; color: inherit;'>\n<li style='margin-bottom: 8px;'>R-805 &#8211; Tarjeta de expansi\u00f3n 16 salidas.<\/li>\n<li style='margin-bottom: 8px;'>S-805 &#8211; Tarjeta de expansi\u00f3n de 16 entradas<\/li>\n<li style='margin-bottom: 8px;'>D-805 &#8211; Tarjeta de expansi\u00f3n de 4 puertas.<\/li>\n<li style='margin-bottom: 8px;'>P-805 &#8211; Tarjeta de expansi\u00f3n de 16 entradas y 8 salidas<\/li>\n<\/ul><\/div>\n<div style='flex: 1 1 300px; min-width: 280px; background-color: ghostwhite; border-left: 6px solid #a80007; box-shadow: 10px 5px 3px rgba(128&comma;128&comma;128&comma;0.3); border-radius: 8px; padding: 15px; margin: 0;'>\n<ul style='padding-left: 20px; margin: 0; color: inherit;'>\n<li style='margin-bottom: 8px;'>Un gabinete ME-1505 aloja 2 tarjetas expansoras&comma; adem\u00e1s el ME-1505 cuenta con todas las caracter\u00edsticas innovadoras del gabinete del AC825.<\/li>\n<li style='margin-bottom: 8px;'>Reloj en tiempo real&comma; mantiene la hora y fecha hasta por dos semanas sin energ\u00eda.<\/li>\n<li style='margin-bottom: 8px;'>Gran espacio en gabinete&comma; con chapa&comma; tiene peinetas para administrar mejor el cableado&comma; el gabinete incluye luz LED para iluminar la tablilla y gabinete en situaciones de poca luz<\/li>\n<li style='margin-bottom: 8px;'>La administraci\u00f3n de la energia permite conocer el estatus de la corriente y la bateria.<\/li>\n<li style='margin-bottom: 8px;'>Medidas (HxWxD): 345 x 400 x 10 mm<\/li>\n<li style='margin-bottom: 8px;'>Software gratuito hasta 256 lectoras<\/li>\n<li style='margin-bottom: 8px;'>Los relevadores son de contacto seco.<\/li>\n<\/ul><\/div>\n<\/p><\/div>\n<div style='margin: 50px 0 30px;'>\n<h3 style='text-align: center; color: inherit; margin: 0 0 20px; font-size: 18px;'><strong>SISTEMA OPERATIVO RECOMENDADO PARA AXTRAXNG 27 ES WINDOWS 8\/8.1\/10 PRO<\/strong><\/h3>\n<\/p><\/div>\n<div style='text-align: center; margin: 30px 0;'> <img style='width: 100%; max-width: 507px; height: auto; border: 1px solid rgba(150&comma;150&comma;150&comma;0.3); border-radius: 8px; display: inline-block;' src='https:\/\/lh5.googleusercontent.com\/sqKBTsp_xNPYKdEeNlPJIbESOSHSSWmzO8lWJ7G4UJWCdI-CtIDfAr2k-6SaXh3HSQmg-b6PJRT1Z05YnRKiGl-varW32kL6tceBdbrOI1tfei2Zg0EYjuBVAw49QhoQXxraXQTS5s8' alt=''> <\/div>\n<div style='margin: 50px 0; padding: 20px; background-color: ghostwhite; border-left: 6px solid #a80007; box-shadow: 10px 5px 3px rgba(128&comma;128&comma;128&comma;0.3); border-radius: 8px;'>\n<h3 style='margin-top: 0; color: inherit; font-size: 18px;'><strong>NOTAS:<\/strong><\/h3>\n<p style='margin: 15px 0; color: inherit;'><strong>El software AXTRAXNG &comma; Ya no se soporta uso de camaras IP atravez de la aplcacion VITRAX.<\/strong><\/p>\n<p style='margin: 15px 0; color: inherit;'><strong>Solo se da soporte al software sumunistrado con el equipo o proporcionado por SYSCOM y siempre y cuando se utilice el mismo motor de base de datos que se incluye. Cualquier otra implementaci\u00f3n hacia otro software u otra versi\u00f3n de base de datos&comma; es responsabilidad del integrtador o desarrollador a cargo<\/strong><\/p>\n<p style='margin: 15px 0; color: inherit;'><strong>GARANTIA DEL PRODUCTO 1 a\u00f1o directo en SYSCOM y GARANT\u00cdA de 2 a\u00f1os limitada del producto en Fabrica.<\/strong><\/p>\n<\/p><\/div>\n<div style='margin: 50px 0; text-align: center;'>\n<h2 style='margin: 0 0 20px; color: inherit;'>VISITE NUESTRA BASE DE CONOCIMIENTOS <a href='http:\/\/conocimiento.syscom.mx\/?s=rosslare' style='color: inherit; text-decoration: underline;'>ROSSLARE<\/a><\/h2>\n<\/p><\/div>\n<div style='margin: 50px 0;'>\n<h2 style='text-align: center; margin: 0 0 20px; color: inherit;'><strong>Control de Elevadores con AC825IP y modulo R805 <\/strong><\/h2>\n<div style='position: relative; padding-bottom: 56.25%; height: 0; overflow: hidden; margin-bottom: 30px;'>   <\/div>\n<\/p><\/div>\n<div style='margin: 50px 0;'>\n<h2 style='margin: 0 0 20px; color: inherit;'><strong>Utilice los lectores CSN de Rosslare con la funci\u00f3n NFC de su Smartphone<\/strong><\/h2>\n<div style='position: relative; padding-bottom: 56.25%; height: 0; overflow: hidden; margin-bottom: 30px;'>   <\/div>\n<\/p><\/div>\n<div style='display: flex; flex-wrap: wrap; justify-content: center; gap: 30px; margin: 50px 0;'> <img style='width: 100%; max-width: 442px; height: auto; border: 1px solid rgba(150&comma;150&comma;150&comma;0.3); border-radius: 8px;' src='http:\/\/ftp3.syscom.mx\/usuarios\/mfragoso\/Ejemplo%20de%20conexion%20AC825IP.png' alt='Ejemplo de interconexion'> <img style='width: 100%; max-width: 406px; height: auto; border: 1px solid rgba(150&comma;150&comma;150&comma;0.3); border-radius: 8px;' src='http:\/\/ftp3.syscom.mx\/usuarios\/mfragoso\/diagrama%20a%20colo%20ac825ip.png' alt='Diagrama intregracion'> <\/div>\n<div style='display: flex; flex-wrap: wrap; justify-content: center; gap: 30px; margin: 50px 0;'> <img style='width: 100%; max-width: 801px; height: auto; border: 1px solid rgba(150&comma;150&comma;150&comma;0.3); border-radius: 8px;' src='http:\/\/ftp3.syscom.mx\/usuarios\/fotos\/AC825IP\/AC825IP_2.png' alt=''> <img style='width: 100%; max-width: 801px; height: auto; border: 1px solid rgba(150&comma;150&comma;150&comma;0.3); border-radius: 8px;' src='http:\/\/ftp3.syscom.mx\/usuarios\/fotos\/AC825IP\/AC825IP_3.png' alt=''> <\/div>\n<div style='margin: 50px 0;'>\n<div style='position: relative; padding-bottom: 56.25%; height: 0; overflow: hidden; margin-bottom: 30px;'>   <\/div>\n<div style='position: relative; padding-bottom: 56.25%; height: 0; overflow: hidden; margin-bottom: 30px;'>   <\/div>\n<div style='position: relative; padding-bottom: 56.25%; height: 0; overflow: hidden; margin-bottom: 30px;'>   <\/div>\n<\/p><\/div>\n<\/p><\/div>\n","protected":false},"excerpt":{"rendered":"<p>Controlador de acceso para 4 lectoras \/ Expandible a 56 Lectoras \/ Compatible con Sistema de Elevadores \/ 100,000 Usuarios<\/p>\n","protected":false},"featured_media":32674,"comment_status":"open","ping_status":"closed","template":"","meta":[],"product_brand":[],"product_cat":[783],"product_tag":[785,784,563],"class_list":{"0":"post-32675","1":"product","2":"type-product","3":"status-publish","4":"has-post-thumbnail","6":"product_cat-controladores-de-acceso","7":"product_tag-controladores-de-acceso","8":"product_tag-paneles-de-control-de-acceso","9":"product_tag-rosslare-security-products","11":"first","12":"instock","13":"sale","14":"shipping-taxable","15":"purchasable","16":"product-type-simple"},"_links":{"self":[{"href":"https:\/\/soydeaqui.ddns.net\/pachuca\/index.php\/wp-json\/wp\/v2\/product\/32675","targetHints":{"allow":["GET"]}}],"collection":[{"href":"https:\/\/soydeaqui.ddns.net\/pachuca\/index.php\/wp-json\/wp\/v2\/product"}],"about":[{"href":"https:\/\/soydeaqui.ddns.net\/pachuca\/index.php\/wp-json\/wp\/v2\/types\/product"}],"replies":[{"embeddable":true,"href":"https:\/\/soydeaqui.ddns.net\/pachuca\/index.php\/wp-json\/wp\/v2\/comments?post=32675"}],"wp:featuredmedia":[{"embeddable":true,"href":"https:\/\/soydeaqui.ddns.net\/pachuca\/index.php\/wp-json\/wp\/v2\/media\/32674"}],"wp:attachment":[{"href":"https:\/\/soydeaqui.ddns.net\/pachuca\/index.php\/wp-json\/wp\/v2\/media?parent=32675"}],"wp:term":[{"taxonomy":"product_brand","embeddable":true,"href":"https:\/\/soydeaqui.ddns.net\/pachuca\/index.php\/wp-json\/wp\/v2\/product_brand?post=32675"},{"taxonomy":"product_cat","embeddable":true,"href":"https:\/\/soydeaqui.ddns.net\/pachuca\/index.php\/wp-json\/wp\/v2\/product_cat?post=32675"},{"taxonomy":"product_tag","embeddable":true,"href":"https:\/\/soydeaqui.ddns.net\/pachuca\/index.php\/wp-json\/wp\/v2\/product_tag?post=32675"}],"curies":[{"name":"wp","href":"https:\/\/api.w.org\/{rel}","templated":true}]}}