{"id":32673,"date":"2026-03-18T14:41:11","date_gmt":"2026-03-18T14:41:11","guid":{"rendered":"https:\/\/soydeaqui.ddns.net\/pachuca\/index.php\/producto\/tarjeta-expansora-de-16-salidas-de-relevador-para-ac825ip\/"},"modified":"2026-03-18T14:41:11","modified_gmt":"2026-03-18T14:41:11","slug":"tarjeta-expansora-de-16-salidas-de-relevador-para-ac825ip","status":"publish","type":"product","link":"https:\/\/soydeaqui.ddns.net\/pachuca\/index.php\/producto\/tarjeta-expansora-de-16-salidas-de-relevador-para-ac825ip\/","title":{"rendered":"Tarjeta expansora de 16 salidas de relevador para AC825IP"},"content":{"rendered":"<div style='width: 100%; max-width: 1200px; margin: 0 auto; font-family: sans-serif; line-height: 1.6; color: inherit; background-color: transparent;'>\n<div style='display: flex; flex-direction: column; align-items: center; text-align: center; padding: 30px 0; border: 6px solid #a80007; border-top: none; border-bottom: 6px solid #a80007; background: linear-gradient(to bottom&comma; #595959 0%&comma; #a80007 100%);'> <img style='width: 100%; max-width: 450px; height: auto; border: 1px solid rgba(150&comma;150&comma;150&comma;0.3); border-radius: 8px; margin-bottom: 15px;' src='https:\/\/ftp3.syscom.mx\/usuarios\/fotos\/ACF44\/10062-rosslare.png' alt='Tarjeta R805'> <\/p>\n<h2 style='color: black; margin: 5px 0;'>R-805<\/h2>\n<h2 style='color: black; margin: 5px 0;'>Tarjeta expansora de 16 salidas de relevador para AC825IP<\/h2>\n<\/p><\/div>\n<p> <!-- Secci\u00f3n de descripci\u00f3n --> <\/p>\n<div style='display: flex; flex-wrap: wrap; gap: 30px; margin: 40px 0;'>\n<div style='flex: 1 1 300px; min-width: 280px;'>\n<div style='border: 1px solid rgba(150&comma; 150&comma; 150&comma; 0.4); border-radius: 8px; padding: 20px; background-color: ghostwhite; box-shadow: 10px 5px 3px rgba(128&comma;128&comma;128&comma;0.3);'>\n<h3 style='font-size: 20px; border-bottom: 2px solid currentColor; padding-bottom: 5px; margin-top: 0; margin-bottom: 15px; color: inherit; opacity: 0.8;'>Descripci\u00f3n<\/h3>\n<p style='font-size: 15px; color: inherit; margin-bottom: 15px;'> Es una de las 4 tarjetas expansoras de la nueva serie de controladores de la serie AC825IP. Ideal para soluciones residenciales y comerciales. La tarjeta expansora incrementa la flexibilidad del sistema de control de acceso dando un incremento de 16 relevadores al sistema. <\/p>\n<\/p><\/div>\n<\/p><\/div>\n<p> <!-- Secci\u00f3n de caracter\u00edsticas --> <\/p>\n<div style='flex: 1 1 300px; min-width: 280px;'>\n<div style='border: 1px solid rgba(150&comma; 150&comma; 150&comma; 0.4); border-radius: 8px; padding: 20px; background-color: ghostwhite; box-shadow: 10px 5px 3px rgba(128&comma;128&comma;128&comma;0.3);'>\n<h3 style='font-size: 20px; border-bottom: 2px solid currentColor; padding-bottom: 5px; margin-top: 0; margin-bottom: 15px; color: inherit; opacity: 0.8;'>Caracter\u00edsticas principales<\/h3>\n<ul style='padding-left: 20px; font-size: 15px; color: inherit; margin-bottom: 15px;'>\n<li style='margin-bottom: 8px;'>Compatible con panel AC825IPL.<\/li>\n<li style='margin-bottom: 8px;'>Una sola tarjeta expansora puede ser conectada a la tarjeta principal directamente&comma; y acepta hasta 16 tarjetas expansoras por medio del puerto OSDP.<\/li>\n<li style='margin-bottom: 8px;'>16 Relevadores tipo C de 5A.<\/li>\n<li style='margin-bottom: 8px;'>Formatos de transmisi\u00f3n de datos Wiegan&comma; Clock y Data.<\/li>\n<li style='margin-bottom: 8px;'>LED indicador de estatus de la fuente y el estado de los relevadores.<\/li>\n<li style='margin-bottom: 8px;'>Mejor y m\u00e1s r\u00e1pida instalaci\u00f3n modular.<\/li>\n<\/ul><\/div>\n<\/p><\/div>\n<p> <!-- Secci\u00f3n de nota --> <\/p>\n<div style='flex: 1 1 300px; min-width: 280px;'>\n<div style='border: 1px solid rgba(150&comma; 150&comma; 150&comma; 0.4); border-radius: 8px; padding: 20px; background-color: ghostwhite; box-shadow: 10px 5px 3px rgba(128&comma;128&comma;128&comma;0.3);'>\n<h3 style='font-size: 20px; border-bottom: 2px solid currentColor; padding-bottom: 5px; margin-top: 0; margin-bottom: 15px; color: inherit; opacity: 0.8;'>Nota<\/h3>\n<p style='font-size: 15px; color: inherit;'> Solo una tarjeta de expansi\u00f3n puede ser instalada en el panel directamente&comma; si se van a instalar m\u00e1s en el sistema&comma; se requiere el gabinete ME-1505 por cada par de tarjetas expansoras. <\/p>\n<\/p><\/div>\n<\/p><\/div>\n<\/p><\/div>\n<p> <!-- Separador --> <\/p>\n<hr style='border: 0; border-top: 1px solid rgba(150&comma; 150&comma; 150&comma; 0.3); margin: 40px 0;'> <\/div>\n","protected":false},"excerpt":{"rendered":"<p>Tarjeta expansora de 16 salidas de relevador para AC825IP<\/p>\n","protected":false},"featured_media":32672,"comment_status":"open","ping_status":"closed","template":"","meta":[],"product_brand":[],"product_cat":[818],"product_tag":[93,784,563],"class_list":{"0":"post-32673","1":"product","2":"type-product","3":"status-publish","4":"has-post-thumbnail","6":"product_cat-accesorios-paneles-de-control-de-acceso","7":"product_tag-accesorios","8":"product_tag-paneles-de-control-de-acceso","9":"product_tag-rosslare-security-products","11":"first","12":"instock","13":"sale","14":"shipping-taxable","15":"purchasable","16":"product-type-simple"},"_links":{"self":[{"href":"https:\/\/soydeaqui.ddns.net\/pachuca\/index.php\/wp-json\/wp\/v2\/product\/32673","targetHints":{"allow":["GET"]}}],"collection":[{"href":"https:\/\/soydeaqui.ddns.net\/pachuca\/index.php\/wp-json\/wp\/v2\/product"}],"about":[{"href":"https:\/\/soydeaqui.ddns.net\/pachuca\/index.php\/wp-json\/wp\/v2\/types\/product"}],"replies":[{"embeddable":true,"href":"https:\/\/soydeaqui.ddns.net\/pachuca\/index.php\/wp-json\/wp\/v2\/comments?post=32673"}],"wp:featuredmedia":[{"embeddable":true,"href":"https:\/\/soydeaqui.ddns.net\/pachuca\/index.php\/wp-json\/wp\/v2\/media\/32672"}],"wp:attachment":[{"href":"https:\/\/soydeaqui.ddns.net\/pachuca\/index.php\/wp-json\/wp\/v2\/media?parent=32673"}],"wp:term":[{"taxonomy":"product_brand","embeddable":true,"href":"https:\/\/soydeaqui.ddns.net\/pachuca\/index.php\/wp-json\/wp\/v2\/product_brand?post=32673"},{"taxonomy":"product_cat","embeddable":true,"href":"https:\/\/soydeaqui.ddns.net\/pachuca\/index.php\/wp-json\/wp\/v2\/product_cat?post=32673"},{"taxonomy":"product_tag","embeddable":true,"href":"https:\/\/soydeaqui.ddns.net\/pachuca\/index.php\/wp-json\/wp\/v2\/product_tag?post=32673"}],"curies":[{"name":"wp","href":"https:\/\/api.w.org\/{rel}","templated":true}]}}