{"id":32661,"date":"2026-03-18T14:40:53","date_gmt":"2026-03-18T14:40:53","guid":{"rendered":"https:\/\/soydeaqui.ddns.net\/pachuca\/index.php\/producto\/tablilla-de-expansion-4-lectores-a-ac825-2\/"},"modified":"2026-03-18T14:40:59","modified_gmt":"2026-03-18T14:40:59","slug":"tablilla-de-expansion-4-lectores-a-ac825-2","status":"publish","type":"product","link":"https:\/\/soydeaqui.ddns.net\/pachuca\/index.php\/producto\/tablilla-de-expansion-4-lectores-a-ac825-2\/","title":{"rendered":"Tablilla de expansi\u00f3n, 4 lectores a AC825"},"content":{"rendered":"<div style='width: 100%; max-width: 1200px; margin: 0 auto; font-family: sans-serif; line-height: 1.6; color: inherit; background-color: transparent;'>\n<div style='position: relative; margin-bottom: 30px; border: 6px solid rgba(168&comma; 0&comma; 7&comma; 0.3); background: linear-gradient(to bottom&comma; rgba(89&comma;89&comma;89&comma;0.8) 0%&comma; rgba(168&comma;0&comma;7&comma;0.8) 100%); padding: 30px;'> <img style='width: 100%; max-width: 450px; height: auto; border: 1px solid rgba(150&comma;150&comma;150&comma;0.3); border-radius: 8px; margin-bottom: 15px;' src='https:\/\/ftp3.syscom.mx\/usuarios\/fotos\/ACF44\/10062-rosslare.png' alt='Imagen del producto'> <\/p>\n<h2 style='color: inherit; margin-top: 0; margin-bottom: 10px; font-size: 28px;'>D-805<\/h2>\n<h3 style='color: inherit; margin-top: 0; margin-bottom: 0; font-size: 20px;'>Tablilla de expansi\u00f3n de 4 lectores para uso con AC825.<\/h3>\n<\/p><\/div>\n<div style='display: flex; flex-direction: column; gap: 30px;'>\n<div style='width: 100%; max-width: 100%;'>\n<p style='text-align: center; font-weight: bold; font-size: 16px; color: inherit;'>Es una de las 4 tarjetas expansoras de la nueva serie de controladores de la serie AC.<\/p>\n<\/p><\/div>\n<div style='width: 100%; max-width: 100%; background-color: rgba(248&comma; 248&comma; 248&comma; 0.8); border-left: 4px solid rgba(168&comma; 0&comma; 7&comma; 0.8); border-radius: 8px; padding: 20px; box-shadow: 0 5px 15px rgba(0&comma;0&comma;0&comma;0.1);'>\n<p style='color: inherit; font-size: 15px; margin: 0;'>Ideal para soluciones residenciales y comerciales. La tarjeta expansora incrementa la flexibilidad del sistema de control de acceso dando un incremento de 4 lectoras&comma; 4 relevadores\/puertas y 8 entradas supervisadas por el panel.<\/p>\n<\/p><\/div>\n<div style='display: flex; flex-wrap: wrap; gap: 30px;'>\n<div style='flex: 1 1 300px; min-width: 280px; background-color: rgba(248&comma; 248&comma; 248&comma; 0.8); border-left: 4px solid rgba(168&comma; 0&comma; 7&comma; 0.8); border-radius: 8px; padding: 20px; box-shadow: 0 5px 15px rgba(0&comma;0&comma;0&comma;0.1);'>\n<h3 style='font-size: 20px; border-bottom: 2px solid currentColor; padding-bottom: 8px; margin-top: 0; margin-bottom: 15px; color: inherit; opacity: 0.8;'>CARACTERISTICAS PRINCIPALES<\/h3>\n<ul style='padding-left: 20px; font-size: 14px; color: inherit; list-style-position: outside;'>\n<li style='margin-bottom: 8px;'>Compatible con el panel AC825IPL<\/li>\n<li style='margin-bottom: 8px;'>Una sola tarjeta expansora puede ser conectada a la tarjeta principal directamente&comma; y acepta hasta 16 tarjetas expansoras por medio del puerto OSDP.<\/li>\n<li style='margin-bottom: 8px;'>Adiciona 4 lectoras.<\/li>\n<li style='margin-bottom: 8px;'>4 salidas de relevador y 8 salidas supervisadas por el panel.<\/li>\n<li style='margin-bottom: 8px;'>Formatos de transmisi\u00f3n de datos Wiegand y Clock y Data.<\/li>\n<li style='margin-bottom: 8px;'>LED indicador de estatus de la fuente y el estado de los relevadores.<\/li>\n<li style='margin-bottom: 8px;'>Mejor y m\u00e1s r\u00e1pida instalaci\u00f3n modular.<\/li>\n<\/ul><\/div>\n<div style='flex: 1 1 300px; min-width: 280px; background-color: rgba(248&comma; 248&comma; 248&comma; 0.8); border-left: 4px solid rgba(168&comma; 0&comma; 7&comma; 0.8); border-radius: 8px; padding: 20px; box-shadow: 0 5px 15px rgba(0&comma;0&comma;0&comma;0.1);'>\n<h3 style='font-size: 20px; border-bottom: 2px solid currentColor; padding-bottom: 8px; margin-top: 0; margin-bottom: 15px; color: inherit; opacity: 0.8;'>NOTA<\/h3>\n<p style='color: inherit; font-size: 14px; margin: 0;'>Es posible conectar una sola tarjeta directamente al panel&comma; si se desea instalar m\u00e1s de una tarjeta expansora es necesario adicionar en gabinete ME-1505 por cada par de tarjetas expansoras.<\/p>\n<\/p><\/div>\n<\/p><\/div>\n<hr style='border: 0; border-top: 1px solid rgba(150&comma; 150&comma; 150&comma; 0.3); margin: 30px 0;'> <\/div>\n<\/p><\/div>\n","protected":false},"excerpt":{"rendered":"<p>Tablilla de expansi\u00f3n, 4 lectores a AC825<\/p>\n","protected":false},"featured_media":32660,"comment_status":"open","ping_status":"closed","template":"","meta":[],"product_brand":[],"product_cat":[818],"product_tag":[93,784,563],"class_list":{"0":"post-32661","1":"product","2":"type-product","3":"status-publish","4":"has-post-thumbnail","6":"product_cat-accesorios-paneles-de-control-de-acceso","7":"product_tag-accesorios","8":"product_tag-paneles-de-control-de-acceso","9":"product_tag-rosslare-security-products","11":"first","12":"instock","13":"sale","14":"shipping-taxable","15":"purchasable","16":"product-type-simple"},"_links":{"self":[{"href":"https:\/\/soydeaqui.ddns.net\/pachuca\/index.php\/wp-json\/wp\/v2\/product\/32661","targetHints":{"allow":["GET"]}}],"collection":[{"href":"https:\/\/soydeaqui.ddns.net\/pachuca\/index.php\/wp-json\/wp\/v2\/product"}],"about":[{"href":"https:\/\/soydeaqui.ddns.net\/pachuca\/index.php\/wp-json\/wp\/v2\/types\/product"}],"replies":[{"embeddable":true,"href":"https:\/\/soydeaqui.ddns.net\/pachuca\/index.php\/wp-json\/wp\/v2\/comments?post=32661"}],"wp:featuredmedia":[{"embeddable":true,"href":"https:\/\/soydeaqui.ddns.net\/pachuca\/index.php\/wp-json\/wp\/v2\/media\/32660"}],"wp:attachment":[{"href":"https:\/\/soydeaqui.ddns.net\/pachuca\/index.php\/wp-json\/wp\/v2\/media?parent=32661"}],"wp:term":[{"taxonomy":"product_brand","embeddable":true,"href":"https:\/\/soydeaqui.ddns.net\/pachuca\/index.php\/wp-json\/wp\/v2\/product_brand?post=32661"},{"taxonomy":"product_cat","embeddable":true,"href":"https:\/\/soydeaqui.ddns.net\/pachuca\/index.php\/wp-json\/wp\/v2\/product_cat?post=32661"},{"taxonomy":"product_tag","embeddable":true,"href":"https:\/\/soydeaqui.ddns.net\/pachuca\/index.php\/wp-json\/wp\/v2\/product_tag?post=32661"}],"curies":[{"name":"wp","href":"https:\/\/api.w.org\/{rel}","templated":true}]}}