{"id":3265,"date":"2026-03-18T06:06:21","date_gmt":"2026-03-18T06:06:21","guid":{"rendered":"https:\/\/soydeaqui.ddns.net\/pachuca\/index.php\/producto\/ax-pro-kit-de-alarma-ax-pro-incluye-1-hub-con-bateria-de-respaldo-1-sensores-pir-1-montaje-universal-para-pir-2-contactos-magneticos-1-teclado-1-sirena-inalambrica-exterior-wifi-com\/"},"modified":"2026-03-18T06:06:21","modified_gmt":"2026-03-18T06:06:21","slug":"ax-pro-kit-de-alarma-ax-pro-incluye-1-hub-con-bateria-de-respaldo-1-sensores-pir-1-montaje-universal-para-pir-2-contactos-magneticos-1-teclado-1-sirena-inalambrica-exterior-wifi-com","status":"publish","type":"product","link":"https:\/\/soydeaqui.ddns.net\/pachuca\/index.php\/producto\/ax-pro-kit-de-alarma-ax-pro-incluye-1-hub-con-bateria-de-respaldo-1-sensores-pir-1-montaje-universal-para-pir-2-contactos-magneticos-1-teclado-1-sirena-inalambrica-exterior-wifi-com\/","title":{"rendered":"(AX PRO) KIT de Alarma AX PRO \/ Incluye: 1 Hub con bateria de respaldo \/ 1 Sensores PIR \/ 1 Montaje Universal para PIR \/ 2 Contactos Magn\u00e9ticos \/ 1 Teclado \/ 1 Sirena Inalambrica Exterior \/ WiFi \/ Compatible con Hik-Connect P2P"},"content":{"rendered":"<div style='width: 100%; max-width: 1200px; margin: 0 auto; font-family: sans-serif; line-height: 1.6; color: inherit; background-color: transparent;'>\n<p style='text-align: center;'><img style='width: 100%; max-width: 450px; height: auto; border: 1px solid rgba(150&comma;150&comma;150&comma;0.3); border-radius: 8px;' src='https:\/\/ftp3.syscom.mx\/usuarios\/jsosa\/HIKVISION\/imagenes\/logo\/hikvision%20see%20far.png' alt='Hikvision'><\/p>\n<div style='position: relative; padding-bottom: 56.25%; height: 0; overflow: hidden; margin-bottom: 30px;'>   <\/div>\n<div style='display: flex; flex-wrap: wrap; gap: 30px; margin-bottom: 30px;'>\n<div style='flex: 1 1 300px; min-width: 280px;'>\n<h3 style='font-size: 22px; border-bottom: 2px solid currentColor; padding-bottom: 5px; margin-top: 0; color: inherit; opacity: 0.8;'>Consideraciones<\/h3>\n<ul style='padding-left: 20px; font-size: 15px; color: inherit;'>\n<li style='margin-bottom: 5px;'>Las distancias de comunicaci\u00f3n entre los sensores y el panel pueden variar en cada instalaci\u00f3n por cuestiones como: ruido ambiental&comma; materiales y grosor de los muros&comma; ruido digital&comma; etc.<\/li>\n<\/ul><\/div>\n<\/p><\/div>\n<div style='position: relative; padding-bottom: 56.25%; height: 0; overflow: hidden; margin-bottom: 30px;'>   <\/div>\n<div style='position: relative; padding-bottom: 56.25%; height: 0; overflow: hidden; margin-bottom: 30px;'>   <\/div>\n<div style='position: relative; padding-bottom: 56.25%; height: 0; overflow: hidden; margin-bottom: 30px;'>   <\/div>\n<h1 style='text-align: center; font-size: 24px; color: inherit; margin: 0 0 20px; padding: 0;'>AXPRO-KIT-KEYPAD<\/h1>\n<h3 style='text-align: center; font-size: 20px; color: inherit; margin: 0 0 20px; padding: 0;'>KIT Alarma Hikvision&comma; Incluye:<\/h3>\n<div style='display: grid; grid-template-columns: repeat(auto-fill&comma; minmax(280px&comma; 1fr)); gap: 20px; margin-bottom: 30px;'>\n<div style='border: 1px solid rgba(150&comma;150&comma;150&comma;0.4); border-radius: 8px; padding: 15px;'>\n<p style='text-align: center; margin: 0;'><a style='color: inherit; text-decoration: underline;' href='https:\/\/www.syscom.mx\/producto\/DS-PWA48-E-WB-HIKVISION-191682.html' target='_blank' rel='noopener'>DS-PWA48-E-WB<\/a><\/p>\n<\/p><\/div>\n<div style='border: 1px solid rgba(150&comma;150&comma;150&comma;0.4); border-radius: 8px; padding: 15px;'>\n<p style='text-align: center; margin: 0;'><a style='color: inherit; text-decoration: underline;' href='https:\/\/www.syscom.mx\/producto\/DS-PK1-E-WB-HIKVISION-189881.html' target='_blank' rel='noopener'>DS-PK1-E-WB<\/a><\/p>\n<\/p><\/div>\n<div style='border: 1px solid rgba(150&comma;150&comma;150&comma;0.4); border-radius: 8px; padding: 15px;'>\n<p style='text-align: center; margin: 0;'><a style='color: inherit; text-decoration: underline;' href='https:\/\/www.syscom.mx\/producto\/DS-PDP15P-EG2-WBB-HIKVISION-219775.html' target='_blank' rel='noopener'>DS-PDP15P-EG2-WB(B)<\/a><\/p>\n<\/p><\/div>\n<div style='border: 1px solid rgba(150&comma;150&comma;150&comma;0.4); border-radius: 8px; padding: 15px;'>\n<p style='text-align: center; margin: 0;'><a style='color: inherit; text-decoration: underline;' href='https:\/\/www.syscom.mx\/producto\/DS-PDB-IN-U-HIKVISION-207035.html' target='_blank' rel='noopener'>DS-PDB-IN-U<\/a><\/p>\n<\/p><\/div>\n<div style='border: 1px solid rgba(150&comma;150&comma;150&comma;0.4); border-radius: 8px; padding: 15px;'>\n<p style='text-align: center; margin: 0;'>DS-PDMC-EG2-WB(B) (2x)<\/p>\n<div style='display: flex; gap: 10px; justify-content: center; margin-top: 10px;'> <a style='color: inherit; text-decoration: underline;' href='https:\/\/www.syscom.mx\/producto\/DS-PDMC-EG2-WBB-HIKVISION-219777.html' target='_blank' rel='noopener'>Modelo 1<\/a> <\/div>\n<\/p><\/div>\n<div style='border: 1px solid rgba(150&comma;150&comma;150&comma;0.4); border-radius: 8px; padding: 15px;'>\n<p style='text-align: center; margin: 0;'><a style='color: inherit; text-decoration: underline;' href='https:\/\/www.syscom.mx\/producto\/DS-PS1-E-WB-B-HIKVISION-189895.html' target='_blank' rel='noopener'>DS-PS1-E-WB\/B<\/a><\/p>\n<\/p><\/div>\n<\/p><\/div>\n<div style='display: flex; flex-wrap: wrap; gap: 30px; margin-bottom: 30px;'>\n<div style='flex: 1 1 300px; min-width: 280px; border: 1px solid rgba(150&comma;150&comma;150&comma;0.4); border-radius: 8px; overflow: hidden;'>\n<div style='text-align: center; padding: 15px; background: #eee;'> <a href='https:\/\/www.syscom.mx\/producto\/DS-PWA48-M-WB-HIKVISION-196110.html' target='_blank' rel='noopener'> <img style='width: 100%; max-width: 400px; height: auto; border: none;' src='https:\/\/ftp3.syscom.mx\/usuarios\/fotos\/BancoFotografiasSyscom\/HIKVISION\/DSPWA48EWB\/DSPWA48EWB-p.PNG' alt='Panel DS-PWA48-E-WB'> <\/a> <\/div>\n<div style='padding: 15px;'>\n<h2 style='margin-top: 0; margin-bottom: 10px; font-size: 18px; color: inherit;'><a style='color: inherit; text-decoration: underline;' href='https:\/\/www.syscom.mx\/producto\/DS-PWA48-E-WB-HIKVISION-191682.html' target='_blank' rel='noopener'>DS-PWA48-E-WB<\/a><\/h2>\n<h4 style='color: inherit; opacity: 0.8; margin-top: 0; margin-bottom: 15px; font-size: 16px;'>Caracter\u00edsticas:<\/h4>\n<ul style='padding-left: 20px; font-size: 14px; color: inherit;'>\n<li style='margin-bottom: 5px;'>Soporta conexi\u00f3n LAN \/ Wi-Fi (2.4 GHz)&comma; <strong>Incluye bateria de respaldo<\/strong><\/li>\n<li style='margin-bottom: 5px;'>48 Zonas o Salidas de Alarma<\/li>\n<li style='margin-bottom: 5px;'>Soporta 4 Sirenas<\/li>\n<li style='margin-bottom: 5px;'>Soporta 8 Lectores o Teclados<\/li>\n<li style='margin-bottom: 5px;'>Soporta 16 controles<\/li>\n<li style='margin-bottom: 5px;'>Soporta 2 Repetidores<\/li>\n<\/ul><\/div>\n<\/p><\/div>\n<div style='flex: 1 1 300px; min-width: 280px; border: 1px solid rgba(150&comma;150&comma;150&comma;0.4); border-radius: 8px; overflow: hidden;'>\n<div style='text-align: center; padding: 15px; background: #eee;'> <a href='https:\/\/www.syscom.mx\/producto\/hikvision-axpro-kit-keypad-227397.html' target='_blank' rel='noopener'> <img style='width: 100%; max-width: 400px; height: auto; border: none;' src='https:\/\/ftp3.syscom.mx\/usuarios\/fotos\/BancoFotografiasSyscom\/HIKVISION\/DSPK1EWB\/DSPK1EWB-p.PNG' alt='Teclado DS-PK1-E-WB'> <\/a> <\/div>\n<div style='padding: 15px;'>\n<h2 style='margin-top: 0; margin-bottom: 10px; font-size: 18px; color: inherit;'><a style='color: inherit; text-decoration: underline;' href='https:\/\/www.syscom.mx\/producto\/DS-PK1-E-WB-HIKVISION-189881.html' target='_blank' rel='noopener'>DS-PK1-E-WB<\/a><\/h2>\n<h4 style='color: inherit; opacity: 0.8; margin-top: 0; margin-bottom: 15px; font-size: 16px;'>Caracter\u00edsticas:<\/h4>\n<ul style='padding-left: 20px; font-size: 14px; color: inherit;'>\n<li style='margin-bottom: 5px;'>Permite realizar operaciones de armado&comma; desarmado&comma; limpiar alarma&comma; etc.<\/li>\n<li style='margin-bottom: 5px;'>Voltaje de Operaci\u00f3n: 4 bater\u00edas AA (Incluidas).<\/li>\n<li style='margin-bottom: 5px;'>Dimensiones: 140 x 86 x 22 mm.<\/li>\n<\/ul><\/div>\n<\/p><\/div>\n<div style='flex: 1 1 300px; min-width: 280px; border: 1px solid rgba(150&comma;150&comma;150&comma;0.4); border-radius: 8px; overflow: hidden;'>\n<div style='text-align: center; padding: 15px; background: #eee;'> <a href='https:\/\/www.syscom.mx\/producto\/DS-PDP15P-EG2-WB-HIKVISION-189858.html' target='_blank' rel='noopener'> <img style='width: 100%; max-width: 400px; height: auto; border: none;' src='https:\/\/ftp3.syscom.mx\/usuarios\/fotos\/BancoFotografiasSyscom\/HIKVISION\/DSPDP15PEG2WB\/DSPDP15PEG2WB-p.PNG' alt='Detector PIR DS-PDP15P-EG2-WB(B)'> <\/a> <\/div>\n<div style='padding: 15px;'>\n<h2 style='margin-top: 0; margin-bottom: 10px; font-size: 18px; color: inherit;'><a style='color: inherit; text-decoration: underline;' href='https:\/\/www.syscom.mx\/producto\/DS-PDP15P-EG2-WBB-HIKVISION-219775.html' target='_blank' rel='noopener'>DS-PDP15P-EG2-WB(B)<\/a><\/h2>\n<h4 style='color: inherit; opacity: 0.8; margin-top: 0; margin-bottom: 15px; font-size: 16px;'>Caracter\u00edsticas:<\/h4>\n<ul style='padding-left: 20px; font-size: 14px; color: inherit;'>\n<li style='margin-bottom: 5px;'>Rango de detecci\u00f3n: 15 m.<\/li>\n<li style='margin-bottom: 5px;'>\u00c1ngulo de detecci\u00f3n: 85.9\u00b0.<\/li>\n<li style='margin-bottom: 5px;'>Voltaje de Operaci\u00f3n: 1 x <a style='color: inherit; text-decoration: underline;' href='https:\/\/www.syscom.mx\/producto\/CR123A-EPCOM-POWERLINE-13896.html' target='_blank' rel='noopener'>CR123A<\/a> (Incluida).<\/li>\n<\/ul><\/div>\n<\/p><\/div>\n<div style='flex: 1 1 300px; min-width: 280px; border: 1px solid rgba(150&comma;150&comma;150&comma;0.4); border-radius: 8px; overflow: hidden;'>\n<div style='text-align: center; padding: 15px; background: #eee;'> <a href='https:\/\/www.syscom.mx\/producto\/DS-PDMC-EG2-WBB-HIKVISION-219777.html' target='_blank' rel='noopener'> <img style='width: 100%; max-width: 400px; height: auto; border: none;' src='https:\/\/ftp3.syscom.mx\/usuarios\/fotos\/BancoFotografiasSyscom\/HIKVISION\/DSPDMCEG2WB\/DSPDMCEG2WB-p.PNG' alt='Sensor Magn\u00e9tico DS-PDMC-EG2-WB(B)'> <\/a> <\/div>\n<div style='padding: 15px;'>\n<h2 style='margin-top: 0; margin-bottom: 10px; font-size: 18px; color: inherit;'>2 x <a style='color: inherit; text-decoration: underline;' href='https:\/\/www.syscom.mx\/producto\/DS-PDMC-EG2-WBB-HIKVISION-219777.html' target='_blank' rel='noopener'>DS-PDMC-EG2-WB(B)<\/a><\/h2>\n<h4 style='color: inherit; opacity: 0.8; margin-top: 0; margin-bottom: 15px; font-size: 16px;'>Caracter\u00edsticas:<\/h4>\n<ul style='padding-left: 20px; font-size: 14px; color: inherit;'>\n<li style='margin-bottom: 5px;'>Contiene un led indicador.<\/li>\n<li style='margin-bottom: 5px;'>Tamper: soportado en carcasa frontal y tapa trasera.<\/li>\n<li style='margin-bottom: 5px;'>Alimentaci\u00f3n: 1 x CR2450.<\/li>\n<\/ul><\/div>\n<\/p><\/div>\n<div style='flex: 1 1 300px; min-width: 280px; border: 1px solid rgba(150&comma;150&comma;150&comma;0.4); border-radius: 8px; overflow: hidden;'>\n<div style='text-align: center; padding: 15px; background: #eee;'> <a href='https:\/\/www.syscom.mx\/producto\/DS-PS1-E-WB-B-HIKVISION-189895.html' target='_blank' rel='noopener'> <img style='width: 100%; max-width: 400px; height: auto; border: none;' src='https:\/\/ftp3.syscom.mx\/usuarios\/fotos\/BancoFotografiasSyscom\/HIKVISION\/DSPS1EWB_B\/DSPS1EWB_B-p.PNG' alt='Sirena DS-PS1-E-WB\/B'> <\/a> <\/div>\n<div style='padding: 15px;'>\n<h2 style='margin-top: 0; margin-bottom: 10px; font-size: 18px; color: inherit;'><a style='color: inherit; text-decoration: underline;' href='https:\/\/www.syscom.mx\/producto\/DS-PS1-E-WB-B-HIKVISION-189895.html' target='_blank' rel='noopener'>DS-PS1-E-WB\/B<\/a><\/h2>\n<h4 style='color: inherit; opacity: 0.8; margin-top: 0; margin-bottom: 15px; font-size: 16px;'>Caracter\u00edsticas:<\/h4>\n<ul style='padding-left: 20px; font-size: 14px; color: inherit;'>\n<li style='margin-bottom: 5px;'>Buzzer 110 db.<\/li>\n<li style='margin-bottom: 5px;'>Indicador LED color azul cuando sucede un evento al activarse la sirena (estrobo).<\/li>\n<li style='margin-bottom: 5px;'>Voltaje de Operaci\u00f3n: 1 x CR2032 (Incluida).<\/li>\n<\/ul><\/div>\n<\/p><\/div>\n<\/p><\/div>\n<p> <img style='width: 100%; height: auto; border: 1px solid rgba(150&comma;150&comma;150&comma;0.3); border-radius: 8px; margin: 30px 0;' src='https:\/\/ftp3.syscom.mx\/usuarios\/jsosa\/HIKVISION\/alarmas\/AXPPRO\/banner\/AX%20PRO%20disgramas-hikvision.jpg' alt='Linea de Productos AX PRO'> <\/p>\n<div style='display: flex; flex-wrap: wrap; gap: 30px; margin-bottom: 30px;'>\n<div style='flex: 1 1 300px; min-width: 280px;'> <img style='width: 100%; height: auto; border: 1px solid rgba(150&comma;150&comma;150&comma;0.3); border-radius: 8px;' src='https:\/\/ftp3.syscom.mx\/usuarios\/jsosa\/HIKVISION\/alarmas\/AXPPRO\/Serie%20AXPRO.png' alt='Serie AX PRO'> <\/div>\n<div style='flex: 1 1 300px; min-width: 280px;'>\n<h2 style='margin-top: 0; font-size: 20px; color: inherit;'>Serie AX PRO<\/h2>\n<p style='margin-bottom: 10px;'>\u00bfNecesita proteger su hogar&comma; oficina o tienda?<\/p>\n<p style='margin-bottom: 10px;'>\u00bfCansado de tantos cables y mucho tiempo de instalaci\u00f3n?<\/p>\n<p style='margin-bottom: 10px;'>\u00a1Utilice una soluci\u00f3n de alarma inal\u00e1mbrica profesional!<\/p>\n<p style='margin-bottom: 0;'><a style='color: inherit; text-decoration: underline;' href='https:\/\/www.syscom.mx\/principal\/listadoproductosazul\/intrusion-hikvision-paneles-de-alarma-y-accesorios-ax-pro-series-66286.html?ordenar=Precio_de_Menor_a_Mayor&#038;pag=1' target='_blank' rel='noopener'>Conozca todos los dispositivos que pueden integrar en la Serie AX PRO<\/a>.<\/p>\n<\/p><\/div>\n<\/p><\/div>\n<div style='position: relative; padding-bottom: 56.25%; height: 0; overflow: hidden; margin-bottom: 30px;'>   <\/div>\n<div style='position: relative; padding-bottom: 56.25%; height: 0; overflow: hidden; margin-bottom: 30px;'>   <\/div>\n<div style='position: relative; padding-bottom: 56.25%; height: 0; overflow: hidden; margin-bottom: 30px;'>   <\/div>\n<div style='position: relative; padding-bottom: 56.25%; height: 0; overflow: hidden; margin-bottom: 30px;'>   <\/div>\n<p> <img style='width: 100%; height: auto; border: 1px solid rgba(150&comma;150&comma;150&comma;0.3); border-radius: 8px; margin: 30px 0;' src='https:\/\/ftp3.syscom.mx\/usuarios\/jsosa\/HIKVISION\/alarmas\/AXPPRO\/banner\/diagrama%20AX%20Pro.png' alt='Diagrama de Aplicaci\u00f3n AX PRO'> <\/p>\n<div style='display: flex; flex-wrap: wrap; gap: 30px; margin-bottom: 30px;'>\n<div style='flex: 1 1 300px; min-width: 280px; border: 1px solid rgba(150&comma;150&comma;150&comma;0.4); border-radius: 8px; overflow: hidden;'>\n<div style='text-align: center; padding: 15px; background: #eee;'> <a href='https:\/\/www.syscom.mx\/producto\/DS-PR1-WB-HIKVISION-191817.html' target='_blank' rel='noopener'> <img style='width: 100%; max-width: 400px; height: auto; border: none;' src='https:\/\/ftp3.syscom.mx\/usuarios\/fotos\/BancoFotografiasSyscom\/HIKVISION\/DSPR1WB\/DSPR1WB-p.PNG' alt='Repetidor DS-PR1-WB'> <\/a> <\/div>\n<div style='padding: 15px;'>\n<h2 style='margin-top: 0; margin-bottom: 10px; font-size: 18px; color: inherit;'><a style='color: inherit; text-decoration: underline;' href='https:\/\/www.syscom.mx\/producto\/DS-PR1-WB-HIKVISION-191817.html' target='_blank' rel='noopener'>DS-PR1-WB<\/a><\/h2>\n<p style='margin-bottom: 15px;'><strong style='color: inherit;'>Aumenta la cobertura de tus dispositivos<\/strong><\/p>\n<p style='margin-bottom: 15px;'>Extiende la se\u00f1al de los dispositivos de la serie AXPRO&comma; recibe mensajes de alarma&comma; estado y control de los dispositivos y repite estos mensajes al panel de control.<\/p>\n<ul style='padding-left: 20px; font-size: 14px; color: inherit;'>\n<li style='margin-bottom: 5px;'>Comunicaci\u00f3n inal\u00e1mbrica bidireccional de 433 MHz estable y segura.<\/li>\n<li style='margin-bottom: 5px;'>Indicador LED&comma; muestra los diferentes estatus del dispositivo con f\u00e1cil comprensi\u00f3n.<\/li>\n<li style='margin-bottom: 5px;'>Hasta 35 horas de respaldo de bater\u00eda despu\u00e9s de la p\u00e9rdida energ\u00eda principal.<\/li>\n<li style='margin-bottom: 5px;'>Encuentra y conecta detectores autom\u00e1ticamente&comma; emparejamiento autom\u00e1tico inteligente.<\/li>\n<li style='margin-bottom: 5px;'>F\u00e1cil instalaci\u00f3n debido nuevo dise\u00f1ado.<\/li>\n<\/ul><\/div>\n<\/p><\/div>\n<div style='flex: 1 1 300px; min-width: 280px; border: 1px solid rgba(150&comma;150&comma;150&comma;0.4); border-radius: 8px; overflow: hidden;'>\n<div style='padding: 15px;'>\n<h2 style='margin-top: 0; margin-bottom: 10px; font-size: 18px; color: inherit;'><a style='color: inherit; text-decoration: underline;' href='https:\/\/www.syscom.mx\/producto\/DS-PDPC12P-EG2-WB-HIKVISION-189862.html' target='_blank' rel='noopener'>DS-PDPC12P-EG2-WB<\/a><\/h2>\n<p style='margin-bottom: 15px;'>Detector inal\u00e1mbrico bidireccional totalmente supervisado con c\u00e1mara incorporada de alta calidad que puede proporcionar una soluci\u00f3n ideal para la verificaci\u00f3n de video.<\/p>\n<ul style='padding-left: 20px; font-size: 14px; color: inherit;'>\n<li style='margin-bottom: 5px;'>Rango de detecci\u00f3n: 12 m.<\/li>\n<li style='margin-bottom: 5px;'>\u00c1ngulo de detecci\u00f3n: 85.9\u00b0.<\/li>\n<li style='margin-bottom: 5px;'>Inmunidad contra mascotas: 30Kg.<\/li>\n<li style='margin-bottom: 5px;'>Resoluci\u00f3n m\u00e1xima de la c\u00e1mara: 640 x 480.<\/li>\n<li style='margin-bottom: 5px;'>Voltaje de Operaci\u00f3n: 3 x <a style='color: inherit; text-decoration: underline;' href='https:\/\/www.syscom.mx\/producto\/CR123A-EPCOM-POWERLINE-13896.html' target='_blank' rel='noopener'>CR123A<\/a> (Incluida).<\/li>\n<li style='margin-bottom: 5px;'>Tiempo \u00fatil de la bater\u00eda: 6 a\u00f1os<\/li>\n<li style='margin-bottom: 5px;'>Tamper antisabotaje.<\/li>\n<\/ul><\/div>\n<div style='text-align: center; padding: 15px; background: #eee;'> <a href='https:\/\/www.syscom.mx\/producto\/DS-PDPC12P-EG2-WB-HIKVISION-189862.html' target='_blank' rel='noopener'> <img style='width: 100%; max-width: 400px; height: auto; border: none;' src='https:\/\/ftp3.syscom.mx\/usuarios\/fotos\/BancoFotografiasSyscom\/HIKVISION\/DSPDPC12PEG2WB\/DSPDPC12PEG2WB-p.PNG' alt='Detector PIR con C\u00e1mara DS-PDPC12P-EG2-WB'> <\/a> <\/div>\n<\/p><\/div>\n<\/p><\/div>\n<h3 style='text-align: center; font-size: 20px; margin-top: 40px; margin-bottom: 20px; color: inherit;'>ACCESORIOS PARA AUTOMATIZAR:<\/h3>\n<div style='display: flex; flex-wrap: wrap; gap: 30px; margin-bottom: 30px;'>\n<div style='flex: 1 1 300px; min-width: 280px; border: 1px solid rgba(150&comma;150&comma;150&comma;0.4); border-radius: 8px; overflow: hidden;'>\n<div style='text-align: center; padding: 15px; background: #eee;'> <a href='https:\/\/www.syscom.mx\/producto\/DS-PM1-O1H-WB-HIKVISION-191822.html' target='_blank' rel='noopener'> <img style='width: 100%; max-width: 400px; height: auto; border: none;' src='https:\/\/ftp3.syscom.mx\/usuarios\/fotos\/BancoFotografiasSyscom\/HIKVISION\/DSPM1O1HWB\/DSPM1O1HWB-p.PNG' alt='DS-PM1-O1H-WB'> <\/a> <\/div>\n<div style='padding: 15px;'>\n<h2 style='margin-top: 0; margin-bottom: 10px; font-size: 18px; color: inherit;'><a style='color: inherit; text-decoration: underline;' href='https:\/\/www.syscom.mx\/producto\/DS-PM1-O1H-WB-HIKVISION-191822.html' target='_blank' rel='noopener'>DS-PM1-O1H-WB<\/a><\/h2>\n<ul style='padding-left: 20px; font-size: 14px; color: inherit;'>\n<li style='margin-bottom: 5px;'>Comunicaci\u00f3n inal\u00e1mbrica bidireccional de 433 MHz \/ Cifrado AES-128.<\/li>\n<li style='margin-bottom: 5px;'>Pantalla LED&comma; muestra el estado del dispositivo: encendido \/ apagado.<\/li>\n<li style='margin-bottom: 5px;'>Dise\u00f1o de caja peque\u00f1a&comma; que se puede esconder f\u00e1cilmente.<\/li>\n<li style='margin-bottom: 5px;'>Operaci\u00f3n de automatizaci\u00f3n&comma; bot\u00f3n de encendido\/apagado desde: aplicaci\u00f3n \/ control \/ teclado<\/li>\n<li style='margin-bottom: 5px;'>Configuraci\u00f3n de escenarios por diferentes eventos.<\/li>\n<li style='margin-bottom: 5px;'>1 Salida de relevador: NO\/NC (100 to 240 VAC \/ Max. 13 A)<\/li>\n<li style='margin-bottom: 5px;'>Voltaje de Operaci\u00f3n: 100 VCA a 240 VCA.<\/li>\n<li style='margin-bottom: 5px;'>Temperatura de operaci\u00f3n: -10\u00b0 a 55\u00b0C.<\/li>\n<\/ul><\/div>\n<\/p><\/div>\n<div style='flex: 1 1 300px; min-width: 280px; border: 1px solid rgba(150&comma;150&comma;150&comma;0.4); border-radius: 8px; overflow: hidden;'>\n<div style='text-align: center; padding: 15px; background: #eee;'> <a href='https:\/\/www.syscom.mx\/producto\/DS-PM1-O1L-WB-HIKVISION-191819.html' target='_blank' rel='noopener'> <img style='width: 100%; max-width: 400px; height: auto; border: none;' src='https:\/\/ftp3.syscom.mx\/usuarios\/fotos\/BancoFotografiasSyscom\/HIKVISION\/DSPM1O1LWB\/DSPM1O1LWB-p.PNG' alt='DS-PM1-O1L-WB'> <\/a> <\/div>\n<div style='padding: 15px;'>\n<h2 style='margin-top: 0; margin-bottom: 10px; font-size: 18px; color: inherit;'><a style='color: inherit; text-decoration: underline;' href='https:\/\/www.syscom.mx\/producto\/DS-PM1-O1L-WB-HIKVISION-191819.html' target='_blank' rel='noopener'>DS-PM1-O1L-WB<\/a><\/h2>\n<ul style='padding-left: 20px; font-size: 14px; color: inherit;'>\n<li style='margin-bottom: 5px;'>Comunicaci\u00f3n inal\u00e1mbrica bidireccional de 433 MHz \/ Cifrado AES-128.<\/li>\n<li style='margin-bottom: 5px;'>Pantalla LED&comma; muestra el estado del dispositivo: encendido \/ apagado.<\/li>\n<li style='margin-bottom: 5px;'>Dise\u00f1o de caja peque\u00f1a&comma; que se puede esconder f\u00e1cilmente.<\/li>\n<li style='margin-bottom: 5px;'>Operaci\u00f3n de automatizaci\u00f3n&comma; bot\u00f3n de encendido\/apagado desde: aplicaci\u00f3n \/ control \/ teclado<\/li>\n<li style='margin-bottom: 5px;'>Configuraci\u00f3n de escenarios por diferentes eventos<\/li>\n<li style='margin-bottom: 5px;'>Usando la entrada de alarma&comma; se puede utilizar como entrada de zona para el panel.<\/li>\n<li style='margin-bottom: 5px;'>1 Salida de relevador: NO\/NC (0 a 36Vcc \/ Max. 5 A).<\/li>\n<li style='margin-bottom: 5px;'>1 Entrada de alarma: NO\/NC.<\/li>\n<li style='margin-bottom: 5px;'>Voltaje de Operaci\u00f3n: 7Vcc a 24 Vcc.<\/li>\n<li style='margin-bottom: 5px;'>Temperatura de operaci\u00f3n: -10\u00b0 a 55\u00b0C.<\/li>\n<\/ul><\/div>\n<\/p><\/div>\n<\/p><\/div>\n<h3 style='text-align: center; font-size: 20px; margin-top: 40px; margin-bottom: 20px; color: inherit;'>Recursos<\/h3>\n<div style='display: flex; flex-wrap: wrap; gap: 20px; margin-bottom: 30px;'>\n<div style='flex: 1 1 300px; min-width: 280px;'> <a href='https:\/\/www.hikvision.com\/es-la\/support\/download\/software\/ivms4200-series\/?q=serie%20ivms4200&#038;position=1' target='_blank' rel='noopener'> <img style='width: 100%; height: auto; border: 1px solid rgba(150&comma;150&comma;150&comma;0.3); border-radius: 8px;' src='https:\/\/ftp3.syscom.mx\/usuarios\/gmagos\/HIK\/IP\/IPC\/Imagenes%20pagina\/Descargas%20IVMS4200.jpg' alt='Descargas IVMS4200'> <\/a> <\/div>\n<div style='flex: 1 1 300px; min-width: 280px;'> <a href='https:\/\/appstore.hikvision.com\/' target='_blank' rel='noopener'> <img style='width: 100%; height: auto; border: 1px solid rgba(150&comma;150&comma;150&comma;0.3); border-radius: 8px;' src='https:\/\/ftp3.syscom.mx\/usuarios\/gmagos\/HIK\/IP\/IPC\/Imagenes%20pagina\/Descargas%20de%20app.jpg' alt='Descargas de App'> <\/a> <\/div>\n<div style='flex: 1 1 300px; min-width: 280px;'> <a href='https:\/\/ftp3.syscom.mx\/usuarios\/jsosa\/HIKVISION\/alarmas\/AXPPRO\/DSPWA48MWB\/DS-PWA48-M-WB.pdf' target='_blank' rel='noopener'> <img style='width: 100%; height: auto; border: 1px solid rgba(150&comma;150&comma;150&comma;0.3); border-radius: 8px;' src='https:\/\/ftp3.syscom.mx\/usuarios\/gmagos\/HIK\/IP\/IPC\/Imagenes%20pagina\/Descarga%20de%20PDF.jpg' alt='Descarga de PDF'> <\/a> <\/div>\n<\/p><\/div>\n<p> <a href='https:\/\/www.syscom.mx\/principal\/promociones\/serie_ax_pro_alarmas_hikvision-5416.html?ordenar=Relevancia&#038;pag=1' target='_blank' rel='noopener'> <img style='width: 100%; height: auto; border: 1px solid rgba(150&comma;150&comma;150&comma;0.3); border-radius: 8px; margin: 30px 0;' src='https:\/\/ftp3.syscom.mx\/usuarios\/jsosa\/HIKVISION\/alarmas\/AXPPRO\/banner\/HIKVISION-AXPRO-SERIES.jpg' alt='Serie AX PRO'> <\/a> <\/div>\n","protected":false},"excerpt":{"rendered":"<p>(AX PRO) KIT de Alarma AX PRO \/ Incluye: 1 Hub con bateria de respaldo \/ 1 Sensores PIR \/ 1 Montaje Universal para PIR \/ 2 Contactos Magn\u00e9ticos \/ 1 Teclado \/ 1 Sirena Inalambrica Exterior \/ WiFi \/ Compatible con Hik-Connect P2P<\/p>\n","protected":false},"featured_media":3264,"comment_status":"open","ping_status":"closed","template":"","meta":[],"product_brand":[],"product_cat":[68],"product_tag":[70,54,69],"class_list":{"0":"post-3265","1":"product","2":"type-product","3":"status-publish","4":"has-post-thumbnail","6":"product_cat-ax-pro-series","7":"product_tag-ax-pro-series","8":"product_tag-hikvision","9":"product_tag-paneles-de-alarma-y-accesorios-hikvision","11":"first","12":"instock","13":"sale","14":"shipping-taxable","15":"purchasable","16":"product-type-simple"},"_links":{"self":[{"href":"https:\/\/soydeaqui.ddns.net\/pachuca\/index.php\/wp-json\/wp\/v2\/product\/3265","targetHints":{"allow":["GET"]}}],"collection":[{"href":"https:\/\/soydeaqui.ddns.net\/pachuca\/index.php\/wp-json\/wp\/v2\/product"}],"about":[{"href":"https:\/\/soydeaqui.ddns.net\/pachuca\/index.php\/wp-json\/wp\/v2\/types\/product"}],"replies":[{"embeddable":true,"href":"https:\/\/soydeaqui.ddns.net\/pachuca\/index.php\/wp-json\/wp\/v2\/comments?post=3265"}],"wp:featuredmedia":[{"embeddable":true,"href":"https:\/\/soydeaqui.ddns.net\/pachuca\/index.php\/wp-json\/wp\/v2\/media\/3264"}],"wp:attachment":[{"href":"https:\/\/soydeaqui.ddns.net\/pachuca\/index.php\/wp-json\/wp\/v2\/media?parent=3265"}],"wp:term":[{"taxonomy":"product_brand","embeddable":true,"href":"https:\/\/soydeaqui.ddns.net\/pachuca\/index.php\/wp-json\/wp\/v2\/product_brand?post=3265"},{"taxonomy":"product_cat","embeddable":true,"href":"https:\/\/soydeaqui.ddns.net\/pachuca\/index.php\/wp-json\/wp\/v2\/product_cat?post=3265"},{"taxonomy":"product_tag","embeddable":true,"href":"https:\/\/soydeaqui.ddns.net\/pachuca\/index.php\/wp-json\/wp\/v2\/product_tag?post=3265"}],"curies":[{"name":"wp","href":"https:\/\/api.w.org\/{rel}","templated":true}]}}