{"id":32649,"date":"2026-03-18T14:40:34","date_gmt":"2026-03-18T14:40:34","guid":{"rendered":"https:\/\/soydeaqui.ddns.net\/pachuca\/index.php\/producto\/protector-para-lazo-de-4-pares-para-aplicaciones-de-lectores-con-formato-wiegand-2-de-alimentacion-de-12-24-vcc-1-de-datos-5-vcc-1-senal-de-1-vcc\/"},"modified":"2026-03-18T14:40:35","modified_gmt":"2026-03-18T14:40:35","slug":"protector-para-lazo-de-4-pares-para-aplicaciones-de-lectores-con-formato-wiegand-2-de-alimentacion-de-12-24-vcc-1-de-datos-5-vcc-1-senal-de-1-vcc","status":"publish","type":"product","link":"https:\/\/soydeaqui.ddns.net\/pachuca\/index.php\/producto\/protector-para-lazo-de-4-pares-para-aplicaciones-de-lectores-con-formato-wiegand-2-de-alimentacion-de-12-24-vcc-1-de-datos-5-vcc-1-senal-de-1-vcc\/","title":{"rendered":"Protector para lazo de 4 pares, para aplicaciones de lectores con formato wiegand : 2 de alimentaci\u00f3n de 12 \/ 24 Vcc, 1 de datos 5 Vcc, 1 se\u00f1al de 1 Vcc."},"content":{"rendered":"<div style='width: 100%; max-width: 1200px; margin: 0 auto; font-family: sans-serif; line-height: 1.6; color: inherit;'> <!-- Secci\u00f3n de contenido con flex\/grid --> <\/p>\n<div style='display: flex; flex-wrap: wrap; gap: 30px; margin-bottom: 30px;'>\n<div style='flex: 1 1 300px; min-width: 280px;'>\n<h3 style='font-size: 22px; border-bottom: 2px solid currentColor; padding-bottom: 5px; margin-top: 0; color: inherit; opacity: 0.8;'>Aplicaciones<\/h3>\n<ul style='padding-left: 20px; font-size: 15px; color: inherit;'>\n<li style='margin-bottom: 5px;'>Para lectores biometricos y de proximidad.<\/li>\n<\/ul><\/div>\n<\/p><\/div>\n<p> <!-- Secci\u00f3n de caracter\u00edsticas --> <\/p>\n<div style='display: flex; flex-wrap: wrap; gap: 30px; margin-bottom: 30px;'>\n<div style='flex: 1 1 300px; min-width: 280px;'>\n<h3 style='font-size: 22px; border-bottom: 2px solid currentColor; padding-bottom: 5px; margin-top: 0; color: inherit; opacity: 0.8;'>Caracter\u00edsticas<\/h3>\n<ul style='padding-left: 20px; font-size: 15px; color: inherit;'>\n<li style='margin-bottom: 5px;'>Conexi\u00f3n en serie o en paralelo<\/li>\n<li style='margin-bottom: 5px;'>No a\u00f1ade resistencia en el cableado<\/li>\n<li style='margin-bottom: 5px;'>Protecci\u00f3n de alimentaci\u00f3n y datos<\/li>\n<li style='margin-bottom: 5px;'>Terminales de conexi\u00f3n: soportan calibres de cables 22 a 16<\/li>\n<li style='margin-bottom: 5px;'>M\u00e1xima corriente de protecci\u00f3n: 3 A (Alimentaci\u00f3n y datos)&comma; 150 mA para LED<\/li>\n<li style='margin-bottom: 5px;'>M\u00e1xima corriente de descarga: 2&comma;000 A (Alimentaci\u00f3n)&comma; 500 A (Datos y LED)<\/li>\n<li style='margin-bottom: 5px;'>Modos de protecci\u00f3n: L\u00ednea a tierra<\/li>\n<li style='margin-bottom: 5px;'>Temperatura de operaci\u00f3n: -40 \u00b0C &#8211; 70 \u00b0C<\/li>\n<li style='margin-bottom: 5px;'>Dimensiones: 41 mm x 76 mm x 41 mm<\/li>\n<li style='margin-bottom: 5px;'>Peso: 113 grs.<\/li>\n<\/ul><\/div>\n<\/p><\/div>\n<p> <!-- Secci\u00f3n de certificaciones --> <\/p>\n<div style='display: flex; flex-wrap: wrap; gap: 30px; margin-bottom: 30px;'>\n<div style='flex: 1 1 300px; min-width: 280px;'>\n<h3 style='font-size: 22px; border-bottom: 2px solid currentColor; padding-bottom: 5px; margin-top: 0; color: inherit; opacity: 0.8;'>Certificaciones<\/h3>\n<ul style='padding-left: 20px; font-size: 15px; color: inherit;'>\n<li style='margin-bottom: 5px;'>UL497B<\/li>\n<\/ul><\/div>\n<\/p><\/div>\n<p> <!-- Separador --> <\/p>\n<hr style='border: 0; border-top: 1px solid rgba(150&comma; 150&comma; 150&comma; 0.3); margin: 30px 0;'> <\/div>\n","protected":false},"excerpt":{"rendered":"<p>Protector para lazo de 4 pares, para aplicaciones de lectores con formato wiegand : 2 de alimentaci\u00f3n de 12 \/ 24 Vcc, 1 de datos 5 Vcc, 1 se\u00f1al de 1 Vcc.<\/p>\n","protected":false},"featured_media":32648,"comment_status":"open","ping_status":"closed","template":"","meta":[],"product_brand":[],"product_cat":[970],"product_tag":[534,898,954],"class_list":{"0":"post-32649","1":"product","2":"type-product","3":"status-publish","4":"has-post-thumbnail","6":"product_cat-redes-proteccion-contra-descargas-control-de-acceso","7":"product_tag-ditek","8":"product_tag-proteccion-contra-descargas","9":"product_tag-redes","11":"first","12":"outofstock","13":"sale","14":"shipping-taxable","15":"purchasable","16":"product-type-simple"},"_links":{"self":[{"href":"https:\/\/soydeaqui.ddns.net\/pachuca\/index.php\/wp-json\/wp\/v2\/product\/32649","targetHints":{"allow":["GET"]}}],"collection":[{"href":"https:\/\/soydeaqui.ddns.net\/pachuca\/index.php\/wp-json\/wp\/v2\/product"}],"about":[{"href":"https:\/\/soydeaqui.ddns.net\/pachuca\/index.php\/wp-json\/wp\/v2\/types\/product"}],"replies":[{"embeddable":true,"href":"https:\/\/soydeaqui.ddns.net\/pachuca\/index.php\/wp-json\/wp\/v2\/comments?post=32649"}],"wp:featuredmedia":[{"embeddable":true,"href":"https:\/\/soydeaqui.ddns.net\/pachuca\/index.php\/wp-json\/wp\/v2\/media\/32648"}],"wp:attachment":[{"href":"https:\/\/soydeaqui.ddns.net\/pachuca\/index.php\/wp-json\/wp\/v2\/media?parent=32649"}],"wp:term":[{"taxonomy":"product_brand","embeddable":true,"href":"https:\/\/soydeaqui.ddns.net\/pachuca\/index.php\/wp-json\/wp\/v2\/product_brand?post=32649"},{"taxonomy":"product_cat","embeddable":true,"href":"https:\/\/soydeaqui.ddns.net\/pachuca\/index.php\/wp-json\/wp\/v2\/product_cat?post=32649"},{"taxonomy":"product_tag","embeddable":true,"href":"https:\/\/soydeaqui.ddns.net\/pachuca\/index.php\/wp-json\/wp\/v2\/product_tag?post=32649"}],"curies":[{"name":"wp","href":"https:\/\/api.w.org\/{rel}","templated":true}]}}