{"id":32581,"date":"2026-03-18T14:38:57","date_gmt":"2026-03-18T14:38:57","guid":{"rendered":"https:\/\/soydeaqui.ddns.net\/pachuca\/index.php\/producto\/puerta-metalica-galvanizada-4-0-x-8-0-resistente-al-fuego-por-180-min-ul\/"},"modified":"2026-03-18T14:38:58","modified_gmt":"2026-03-18T14:38:58","slug":"puerta-metalica-galvanizada-4-0-x-8-0-resistente-al-fuego-por-180-min-ul","status":"publish","type":"product","link":"https:\/\/soydeaqui.ddns.net\/pachuca\/index.php\/producto\/puerta-metalica-galvanizada-4-0-x-8-0-resistente-al-fuego-por-180-min-ul\/","title":{"rendered":"Puerta met\u00e1lica galvanizada 4&#8242; 0&#8243; x 8&#8242; 0&#8243; \/ Resistente al fuego por 180 min \/ UL"},"content":{"rendered":"<div style='width: 100%; max-width: 1200px; margin: 0 auto; font-family: sans-serif; line-height: 1.6; color: inherit; background-color: transparent;'>\n<div style='display: flex; flex-wrap: wrap; gap: 30px; margin-bottom: 30px;'>\n<div style='flex: 1 1 300px; min-width: 280px;'>\n<h3 style='font-size: 22px; border-bottom: 2px solid currentColor; padding-bottom: 5px; margin-top: 0; color: inherit; opacity: 0.8;'>Caracter\u00edsticas Especiales<\/h3>\n<ul style='padding-left: 20px; font-size: 15px; color: inherit;'>\n<li style='margin-bottom: 5px;'>Enclavados mec\u00e1nicamente para mayor resistencia y rigidez<\/li>\n<li style='margin-bottom: 5px;'>N\u00facleo de panal de abeja que proporciona resistencia natural<\/li>\n<li style='margin-bottom: 5px;'>Canales invertidos&comma; finales soldadas a ambas l\u00e1minas de cara<\/li>\n<\/ul><\/div>\n<div style='flex: 1 1 300px; min-width: 280px;'>\n<h3 style='font-size: 22px; border-bottom: 2px solid currentColor; padding-bottom: 5px; margin-top: 0; color: inherit; opacity: 0.8;'>Descripci\u00f3n de la Puerta<\/h3>\n<ul style='padding-left: 20px; font-size: 15px; color: inherit;'>\n<li style='margin-bottom: 5px;'><strong>Resistencia al fuego:<\/strong> 180 minutos<\/li>\n<li style='margin-bottom: 5px;'><strong>Espesor:<\/strong> 1-3\/4&#8242;<\/li>\n<li style='margin-bottom: 5px;'><strong>Interior:<\/strong> Honeycomb<\/li>\n<li style='margin-bottom: 5px;'><strong>Uniones:<\/strong> Interlocked<\/li>\n<li style='margin-bottom: 5px;'><strong>Canales:<\/strong> Invertidos Top\/Bttm<\/li>\n<li style='margin-bottom: 5px;'><strong>Refuerzo de bisagra:<\/strong> Calibre 7<\/li>\n<li style='margin-bottom: 5px;'><strong>Acabado:<\/strong> Prime anti corrosi\u00f3n<\/li>\n<li style='margin-bottom: 5px;'><strong>Preparaciones:<\/strong> Est\u00e1ndares<\/li>\n<li style='margin-bottom: 5px;'><strong>Certificaci\u00f3n:<\/strong> UL<\/li>\n<li style='margin-bottom: 5px;'><strong>STC:<\/strong> 32 (en calibre 18)<\/li>\n<li style='margin-bottom: 5px;'><strong>Ciclos de uso:<\/strong> 1&comma;000&comma;000 en calibre 18<\/li>\n<li style='margin-bottom: 5px;'><strong>Dimensiones:<\/strong> 4&#8217;0&#8242; x 8&#8217;0&#8242;<\/li>\n<\/ul><\/div>\n<\/p><\/div>\n<div style='display: flex; flex-wrap: wrap; gap: 20px; margin-bottom: 30px;'>\n<div style='flex: 1 1 250px; border: 1px solid rgba(150&comma; 150&comma; 150&comma; 0.4); border-radius: 8px; overflow: hidden; display: flex; flex-direction: column;'>\n<div style='padding: 15px; border-bottom: 1px solid rgba(150&comma; 150&comma; 150&comma; 0.2); font-weight: bold; font-size: 18px; color: inherit;'>ACCESORIOS INDISPENSABLES<\/div>\n<div style='padding: 15px; color: inherit;'>\n<p style='margin-top: 0;'><em>Determinar el tipo de puerta (ver imagen abajo)<\/em><\/p>\n<ul style='padding-left: 20px; margin: 0; font-size: 14px; list-style-type: disc;'>\n<li style='margin-bottom: 5px;'>Puerta Derecha: 5063 (jamba de contra)&comma; 5057 (jamba de bisagra)<\/li>\n<li style='margin-bottom: 5px;'>Puerta Izquierda: 5064 (jamba de contra)&comma; 5058 (jamba de bisagra)<\/li>\n<li style='margin-bottom: 5px;'>Se requiere el uso de cabezal: 5069<\/li>\n<li style='margin-bottom: 5px;'>Requiere 2 paquetes de bisagras modelo 5040 (contiene 3 piezas cada uno)<\/li>\n<\/ul><\/div>\n<\/p><\/div>\n<div style='flex: 1 1 250px; border: 1px solid rgba(150&comma; 150&comma; 150&comma; 0.4); border-radius: 8px; overflow: hidden; display: flex; flex-direction: column;'>\n<div style='padding: 15px; border-bottom: 1px solid rgba(150&comma; 150&comma; 150&comma; 0.2); font-weight: bold; font-size: 18px; color: inherit;'>ACCESORIOS CORTA FUEGO<\/div>\n<div style='padding: 15px; color: inherit;'>\n<ul style='padding-left: 20px; margin: 0; font-size: 14px; list-style-type: disc;'>\n<li style='margin-bottom: 5px;'><strong>Sello perimetral:<\/strong> modelo 5019<\/li>\n<li style='margin-bottom: 5px;'><strong>Sardinel:<\/strong> 5021&comma; o bien 5026&comma; 5027 (opci\u00f3n con tope)<\/li>\n<li style='margin-bottom: 5px;'><strong>Sello bajo puerta:<\/strong> 5017A o bien 5033 (con goma)<\/li>\n<li style='margin-bottom: 5px;'><strong>Goter\u00f3n:<\/strong> 5037 (para uso en puertas con vista al exterior)<\/li>\n<li style='margin-bottom: 5px;'><strong>Cierrapuertas:<\/strong> 84883<\/li>\n<\/ul><\/div>\n<\/p><\/div>\n<\/p><\/div>\n<div style='margin-bottom: 30px; font-size: 14px; color: inherit;'>\n<p style='margin: 0 0 15px 0;'><em>*Opcional puede utilizar barra para puerta de emergencia&comma; cerradura mec\u00e1nica y se\u00f1alizaci\u00f3n<\/em><\/p>\n<p style='margin: 0;'><strong>Producto sobre pedido<\/strong><\/p>\n<\/p><\/div>\n<div style='margin-bottom: 30px;'> <img style='width: 100%; height: auto; border: 1px solid rgba(150&comma;150&comma;150&comma;0.3); border-radius: 8px;' src='http:\/\/ftp3.syscom.mx\/usuarios\/hterrazas\/assabloy\/puerta.jpg' alt='Puerta met\u00e1lica galvanizada 4'0' x 8'0''> <\/div>\n<hr style='border: 0; border-top: 1px solid rgba(150&comma; 150&comma; 150&comma; 0.3); margin: 30px 0;'> <\/div>\n","protected":false},"excerpt":{"rendered":"<p>Puerta met\u00e1lica galvanizada 4&#8242; 0&#8243; x 8&#8242; 0&#8243; \/ Resistente al fuego por 180 min \/ UL<\/p>\n","protected":false},"featured_media":32580,"comment_status":"open","ping_status":"closed","template":"","meta":[],"product_brand":[],"product_cat":[216],"product_tag":[218,217,126],"class_list":{"0":"post-32581","1":"product","2":"type-product","3":"status-publish","4":"has-post-thumbnail","6":"product_cat-puertas-de-emergencia","7":"product_tag-assa-abloy","8":"product_tag-puertas-de-emergencia","9":"product_tag-sistemas-de-emergencia","11":"first","12":"outofstock","13":"sale","14":"shipping-taxable","15":"purchasable","16":"product-type-simple"},"_links":{"self":[{"href":"https:\/\/soydeaqui.ddns.net\/pachuca\/index.php\/wp-json\/wp\/v2\/product\/32581","targetHints":{"allow":["GET"]}}],"collection":[{"href":"https:\/\/soydeaqui.ddns.net\/pachuca\/index.php\/wp-json\/wp\/v2\/product"}],"about":[{"href":"https:\/\/soydeaqui.ddns.net\/pachuca\/index.php\/wp-json\/wp\/v2\/types\/product"}],"replies":[{"embeddable":true,"href":"https:\/\/soydeaqui.ddns.net\/pachuca\/index.php\/wp-json\/wp\/v2\/comments?post=32581"}],"wp:featuredmedia":[{"embeddable":true,"href":"https:\/\/soydeaqui.ddns.net\/pachuca\/index.php\/wp-json\/wp\/v2\/media\/32580"}],"wp:attachment":[{"href":"https:\/\/soydeaqui.ddns.net\/pachuca\/index.php\/wp-json\/wp\/v2\/media?parent=32581"}],"wp:term":[{"taxonomy":"product_brand","embeddable":true,"href":"https:\/\/soydeaqui.ddns.net\/pachuca\/index.php\/wp-json\/wp\/v2\/product_brand?post=32581"},{"taxonomy":"product_cat","embeddable":true,"href":"https:\/\/soydeaqui.ddns.net\/pachuca\/index.php\/wp-json\/wp\/v2\/product_cat?post=32581"},{"taxonomy":"product_tag","embeddable":true,"href":"https:\/\/soydeaqui.ddns.net\/pachuca\/index.php\/wp-json\/wp\/v2\/product_tag?post=32581"}],"curies":[{"name":"wp","href":"https:\/\/api.w.org\/{rel}","templated":true}]}}