{"id":32564,"date":"2026-03-18T14:38:30","date_gmt":"2026-03-18T14:38:30","guid":{"rendered":"https:\/\/soydeaqui.ddns.net\/pachuca\/index.php\/producto\/tag-uso-rudo-uhf-26-bit-paq-d-25-tarjetas-epcgen2\/"},"modified":"2026-03-18T14:38:31","modified_gmt":"2026-03-18T14:38:31","slug":"tag-uso-rudo-uhf-26-bit-paq-d-25-tarjetas-epcgen2","status":"publish","type":"product","link":"https:\/\/soydeaqui.ddns.net\/pachuca\/index.php\/producto\/tag-uso-rudo-uhf-26-bit-paq-d-25-tarjetas-epcgen2\/","title":{"rendered":"TAG USO RUDO UHF  26-BIT PAQ D\/25 TARJETAS, EPCGEN2"},"content":{"rendered":"<div style='width: 100%; max-width: 1200px; margin: 0 auto; font-family: sans-serif; line-height: 1.6; color: inherit; background-color: transparent;'> <!-- Secci\u00f3n de descripci\u00f3n general --> <\/p>\n<div style='display: flex; flex-wrap: wrap; gap: 30px; margin-bottom: 30px;'>\n<div style='flex: 1 1 300px; min-width: 280px;'>\n<h3 style='font-size: 22px; border-bottom: 2px solid currentColor; padding-bottom: 5px; margin-top: 0; color: inherit; opacity: 0.8;'>Descripci\u00f3n General<\/h3>\n<p style='font-size: 15px; color: inherit;'>El avanzado TAG UVH permite el reconocimiento de veh\u00edculos a distancia&comma; el tag se coloca en la placa frontal del veh\u00edculo y mediante una antena se determina si el usuario tiene permitido el ingreso o salida del predio. El evento de llegada o partida se almacena en el sistema.<\/p>\n<p style='font-size: 15px; color: inherit;'>El tag UVH es peque\u00f1o y f\u00e1cil de colocar en la placa del veh\u00edculo&comma; funciona como identificador permitiendo la identificaci\u00f3n autom\u00e1tica del veh\u00edculo mediante lectores compatibles.<\/p>\n<\/p><\/div>\n<\/p><\/div>\n<p> <!-- Secci\u00f3n de caracter\u00edsticas principales --> <\/p>\n<div style='display: flex; flex-wrap: wrap; gap: 30px; margin-bottom: 30px;'>\n<div style='flex: 1 1 300px; min-width: 280px;'>\n<h3 style='font-size: 22px; border-bottom: 2px solid currentColor; padding-bottom: 5px; margin-top: 0; color: inherit; opacity: 0.8;'>Caracter\u00edsticas Principales<\/h3>\n<ul style='padding-left: 20px; font-size: 15px; color: inherit;'>\n<li style='margin-bottom: 5px;'>Protocolo: EPC Class 1 Gen 2<\/li>\n<li style='margin-bottom: 5px;'>Resistente a condiciones clim\u00e1ticas adversas<\/li>\n<li style='margin-bottom: 5px;'>Dos orificios verticales para montaje seguro<\/li>\n<li style='margin-bottom: 5px;'>Compatibilidad: Funciona con lector AY-U900 y accesorios Rosslare<\/li>\n<\/ul><\/div>\n<\/p><\/div>\n<p> <!-- Secci\u00f3n de especificaciones --> <\/p>\n<div style='display: flex; flex-wrap: wrap; gap: 20px; margin-bottom: 30px;'>\n<div style='flex: 1 1 250px; border: 1px solid rgba(150&comma; 150&comma; 150&comma; 0.4); border-radius: 8px; overflow: hidden; display: flex; flex-direction: column;'>\n<div style='padding: 15px; border-bottom: 1px solid rgba(150&comma; 150&comma; 150&comma; 0.2); font-weight: bold; font-size: 18px; color: inherit;'>Especificaciones T\u00e9cnicas<\/div>\n<div style='padding: 15px; color: inherit;'>\n<ul style='padding-left: 20px; margin: 0; font-size: 14px; list-style-type: disc;'>\n<li style='margin-bottom: 5px;'><strong>Tipo de IC:<\/strong> Alien H3<\/li>\n<li style='margin-bottom: 5px;'><strong>Frecuencia:<\/strong> 860-900 MHz (EU)\/902-927 MHz (US)<\/li>\n<li style='margin-bottom: 5px;'><strong>Material:<\/strong> ABS<\/li>\n<li style='margin-bottom: 5px;'><strong>Memoria:<\/strong><\/li>\n<ul style='padding-left: 30px; margin-top: 5px; margin-bottom: 5px; font-size: 14px; list-style-type: disc;'>\n<li style='margin-bottom: 5px;'><strong>EPC:<\/strong> 96 bits<\/li>\n<li style='margin-bottom: 5px;'><strong>Usuario:<\/strong> 512 bits<\/li>\n<li style='margin-bottom: 5px;'><strong>TID:<\/strong> 64 bits<\/li>\n<\/ul>\n<li style='margin-bottom: 5px;'><strong>Aplicaci\u00f3n:<\/strong> Exterior (EU)\/Metal (US)<\/li>\n<\/ul><\/div>\n<\/p><\/div>\n<div style='flex: 1 1 250px; border: 1px solid rgba(150&comma; 150&comma; 150&comma; 0.4); border-radius: 8px; overflow: hidden; display: flex; flex-direction: column;'>\n<div style='padding: 15px; border-bottom: 1px solid rgba(150&comma; 150&comma; 150&comma; 0.2); font-weight: bold; font-size: 18px; color: inherit;'>Especificaciones Ambientales<\/div>\n<div style='padding: 15px; color: inherit;'>\n<ul style='padding-left: 20px; margin: 0; font-size: 14px; list-style-type: disc;'>\n<li style='margin-bottom: 5px;'><strong>Ambiente de Operaci\u00f3n:<\/strong> Uso exterior<\/li>\n<li style='margin-bottom: 5px;'><strong>Temperatura de Almacenamiento:<\/strong> -40\u00b0C a 80\u00b0C (-40\u00b0F a 176\u00b0F)<\/li>\n<li style='margin-bottom: 5px;'><strong>Temperatura de Operaci\u00f3n:<\/strong> -20\u00b0C a 60\u00b0C (-4\u00b0F a 140\u00b0F)<\/li>\n<\/ul><\/div>\n<\/p><\/div>\n<div style='flex: 1 1 250px; border: 1px solid rgba(150&comma; 150&comma; 150&comma; 0.4); border-radius: 8px; overflow: hidden; display: flex; flex-direction: column;'>\n<div style='padding: 15px; border-bottom: 1px solid rgba(150&comma; 150&comma; 150&comma; 0.2); font-weight: bold; font-size: 18px; color: inherit;'>Especificaciones F\u00edsicas<\/div>\n<div style='padding: 15px; color: inherit;'>\n<ul style='padding-left: 20px; margin: 0; font-size: 14px; list-style-type: disc;'>\n<li style='margin-bottom: 5px;'><strong>Dimensiones:<\/strong> 79 x 31 x 9.5 mm (3.11 x 1.22 x 0.37 in.)<\/li>\n<li style='margin-bottom: 5px;'><strong>Peso:<\/strong> 20 g \u00b10.2g (0.71 oz \u00b10.007 oz)<\/li>\n<\/ul><\/div>\n<\/p><\/div>\n<\/p><\/div>\n<p> <!-- Separador --> <\/p>\n<hr style='border: 0; border-top: 1px solid rgba(150&comma; 150&comma; 150&comma; 0.3); margin: 30px 0;'> <\/div>\n","protected":false},"excerpt":{"rendered":"<p>TAG USO RUDO UHF  26-BIT PAQ D\/25 TARJETAS, EPCGEN2<\/p>\n","protected":false},"featured_media":32563,"comment_status":"open","ping_status":"closed","template":"","meta":[],"product_brand":[],"product_cat":[831],"product_tag":[466,563,832],"class_list":{"0":"post-32564","1":"product","2":"type-product","3":"status-publish","4":"has-post-thumbnail","6":"product_cat-uhf-rfid","7":"product_tag-lectoras-y-tarjetas","8":"product_tag-rosslare-security-products","9":"product_tag-uhf-rfid","11":"first","12":"outofstock","13":"sale","14":"shipping-taxable","15":"purchasable","16":"product-type-simple"},"_links":{"self":[{"href":"https:\/\/soydeaqui.ddns.net\/pachuca\/index.php\/wp-json\/wp\/v2\/product\/32564","targetHints":{"allow":["GET"]}}],"collection":[{"href":"https:\/\/soydeaqui.ddns.net\/pachuca\/index.php\/wp-json\/wp\/v2\/product"}],"about":[{"href":"https:\/\/soydeaqui.ddns.net\/pachuca\/index.php\/wp-json\/wp\/v2\/types\/product"}],"replies":[{"embeddable":true,"href":"https:\/\/soydeaqui.ddns.net\/pachuca\/index.php\/wp-json\/wp\/v2\/comments?post=32564"}],"wp:featuredmedia":[{"embeddable":true,"href":"https:\/\/soydeaqui.ddns.net\/pachuca\/index.php\/wp-json\/wp\/v2\/media\/32563"}],"wp:attachment":[{"href":"https:\/\/soydeaqui.ddns.net\/pachuca\/index.php\/wp-json\/wp\/v2\/media?parent=32564"}],"wp:term":[{"taxonomy":"product_brand","embeddable":true,"href":"https:\/\/soydeaqui.ddns.net\/pachuca\/index.php\/wp-json\/wp\/v2\/product_brand?post=32564"},{"taxonomy":"product_cat","embeddable":true,"href":"https:\/\/soydeaqui.ddns.net\/pachuca\/index.php\/wp-json\/wp\/v2\/product_cat?post=32564"},{"taxonomy":"product_tag","embeddable":true,"href":"https:\/\/soydeaqui.ddns.net\/pachuca\/index.php\/wp-json\/wp\/v2\/product_tag?post=32564"}],"curies":[{"name":"wp","href":"https:\/\/api.w.org\/{rel}","templated":true}]}}