{"id":32538,"date":"2026-03-18T14:37:48","date_gmt":"2026-03-18T14:37:48","guid":{"rendered":"https:\/\/soydeaqui.ddns.net\/pachuca\/index.php\/producto\/cerradura-digital-con-teclado-ydd114-10-usuarios-para-puerta-izq-o-derecha-de-60-a-70-mm\/"},"modified":"2026-03-18T14:37:52","modified_gmt":"2026-03-18T14:37:52","slug":"cerradura-digital-con-teclado-ydd114-10-usuarios-para-puerta-izq-o-derecha-de-60-a-70-mm","status":"publish","type":"product","link":"https:\/\/soydeaqui.ddns.net\/pachuca\/index.php\/producto\/cerradura-digital-con-teclado-ydd114-10-usuarios-para-puerta-izq-o-derecha-de-60-a-70-mm\/","title":{"rendered":"Cerradura Digital  con Teclado YDD114 \/ 10 usuarios\/ Para Puerta Izq o Derecha de 60 a 70 mm"},"content":{"rendered":"<div style='width: 100%; max-width: 1200px; margin: 0 auto; font-family: sans-serif; line-height: 1.6; color: inherit; background-color: transparent;'> <!-- Logo --> <\/p>\n<div style='width: 100%; text-align: center; margin: 30px 0;'> <img style='width: 100px; height: 100px; border: 1px solid rgba(150&comma;150&comma;150&comma;0.3); border-radius: 8px;' src='http:\/\/ftp3.syscom.mx\/usuarios\/ftp\/2017\/01\/03\/43ba4\/yale-logo.jpg' alt=''> <\/div>\n<p> <!-- Secci\u00f3n de caracter\u00edsticas --> <\/p>\n<div style='display: flex; flex-wrap: wrap; gap: 30px; margin-bottom: 30px;'>\n<div style='flex: 1 1 300px; min-width: 280px;'>\n<h3 style='font-size: 22px; border-bottom: 2px solid currentColor; padding-bottom: 5px; margin-top: 0; color: inherit; opacity: 0.8;'>Caracter\u00edsticas principales<\/h3>\n<ul style='padding-left: 20px; font-size: 15px; color: inherit;'>\n<li style='margin-bottom: 5px;'>Programaci\u00f3n en la misma Cerradura<\/li>\n<li style='margin-bottom: 5px;'>Cerrojo motorizado<\/li>\n<li style='margin-bottom: 5px;'>Cierre autom\u00e1tico<\/li>\n<li style='margin-bottom: 5px;'>Acceso mediante un password o llave mec\u00e1nica<\/li>\n<li style='margin-bottom: 5px;'>Mariposa por el interior<\/li>\n<li style='margin-bottom: 5px;'>Luz indicadora de LED<\/li>\n<li style='margin-bottom: 5px;'>Bloqueo de seguridad: despu\u00e9s de 4 intentos de c\u00f3digos incorrectos&comma; la cerradura emitir\u00e1 sonidos de alarma y flashes rojos y permanecer\u00e1 bloqueada por 30 segundos<\/li>\n<li style='margin-bottom: 5px;'>3 llaves mec\u00e1nicas incluidas<\/li>\n<\/ul><\/div>\n<\/p><\/div>\n<p> <!-- Secci\u00f3n de especificaciones --> <\/p>\n<div style='display: flex; flex-wrap: wrap; gap: 20px; margin-bottom: 30px;'>\n<div style='flex: 1 1 250px; border: 1px solid rgba(150&comma; 150&comma; 150&comma; 0.4); border-radius: 8px; overflow: hidden; display: flex; flex-direction: column;'>\n<div style='padding: 15px; border-bottom: 1px solid rgba(150&comma; 150&comma; 150&comma; 0.2); font-weight: bold; font-size: 18px; color: inherit;'>Especificaciones<\/div>\n<div style='padding: 15px; color: inherit;'>\n<ul style='padding-left: 20px; margin: 0; font-size: 14px; list-style-type: disc;'>\n<li style='margin-bottom: 5px;'><strong>Usuarios:<\/strong> Hasta 10 usuarios distintos (10 password)<\/li>\n<li style='margin-bottom: 5px;'><strong>C\u00f3digo maestro:<\/strong> 1 c\u00f3digo maestro<\/li>\n<li style='margin-bottom: 5px;'><strong>Perforaci\u00f3n:<\/strong> Est\u00e1ndar 2 1\/8&#8242;<\/li>\n<li style='margin-bottom: 5px;'><strong>Espesor de puerta:<\/strong> 35 a 45 mm<\/li>\n<li style='margin-bottom: 5px;'><strong>Backset:<\/strong> Ajustable 60mm o 70mm<\/li>\n<li style='margin-bottom: 5px;'><strong>Direcci\u00f3n:<\/strong> Para puertas derechas e izquierdas<\/li>\n<li style='margin-bottom: 5px;'><strong>Alimentaci\u00f3n:<\/strong> 4 pilas alcalinas AA (incluidas)<\/li>\n<\/ul><\/div>\n<\/p><\/div>\n<\/p><\/div>\n<p> <!-- V\u00eddeo --> <\/p>\n<div style='margin-bottom: 30px;'>\n<h3 style='font-size: 20px; margin-bottom: 15px; color: inherit; opacity: 0.8;'>V\u00eddeo<\/h3>\n<div style='position: relative; padding-bottom: 56.25%; height: 0; overflow: hidden; margin-bottom: 30px;'>   <\/div>\n<ul style='padding-left: 20px; font-size: 14px; color: inherit;'>\n<li style='margin-bottom: 5px;'><strong><a style='color: inherit; text-decoration: none; border-bottom: 1px dotted currentColor;' href='https:\/\/www.youtube.com\/watch?v=4tJtt_S7E_k' target='_blank' rel='noopener'>V\u00eddeo de instalaci\u00f3n<\/a><\/strong><\/li>\n<\/ul><\/div>\n<p> <!-- Separador --> <\/p>\n<hr style='border: 0; border-top: 1px solid rgba(150&comma; 150&comma; 150&comma; 0.3); margin: 30px 0;'> <\/div>\n","protected":false},"excerpt":{"rendered":"<p>Cerradura Digital  con Teclado YDD114 \/ 10 usuarios\/ Para Puerta Izq o Derecha de 60 a 70 mm<\/p>\n","protected":false},"featured_media":32537,"comment_status":"open","ping_status":"closed","template":"","meta":[],"product_brand":[],"product_cat":[86],"product_tag":[88,87,395],"class_list":{"0":"post-32538","1":"product","2":"type-product","3":"status-publish","4":"has-post-thumbnail","6":"product_cat-autonomas-inteligentes","7":"product_tag-autonomas-inteligentes","8":"product_tag-cerraduras","9":"product_tag-yale-assa-abloy","11":"first","12":"outofstock","13":"sale","14":"shipping-taxable","15":"purchasable","16":"product-type-simple"},"_links":{"self":[{"href":"https:\/\/soydeaqui.ddns.net\/pachuca\/index.php\/wp-json\/wp\/v2\/product\/32538","targetHints":{"allow":["GET"]}}],"collection":[{"href":"https:\/\/soydeaqui.ddns.net\/pachuca\/index.php\/wp-json\/wp\/v2\/product"}],"about":[{"href":"https:\/\/soydeaqui.ddns.net\/pachuca\/index.php\/wp-json\/wp\/v2\/types\/product"}],"replies":[{"embeddable":true,"href":"https:\/\/soydeaqui.ddns.net\/pachuca\/index.php\/wp-json\/wp\/v2\/comments?post=32538"}],"wp:featuredmedia":[{"embeddable":true,"href":"https:\/\/soydeaqui.ddns.net\/pachuca\/index.php\/wp-json\/wp\/v2\/media\/32537"}],"wp:attachment":[{"href":"https:\/\/soydeaqui.ddns.net\/pachuca\/index.php\/wp-json\/wp\/v2\/media?parent=32538"}],"wp:term":[{"taxonomy":"product_brand","embeddable":true,"href":"https:\/\/soydeaqui.ddns.net\/pachuca\/index.php\/wp-json\/wp\/v2\/product_brand?post=32538"},{"taxonomy":"product_cat","embeddable":true,"href":"https:\/\/soydeaqui.ddns.net\/pachuca\/index.php\/wp-json\/wp\/v2\/product_cat?post=32538"},{"taxonomy":"product_tag","embeddable":true,"href":"https:\/\/soydeaqui.ddns.net\/pachuca\/index.php\/wp-json\/wp\/v2\/product_tag?post=32538"}],"curies":[{"name":"wp","href":"https:\/\/api.w.org\/{rel}","templated":true}]}}