{"id":32533,"date":"2026-03-18T14:37:41","date_gmt":"2026-03-18T14:37:41","guid":{"rendered":"https:\/\/soydeaqui.ddns.net\/pachuca\/index.php\/producto\/cerradura-autonoma-yrl221-con-teclado-tactil-y-manija\/"},"modified":"2026-03-18T14:37:47","modified_gmt":"2026-03-18T14:37:47","slug":"cerradura-autonoma-yrl221-con-teclado-tactil-y-manija","status":"publish","type":"product","link":"https:\/\/soydeaqui.ddns.net\/pachuca\/index.php\/producto\/cerradura-autonoma-yrl221-con-teclado-tactil-y-manija\/","title":{"rendered":"Cerradura Aut\u00f3noma YRL221 con Teclado T\u00e1ctil y Manija"},"content":{"rendered":"<div style='width: 100%; max-width: 1200px; margin: 0 auto; font-family: sans-serif; line-height: 1.6; color: inherit; background-color: transparent;'>\n<div style='display: flex; flex-wrap: wrap; gap: 30px; margin-bottom: 30px;'>\n<div style='flex: 1 1 300px; min-width: 280px;'>\n<h3 style='font-size: 22px; border-bottom: 2px solid currentColor; padding-bottom: 5px; margin-top: 0; color: inherit; opacity: 0.8;'>Para uso en Interior o Exterior<\/h3>\n<p style='font-size: 15px; color: inherit;'> Los cerrojos est\u00e1n dise\u00f1ados para ser usados en puertas expuestas a lluvia&comma; arena o suciedad. Son fabricados con cuerpo met\u00e1lico y cuentan con un empaque en caucho que a\u00edsla y protege el mecanismo electr\u00f3nico. <\/p>\n<div style='margin: 20px 0;'> <img style='width: 100%; height: auto; border: 1px solid rgba(150&comma;150&comma;150&comma;0.3); border-radius: 8px;' src='http:\/\/ftp3.syscom.mx\/usuarios\/ftp\/2017\/01\/03\/43ba4\/yale-logo.jpg' alt='Logo Yale'> <\/div>\n<\/p><\/div>\n<\/p><\/div>\n<div style='display: flex; flex-wrap: wrap; gap: 20px; margin-bottom: 30px;'>\n<div style='flex: 1 1 250px; border: 1px solid rgba(150&comma; 150&comma; 150&comma; 0.4); border-radius: 8px; overflow: hidden; display: flex; flex-direction: column;'>\n<div style='padding: 15px; border-bottom: 1px solid rgba(150&comma; 150&comma; 150&comma; 0.2); font-weight: bold; font-size: 18px; color: inherit;'>Caracter\u00edsticas<\/div>\n<div style='padding: 15px; color: inherit;'>\n<ul style='padding-left: 20px; margin: 0; font-size: 14px; list-style-type: disc;'>\n<li style='margin-bottom: 5px;'>Para puertas derechas e izquierdas.<\/li>\n<li style='margin-bottom: 5px;'>Cerrojo con interfaz t\u00e1ctil&comma; ofrece mayor duraci\u00f3n.<\/li>\n<li style='margin-bottom: 5px;'>Programaci\u00f3n asistida por voz en tres idiomas; Espa\u00f1ol&comma; Ingles y Franc\u00e9s.<\/li>\n<li style='margin-bottom: 5px;'>Volumen ajustable.<\/li>\n<li style='margin-bottom: 5px;'>F\u00e1cil de instalar&comma; usar y programar.<\/li>\n<li style='margin-bottom: 5px;'>Cierre autom\u00e1tico programable.<\/li>\n<li style='margin-bottom: 5px;'>Perilla de accionamiento interior.<\/li>\n<li style='margin-bottom: 5px;'>25 Usuarios; Uso Standalone.<\/li>\n<li style='margin-bottom: 5px;'>Permite agregar y borrar usuarios de forma individual.<\/li>\n<li style='margin-bottom: 5px;'>Funciona con 4 bater\u00edas alcalinas AA 1.5 Vcc (incluidas).<\/li>\n<li style='margin-bottom: 5px;'>Promedio de vida de la bater\u00eda&comma; 1 a\u00f1o (depende del uso y calidad de baterias).<\/li>\n<li style='margin-bottom: 5px;'>Indicador de Bater\u00eda Baja.<\/li>\n<li style='margin-bottom: 5px;'>Cerrojo deja de operar por 60 segundos despu\u00e9s de 5 intentos incorrectos.<\/li>\n<li style='margin-bottom: 5px;'>Pestillo motorizado y c\u00f3nico&comma; ayuda a la alineaci\u00f3n de la puerta durante el cierre.<\/li>\n<li style='margin-bottom: 5px;'>Incluye 2 llaves.<\/li>\n<li style='margin-bottom: 5px;'>Espesor de la puerta: 35-50 mm<\/li>\n<li style='margin-bottom: 5px;'>Tipo de instalaci\u00f3n: Tubular.<\/li>\n<li style='margin-bottom: 5px;'>Dimensiones: 69 x 154 x 34 mm.<\/li>\n<li style='margin-bottom: 5px;'>1 A\u00f1o de Garant\u00eda.<\/li>\n<\/ul><\/div>\n<\/p><\/div>\n<\/p><\/div>\n<div style='display: flex; flex-wrap: wrap; gap: 20px; margin-bottom: 30px;'>\n<div style='flex: 1 1 250px; border: 1px solid rgba(150&comma; 150&comma; 150&comma; 0.4); border-radius: 8px; overflow: hidden; display: flex; flex-direction: column;'>\n<div style='padding: 15px; border-bottom: 1px solid rgba(150&comma; 150&comma; 150&comma; 0.2); font-weight: bold; font-size: 18px; color: inherit;'>V\u00eddeos de instalaci\u00f3n<\/div>\n<div style='padding: 15px; color: inherit;'>\n<div style='position: relative; padding-bottom: 56.25%; height: 0; overflow: hidden; margin-bottom: 30px;'>   <\/div>\n<\/p><\/div>\n<\/p><\/div>\n<\/p><\/div>\n<div style='display: flex; flex-wrap: wrap; gap: 20px; margin-bottom: 30px;'>\n<div style='flex: 1 1 250px;'>\n<h2 style='text-align: center; color: inherit; font-size: 18px; margin: 0; padding: 15px; background-color: rgba(52&comma; 73&comma; 94&comma; 0.1); border-radius: 8px;'> <strong>Hasta Agotar Existencia<\/strong> <\/h2>\n<\/p><\/div>\n<\/p><\/div>\n<\/p><\/div>\n","protected":false},"excerpt":{"rendered":"<p>Cerradura Aut\u00f3noma YRL221 con Teclado T\u00e1ctil y Manija<\/p>\n","protected":false},"featured_media":32532,"comment_status":"open","ping_status":"closed","template":"","meta":[],"product_brand":[],"product_cat":[86],"product_tag":[88,87,395],"class_list":{"0":"post-32533","1":"product","2":"type-product","3":"status-publish","4":"has-post-thumbnail","6":"product_cat-autonomas-inteligentes","7":"product_tag-autonomas-inteligentes","8":"product_tag-cerraduras","9":"product_tag-yale-assa-abloy","11":"first","12":"outofstock","13":"sale","14":"shipping-taxable","15":"purchasable","16":"product-type-simple"},"_links":{"self":[{"href":"https:\/\/soydeaqui.ddns.net\/pachuca\/index.php\/wp-json\/wp\/v2\/product\/32533","targetHints":{"allow":["GET"]}}],"collection":[{"href":"https:\/\/soydeaqui.ddns.net\/pachuca\/index.php\/wp-json\/wp\/v2\/product"}],"about":[{"href":"https:\/\/soydeaqui.ddns.net\/pachuca\/index.php\/wp-json\/wp\/v2\/types\/product"}],"replies":[{"embeddable":true,"href":"https:\/\/soydeaqui.ddns.net\/pachuca\/index.php\/wp-json\/wp\/v2\/comments?post=32533"}],"wp:featuredmedia":[{"embeddable":true,"href":"https:\/\/soydeaqui.ddns.net\/pachuca\/index.php\/wp-json\/wp\/v2\/media\/32532"}],"wp:attachment":[{"href":"https:\/\/soydeaqui.ddns.net\/pachuca\/index.php\/wp-json\/wp\/v2\/media?parent=32533"}],"wp:term":[{"taxonomy":"product_brand","embeddable":true,"href":"https:\/\/soydeaqui.ddns.net\/pachuca\/index.php\/wp-json\/wp\/v2\/product_brand?post=32533"},{"taxonomy":"product_cat","embeddable":true,"href":"https:\/\/soydeaqui.ddns.net\/pachuca\/index.php\/wp-json\/wp\/v2\/product_cat?post=32533"},{"taxonomy":"product_tag","embeddable":true,"href":"https:\/\/soydeaqui.ddns.net\/pachuca\/index.php\/wp-json\/wp\/v2\/product_tag?post=32533"}],"curies":[{"name":"wp","href":"https:\/\/api.w.org\/{rel}","templated":true}]}}