{"id":32522,"date":"2026-03-18T14:37:25","date_gmt":"2026-03-18T14:37:25","guid":{"rendered":"https:\/\/soydeaqui.ddns.net\/pachuca\/index.php\/producto\/puerta-metalica-galvanizada-4-0-x-7-0-resistente-al-fuego-por-180-min-preparacion-para-cerradura-cilindrica-y-refuerzo-para-cierrapuertas\/"},"modified":"2026-03-18T14:37:26","modified_gmt":"2026-03-18T14:37:26","slug":"puerta-metalica-galvanizada-4-0-x-7-0-resistente-al-fuego-por-180-min-preparacion-para-cerradura-cilindrica-y-refuerzo-para-cierrapuertas","status":"publish","type":"product","link":"https:\/\/soydeaqui.ddns.net\/pachuca\/index.php\/producto\/puerta-metalica-galvanizada-4-0-x-7-0-resistente-al-fuego-por-180-min-preparacion-para-cerradura-cilindrica-y-refuerzo-para-cierrapuertas\/","title":{"rendered":"Puerta met\u00e1lica galvanizada 4&#8242; 0&#8243; x 7&#8242; 0&#8243; \/Resistente al fuego por 180 min \/Preparaci\u00f3n para cerradura cil\u00edndrica y refuerzo para cierrapuertas"},"content":{"rendered":"<div style='width: 100%; max-width: 1200px; margin: 0 auto; font-family: sans-serif; line-height: 1.6; color: inherit;'>\n<div style='display: flex; flex-wrap: wrap; gap: 30px; margin-bottom: 30px;'>\n<div style='flex: 1 1 300px; min-width: 280px;'>\n<h3 style='font-size: 22px; border-bottom: 2px solid currentColor; padding-bottom: 5px; margin-top: 0; color: inherit; opacity: 0.8;'>Caracter\u00edsticas Especiales<\/h3>\n<ul style='padding-left: 20px; font-size: 15px; color: inherit;'>\n<li style='margin-bottom: 5px;'>Enclavados mec\u00e1nicamente para mayor resistencia y rigidez<\/li>\n<li style='margin-bottom: 5px;'>N\u00facleo de panal de abeja que proporciona resistencia natural<\/li>\n<li style='margin-bottom: 5px;'>Canales invertidos&comma; finales soldadas a ambas l\u00e1minas de cara<\/li>\n<\/ul><\/div>\n<\/p><\/div>\n<div style='display: flex; flex-wrap: wrap; gap: 30px; margin-bottom: 30px;'>\n<div style='flex: 1 1 300px; min-width: 280px;'>\n<h3 style='font-size: 22px; border-bottom: 2px solid currentColor; padding-bottom: 5px; margin-top: 0; color: inherit; opacity: 0.8;'>Descripci\u00f3n de la Puerta<\/h3>\n<ul style='padding-left: 20px; font-size: 15px; color: inherit;'>\n<li style='margin-bottom: 5px;'>Abatible en ambos lados<\/li>\n<li style='margin-bottom: 5px;'><strong>Resistente al fuego por 180 min.<\/strong><\/li>\n<li style='margin-bottom: 5px;'>1-3\/4\u201d espesor<\/li>\n<li style='margin-bottom: 5px;'>Interior Honeycomb<\/li>\n<li style='margin-bottom: 5px;'>Uniones por \u201cInterlocked\u201d<\/li>\n<li style='margin-bottom: 5px;'>Canales invertidos \u201cTop\/Bttm\u201d<\/li>\n<li style='margin-bottom: 5px;'>Refuerzo de bisagra calibre 7<\/li>\n<li style='margin-bottom: 5px;'>Acabado \u201cPrime\u201d anti corrosi\u00f3n<\/li>\n<li style='margin-bottom: 5px;'>Preparaciones est\u00e1ndares<\/li>\n<li style='margin-bottom: 5px;'>STC 32 (en calibre 18)<\/li>\n<li style='margin-bottom: 5px;'>Uniones por \u201cInterlocked\u201d<\/li>\n<li style='margin-bottom: 5px;'>Certificaci\u00f3n UL<\/li>\n<li style='margin-bottom: 5px;'><strong>Calibre: 18<\/strong><\/li>\n<li style='margin-bottom: 5px;'>1&comma;000&comma;000 ciclos de uso en calibre 18<\/li>\n<li style='margin-bottom: 5px;'><strong>Dimensiones: 4\u20190\u201d x 7\u20190\u201d<\/strong><\/li>\n<\/ul><\/div>\n<\/p><\/div>\n<div style='display: flex; flex-wrap: wrap; gap: 30px; margin-bottom: 30px;'>\n<div style='flex: 1 1 300px; min-width: 280px;'>\n<h3 style='font-size: 22px; border-bottom: 2px solid currentColor; padding-bottom: 5px; margin-top: 0; color: inherit; opacity: 0.8;'>ACCESORIOS INDISPENSABLES<\/h3>\n<p style='margin-bottom: 15px;'>Determinar el tipo de puerta (ver imagen abajo)<\/p>\n<ul style='padding-left: 20px; font-size: 15px; color: inherit;'>\n<li style='margin-bottom: 5px;'>Puerta Derecha: 5061 (jamba de contra)&comma; 5055 (jamba de bisagra)<\/li>\n<li style='margin-bottom: 5px;'>Puerta Izquierda: 5062 (jamba de contra)&comma; 5056 (jamba de bisagra)<\/li>\n<li style='margin-bottom: 5px;'>Se requiere el uso de cabezal: 5069<\/li>\n<li style='margin-bottom: 5px;'>Requiere 1 paquete de bisagras modelo 5040 (contiene 3 pzas)<\/li>\n<\/ul><\/div>\n<\/p><\/div>\n<div style='display: flex; flex-wrap: wrap; gap: 30px; margin-bottom: 30px;'>\n<div style='flex: 1 1 300px; min-width: 280px;'>\n<h3 style='font-size: 22px; border-bottom: 2px solid currentColor; padding-bottom: 5px; margin-top: 0; color: inherit; opacity: 0.8;'>ACCESORIOS ADICIONALES<\/h3>\n<ul style='padding-left: 20px; font-size: 15px; color: inherit;'>\n<li style='margin-bottom: 5px;'><strong>Sello perimetral:<\/strong> modelo 5019<\/li>\n<li style='margin-bottom: 5px;'><strong>Sardinel:<\/strong> 5021&comma; o bien 5026&comma; 5027 (opci\u00f3n con tope)<\/li>\n<li style='margin-bottom: 5px;'><strong>Sello bajo puerta:<\/strong> 5017 o bien 5033 (con goma)<\/li>\n<li style='margin-bottom: 5px;'><strong>Goter\u00f3n:<\/strong> 5037 (para uso en puertas con vista al exterior)<\/li>\n<li style='margin-bottom: 5px;'><strong>Cierrapuertas:<\/strong> 84883<\/li>\n<\/ul>\n<p style='margin-top: 15px; font-size: 15px; color: inherit;'>*Opcional puede utilizar barra para puerta de emergencia&comma; cerradura mec\u00e1nica y se\u00f1alizaci\u00f3n.<\/p>\n<p style='margin-top: 15px; font-size: 15px; color: inherit;'><strong>Producto sobre pedido<\/strong><\/p>\n<\/p><\/div>\n<\/p><\/div>\n<hr style='border: 0; border-top: 1px solid rgba(150&comma; 150&comma; 150&comma; 0.3); margin: 30px 0;'>\n<div style='display: flex; flex-wrap: wrap; gap: 30px;'>\n<div style='flex: 1 1 300px; min-width: 280px;'> <img style='width: 100%; height: auto; border: 1px solid rgba(150&comma;150&comma;150&comma;0.3); border-radius: 8px;' src='http:\/\/ftp3.syscom.mx\/usuarios\/hterrazas\/assabloy\/puerta.jpg' alt=''><\/div>\n<\/p><\/div>\n<\/p><\/div>\n","protected":false},"excerpt":{"rendered":"<p>Puerta met\u00e1lica galvanizada 4&#8242; 0&#8243; x 7&#8242; 0&#8243; \/Resistente al fuego por 180 min \/Preparaci\u00f3n para cerradura cil\u00edndrica y refuerzo para cierrapuertas<\/p>\n","protected":false},"featured_media":32521,"comment_status":"open","ping_status":"closed","template":"","meta":[],"product_brand":[],"product_cat":[216],"product_tag":[218,217,126],"class_list":{"0":"post-32522","1":"product","2":"type-product","3":"status-publish","4":"has-post-thumbnail","6":"product_cat-puertas-de-emergencia","7":"product_tag-assa-abloy","8":"product_tag-puertas-de-emergencia","9":"product_tag-sistemas-de-emergencia","11":"first","12":"outofstock","13":"sale","14":"shipping-taxable","15":"purchasable","16":"product-type-simple"},"_links":{"self":[{"href":"https:\/\/soydeaqui.ddns.net\/pachuca\/index.php\/wp-json\/wp\/v2\/product\/32522","targetHints":{"allow":["GET"]}}],"collection":[{"href":"https:\/\/soydeaqui.ddns.net\/pachuca\/index.php\/wp-json\/wp\/v2\/product"}],"about":[{"href":"https:\/\/soydeaqui.ddns.net\/pachuca\/index.php\/wp-json\/wp\/v2\/types\/product"}],"replies":[{"embeddable":true,"href":"https:\/\/soydeaqui.ddns.net\/pachuca\/index.php\/wp-json\/wp\/v2\/comments?post=32522"}],"wp:featuredmedia":[{"embeddable":true,"href":"https:\/\/soydeaqui.ddns.net\/pachuca\/index.php\/wp-json\/wp\/v2\/media\/32521"}],"wp:attachment":[{"href":"https:\/\/soydeaqui.ddns.net\/pachuca\/index.php\/wp-json\/wp\/v2\/media?parent=32522"}],"wp:term":[{"taxonomy":"product_brand","embeddable":true,"href":"https:\/\/soydeaqui.ddns.net\/pachuca\/index.php\/wp-json\/wp\/v2\/product_brand?post=32522"},{"taxonomy":"product_cat","embeddable":true,"href":"https:\/\/soydeaqui.ddns.net\/pachuca\/index.php\/wp-json\/wp\/v2\/product_cat?post=32522"},{"taxonomy":"product_tag","embeddable":true,"href":"https:\/\/soydeaqui.ddns.net\/pachuca\/index.php\/wp-json\/wp\/v2\/product_tag?post=32522"}],"curies":[{"name":"wp","href":"https:\/\/api.w.org\/{rel}","templated":true}]}}