{"id":32495,"date":"2026-03-18T14:36:48","date_gmt":"2026-03-18T14:36:48","guid":{"rendered":"https:\/\/soydeaqui.ddns.net\/pachuca\/index.php\/producto\/cerradura-digital-con-teclado-tactil-para-puerta-de-vidrio\/"},"modified":"2026-03-18T14:36:54","modified_gmt":"2026-03-18T14:36:54","slug":"cerradura-digital-con-teclado-tactil-para-puerta-de-vidrio","status":"publish","type":"product","link":"https:\/\/soydeaqui.ddns.net\/pachuca\/index.php\/producto\/cerradura-digital-con-teclado-tactil-para-puerta-de-vidrio\/","title":{"rendered":"Cerradura Digital con Teclado T\u00e1ctil  para Puerta de Vidrio"},"content":{"rendered":"<div style='width: 100%; max-width: 1200px; margin: 0 auto; font-family: sans-serif; line-height: 1.6; color: inherit; background-color: transparent;'>\n<div style='display: flex; flex-wrap: wrap; gap: 30px; margin-bottom: 30px;'>\n<div style='flex: 1 1 300px; min-width: 280px;'>\n<h3 style='font-size: 22px; border-bottom: 2px solid currentColor; padding-bottom: 5px; margin-top: 0; color: inherit; opacity: 0.8;'>Caracter\u00edsticas<\/h3>\n<div style='font-size: 15px; color: inherit;'>\n<p style='margin-top: 0;'>Cerradura digital con efecto espejo&comma; la pantalla t\u00e1ctil se ilumina hasta que el usuario toca la pantalla&comma; esto aumenta la seguridad ya que se puede ver si hay alguien detr\u00e1s al momento de activar la cerradura.<\/p>\n<ul style='padding-left: 20px; margin-top: 15px;'>\n<li style='margin-bottom: 8px;'>1 c\u00f3digo<\/li>\n<li style='margin-bottom: 8px;'>4 controles remotos (requiere m\u00f3dulo <a style='color: inherit; text-decoration: underline;' href='https:\/\/www.syscom.mx\/principal\/searchcont?route=84989-ASSA-ABLOY-76599&#038;autodetect=84989'>84989<\/a> y controles <a style='color: inherit; text-decoration: underline;' href='https:\/\/www.syscom.mx\/producto\/84994-ASSA-ABLOY-76597.html'>84994<\/a>)<\/li>\n<li style='margin-bottom: 8px;'>20 tarjetas (compatible \u00fanicamente con modelo <span style='color: inherit;'>84782<\/span>)<\/li>\n<li style='margin-bottom: 8px;'>Montaje tipo clip: La instalaci\u00f3n se logra utilizando un soporte tipo clip y una cinta adhesiva de alta resistencia<\/li>\n<li style='margin-bottom: 8px;'>No necesita perforaciones la puerta<\/li>\n<li style='margin-bottom: 8px;'>Mariposa de seguridad: La mariposa interior s\u00f3lo puede ser accionada cuando presionan simult\u00e1neamente los dos botones ubicados en la misma<\/li>\n<li style='margin-bottom: 8px;'>Dise\u00f1o moderno&comma; delgado y de vanguardia<\/li>\n<li style='margin-bottom: 8px;'>Alarma de alta temperatura<\/li>\n<li style='margin-bottom: 8px;'>Ingreso de n\u00fameros aleatorios antes o despu\u00e9s del c\u00f3digo PIN<\/li>\n<li style='margin-bottom: 8px;'>Control remoto (opcional)<\/li>\n<li style='margin-bottom: 8px;'>Para puertas de vidrio de 10 mm a 12 mm de grosor<\/li>\n<li style='margin-bottom: 8px;'>Tipo de instalaci\u00f3n: Sobreponer<\/li>\n<li style='margin-bottom: 8px;'>2 bulones o pernos<\/li>\n<li style='margin-bottom: 8px;'>Funciona con 4 bater\u00edas alcalinas AA 1.5 Vcc incluidas (el tiempo de duraci\u00f3n de la bater\u00eda puede variar por las condiciones de uso)<\/li>\n<li style='margin-bottom: 8px;'>Temperatura de operaci\u00f3n: 15 a 55 \u00b0C<\/li>\n<li style='margin-bottom: 8px;'>GAP: 1 cm<\/li>\n<li style='margin-bottom: 8px;'>Contrachapa para puerta con marco de vidrio<\/li>\n<li style='margin-bottom: 8px; font-weight: bold;'>Si se pierde la clave maestra de programaci\u00f3n no es posible restaurarla o resetearla<\/li>\n<\/ul><\/div>\n<\/p><\/div>\n<div style='flex: 1 1 300px; min-width: 280px;'> <img style='width: 100%; height: auto; border: 1px solid rgba(150&comma;150&comma;150&comma;0.3); border-radius: 8px;' src='http:\/\/ftp3.syscom.mx\/usuarios\/ftp\/2017\/01\/03\/43ba4\/yale-logo.jpg' alt='Logo Yale Assa Abloy' \/> <\/div>\n<\/p><\/div>\n<\/p><\/div>\n","protected":false},"excerpt":{"rendered":"<p>Cerradura Digital con Teclado T\u00e1ctil  para Puerta de Vidrio<\/p>\n","protected":false},"featured_media":32494,"comment_status":"open","ping_status":"closed","template":"","meta":[],"product_brand":[],"product_cat":[86],"product_tag":[88,87,395],"class_list":{"0":"post-32495","1":"product","2":"type-product","3":"status-publish","4":"has-post-thumbnail","6":"product_cat-autonomas-inteligentes","7":"product_tag-autonomas-inteligentes","8":"product_tag-cerraduras","9":"product_tag-yale-assa-abloy","11":"first","12":"outofstock","13":"sale","14":"shipping-taxable","15":"purchasable","16":"product-type-simple"},"_links":{"self":[{"href":"https:\/\/soydeaqui.ddns.net\/pachuca\/index.php\/wp-json\/wp\/v2\/product\/32495","targetHints":{"allow":["GET"]}}],"collection":[{"href":"https:\/\/soydeaqui.ddns.net\/pachuca\/index.php\/wp-json\/wp\/v2\/product"}],"about":[{"href":"https:\/\/soydeaqui.ddns.net\/pachuca\/index.php\/wp-json\/wp\/v2\/types\/product"}],"replies":[{"embeddable":true,"href":"https:\/\/soydeaqui.ddns.net\/pachuca\/index.php\/wp-json\/wp\/v2\/comments?post=32495"}],"wp:featuredmedia":[{"embeddable":true,"href":"https:\/\/soydeaqui.ddns.net\/pachuca\/index.php\/wp-json\/wp\/v2\/media\/32494"}],"wp:attachment":[{"href":"https:\/\/soydeaqui.ddns.net\/pachuca\/index.php\/wp-json\/wp\/v2\/media?parent=32495"}],"wp:term":[{"taxonomy":"product_brand","embeddable":true,"href":"https:\/\/soydeaqui.ddns.net\/pachuca\/index.php\/wp-json\/wp\/v2\/product_brand?post=32495"},{"taxonomy":"product_cat","embeddable":true,"href":"https:\/\/soydeaqui.ddns.net\/pachuca\/index.php\/wp-json\/wp\/v2\/product_cat?post=32495"},{"taxonomy":"product_tag","embeddable":true,"href":"https:\/\/soydeaqui.ddns.net\/pachuca\/index.php\/wp-json\/wp\/v2\/product_tag?post=32495"}],"curies":[{"name":"wp","href":"https:\/\/api.w.org\/{rel}","templated":true}]}}