{"id":3246,"date":"2026-03-18T06:06:08","date_gmt":"2026-03-18T06:06:08","guid":{"rendered":"https:\/\/soydeaqui.ddns.net\/pachuca\/index.php\/producto\/rotulo-led-para-puesto-de-control-de-enfermeria-poe-compatible-con-sistema-ip-paciente-enfermero\/"},"modified":"2026-03-18T06:06:08","modified_gmt":"2026-03-18T06:06:08","slug":"rotulo-led-para-puesto-de-control-de-enfermeria-poe-compatible-con-sistema-ip-paciente-enfermero","status":"publish","type":"product","link":"https:\/\/soydeaqui.ddns.net\/pachuca\/index.php\/producto\/rotulo-led-para-puesto-de-control-de-enfermeria-poe-compatible-con-sistema-ip-paciente-enfermero\/","title":{"rendered":"Rotulo Led para Puesto de Control de Enfermer\u00eda \/ PoE \/ Compatible con Sistema Ip Paciente-Enfermero"},"content":{"rendered":"<div style='width: 100%; max-width: 1200px; margin: 0 auto; font-family: sans-serif; line-height: 1.6; color: inherit; background-color: transparent;'>\n<div style='display: flex; flex-wrap: wrap; gap: 30px; margin-bottom: 30px;'>\n<div style='flex: 1 1 300px; min-width: 280px;'>\n<h3 style='font-size: 22px; border-bottom: 2px solid currentColor; padding-bottom: 5px; margin-top: 0; color: inherit; opacity: 0.8;'>Caracter\u00edsticas principales<\/h3>\n<ul style='padding-left: 20px; font-size: 15px; color: inherit;'>\n<li style='margin-bottom: 5px;'>Modelo de una sola l\u00ednea de texto y efectos gr\u00e1ficos.<\/li>\n<li style='margin-bottom: 5px;'>Diferentes sonidos configurables.<\/li>\n<li style='margin-bottom: 5px;'>Se configura y utiliza desde el servidor Helpnex a trav\u00e9s de LAN (Ethernet)<\/li>\n<li style='margin-bottom: 5px;'>\u00danicamente se suministra con un switch POE para su alimentaci\u00f3n<\/li>\n<\/ul><\/div>\n<div style='flex: 1 1 300px; min-width: 280px;'>\n<h3 style='font-size: 22px; border-bottom: 2px solid currentColor; padding-bottom: 5px; margin-top: 0; color: inherit; opacity: 0.8;'>Caracter\u00edsticas el\u00e9ctricas y f\u00edsicas<\/h3>\n<ul style='padding-left: 20px; font-size: 15px; color: inherit;'>\n<li style='margin-bottom: 5px;'>Visor compuesto de una matriz de 80 x 7 diodosLED<\/li>\n<li style='margin-bottom: 5px;'>Tama\u00f1o del LED de 7&comma;62 mm.<\/li>\n<li style='margin-bottom: 5px;'>LEDs full-color de brillo est\u00e1ndar pensado para instalar en condiciones de luz de interiores (no apto para uso con la luz del sol directa)<\/li>\n<li style='margin-bottom: 5px;'>Tecnolog\u00eda LED de bajo consumo y larga vida \u00fatil.<\/li>\n<li style='margin-bottom: 5px;'>Alimentaci\u00f3n mediante POE.<\/li>\n<li style='margin-bottom: 5px;'>El r\u00f3tulo se conecta con un cable de 8m (RJ11 a DB9) a un conversor serie \u2013 Ethernet (cable y conversor incluidos).<\/li>\n<\/ul><\/div>\n<div style='flex: 1 1 300px; min-width: 280px;'>\n<h3 style='font-size: 22px; border-bottom: 2px solid currentColor; padding-bottom: 5px; margin-top: 0; color: inherit; opacity: 0.8;'>Caracter\u00edsticas Destacadas<\/h3>\n<div style='font-size: 15px; color: inherit;'>\n<p style='margin-bottom: 5px;'>Permite mostrar las alarmas pendientes en el sistema. Se instalan en lugares visibles por el personal (ej: pasillos) para que puedan ver las alarmas que hay pendientes sin necesidad de consultar en un PC o mirar las luces de las habitaciones.<\/p>\n<p style='margin-bottom: 5px;'>Dimensiones pantalla LED: 605x52mm<\/p>\n<p style='margin-bottom: 5px;'>Dimensiones Carcasa: 645x98x32mm<\/p>\n<\/p><\/div>\n<\/p><\/div>\n<\/p><\/div>\n<div style='margin-top: 30px; font-size: 15px; color: inherit;'>\n<p style='margin-bottom: 15px;'><strong>Nota:<\/strong> Requiere certificaci\u00f3n para su instalaci\u00f3n y para solicitar soporte t\u00e9cnico.<\/p>\n<\/p><\/div>\n<hr style='border: 0; border-top: 1px solid rgba(150&comma; 150&comma; 150&comma; 0.3); margin: 30px 0;'> <\/div>\n","protected":false},"excerpt":{"rendered":"<p>Rotulo Led para Puesto de Control de Enfermer\u00eda \/ PoE \/ Compatible con Sistema Ip Paciente-Enfermero<\/p>\n","protected":false},"featured_media":3245,"comment_status":"open","ping_status":"closed","template":"","meta":[],"product_brand":[],"product_cat":[151],"product_tag":[152,153,126],"class_list":{"0":"post-3246","1":"product","2":"type-product","3":"status-publish","4":"has-post-thumbnail","6":"product_cat-atencion-sociosanitaria","7":"product_tag-atencion-sociosanitaria","8":"product_tag-ibernex","9":"product_tag-sistemas-de-emergencia","11":"first","12":"outofstock","13":"sale","14":"shipping-taxable","15":"purchasable","16":"product-type-simple"},"_links":{"self":[{"href":"https:\/\/soydeaqui.ddns.net\/pachuca\/index.php\/wp-json\/wp\/v2\/product\/3246","targetHints":{"allow":["GET"]}}],"collection":[{"href":"https:\/\/soydeaqui.ddns.net\/pachuca\/index.php\/wp-json\/wp\/v2\/product"}],"about":[{"href":"https:\/\/soydeaqui.ddns.net\/pachuca\/index.php\/wp-json\/wp\/v2\/types\/product"}],"replies":[{"embeddable":true,"href":"https:\/\/soydeaqui.ddns.net\/pachuca\/index.php\/wp-json\/wp\/v2\/comments?post=3246"}],"wp:featuredmedia":[{"embeddable":true,"href":"https:\/\/soydeaqui.ddns.net\/pachuca\/index.php\/wp-json\/wp\/v2\/media\/3245"}],"wp:attachment":[{"href":"https:\/\/soydeaqui.ddns.net\/pachuca\/index.php\/wp-json\/wp\/v2\/media?parent=3246"}],"wp:term":[{"taxonomy":"product_brand","embeddable":true,"href":"https:\/\/soydeaqui.ddns.net\/pachuca\/index.php\/wp-json\/wp\/v2\/product_brand?post=3246"},{"taxonomy":"product_cat","embeddable":true,"href":"https:\/\/soydeaqui.ddns.net\/pachuca\/index.php\/wp-json\/wp\/v2\/product_cat?post=3246"},{"taxonomy":"product_tag","embeddable":true,"href":"https:\/\/soydeaqui.ddns.net\/pachuca\/index.php\/wp-json\/wp\/v2\/product_tag?post=3246"}],"curies":[{"name":"wp","href":"https:\/\/api.w.org\/{rel}","templated":true}]}}